{"id":31459,"date":"2024-05-10T11:17:54","date_gmt":"2024-05-10T11:17:54","guid":{"rendered":"https:\/\/sakaba.mghosteur.com\/?post_type=product&#038;p=31459"},"modified":"2024-08-07T20:15:36","modified_gmt":"2024-08-07T20:15:36","slug":"laneige-bouncy-firm-sleepling-mask-masque-de-nuit-60ml","status":"publish","type":"product","link":"https:\/\/sakaba.mghosteur.com\/en\/product\/laneige-bouncy-firm-sleepling-mask-masque-de-nuit-60ml\/","title":{"rendered":"LANEIGE BOUNCY &amp; FIRM SLEEPLING MASK MASQUE DE NUIT 60ML"},"content":{"rendered":"<p>D\u00e9couvrez le masque de nuit Bouncy &amp; Firm de Laneige, un alli\u00e9 pour r\u00e9v\u00e9ler l&#8217;\u00e9clat naturel de votre peau. Ce masque nocturne est sp\u00e9cialement formul\u00e9 pour revitaliser et raffermir votre peau pendant que vous dormez. Enrichi d&#8217;un complexe \u00e0 base de pivoine et de collag\u00e8ne\u2122 ainsi que de peptides, il combat la s\u00e9cheresse, le teint terne et restaure la fermet\u00e9 et l&#8217;\u00e9lasticit\u00e9 de la peau. Sa formule nourrissante contient des capsules d\u2019Hydro-Melt Glow et de l&#8217;acide hyaluronique pour renforcer la barri\u00e8re d&#8217;hydratation de la peau et lui donner un \u00e9clat subtil. Avec une utilisation r\u00e9guli\u00e8re, ce masque aide \u00e0 att\u00e9nuer les ridules et les rides, laissant votre peau lumineuse et rajeunie. Profitez d&#8217;une peau \u00e9clatante et rebondie chaque matin en un simple geste. Et avec sa formule sans parab\u00e8nes, gluten, huile min\u00e9rale, phtalates, sulfates, SLS ni SLES, il convient \u00e0 tous les types de peau, des plus normales aux plus grasses. Ajoutez ce masque \u00e0 votre routine de soins du soir et r\u00e9veillez-vous avec une peau \u00e9clatante de sant\u00e9.<\/p>","protected":false},"excerpt":{"rendered":"<p>D\u00e9couvrez le masque de nuit Bouncy &amp; Firm de Laneige, un alli\u00e9 pour r\u00e9v\u00e9ler l&#8217;\u00e9clat naturel de votre peau. Ce masque nocturne est sp\u00e9cialement formul\u00e9 pour revitaliser et raffermir votre peau pendant que vous dormez. Enrichi d&#8217;un complexe \u00e0 base de pivoine et de collag\u00e8ne\u2122 ainsi que de peptides, il combat la s\u00e9cheresse, le teint<span class=\"read-more-faq\"><a href=\"https:\/\/sakaba.mghosteur.com\/en\/product\/laneige-bouncy-firm-sleepling-mask-masque-de-nuit-60ml\/\">Read More<\/a><\/span><\/p>","protected":false},"featured_media":0,"comment_status":"open","ping_status":"closed","template":"","meta":[],"product_brand":[903],"product_cat":[331,451,334],"product_tag":[],"class_list":{"0":"post-31459","1":"product","2":"type-product","3":"status-publish","5":"product_brand-laneige","6":"product_cat-hydratant-visage","7":"product_cat-aab-soin-du-visage","8":"product_cat-traitement-serum","10":"first","11":"instock","12":"shipping-taxable","13":"product-type-simple"},"jetpack-related-posts":[{"id":31515,"url":"https:\/\/sakaba.mghosteur.com\/en\/product\/laneige-lip-sleeping-mask-vanilla\/","url_meta":{"origin":31459,"position":0},"title":"LANEIGE LIP SLEEPING MASK VANILLA","author":"admin","date":"May 10, 2024","format":false,"excerpt":"D\u00e9couvrez le masque de nuit nourrissant pour les l\u00e8vres, un essentiel de beaut\u00e9 de Laneige. Ce produit r\u00e9volutionnaire vous offre des l\u00e8vres douces et lisses d\u00e8s le r\u00e9veil, comme la peau d'un b\u00e9b\u00e9. Enrichi d'un m\u00e9lange pr\u00e9cieux de vitamine C et d'antioxydants puissants, ce masque nourrit intens\u00e9ment vos l\u00e8vres tout\u2026","rel":"","context":"Similar post","block_context":{"text":"Similar post","link":""},"img":{"alt_text":"","src":"","width":0,"height":0},"classes":[]},{"id":31478,"url":"https:\/\/sakaba.mghosteur.com\/en\/product\/laneige-lip-sleeping-mask-berry\/","url_meta":{"origin":31459,"position":1},"title":"LANEIGE LIP SLEEPING MASK BERRY","author":"admin","date":"May 10, 2024","format":false,"excerpt":"D\u00e9couvrez ce masque de sommeil pour les l\u00e8vres, sp\u00e9cialement con\u00e7u pour les l\u00e8vres gerc\u00e9es et dess\u00e9ch\u00e9es. Offrant une texture soyeuse et lisse, ce masque agit pendant la nuit pour r\u00e9v\u00e9ler des l\u00e8vres douces et fermes au r\u00e9veil. Enrichi en beurre de karit\u00e9 et en un complexe Berry Mix, ce masque\u2026","rel":"","context":"Similar post","block_context":{"text":"Similar post","link":""},"img":{"alt_text":"","src":"","width":0,"height":0},"classes":[]},{"id":31363,"url":"https:\/\/sakaba.mghosteur.com\/en\/product\/paula-choice-super-hydrate-overnight-mask\/","url_meta":{"origin":31459,"position":2},"title":"PAULA CHOICE SUPER HYDRATE OVERNIGHT MASK","author":"admin","date":"May 10, 2024","format":false,"excerpt":"Masque Nuit Super Hydratant \u00c0 la recherche d'un soin adapt\u00e9 \u00e0 votre peau ? D\u00e9couvrez notre Masque Nuit Super Hydratant, con\u00e7u pour r\u00e9pondre aux besoins de tous les types de peaux, notamment celles sujettes aux rougeurs et \u00e0 la sensibilit\u00e9. Ce masque agit en profondeur pour hydrater intens\u00e9ment les peaux\u2026","rel":"","context":"Similar post","block_context":{"text":"Similar post","link":""},"img":{"alt_text":"","src":"","width":0,"height":0},"classes":[]},{"id":31495,"url":"https:\/\/sakaba.mghosteur.com\/en\/product\/laneige-lip-sleeping-mask-gummy-bear\/","url_meta":{"origin":31459,"position":3},"title":"LANEIGE LIP SLEEPING MASK GUMMY BEAR","author":"admin","date":"May 10, 2024","format":false,"excerpt":"D\u00e9couvrez le masque de nuit nourrissant pour les l\u00e8vres. Ce produit de Laneige vous promet des l\u00e8vres douces d\u00e8s le r\u00e9veil, aussi d\u00e9licates que la peau d'un b\u00e9b\u00e9. Il agit comme un baume nourrissant, assurant une hydratation maximale tout en \u00e9liminant les peaux mortes. Enrichi d'un m\u00e9lange de vitamine C\u2026","rel":"","context":"Similar post","block_context":{"text":"Similar post","link":""},"img":{"alt_text":"","src":"","width":0,"height":0},"classes":[]},{"id":31547,"url":"https:\/\/sakaba.mghosteur.com\/en\/product\/vaseline-glutha-hya-serum-burst-lotion-overnight-radiance-repair\/","url_meta":{"origin":31459,"position":4},"title":"VASELINE GLUTHA HYA SERUM BURST LOTION OVERNIGHT RADIANCE REPAIR","author":"admin","date":"May 10, 2024","format":false,"excerpt":"D\u00e9couvrez le Lotion Eclat Nuit R\u00e9paratrice Vaseline\u00ae Gluta-Hya Serum Burst, une solution aussi puissante que 10 masques en feuille, mais avec une texture l\u00e9g\u00e8re qui \u00e9clate en gouttelettes d'eau pour une absorption en profondeur par votre peau. Ressentez la diff\u00e9rence avec une peau plus \u00e9clatante et repulp\u00e9e. Avantages : Formul\u00e9\u2026","rel":"","context":"Similar post","block_context":{"text":"Similar post","link":""},"img":{"alt_text":"","src":"","width":0,"height":0},"classes":[]},{"id":31369,"url":"https:\/\/sakaba.mghosteur.com\/en\/product\/paula-choice-clear-purifying-clay-mask\/","url_meta":{"origin":31459,"position":5},"title":"PAULA CHOICE CLEAR PURIFYING CLAY MASK","author":"admin","date":"May 10, 2024","format":false,"excerpt":"D\u00e9couvrez le Masque Purifiant \u00e0 l'Argile, une solution essentielle pour une peau \u00e9clatante. Formul\u00e9 pour \u00e9liminer le s\u00e9bum excessif, ce masque offre une purification profonde tout en affinant visiblement les pores. Apr\u00e8s le nettoyage, appliquez g\u00e9n\u00e9reusement sur le visage et le cou, en insistant sur les zones les plus sujettes\u2026","rel":"","context":"Similar post","block_context":{"text":"Similar post","link":""},"img":{"alt_text":"","src":"","width":0,"height":0},"classes":[]}],"_links":{"self":[{"href":"https:\/\/sakaba.mghosteur.com\/en\/wp-json\/wp\/v2\/product\/31459","targetHints":{"allow":["GET"]}}],"collection":[{"href":"https:\/\/sakaba.mghosteur.com\/en\/wp-json\/wp\/v2\/product"}],"about":[{"href":"https:\/\/sakaba.mghosteur.com\/en\/wp-json\/wp\/v2\/types\/product"}],"replies":[{"embeddable":true,"href":"https:\/\/sakaba.mghosteur.com\/en\/wp-json\/wp\/v2\/comments?post=31459"}],"version-history":[{"count":0,"href":"https:\/\/sakaba.mghosteur.com\/en\/wp-json\/wp\/v2\/product\/31459\/revisions"}],"wp:attachment":[{"href":"https:\/\/sakaba.mghosteur.com\/en\/wp-json\/wp\/v2\/media?parent=31459"}],"wp:term":[{"taxonomy":"product_brand","embeddable":true,"href":"https:\/\/sakaba.mghosteur.com\/en\/wp-json\/wp\/v2\/product_brand?post=31459"},{"taxonomy":"product_cat","embeddable":true,"href":"https:\/\/sakaba.mghosteur.com\/en\/wp-json\/wp\/v2\/product_cat?post=31459"},{"taxonomy":"product_tag","embeddable":true,"href":"https:\/\/sakaba.mghosteur.com\/en\/wp-json\/wp\/v2\/product_tag?post=31459"}],"curies":[{"name":"wp","href":"https:\/\/api.w.org\/{rel}","templated":true}]}}