{"id":31460,"date":"2024-05-10T11:18:20","date_gmt":"2024-05-10T11:18:20","guid":{"rendered":"https:\/\/sakaba.mghosteur.com\/?post_type=product&#038;p=31460"},"modified":"2024-09-01T15:18:46","modified_gmt":"2024-09-01T15:18:46","slug":"tirtir-sos-serum-refreshing-skin-50ml","status":"publish","type":"product","link":"https:\/\/sakaba.mghosteur.com\/en\/product\/tirtir-sos-serum-refreshing-skin-50ml\/","title":{"rendered":"TIRTIR SOS SERUM REFRESHING SKIN 50ml"},"content":{"rendered":"<p>D\u00e9couvrez ce produit de soin r\u00e9volutionnaire, enrichi en acide polyglutamique pour une hydratation instantan\u00e9e et profonde. Con\u00e7u pour p\u00e9n\u00e9trer rapidement dans la peau, il att\u00e9nue efficacement les rides et ridules, laissant votre visage visiblement plus jeune et \u00e9clatant.<\/p>\n<p>Son utilisation est simple : appliquez une quantit\u00e9 appropri\u00e9e sur votre visage, puis tapotez d\u00e9licatement pour une absorption optimale. Offrez \u00e0 votre peau le soin qu&#8217;elle m\u00e9rite avec ce produit innovant.<\/p>","protected":false},"excerpt":{"rendered":"<p>D\u00e9couvrez ce produit de soin r\u00e9volutionnaire, enrichi en acide polyglutamique pour une hydratation instantan\u00e9e et profonde. Con\u00e7u pour p\u00e9n\u00e9trer rapidement dans la peau, il att\u00e9nue efficacement les rides et ridules, laissant votre visage visiblement plus jeune et \u00e9clatant. Son utilisation est simple : appliquez une quantit\u00e9 appropri\u00e9e sur votre visage, puis tapotez d\u00e9licatement pour une<span class=\"read-more-faq\"><a href=\"https:\/\/sakaba.mghosteur.com\/en\/product\/tirtir-sos-serum-refreshing-skin-50ml\/\">Read More<\/a><\/span><\/p>","protected":false},"featured_media":0,"comment_status":"open","ping_status":"closed","template":"","meta":[],"product_brand":[1021],"product_cat":[1095,388,1018,451,334],"product_tag":[],"class_list":{"0":"post-31460","1":"product","2":"type-product","3":"status-publish","5":"product_brand-tirtir","6":"product_cat-anti-age","7":"product_cat-peaux-seches","8":"product_cat-aai-produis-coreens","9":"product_cat-aab-soin-du-visage","10":"product_cat-traitement-serum","12":"first","13":"instock","14":"shipping-taxable","15":"product-type-simple"},"jetpack-related-posts":[{"id":34201,"url":"https:\/\/sakaba.mghosteur.com\/en\/product\/first-aid-fab-skin-at-the-disco\/","url_meta":{"origin":31460,"position":0},"title":"FIRST AID FAB SKIN AT THE DISCO","author":"admin","date":"May 27, 2024","format":false,"excerpt":"First Aid Beauty FAB Skin at the Disco est un kit de cinq produits de soins de la peau con\u00e7us pour \u00e9claircir et lisser la peau. Les produits conviennent aux peaux normales, s\u00e8ches et mixtes et sont destin\u00e9s \u00e0 r\u00e9pondre \u00e0 des probl\u00e8mes tels que la texture irr\u00e9guli\u00e8re, la s\u00e9cheresse\u2026","rel":"","context":"Similar post","block_context":{"text":"Similar post","link":""},"img":{"alt_text":"","src":"","width":0,"height":0},"classes":[]},{"id":24287,"url":"https:\/\/sakaba.mghosteur.com\/en\/product\/neutrogena-oil-free-acne-moisturizer-pink-grapefruit\/","url_meta":{"origin":31460,"position":1},"title":"Neutrogena Oil-Free Acne Moisturizer pink grapefruit","author":"admin","date":"November 9, 2022","format":false,"excerpt":"Description du produit : L'hydratant pour le visage contre l'acn\u00e9 au pamplemousse rose de la marque NEUTROGENA est un produit l\u00e9ger et non com\u00e9dog\u00e8ne qui hydrate et combat les \u00e9ruptions cutan\u00e9es pour obtenir une peau claire et douce. Sa formule sans huile et \u00e0 base d'acide salicylique aide \u00e0 \u00e9liminer\u2026","rel":"","context":"Similar post","block_context":{"text":"Similar post","link":""},"img":{"alt_text":"","src":"","width":0,"height":0},"classes":[]},{"id":26421,"url":"https:\/\/sakaba.mghosteur.com\/en\/product\/cosrx-toner-collection-find-your-go-to-toner\/","url_meta":{"origin":31460,"position":2},"title":"COSRX TONER COLLECTION FIND YOUR GO TO TONER","author":"admin","date":"November 25, 2022","format":false,"excerpt":"D\u00e9couvrez notre COLLECTION DE TONERS - TROUVEZ VOTRE TONER PARFAIT ! Ces toners de taille pratique de 1,01 fl.oz \/ 30ml sont parfaits pour essayer avant d'acheter en taille r\u00e9elle. Choisissez parmi 3 types de toners - jaune pour une peau \u00e9clatante, bleu pour une peau hydrat\u00e9e et rose, et\u2026","rel":"","context":"Similar post","block_context":{"text":"Similar post","link":""},"img":{"alt_text":"","src":"","width":0,"height":0},"classes":[]},{"id":31584,"url":"https:\/\/sakaba.mghosteur.com\/en\/product\/cosrx-the-6-peptide-skin-booster\/","url_meta":{"origin":31460,"position":3},"title":"COSRX THE 6 PEPTIDE SKIN BOOSTER","author":"admin","date":"May 10, 2024","format":false,"excerpt":"Le S\u00e9rum Booster Cutan\u00e9 aux 6 Peptides Formul\u00e9 avec 6 peptides puissants, ce s\u00e9rum am\u00e9liore l'\u00e9tat global de la peau d\u00e8s la premi\u00e8re \u00e9tape de votre routine de soins. Format : 150 ml (5,07 fl.oz) AVANTAGES \u2022 Am\u00e9liore l'aspect g\u00e9n\u00e9ral de la peau, y compris les pores, le s\u00e9bum, la\u2026","rel":"","context":"Similar post","block_context":{"text":"Similar post","link":""},"img":{"alt_text":"","src":"","width":0,"height":0},"classes":[]},{"id":33224,"url":"https:\/\/sakaba.mghosteur.com\/en\/product\/caudalie-brightening-solution-coffret\/","url_meta":{"origin":31460,"position":4},"title":"CAUDALIE BRIGHTENING SOLUTION COFFRET","author":"admin","date":"May 20, 2024","format":false,"excerpt":"Le Coffret Solution Eclaircissante Vinoperfect de Caudalie est un ensemble de trois produits comprenant un s\u00e9rum, une essence et une cr\u00e8me hydratante : S\u00e9rum \u00c9clat Anti-Imperfections Vinoperfect : \u00c9claircit le teint et corrige les imperfections Essence Eclaircissante Vinoperfect : Une essence visage qui illumine et lisse la peau pour un\u2026","rel":"","context":"Similar post","block_context":{"text":"Similar post","link":""},"img":{"alt_text":"","src":"","width":0,"height":0},"classes":[]},{"id":26370,"url":"https:\/\/sakaba.mghosteur.com\/en\/product\/paulas-choice-invisible-finish-moisture-gel\/","url_meta":{"origin":31460,"position":5},"title":"PAULA&#8217;S CHOICE INVISIBLE FINISH MOISTURE GEL","author":"admin","date":"November 25, 2022","format":false,"excerpt":"Le gel hydratant finition invisible de la marque Paula's Choice est un produit essentiel pour hydrater votre peau et minimiser l'apparence des pores. Sa formule l\u00e9g\u00e8re en gel rafra\u00eechit et hydrate votre peau tout en fournissant des antioxydants pour aider \u00e0 se prot\u00e9ger contre les agressions environnementales. Utilisez-le comme derni\u00e8re\u2026","rel":"","context":"Similar post","block_context":{"text":"Similar post","link":""},"img":{"alt_text":"","src":"","width":0,"height":0},"classes":[]}],"_links":{"self":[{"href":"https:\/\/sakaba.mghosteur.com\/en\/wp-json\/wp\/v2\/product\/31460","targetHints":{"allow":["GET"]}}],"collection":[{"href":"https:\/\/sakaba.mghosteur.com\/en\/wp-json\/wp\/v2\/product"}],"about":[{"href":"https:\/\/sakaba.mghosteur.com\/en\/wp-json\/wp\/v2\/types\/product"}],"replies":[{"embeddable":true,"href":"https:\/\/sakaba.mghosteur.com\/en\/wp-json\/wp\/v2\/comments?post=31460"}],"version-history":[{"count":0,"href":"https:\/\/sakaba.mghosteur.com\/en\/wp-json\/wp\/v2\/product\/31460\/revisions"}],"wp:attachment":[{"href":"https:\/\/sakaba.mghosteur.com\/en\/wp-json\/wp\/v2\/media?parent=31460"}],"wp:term":[{"taxonomy":"product_brand","embeddable":true,"href":"https:\/\/sakaba.mghosteur.com\/en\/wp-json\/wp\/v2\/product_brand?post=31460"},{"taxonomy":"product_cat","embeddable":true,"href":"https:\/\/sakaba.mghosteur.com\/en\/wp-json\/wp\/v2\/product_cat?post=31460"},{"taxonomy":"product_tag","embeddable":true,"href":"https:\/\/sakaba.mghosteur.com\/en\/wp-json\/wp\/v2\/product_tag?post=31460"}],"curies":[{"name":"wp","href":"https:\/\/api.w.org\/{rel}","templated":true}]}}