{"id":31466,"date":"2024-05-10T11:20:21","date_gmt":"2024-05-10T11:20:21","guid":{"rendered":"https:\/\/sakaba.mghosteur.com\/?post_type=product&#038;p=31466"},"modified":"2024-09-01T15:18:19","modified_gmt":"2024-09-01T15:18:19","slug":"tirtit-milk-skin-toner-refreshing-skin-150ml","status":"publish","type":"product","link":"https:\/\/sakaba.mghosteur.com\/en\/product\/tirtit-milk-skin-toner-refreshing-skin-150ml\/","title":{"rendered":"TIRTIR MILK SKIN TONER REFRESHING SKIN 150ml"},"content":{"rendered":"<p>Offrez \u00e0 votre peau une hydratation intense, combattez efficacement la s\u00e9cheresse et la fatigue, tout en procurant une sensation apaisante in\u00e9gal\u00e9e pour obtenir ce teint convoit\u00e9 de peau de verre.<\/p>\n<p>[SOUTIEN DE LA BARRI\u00c8RE CUTAN\u00c9E] Renforcez la barri\u00e8re protectrice de votre peau pour att\u00e9nuer la s\u00e9cheresse et b\u00e9n\u00e9ficier aux peaux \u00e0 tendance acn\u00e9ique. Le panth\u00e9nol retient l&#8217;humidit\u00e9, pr\u00e9vient la perte et apaise. Le c\u00e9ramide prot\u00e8ge contre les agresseurs externes, retient l&#8217;humidit\u00e9 et renforce les d\u00e9fenses cutan\u00e9es contre la s\u00e9cheresse.<\/p>\n<p>[NIACINAMIDE POUR LA BRILLANCE DE LA PEAU DE VERRE] Vivez l&#8217;exp\u00e9rience d&#8217;un teint radieux gr\u00e2ce \u00e0 la Niacinamide, un ingr\u00e9dient cl\u00e9 de ce tonique, qui r\u00e9duit les taches brunes, les rougeurs et le teint irr\u00e9gulier, tout en maintenant une hydratation essentielle pour vous aider \u00e0 atteindre cet aspect de peau de verre d\u00e9sirable.<\/p>","protected":false},"excerpt":{"rendered":"<p>Offrez \u00e0 votre peau une hydratation intense, combattez efficacement la s\u00e9cheresse et la fatigue, tout en procurant une sensation apaisante in\u00e9gal\u00e9e pour obtenir ce teint convoit\u00e9 de peau de verre. [SOUTIEN DE LA BARRI\u00c8RE CUTAN\u00c9E] Renforcez la barri\u00e8re protectrice de votre peau pour att\u00e9nuer la s\u00e9cheresse et b\u00e9n\u00e9ficier aux peaux \u00e0 tendance acn\u00e9ique. Le panth\u00e9nol<span class=\"read-more-faq\"><a href=\"https:\/\/sakaba.mghosteur.com\/en\/product\/tirtit-milk-skin-toner-refreshing-skin-150ml\/\">Read More<\/a><\/span><\/p>","protected":false},"featured_media":0,"comment_status":"open","ping_status":"closed","template":"","meta":[],"product_brand":[],"product_cat":[1095,293,1018,451,334],"product_tag":[],"class_list":{"0":"post-31466","1":"product","2":"type-product","3":"status-publish","5":"product_cat-anti-age","6":"product_cat-anti-taches","7":"product_cat-aai-produis-coreens","8":"product_cat-aab-soin-du-visage","9":"product_cat-traitement-serum","11":"first","12":"instock","13":"shipping-taxable","14":"product-type-simple"},"jetpack-related-posts":[{"id":31603,"url":"https:\/\/sakaba.mghosteur.com\/en\/product\/the-ordinary-soothing-barrier-support\/","url_meta":{"origin":31466,"position":0},"title":"The Ordinary SOOTHING &amp; BARRIER SUPPORT","author":"admin","date":"May 10, 2024","format":false,"excerpt":"D\u00e9couvrez le S\u00e9rum de Soutien Apaisant et Barri\u00e8re, une solution multi-active cibl\u00e9e pour apaiser la peau irrit\u00e9e. Ce s\u00e9rum innovant aide \u00e0 restaurer la barri\u00e8re cutan\u00e9e en seulement 2 heures*, offrant un boost imm\u00e9diat de 86%** d'hydratation pour une peau confortable et apais\u00e9e. Gr\u00e2ce \u00e0 sa formulation avanc\u00e9e contenant plusieurs\u2026","rel":"","context":"Similar post","block_context":{"text":"Similar post","link":""},"img":{"alt_text":"","src":"","width":0,"height":0},"classes":[]},{"id":56144,"url":"https:\/\/sakaba.mghosteur.com\/en\/product\/anua-rice-70-glow-milky-toner\/","url_meta":{"origin":31466,"position":1},"title":"Anua Rice 70 Glow Milky Toner","author":"Sope DIA","date":"January 2, 2026","format":false,"excerpt":"LOTION TONIQUE LAIT\u00c9E L\u00c9G\u00c8RE POUR UNE PEAU DE VERRE : Offre une hydratation intense gr\u00e2ce \u00e0 un m\u00e9lange d'eau de riz, de niacinamide et de c\u00e9ramides, tout en laissant un fini rafra\u00eechissant et non collant pour une peau de verre. EAU DE RIZ ET NIACINAMIDE POUR HYDRATER : Contient 70\u2026","rel":"","context":"Similar post","block_context":{"text":"Similar post","link":""},"img":{"alt_text":"","src":"","width":0,"height":0},"classes":[]},{"id":31624,"url":"https:\/\/sakaba.mghosteur.com\/en\/product\/the-inkey-hyaluronic-acid\/","url_meta":{"origin":31466,"position":2},"title":"THE INKEY HYALURONIC ACID","author":"admin","date":"May 10, 2024","format":false,"excerpt":"S\u00e9rum \u00e0 l'acide hyaluronique Le best-seller num\u00e9ro un, cet essentiel quotidien est un alli\u00e9 incontournable pour chaque routine, boostant l'efficacit\u00e9 de vos autres soins de la peau. Cliniquement prouv\u00e9 pour procurer une hydratation instantan\u00e9e et durable, ce s\u00e9rum non collant laisse la peau repulp\u00e9e, lisse et radieuse. Formul\u00e9 avec 2\u2026","rel":"","context":"Similar post","block_context":{"text":"Similar post","link":""},"img":{"alt_text":"","src":"","width":0,"height":0},"classes":[]},{"id":24194,"url":"https:\/\/sakaba.mghosteur.com\/en\/product\/cerave-therapeutic-hand-cream\/","url_meta":{"origin":31466,"position":3},"title":"CERAVE THERAPEUTIC HAND CREAM","author":"admin","date":"November 9, 2022","format":false,"excerpt":"La cr\u00e8me mains th\u00e9rapeutique CeraVe est la solution id\u00e9ale pour nourrir, prot\u00e9ger et hydrater vos mains, en particulier en p\u00e9riode de froid et de s\u00e9cheresse. Elle est sp\u00e9cialement formul\u00e9e pour les peaux sensibles, sans parfum et non grasse, ce qui la rend facile \u00e0 utiliser sans laisser de r\u00e9sidu collant\u2026","rel":"","context":"Similar post","block_context":{"text":"Similar post","link":""},"img":{"alt_text":"","src":"","width":0,"height":0},"classes":[]},{"id":56147,"url":"https:\/\/sakaba.mghosteur.com\/en\/product\/beauty-of-joseon-glow-deep-serum-rice-alpha-arbutin-2\/","url_meta":{"origin":31466,"position":4},"title":"Beauty of Joseon Glow Deep Serum  Rice + Alpha-Arbutin","author":"Sope DIA","date":"January 2, 2026","format":false,"excerpt":"R\u00e9v\u00e9lation \u00e9clatante\u00a0: D\u00e9couvrez les secrets de beaut\u00e9 de Joseon avec le S\u00e9rum \u00c9clat Profond, un m\u00e9lange m\u00e9ticuleusement \u00e9labor\u00e9 \u00e0 base de riz et d\u2019alpha-arbutine pour un \u00e9clat incomparable. Att\u00e9nuez les taches brunes, les irr\u00e9gularit\u00e9s de pigmentation et les cicatrices d\u2019acn\u00e9 gr\u00e2ce \u00e0 une formule puissante enrichie en riz et en\u2026","rel":"","context":"Similar post","block_context":{"text":"Similar post","link":""},"img":{"alt_text":"","src":"","width":0,"height":0},"classes":[]},{"id":23905,"url":"https:\/\/sakaba.mghosteur.com\/en\/product\/cerave-skin-renewing-night-cream\/","url_meta":{"origin":31466,"position":5},"title":"CERAVE SKIN RENEWING NIGHT CREAM","author":"admin","date":"November 9, 2022","format":false,"excerpt":"La cr\u00e8me de nuit r\u00e9g\u00e9n\u00e9rante pour la peau CeraVe est un produit incontournable pour ceux qui recherchent une peau plus douce et rafra\u00eechie. Elle a \u00e9t\u00e9 d\u00e9velopp\u00e9e en collaboration avec des dermatologues pour aider \u00e0 restaurer la barri\u00e8re cutan\u00e9e pendant la nuit, lorsque la peau est la plus r\u00e9ceptive. Cette\u2026","rel":"","context":"Similar post","block_context":{"text":"Similar post","link":""},"img":{"alt_text":"","src":"","width":0,"height":0},"classes":[]}],"_links":{"self":[{"href":"https:\/\/sakaba.mghosteur.com\/en\/wp-json\/wp\/v2\/product\/31466","targetHints":{"allow":["GET"]}}],"collection":[{"href":"https:\/\/sakaba.mghosteur.com\/en\/wp-json\/wp\/v2\/product"}],"about":[{"href":"https:\/\/sakaba.mghosteur.com\/en\/wp-json\/wp\/v2\/types\/product"}],"replies":[{"embeddable":true,"href":"https:\/\/sakaba.mghosteur.com\/en\/wp-json\/wp\/v2\/comments?post=31466"}],"version-history":[{"count":0,"href":"https:\/\/sakaba.mghosteur.com\/en\/wp-json\/wp\/v2\/product\/31466\/revisions"}],"wp:attachment":[{"href":"https:\/\/sakaba.mghosteur.com\/en\/wp-json\/wp\/v2\/media?parent=31466"}],"wp:term":[{"taxonomy":"product_brand","embeddable":true,"href":"https:\/\/sakaba.mghosteur.com\/en\/wp-json\/wp\/v2\/product_brand?post=31466"},{"taxonomy":"product_cat","embeddable":true,"href":"https:\/\/sakaba.mghosteur.com\/en\/wp-json\/wp\/v2\/product_cat?post=31466"},{"taxonomy":"product_tag","embeddable":true,"href":"https:\/\/sakaba.mghosteur.com\/en\/wp-json\/wp\/v2\/product_tag?post=31466"}],"curies":[{"name":"wp","href":"https:\/\/api.w.org\/{rel}","templated":true}]}}