{"id":31469,"date":"2024-05-10T11:21:44","date_gmt":"2024-05-10T11:21:44","guid":{"rendered":"https:\/\/sakaba.mghosteur.com\/?post_type=product&#038;p=31469"},"modified":"2024-08-07T20:16:57","modified_gmt":"2024-08-07T20:16:57","slug":"laneige-lip-glowy-balm-baume-brillant-gummy-bear","status":"publish","type":"product","link":"https:\/\/sakaba.mghosteur.com\/en\/product\/laneige-lip-glowy-balm-baume-brillant-gummy-bear\/","title":{"rendered":"LANEIGE LIP GLOWY BALM BAUME BRILLANT GUMMY BEAR"},"content":{"rendered":"<p>D\u00e9couvrez le baume \u00e0 l\u00e8vres teint\u00e9 et brillant, un indispensable de votre routine beaut\u00e9. Ce baume-gloss 2-en-1 de Laneige est con\u00e7u pour vous offrir un \u00e9clat subtil et naturel. Enrichi en beurres de karit\u00e9 et de murumuru, il nourrit vos l\u00e8vres tout en leur procurant un fini l\u00e9g\u00e8rement teint\u00e9 et brillant. Chaque baume est propos\u00e9 dans un parfum exquis et une teinte discr\u00e8te qui rehausse la beaut\u00e9 de vos l\u00e8vres. Pour une utilisation optimale, appliquez-le directement sur vos l\u00e8vres. Utilisez-le seul pour un look frais et hydrat\u00e9, ou superposez-le \u00e0 votre rouge \u00e0 l\u00e8vres pour une touche glossy irr\u00e9sistible.<\/p>","protected":false},"excerpt":{"rendered":"<p>D\u00e9couvrez le baume \u00e0 l\u00e8vres teint\u00e9 et brillant, un indispensable de votre routine beaut\u00e9. Ce baume-gloss 2-en-1 de Laneige est con\u00e7u pour vous offrir un \u00e9clat subtil et naturel. Enrichi en beurres de karit\u00e9 et de murumuru, il nourrit vos l\u00e8vres tout en leur procurant un fini l\u00e9g\u00e8rement teint\u00e9 et brillant. Chaque baume est propos\u00e9<span class=\"read-more-faq\"><a href=\"https:\/\/sakaba.mghosteur.com\/en\/product\/laneige-lip-glowy-balm-baume-brillant-gummy-bear\/\">Read More<\/a><\/span><\/p>","protected":false},"featured_media":0,"comment_status":"open","ping_status":"closed","template":"","meta":[],"product_brand":[903],"product_cat":[1054,451],"product_tag":[],"class_list":{"0":"post-31469","1":"product","2":"type-product","3":"status-publish","5":"product_brand-laneige","6":"product_cat-soins-des-levres","7":"product_cat-aab-soin-du-visage","9":"first","10":"instock","11":"shipping-taxable","12":"product-type-simple"},"jetpack-related-posts":[{"id":31456,"url":"https:\/\/sakaba.mghosteur.com\/en\/product\/laneige-baume-brillant-pour-les-levres-berry\/","url_meta":{"origin":31469,"position":0},"title":"LANEIGE BAUME BRILLANT POUR LES LEVRES BERRY","author":"admin","date":"May 10, 2024","format":false,"excerpt":"D\u00e9couvrez le partenaire id\u00e9al du Lip Sleeping Mask pour des l\u00e8vres prot\u00e9g\u00e9es et hydrat\u00e9es toute la journ\u00e9e ! Le Lip Glowy Balm fusionne les bienfaits d'un baume et d'un gloss en un seul produit ! Hydratant et nourrissant, ce baume contient des beurres de karit\u00e9 qui facilitent son application, laissant\u2026","rel":"","context":"Similar post","block_context":{"text":"Similar post","link":""},"img":{"alt_text":"","src":"","width":0,"height":0},"classes":[]},{"id":31636,"url":"https:\/\/sakaba.mghosteur.com\/en\/product\/the-inkey-list-tripeptide-plumpling-lip-balm\/","url_meta":{"origin":31469,"position":1},"title":"THE INKEY LIST TRIPEPTIDE PLUMPLING LIP BALM","author":"admin","date":"May 10, 2024","format":false,"excerpt":"Baume \u00e0 L\u00e8vres Repulpant Tripeptide \u2013 Teinte Roseamide ou du r\u00e9tinol. Cliniquement prouv\u00e9 pour repulper les l\u00e8vres jusqu'\u00e0 40 % en 4 semaines*, ce baume \u00e0 l\u00e8vres repulpant tripeptide viral et prim\u00e9 est de retour dans une nouvelle teinte rose \u00e0 l\u00e8vres modulable et universellement flatteuse pour redonner du volume\u2026","rel":"","context":"Similar post","block_context":{"text":"Similar post","link":""},"img":{"alt_text":"","src":"","width":0,"height":0},"classes":[]},{"id":27217,"url":"https:\/\/sakaba.mghosteur.com\/en\/product\/lip-glowy-balm-baume-brillant-pour-les-levres\/","url_meta":{"origin":31469,"position":2},"title":"LIP GLOWY BALM BAUME BRILLANT POUR LES LEVRES","author":"admin","date":"November 29, 2022","format":false,"excerpt":"","rel":"","context":"Similar post","block_context":{"text":"Similar post","link":""},"img":{"alt_text":"","src":"","width":0,"height":0},"classes":[]},{"id":31495,"url":"https:\/\/sakaba.mghosteur.com\/en\/product\/laneige-lip-sleeping-mask-gummy-bear\/","url_meta":{"origin":31469,"position":3},"title":"LANEIGE LIP SLEEPING MASK GUMMY BEAR","author":"admin","date":"May 10, 2024","format":false,"excerpt":"D\u00e9couvrez le masque de nuit nourrissant pour les l\u00e8vres. Ce produit de Laneige vous promet des l\u00e8vres douces d\u00e8s le r\u00e9veil, aussi d\u00e9licates que la peau d'un b\u00e9b\u00e9. Il agit comme un baume nourrissant, assurant une hydratation maximale tout en \u00e9liminant les peaux mortes. Enrichi d'un m\u00e9lange de vitamine C\u2026","rel":"","context":"Similar post","block_context":{"text":"Similar post","link":""},"img":{"alt_text":"","src":"","width":0,"height":0},"classes":[]},{"id":29752,"url":"https:\/\/sakaba.mghosteur.com\/en\/product\/skin-success-moisturizing-lotion\/","url_meta":{"origin":31469,"position":4},"title":"SKIN SUCCESS MOISTURIZING LOTION","author":"admin","date":"April 19, 2023","format":false,"excerpt":"D\u00e9couvrez la lotion hydratante anti-taches sombres de Palmer's Skin Success. Cette lotion pour le corps est riche en ingr\u00e9dients naturels tels que le beurre de cacao, la vitamine E et le soja pour une peau douce et soyeuse. Elle est absorb\u00e9e rapidement et ne laisse pas d'effet gras, ce qui\u2026","rel":"","context":"Similar post","block_context":{"text":"Similar post","link":""},"img":{"alt_text":"","src":"","width":0,"height":0},"classes":[]},{"id":34599,"url":"https:\/\/sakaba.mghosteur.com\/en\/product\/fenty-luscious-lip-balm-cocoa-drizzle\/","url_meta":{"origin":31469,"position":5},"title":"FENTY LUSCIOUS LIP BALM COCOA DRIZZLE","author":"admin","date":"May 29, 2024","format":false,"excerpt":"Un baume \u00e0 l\u00e8vres cr\u00e9meux et hydratant dot\u00e9 d'un applicateur en forme de pied de biche moelleux qui lisse, adoucit et pr\u00e9pare vos l\u00e8vres pour des l\u00e8vres instantan\u00e9ment pulpeuses et dignes d'un baiser qui durent, dans des teintes transparentes con\u00e7ues pour tous les tons de peau. Description: Super cr\u00e9meux et\u2026","rel":"","context":"Similar post","block_context":{"text":"Similar post","link":""},"img":{"alt_text":"","src":"","width":0,"height":0},"classes":[]}],"_links":{"self":[{"href":"https:\/\/sakaba.mghosteur.com\/en\/wp-json\/wp\/v2\/product\/31469","targetHints":{"allow":["GET"]}}],"collection":[{"href":"https:\/\/sakaba.mghosteur.com\/en\/wp-json\/wp\/v2\/product"}],"about":[{"href":"https:\/\/sakaba.mghosteur.com\/en\/wp-json\/wp\/v2\/types\/product"}],"replies":[{"embeddable":true,"href":"https:\/\/sakaba.mghosteur.com\/en\/wp-json\/wp\/v2\/comments?post=31469"}],"version-history":[{"count":0,"href":"https:\/\/sakaba.mghosteur.com\/en\/wp-json\/wp\/v2\/product\/31469\/revisions"}],"wp:attachment":[{"href":"https:\/\/sakaba.mghosteur.com\/en\/wp-json\/wp\/v2\/media?parent=31469"}],"wp:term":[{"taxonomy":"product_brand","embeddable":true,"href":"https:\/\/sakaba.mghosteur.com\/en\/wp-json\/wp\/v2\/product_brand?post=31469"},{"taxonomy":"product_cat","embeddable":true,"href":"https:\/\/sakaba.mghosteur.com\/en\/wp-json\/wp\/v2\/product_cat?post=31469"},{"taxonomy":"product_tag","embeddable":true,"href":"https:\/\/sakaba.mghosteur.com\/en\/wp-json\/wp\/v2\/product_tag?post=31469"}],"curies":[{"name":"wp","href":"https:\/\/api.w.org\/{rel}","templated":true}]}}