{"id":31479,"date":"2024-05-10T11:22:46","date_gmt":"2024-05-10T11:22:46","guid":{"rendered":"https:\/\/sakaba.mghosteur.com\/?post_type=product&#038;p=31479"},"modified":"2024-08-07T20:09:24","modified_gmt":"2024-08-07T20:09:24","slug":"madagascar-centella-light-cleansing-oil-200ml","status":"publish","type":"product","link":"https:\/\/sakaba.mghosteur.com\/en\/product\/madagascar-centella-light-cleansing-oil-200ml\/","title":{"rendered":"MADAGASCAR CENTELLA  LIGHT CLEANSING OIL 200ML"},"content":{"rendered":"<p>CENTELLA LIGHT CLEANSING OIL<\/p>\n<p>DESCRIPTION : D\u00e9couvrez notre Centella Light Cleansing Oil, un nettoyant l\u00e9ger \u00e0 base d&#8217;huile qui vous offre une exp\u00e9rience de nettoyage luxueuse. Formul\u00e9 pour fondre en douceur le maquillage, la salet\u00e9, les huiles et la cr\u00e8me solaire, ce nettoyant prend soin de votre peau sans agresser le contour des yeux.<\/p>\n<p>INGR\u00c9DIENTS CL\u00c9S :<\/p>\n<ul>\n<li>Extrait de Centella Asiatica : Appr\u00e9ci\u00e9 pour ses propri\u00e9t\u00e9s apaisantes, cet ingr\u00e9dient contribue \u00e0 r\u00e9tablir l&#8217;hydratation naturelle de votre peau.<\/li>\n<\/ul>\n<p>MODE D&#8217;EMPLOI : Pour profiter des bienfaits de notre Centella Light Cleansing Oil, appliquez quelques pompes de produit sur votre visage sec en utilisant des mains \u00e9galement s\u00e8ches. Massez d\u00e9licatement en effectuant des mouvements circulaires pour permettre \u00e0 l&#8217;huile de dissoudre les impuret\u00e9s. Ensuite, \u00e9mulsionnez avec de l&#8217;eau pour cr\u00e9er une texture lact\u00e9e, puis rincez abondamment \u00e0 l&#8217;eau ti\u00e8de pour r\u00e9v\u00e9ler une peau nette et fra\u00eeche.<\/p>","protected":false},"excerpt":{"rendered":"<p>CENTELLA LIGHT CLEANSING OIL DESCRIPTION : D\u00e9couvrez notre Centella Light Cleansing Oil, un nettoyant l\u00e9ger \u00e0 base d&#8217;huile qui vous offre une exp\u00e9rience de nettoyage luxueuse. Formul\u00e9 pour fondre en douceur le maquillage, la salet\u00e9, les huiles et la cr\u00e8me solaire, ce nettoyant prend soin de votre peau sans agresser le contour des yeux. INGR\u00c9DIENTS<span class=\"read-more-faq\"><a href=\"https:\/\/sakaba.mghosteur.com\/en\/product\/madagascar-centella-light-cleansing-oil-200ml\/\">Read More<\/a><\/span><\/p>","protected":false},"featured_media":0,"comment_status":"open","ping_status":"closed","template":"","meta":[],"product_brand":[1022],"product_cat":[324,1018,451],"product_tag":[],"class_list":{"0":"post-31479","1":"product","2":"type-product","3":"status-publish","5":"product_brand-skin1004","6":"product_cat-demaquillant-nettoyant","7":"product_cat-aai-produis-coreens","8":"product_cat-aab-soin-du-visage","10":"first","11":"instock","12":"shipping-taxable","13":"product-type-simple"},"jetpack-related-posts":[{"id":31381,"url":"https:\/\/sakaba.mghosteur.com\/en\/product\/beauty-of-joseon-light-on-serum-centella-vita-c\/","url_meta":{"origin":31479,"position":0},"title":"BEAUTY OF JOSEON LIGHT ON SERUM CENTELLA VITA C","author":"admin","date":"May 10, 2024","format":false,"excerpt":"D\u00e9couvrez le s\u00e9rum Lumi\u00e8re Activ\u00e9e : Centella + Vita C. Ce s\u00e9rum \u00e9claircissant associe l'extrait de Centella Asiatica et la vitamine C pour offrir une exp\u00e9rience de soin de la peau in\u00e9gal\u00e9e. Ce produit innovant r\u00e9sout les probl\u00e8mes courants associ\u00e9s aux s\u00e9rums \u00e0 base de vitamine C pure. Fini le\u2026","rel":"","context":"Similar post","block_context":{"text":"Similar post","link":""},"img":{"alt_text":"","src":"","width":0,"height":0},"classes":[]},{"id":31491,"url":"https:\/\/sakaba.mghosteur.com\/en\/product\/madagascar-centella-ampoule-foam\/","url_meta":{"origin":31479,"position":1},"title":"MADAGASCAR CENTELLA AMPOULE FOAM","author":"admin","date":"May 10, 2024","format":false,"excerpt":"CENTELLA AMPOULE FOAM DESCRIPTION : Le Centella Ampoule Foam est un nettoyant riche et moussant, dot\u00e9 d'un pH id\u00e9al de 5. Il \u00e9limine efficacement le maquillage et les impuret\u00e9s sans d\u00e9caper la peau. INGR\u00c9DIENTS CL\u00c9S : Extrait de Centella Asiatica : Apaise et reconstitue le niveau d'hydratation de la peau.\u2026","rel":"","context":"Similar post","block_context":{"text":"Similar post","link":""},"img":{"alt_text":"","src":"","width":0,"height":0},"classes":[]},{"id":31473,"url":"https:\/\/sakaba.mghosteur.com\/en\/product\/madagascar-centella-toning-toner-210ml\/","url_meta":{"origin":31479,"position":2},"title":"MADAGASCAR CENTELLA TONING TONER 210ML","author":"admin","date":"May 10, 2024","format":false,"excerpt":"TONIQUE APAISANT \u00c0 LA CENTELLE QU'EST-CE QUE C'EST : Un tonique exfoliant doux qui peut \u00eatre utilis\u00e9 quotidiennement pour aider \u00e0 \u00e9liminer les cellules mortes de la peau et convient aux peaux sensibles. INGR\u00c9DIENTS CL\u00c9S : PHA (Gluconolactone) : Exfolie et \u00e9limine les cellules mortes de la peau sans irriter\u2026","rel":"","context":"Similar post","block_context":{"text":"Similar post","link":""},"img":{"alt_text":"","src":"","width":0,"height":0},"classes":[]},{"id":31720,"url":"https:\/\/sakaba.mghosteur.com\/en\/product\/haruhara-wonder-black-rice-moisture-deep-cleansing-oil\/","url_meta":{"origin":31479,"position":3},"title":"HARUHARA WONDER BLACK RICE MOISTURE DEEP CLEANSING OIL","author":"admin","date":"May 10, 2024","format":false,"excerpt":"D\u00e9couvrez cette huile hydratante et nettoyante en profondeur, parfaite pour un usage quotidien. Non parfum\u00e9e, elle offre une douceur exceptionnelle, tout en respectant votre peau et vos yeux. Formul\u00e9e \u00e0 base d'huiles 100% naturelles et de 9 ingr\u00e9dients essentiels, cette huile d\u00e9licate laisse votre peau propre et hydrat\u00e9e, sans aucune\u2026","rel":"","context":"Similar post","block_context":{"text":"Similar post","link":""},"img":{"alt_text":"","src":"","width":0,"height":0},"classes":[]},{"id":31593,"url":"https:\/\/sakaba.mghosteur.com\/en\/product\/cosrx-centella-water-alcohol-free-toner\/","url_meta":{"origin":31479,"position":4},"title":"COSRX CENTELLA WATER ALCOHOL FREE TONER","author":"admin","date":"May 10, 2024","format":false,"excerpt":"Centella Water Alcohol-Free Toner Pour une peau apais\u00e9e et hydrat\u00e9e ! Une solution parfaite pour les propri\u00e9taires de peau sensible. Ce tonique aqueux, pr\u00e9sent\u00e9 sous forme de spray, est sp\u00e9cialement con\u00e7u pour soulager les peaux irrit\u00e9es et sensibles, tout en r\u00e9duisant les rougeurs. Sa liste d'ingr\u00e9dients courte et simple exclut\u2026","rel":"","context":"Similar post","block_context":{"text":"Similar post","link":""},"img":{"alt_text":"","src":"","width":0,"height":0},"classes":[]},{"id":31482,"url":"https:\/\/sakaba.mghosteur.com\/en\/product\/madagascar-centella-ampoule-100ml\/","url_meta":{"origin":31479,"position":5},"title":"MADAGASCAR CENTELLA AMPOULE 100ML","author":"admin","date":"May 10, 2024","format":false,"excerpt":"CENTELLA AMPOULE DESCRIPTION : L'ampoule Centella est un soin apaisant sp\u00e9cialement con\u00e7u pour r\u00e9tablir l'\u00e9quilibre de votre peau, particuli\u00e8rement mise \u00e0 rude \u00e9preuve par les conditions environnementales difficiles. INGR\u00c9DIENTS PRINCIPAUX : Extrait de Centella Asiatica : Renomm\u00e9 pour ses propri\u00e9t\u00e9s apaisantes, il contribue \u00e0 restaurer l'hydratation naturelle de la peau.\u2026","rel":"","context":"Similar post","block_context":{"text":"Similar post","link":""},"img":{"alt_text":"","src":"","width":0,"height":0},"classes":[]}],"_links":{"self":[{"href":"https:\/\/sakaba.mghosteur.com\/en\/wp-json\/wp\/v2\/product\/31479","targetHints":{"allow":["GET"]}}],"collection":[{"href":"https:\/\/sakaba.mghosteur.com\/en\/wp-json\/wp\/v2\/product"}],"about":[{"href":"https:\/\/sakaba.mghosteur.com\/en\/wp-json\/wp\/v2\/types\/product"}],"replies":[{"embeddable":true,"href":"https:\/\/sakaba.mghosteur.com\/en\/wp-json\/wp\/v2\/comments?post=31479"}],"version-history":[{"count":0,"href":"https:\/\/sakaba.mghosteur.com\/en\/wp-json\/wp\/v2\/product\/31479\/revisions"}],"wp:attachment":[{"href":"https:\/\/sakaba.mghosteur.com\/en\/wp-json\/wp\/v2\/media?parent=31479"}],"wp:term":[{"taxonomy":"product_brand","embeddable":true,"href":"https:\/\/sakaba.mghosteur.com\/en\/wp-json\/wp\/v2\/product_brand?post=31479"},{"taxonomy":"product_cat","embeddable":true,"href":"https:\/\/sakaba.mghosteur.com\/en\/wp-json\/wp\/v2\/product_cat?post=31479"},{"taxonomy":"product_tag","embeddable":true,"href":"https:\/\/sakaba.mghosteur.com\/en\/wp-json\/wp\/v2\/product_tag?post=31479"}],"curies":[{"name":"wp","href":"https:\/\/api.w.org\/{rel}","templated":true}]}}