{"id":31487,"date":"2024-05-10T11:24:44","date_gmt":"2024-05-10T11:24:44","guid":{"rendered":"https:\/\/sakaba.mghosteur.com\/?post_type=product&#038;p=31487"},"modified":"2024-08-07T20:13:25","modified_gmt":"2024-08-07T20:13:25","slug":"madagascar-centella-probio-cica-essence-toner","status":"publish","type":"product","link":"https:\/\/sakaba.mghosteur.com\/en\/product\/madagascar-centella-probio-cica-essence-toner\/","title":{"rendered":"MADAGASCAR CENTELLA PROBIO CICA ESSENCE TONER"},"content":{"rendered":"<p>PROBIO-CICA ESSENCE TONER<\/p>\n<p>DESCRIPTION :<\/p>\n<p>Le Probio-Cica Essence Toner est un produit innovant contenant de la Centella Asiatica malgache ferment\u00e9e, du Probio-cica et du TECA, sp\u00e9cialement con\u00e7us pour offrir des effets apaisants maximis\u00e9s.<\/p>\n<p>Formul\u00e9 avec du c\u00e9ramide NP, dont la structure est similaire \u00e0 celle de la barri\u00e8re cutan\u00e9e, ainsi que du cica de haute qualit\u00e9, ce toner renforce la r\u00e9sistance de la barri\u00e8re cutan\u00e9e en am\u00e9liorant l&#8217;absorption de l&#8217;humidit\u00e9 et en r\u00e9parant les barri\u00e8res cutan\u00e9es endommag\u00e9es.<\/p>\n<p>Il contient \u00e9galement cinq tailles de mol\u00e9cules d&#8217;acide hyaluronique pour hydrater la peau de l&#8217;int\u00e9rieur vers l&#8217;ext\u00e9rieur.<\/p>\n<p>Ce tonique \u00e0 essence aqueuse offre le b\u00e9n\u00e9fice de la richesse d&#8217;une essence tout en procurant le fini rafra\u00eechissant d&#8217;un tonique aqueux.<\/p>\n<p>Un test d&#8217;irritation cutan\u00e9e a \u00e9t\u00e9 r\u00e9alis\u00e9 pour garantir la s\u00e9curit\u00e9 sur tous les types de peau, y compris les peaux sensibles.<\/p>\n<p>MODE D&#8217;EMPLOI : Appliquez une quantit\u00e9 appropri\u00e9e sur un coton ou directement sur la paume et tapotez doucement pour faire p\u00e9n\u00e9trer dans la peau.<\/p>","protected":false},"excerpt":{"rendered":"<p>PROBIO-CICA ESSENCE TONER DESCRIPTION : Le Probio-Cica Essence Toner est un produit innovant contenant de la Centella Asiatica malgache ferment\u00e9e, du Probio-cica et du TECA, sp\u00e9cialement con\u00e7us pour offrir des effets apaisants maximis\u00e9s. Formul\u00e9 avec du c\u00e9ramide NP, dont la structure est similaire \u00e0 celle de la barri\u00e8re cutan\u00e9e, ainsi que du cica de haute<span class=\"read-more-faq\"><a href=\"https:\/\/sakaba.mghosteur.com\/en\/product\/madagascar-centella-probio-cica-essence-toner\/\">Read More<\/a><\/span><\/p>","protected":false},"featured_media":0,"comment_status":"open","ping_status":"closed","template":"","meta":[],"product_brand":[1022],"product_cat":[324,292,1018,451],"product_tag":[],"class_list":{"0":"post-31487","1":"product","2":"type-product","3":"status-publish","5":"product_brand-skin1004","6":"product_cat-demaquillant-nettoyant","7":"product_cat-peaux-sensibles","8":"product_cat-aai-produis-coreens","9":"product_cat-aab-soin-du-visage","11":"first","12":"instock","13":"shipping-taxable","14":"product-type-simple"},"jetpack-related-posts":[{"id":31497,"url":"https:\/\/sakaba.mghosteur.com\/en\/product\/madagascar-centella-probio-cica-enrich-cream-50ml\/","url_meta":{"origin":31487,"position":0},"title":"MADAGASCAR CENTELLA PROBIO CICA ENRICH CREAM 50ML","author":"admin","date":"May 10, 2024","format":false,"excerpt":"PROBIO-CICA ENRICH CREAM DESCRIPTION : La Cr\u00e8me Enrichissante Probio-Cica est une solution de pointe pour votre peau, int\u00e9grant des ingr\u00e9dients de haute qualit\u00e9 pour offrir des bienfaits apaisants et r\u00e9parateurs exceptionnels. Cette formule unique associe la Centella Asiatica malgache ferment\u00e9e, le Probio-cica et le TECA, soigneusement s\u00e9lectionn\u00e9s pour maximiser les\u2026","rel":"","context":"Similar post","block_context":{"text":"Similar post","link":""},"img":{"alt_text":"","src":"","width":0,"height":0},"classes":[]},{"id":31501,"url":"https:\/\/sakaba.mghosteur.com\/en\/product\/madagascar-centella-probio-cica-50ml\/","url_meta":{"origin":31487,"position":1},"title":"MADAGASCAR CENTELLA PROBIO CICA 50ML","author":"admin","date":"May 10, 2024","format":false,"excerpt":"PROBIO-CICA INTENSIVE AMPOULE DESCRIPTION : La Probio-Cica Intensive Ampoule est une solution hautement concentr\u00e9e, infus\u00e9e des bienfaits nourrissants et efficaces de la Centella ferment\u00e9e. Elle prend soin de la peau de mani\u00e8re saine, offrant une action apaisante rapide sur les peaux irrit\u00e9es. POLYVALENTE ET TOUT-EN-UN : Cette ampoule polyvalente est\u2026","rel":"","context":"Similar post","block_context":{"text":"Similar post","link":""},"img":{"alt_text":"","src":"","width":0,"height":0},"classes":[]},{"id":31749,"url":"https:\/\/sakaba.mghosteur.com\/en\/product\/byoma-hydrating-milky-toner-150ml\/","url_meta":{"origin":31487,"position":2},"title":"BYOMA HYDRATING MILKY TONER 150ML","author":"admin","date":"May 10, 2024","format":false,"excerpt":"HYDRATER ET APAISER 150 ML Ce tonique ultra-apaisant et doux agit pour d\u00e9salt\u00e9rer la peau s\u00e8che tout en r\u00e9parant et en restaurant les barri\u00e8res cutan\u00e9es sensibilis\u00e9es et sensibles. La formule laiteuse r\u00e9confortante hydrate, calme et apaise la peau d\u00e8s la premi\u00e8re utilisation, renfor\u00e7ant ainsi la fonction quotidienne de la barri\u00e8re\u2026","rel":"","context":"Similar post","block_context":{"text":"Similar post","link":""},"img":{"alt_text":"","src":"","width":0,"height":0},"classes":[]},{"id":31783,"url":"https:\/\/sakaba.mghosteur.com\/en\/product\/anua-peach-77-niacin-essence-toner-250ml-30000\/","url_meta":{"origin":31487,"position":3},"title":"ANUA PEACH 77 NIACIN ESSENCE TONER 250ML","author":"admin","date":"May 10, 2024","format":false,"excerpt":"Une essence tonique hydratante avec 77 % d'extrait de fruit de Prunus Persica (p\u00eache) qui aide \u00e0 cr\u00e9er une base de maquillage longue tenue et lisse. Contient des ingr\u00e9dients hydratants comme le panth\u00e9nol et la c\u00e9ramide, il renforce la barri\u00e8re d'hydratation de la peau. Le syst\u00e8me de peeling fondant \u00e0\u2026","rel":"","context":"Similar post","block_context":{"text":"Similar post","link":""},"img":{"alt_text":"","src":"","width":0,"height":0},"classes":[]},{"id":31445,"url":"https:\/\/sakaba.mghosteur.com\/en\/product\/numbuzin-3-toner-super-glowing-essence-200ml\/","url_meta":{"origin":31487,"position":4},"title":"NUMBUZIN 3 TONER SUPER GLOWING ESSENCE 200ML","author":"admin","date":"May 10, 2024","format":false,"excerpt":"D\u00e9couvrez le Numbuzin No.3 Super Glowing Essence Toner, une v\u00e9ritable r\u00e9v\u00e9lation pour votre routine de soins de la peau. Compos\u00e9 de 50 types d'ingr\u00e9dients ferment\u00e9s, ce toner est un indispensable pour am\u00e9liorer l'\u00e9clat, l'\u00e9lasticit\u00e9 et l'apparence g\u00e9n\u00e9rale de votre peau. Con\u00e7u pour ceux qui souffrent d'un teint terne ou d'un\u2026","rel":"","context":"Similar post","block_context":{"text":"Similar post","link":""},"img":{"alt_text":"","src":"","width":0,"height":0},"classes":[]},{"id":31506,"url":"https:\/\/sakaba.mghosteur.com\/en\/product\/madagascar-centella-hyalu-cica-water-fit-sun\/","url_meta":{"origin":31487,"position":5},"title":"MADAGASCAR CENTELLA HYALU CICA WATER FIT SUN","author":"admin","date":"May 10, 2024","format":false,"excerpt":"HYALU-CICA WATER-FIT SUN SERUM SPF50+ PA++++ DESCRIPTION : Le s\u00e9rum solaire HYALU-CICA WATER-FIT SPF50+ PA++++ est une solution non nanochimique qui assure une protection efficace contre les rayons UV tout en offrant une hydratation optimale \u00e0 la peau. Sa formule unique laisse un fini hydrat\u00e9 et ros\u00e9, procurant \u00e0 votre\u2026","rel":"","context":"Similar post","block_context":{"text":"Similar post","link":""},"img":{"alt_text":"","src":"","width":0,"height":0},"classes":[]}],"_links":{"self":[{"href":"https:\/\/sakaba.mghosteur.com\/en\/wp-json\/wp\/v2\/product\/31487","targetHints":{"allow":["GET"]}}],"collection":[{"href":"https:\/\/sakaba.mghosteur.com\/en\/wp-json\/wp\/v2\/product"}],"about":[{"href":"https:\/\/sakaba.mghosteur.com\/en\/wp-json\/wp\/v2\/types\/product"}],"replies":[{"embeddable":true,"href":"https:\/\/sakaba.mghosteur.com\/en\/wp-json\/wp\/v2\/comments?post=31487"}],"version-history":[{"count":0,"href":"https:\/\/sakaba.mghosteur.com\/en\/wp-json\/wp\/v2\/product\/31487\/revisions"}],"wp:attachment":[{"href":"https:\/\/sakaba.mghosteur.com\/en\/wp-json\/wp\/v2\/media?parent=31487"}],"wp:term":[{"taxonomy":"product_brand","embeddable":true,"href":"https:\/\/sakaba.mghosteur.com\/en\/wp-json\/wp\/v2\/product_brand?post=31487"},{"taxonomy":"product_cat","embeddable":true,"href":"https:\/\/sakaba.mghosteur.com\/en\/wp-json\/wp\/v2\/product_cat?post=31487"},{"taxonomy":"product_tag","embeddable":true,"href":"https:\/\/sakaba.mghosteur.com\/en\/wp-json\/wp\/v2\/product_tag?post=31487"}],"curies":[{"name":"wp","href":"https:\/\/api.w.org\/{rel}","templated":true}]}}