{"id":31490,"date":"2024-05-10T11:25:55","date_gmt":"2024-05-10T11:25:55","guid":{"rendered":"https:\/\/sakaba.mghosteur.com\/?post_type=product&#038;p=31490"},"modified":"2024-08-07T20:21:50","modified_gmt":"2024-08-07T20:21:50","slug":"laneige-lip-sleeping-mask-berry-fruits-rouges","status":"publish","type":"product","link":"https:\/\/sakaba.mghosteur.com\/en\/product\/laneige-lip-sleeping-mask-berry-fruits-rouges\/","title":{"rendered":"LANEIGE LIP SLEEPING MASK BERRY FRUITS ROUGES"},"content":{"rendered":"","protected":false},"excerpt":{"rendered":"","protected":false},"featured_media":0,"comment_status":"open","ping_status":"closed","template":"","meta":[],"product_brand":[903],"product_cat":[1054,451],"product_tag":[],"class_list":{"0":"post-31490","1":"product","2":"type-product","3":"status-publish","5":"product_brand-laneige","6":"product_cat-soins-des-levres","7":"product_cat-aab-soin-du-visage","9":"first","10":"instock","11":"shipping-taxable","12":"product-type-simple"},"jetpack-related-posts":[{"id":31567,"url":"https:\/\/sakaba.mghosteur.com\/en\/product\/laneige-pm-lip-sleeping-mask-ex-berry-3g\/","url_meta":{"origin":31490,"position":0},"title":"LANEIGE PM LIP SLEEPING MASK EX BERRY 3G","author":"admin","date":"May 10, 2024","format":false,"excerpt":"","rel":"","context":"Similar post","block_context":{"text":"Similar post","link":""},"img":{"alt_text":"","src":"","width":0,"height":0},"classes":[]},{"id":31478,"url":"https:\/\/sakaba.mghosteur.com\/en\/product\/laneige-lip-sleeping-mask-berry\/","url_meta":{"origin":31490,"position":1},"title":"LANEIGE LIP SLEEPING MASK BERRY","author":"admin","date":"May 10, 2024","format":false,"excerpt":"D\u00e9couvrez ce masque de sommeil pour les l\u00e8vres, sp\u00e9cialement con\u00e7u pour les l\u00e8vres gerc\u00e9es et dess\u00e9ch\u00e9es. Offrant une texture soyeuse et lisse, ce masque agit pendant la nuit pour r\u00e9v\u00e9ler des l\u00e8vres douces et fermes au r\u00e9veil. Enrichi en beurre de karit\u00e9 et en un complexe Berry Mix, ce masque\u2026","rel":"","context":"Similar post","block_context":{"text":"Similar post","link":""},"img":{"alt_text":"","src":"","width":0,"height":0},"classes":[]},{"id":31456,"url":"https:\/\/sakaba.mghosteur.com\/en\/product\/laneige-baume-brillant-pour-les-levres-berry\/","url_meta":{"origin":31490,"position":2},"title":"LANEIGE BAUME BRILLANT POUR LES LEVRES BERRY","author":"admin","date":"May 10, 2024","format":false,"excerpt":"D\u00e9couvrez le partenaire id\u00e9al du Lip Sleeping Mask pour des l\u00e8vres prot\u00e9g\u00e9es et hydrat\u00e9es toute la journ\u00e9e ! Le Lip Glowy Balm fusionne les bienfaits d'un baume et d'un gloss en un seul produit ! Hydratant et nourrissant, ce baume contient des beurres de karit\u00e9 qui facilitent son application, laissant\u2026","rel":"","context":"Similar post","block_context":{"text":"Similar post","link":""},"img":{"alt_text":"","src":"","width":0,"height":0},"classes":[]},{"id":31512,"url":"https:\/\/sakaba.mghosteur.com\/en\/product\/laneige-lip-sleeping-mask-sweet-candy\/","url_meta":{"origin":31490,"position":3},"title":"LANEIGE LIP SLEEPING MASK SWEET CANDY","author":"admin","date":"May 10, 2024","format":false,"excerpt":"D\u00e9couvrez ce masque de sommeil pour les l\u00e8vres, un essentiel pris\u00e9 par les passionn\u00e9s de beaut\u00e9. Sp\u00e9cialement con\u00e7u pour un soin intensif des l\u00e8vres, ce produit embl\u00e9matique est enrichi d'un complexe nourrissant \u00e0 base de petits fruits, de graines de Murumuru et de beurre de karit\u00e9. Offrant une hydratation profonde\u2026","rel":"","context":"Similar post","block_context":{"text":"Similar post","link":""},"img":{"alt_text":"","src":"","width":0,"height":0},"classes":[]},{"id":31505,"url":"https:\/\/sakaba.mghosteur.com\/en\/product\/laneige-lip-sleeping-mask-mango\/","url_meta":{"origin":31490,"position":4},"title":"LANEIGE LIP SLEEPING MASK MANGO","author":"admin","date":"May 10, 2024","format":false,"excerpt":"D\u00e9couvrez le masque de nuit phare de LANEIGE, une formule ultra nourrissante qui favorise des l\u00e8vres douces et pulpeuses. Avec sa saveur de mangue juteuse, ce masque pour les l\u00e8vres repulpe les l\u00e8vres en les hydratant intens\u00e9ment, en aidant \u00e0 minimiser les rugosit\u00e9s et les fissures dues \u00e0 la s\u00e9cheresse.\u2026","rel":"","context":"Similar post","block_context":{"text":"Similar post","link":""},"img":{"alt_text":"","src":"","width":0,"height":0},"classes":[]},{"id":27206,"url":"https:\/\/sakaba.mghosteur.com\/en\/product\/laneige-lip-sleeping-mask\/","url_meta":{"origin":31490,"position":5},"title":"LANEIGE LIP SLEEPING MASK","author":"admin","date":"November 29, 2022","format":false,"excerpt":"","rel":"","context":"Similar post","block_context":{"text":"Similar post","link":""},"img":{"alt_text":"","src":"","width":0,"height":0},"classes":[]}],"_links":{"self":[{"href":"https:\/\/sakaba.mghosteur.com\/en\/wp-json\/wp\/v2\/product\/31490","targetHints":{"allow":["GET"]}}],"collection":[{"href":"https:\/\/sakaba.mghosteur.com\/en\/wp-json\/wp\/v2\/product"}],"about":[{"href":"https:\/\/sakaba.mghosteur.com\/en\/wp-json\/wp\/v2\/types\/product"}],"replies":[{"embeddable":true,"href":"https:\/\/sakaba.mghosteur.com\/en\/wp-json\/wp\/v2\/comments?post=31490"}],"version-history":[{"count":0,"href":"https:\/\/sakaba.mghosteur.com\/en\/wp-json\/wp\/v2\/product\/31490\/revisions"}],"wp:attachment":[{"href":"https:\/\/sakaba.mghosteur.com\/en\/wp-json\/wp\/v2\/media?parent=31490"}],"wp:term":[{"taxonomy":"product_brand","embeddable":true,"href":"https:\/\/sakaba.mghosteur.com\/en\/wp-json\/wp\/v2\/product_brand?post=31490"},{"taxonomy":"product_cat","embeddable":true,"href":"https:\/\/sakaba.mghosteur.com\/en\/wp-json\/wp\/v2\/product_cat?post=31490"},{"taxonomy":"product_tag","embeddable":true,"href":"https:\/\/sakaba.mghosteur.com\/en\/wp-json\/wp\/v2\/product_tag?post=31490"}],"curies":[{"name":"wp","href":"https:\/\/api.w.org\/{rel}","templated":true}]}}