{"id":31497,"date":"2024-05-10T11:27:07","date_gmt":"2024-05-10T11:27:07","guid":{"rendered":"https:\/\/sakaba.mghosteur.com\/?post_type=product&#038;p=31497"},"modified":"2024-08-07T20:12:48","modified_gmt":"2024-08-07T20:12:48","slug":"madagascar-centella-probio-cica-enrich-cream-50ml","status":"publish","type":"product","link":"https:\/\/sakaba.mghosteur.com\/en\/product\/madagascar-centella-probio-cica-enrich-cream-50ml\/","title":{"rendered":"MADAGASCAR CENTELLA PROBIO CICA ENRICH CREAM 50ML"},"content":{"rendered":"<div class=\"flex-1 overflow-hidden\">\n<div class=\"react-scroll-to-bottom--css-qedfa-79elbk h-full\">\n<div class=\"react-scroll-to-bottom--css-qedfa-1n7m0yu\">\n<div>\n<div class=\"flex flex-col text-sm pb-9\">\n<div class=\"w-full text-token-text-primary\" dir=\"auto\" data-testid=\"conversation-turn-3\" data-scroll-anchor=\"true\">\n<div class=\"py-2 px-3 text-base md:px-4 m-auto md:px-5 lg:px-1 xl:px-5\">\n<div class=\"mx-auto flex flex-1 gap-3 text-base juice:gap-4 juice:md:gap-6 md:max-w-3xl\">\n<div class=\"relative flex w-full min-w-0 flex-col agent-turn\">\n<div class=\"flex-col gap-1 md:gap-3\">\n<div class=\"flex flex-grow flex-col max-w-full\">\n<div class=\"min-h-[20px] text-message flex flex-col items-start whitespace-pre-wrap break-words [.text-message+&amp;]:mt-5 juice:w-full juice:items-end overflow-x-auto gap-3\" dir=\"auto\" data-message-author-role=\"assistant\" data-message-id=\"58b44d61-49f9-4941-be87-0027ab7c1f08\">\n<div class=\"markdown prose w-full break-words dark:prose-invert light\">\n<p>PROBIO-CICA ENRICH CREAM<\/p>\n<p>DESCRIPTION : La Cr\u00e8me Enrichissante Probio-Cica est une solution de pointe pour votre peau, int\u00e9grant des ingr\u00e9dients de haute qualit\u00e9 pour offrir des bienfaits apaisants et r\u00e9parateurs exceptionnels. Cette formule unique associe la Centella Asiatica malgache ferment\u00e9e, le Probio-cica et le TECA, soigneusement s\u00e9lectionn\u00e9s pour maximiser les effets calmants sur la peau.<\/p>\n<p>Cette cr\u00e8me contient \u00e9galement du c\u00e9ramide NP, qui, de par sa similitude avec la structure de la barri\u00e8re cutan\u00e9e, renforce cette derni\u00e8re en am\u00e9liorant l&#8217;absorption d&#8217;humidit\u00e9 et en r\u00e9parant les dommages. De plus, le cica de haute qualit\u00e9 contribue \u00e0 raffermir la texture de la peau tout en renfor\u00e7ant sa barri\u00e8re protectrice, en reproduisant la structure lamellaire des cellules cutan\u00e9es pour une base lipidique saine.<\/p>\n<p>Enrichie en huiles de graines bienfaitrices, cette cr\u00e8me favorise l&#8217;absorption optimale des nutriments essentiels, apaisant ainsi les peaux s\u00e8ches et irrit\u00e9es. Sa texture concentr\u00e9e s&#8217;applique ais\u00e9ment et offre une sensation soyeuse apr\u00e8s application.<\/p>\n<p>MODE D&#8217;EMPLOI : Appliquez d\u00e9licatement sur la peau lors de la derni\u00e8re \u00e9tape de votre routine de soins, en tapotant l\u00e9g\u00e8rement pour favoriser une absorption optimale.<\/p>\n<\/div>\n<\/div>\n<\/div>\n<div class=\"mt-1 flex gap-3 empty:hidden juice:-ml-3\">\n<div class=\"-ml-1 mt-0 flex h-7 items-center justify-center gap-[2px] self-end text-gray-400 lg:justify-start lg:self-center visible\"><button class=\"rounded-md p-1 text-token-text-tertiary hover:text-token-text-primary\"><\/button><button class=\"rounded-md p-1 text-token-text-tertiary hover:text-token-text-primary\"><\/button><button class=\"rounded-md p-1 text-token-text-tertiary hover:text-token-text-primary\"><\/button><\/p>\n<div class=\"flex\"><\/div>\n<\/div>\n<\/div>\n<div class=\"pr-2 lg:pr-0\"><\/div>\n<\/div>\n<div class=\"absolute\">\n<div class=\"flex w-full gap-2 items-center justify-center\"><\/div>\n<\/div>\n<\/div>\n<\/div>\n<\/div>\n<\/div>\n<\/div>\n<\/div>\n<\/div>\n<\/div>\n<\/div>\n<div class=\"w-full md:pt-0 dark:border-white\/20 md:border-transparent md:dark:border-transparent md:w-[calc(100%-.5rem)] juice:w-full\">\n<div class=\"px-3 text-base md:px-4 m-auto md:px-5 lg:px-1 xl:px-5\">\n<div class=\"mx-auto flex flex-1 gap-3 text-base juice:gap-4 juice:md:gap-6 md:max-w-3xl\">\n<div class=\"relative flex h-full max-w-full flex-1 flex-col\">\n<div class=\"absolute bottom-full left-0 right-0\"><\/div>\n<div class=\"flex w-full items-center\"><\/div>\n<\/div>\n<\/div>\n<\/div>\n<\/div>","protected":false},"excerpt":{"rendered":"<p>PROBIO-CICA ENRICH CREAM DESCRIPTION : La Cr\u00e8me Enrichissante Probio-Cica est une solution de pointe pour votre peau, int\u00e9grant des ingr\u00e9dients de haute qualit\u00e9 pour offrir des bienfaits apaisants et r\u00e9parateurs exceptionnels. Cette formule unique associe la Centella Asiatica malgache ferment\u00e9e, le Probio-cica et le TECA, soigneusement s\u00e9lectionn\u00e9s pour maximiser les effets calmants sur la peau.<span class=\"read-more-faq\"><a href=\"https:\/\/sakaba.mghosteur.com\/en\/product\/madagascar-centella-probio-cica-enrich-cream-50ml\/\">Read More<\/a><\/span><\/p>","protected":false},"featured_media":0,"comment_status":"open","ping_status":"closed","template":"","meta":[],"product_brand":[1022],"product_cat":[331,292,1018,451],"product_tag":[],"class_list":{"0":"post-31497","1":"product","2":"type-product","3":"status-publish","5":"product_brand-skin1004","6":"product_cat-hydratant-visage","7":"product_cat-peaux-sensibles","8":"product_cat-aai-produis-coreens","9":"product_cat-aab-soin-du-visage","11":"first","12":"instock","13":"shipping-taxable","14":"product-type-simple"},"jetpack-related-posts":[{"id":31501,"url":"https:\/\/sakaba.mghosteur.com\/en\/product\/madagascar-centella-probio-cica-50ml\/","url_meta":{"origin":31497,"position":0},"title":"MADAGASCAR CENTELLA PROBIO CICA 50ML","author":"admin","date":"May 10, 2024","format":false,"excerpt":"PROBIO-CICA INTENSIVE AMPOULE DESCRIPTION : La Probio-Cica Intensive Ampoule est une solution hautement concentr\u00e9e, infus\u00e9e des bienfaits nourrissants et efficaces de la Centella ferment\u00e9e. Elle prend soin de la peau de mani\u00e8re saine, offrant une action apaisante rapide sur les peaux irrit\u00e9es. POLYVALENTE ET TOUT-EN-UN : Cette ampoule polyvalente est\u2026","rel":"","context":"Similar post","block_context":{"text":"Similar post","link":""},"img":{"alt_text":"","src":"","width":0,"height":0},"classes":[]},{"id":31487,"url":"https:\/\/sakaba.mghosteur.com\/en\/product\/madagascar-centella-probio-cica-essence-toner\/","url_meta":{"origin":31497,"position":1},"title":"MADAGASCAR CENTELLA PROBIO CICA ESSENCE TONER","author":"admin","date":"May 10, 2024","format":false,"excerpt":"PROBIO-CICA ESSENCE TONER DESCRIPTION : Le Probio-Cica Essence Toner est un produit innovant contenant de la Centella Asiatica malgache ferment\u00e9e, du Probio-cica et du TECA, sp\u00e9cialement con\u00e7us pour offrir des effets apaisants maximis\u00e9s. Formul\u00e9 avec du c\u00e9ramide NP, dont la structure est similaire \u00e0 celle de la barri\u00e8re cutan\u00e9e, ainsi\u2026","rel":"","context":"Similar post","block_context":{"text":"Similar post","link":""},"img":{"alt_text":"","src":"","width":0,"height":0},"classes":[]},{"id":31506,"url":"https:\/\/sakaba.mghosteur.com\/en\/product\/madagascar-centella-hyalu-cica-water-fit-sun\/","url_meta":{"origin":31497,"position":2},"title":"MADAGASCAR CENTELLA HYALU CICA WATER FIT SUN","author":"admin","date":"May 10, 2024","format":false,"excerpt":"HYALU-CICA WATER-FIT SUN SERUM SPF50+ PA++++ DESCRIPTION : Le s\u00e9rum solaire HYALU-CICA WATER-FIT SPF50+ PA++++ est une solution non nanochimique qui assure une protection efficace contre les rayons UV tout en offrant une hydratation optimale \u00e0 la peau. Sa formule unique laisse un fini hydrat\u00e9 et ros\u00e9, procurant \u00e0 votre\u2026","rel":"","context":"Similar post","block_context":{"text":"Similar post","link":""},"img":{"alt_text":"","src":"","width":0,"height":0},"classes":[]},{"id":31362,"url":"https:\/\/sakaba.mghosteur.com\/en\/product\/beauty-of-joseon-dynasty-cream-50ml\/","url_meta":{"origin":31497,"position":3},"title":"BEAUTY OF JOSEON DYNASTY CREAM 50ML","author":"admin","date":"May 10, 2024","format":false,"excerpt":"Dynasty Cream D\u00e9couvrez la \"Dynasty Cream\", le tout premier produit de la gamme Beauty of Joseon. Cette cr\u00e8me est un favori de longue date parmi nos clients. Sa texture ferme et onctueuse hydrate et nourrit votre peau en profondeur et durablement. Remplie d'ingr\u00e9dients b\u00e9n\u00e9fiques tels que l'eau de son de\u2026","rel":"","context":"Similar post","block_context":{"text":"Similar post","link":""},"img":{"alt_text":"","src":"","width":0,"height":0},"classes":[]},{"id":31779,"url":"https:\/\/sakaba.mghosteur.com\/en\/product\/anua-peach-77-niacin-enriched-cream-50ml\/","url_meta":{"origin":31497,"position":4},"title":"ANUA PEACH 77 NIACIN ENRICHED CREAM 50ML","author":"admin","date":"May 10, 2024","format":false,"excerpt":"Une cr\u00e8me hydratante enrichie \u00e0 77 % d'extrait de fruit de Prunus Persica (p\u00eache) aide \u00e0 restaurer une peau p\u00eache et ros\u00e9e. Infus\u00e9e de c\u00e9ramide, de collag\u00e8ne, de panth\u00e9nol et de prot\u00e9ines qui revitalisent et hydratent la peau s\u00e8che. La texture g\u00e9latineuse du pudding permet une absorption rapide dans la\u2026","rel":"","context":"Similar post","block_context":{"text":"Similar post","link":""},"img":{"alt_text":"","src":"","width":0,"height":0},"classes":[]},{"id":25552,"url":"https:\/\/sakaba.mghosteur.com\/en\/product\/eucerin-eczema-relief-body-cream\/","url_meta":{"origin":31497,"position":5},"title":"EUCERIN ECZEMA RELIEF BODY CREAM","author":"admin","date":"November 14, 2022","format":false,"excerpt":"Cette cr\u00e8me est rapidement absorb\u00e9e et formul\u00e9e uniquement avec les meilleurs ingr\u00e9dients. Enrichie en flocons d'avoine collo\u00efdaux, un protecteur cutan\u00e9 qui soulage les d\u00e9mangeaisons. Enrichie en c\u00e9ramide-3 pour renforcer la barri\u00e8re d'hydratation de la peau afin de garder l'humidit\u00e9 \u00e0 l'int\u00e9rieur et les irritants \u00e0 l'ext\u00e9rieur, et en extrait de\u2026","rel":"","context":"Similar post","block_context":{"text":"Similar post","link":""},"img":{"alt_text":"","src":"","width":0,"height":0},"classes":[]}],"_links":{"self":[{"href":"https:\/\/sakaba.mghosteur.com\/en\/wp-json\/wp\/v2\/product\/31497","targetHints":{"allow":["GET"]}}],"collection":[{"href":"https:\/\/sakaba.mghosteur.com\/en\/wp-json\/wp\/v2\/product"}],"about":[{"href":"https:\/\/sakaba.mghosteur.com\/en\/wp-json\/wp\/v2\/types\/product"}],"replies":[{"embeddable":true,"href":"https:\/\/sakaba.mghosteur.com\/en\/wp-json\/wp\/v2\/comments?post=31497"}],"version-history":[{"count":0,"href":"https:\/\/sakaba.mghosteur.com\/en\/wp-json\/wp\/v2\/product\/31497\/revisions"}],"wp:attachment":[{"href":"https:\/\/sakaba.mghosteur.com\/en\/wp-json\/wp\/v2\/media?parent=31497"}],"wp:term":[{"taxonomy":"product_brand","embeddable":true,"href":"https:\/\/sakaba.mghosteur.com\/en\/wp-json\/wp\/v2\/product_brand?post=31497"},{"taxonomy":"product_cat","embeddable":true,"href":"https:\/\/sakaba.mghosteur.com\/en\/wp-json\/wp\/v2\/product_cat?post=31497"},{"taxonomy":"product_tag","embeddable":true,"href":"https:\/\/sakaba.mghosteur.com\/en\/wp-json\/wp\/v2\/product_tag?post=31497"}],"curies":[{"name":"wp","href":"https:\/\/api.w.org\/{rel}","templated":true}]}}