{"id":31501,"date":"2024-05-10T11:27:54","date_gmt":"2024-05-10T11:27:54","guid":{"rendered":"https:\/\/sakaba.mghosteur.com\/?post_type=product&#038;p=31501"},"modified":"2024-08-07T20:12:20","modified_gmt":"2024-08-07T20:12:20","slug":"madagascar-centella-probio-cica-50ml","status":"publish","type":"product","link":"https:\/\/sakaba.mghosteur.com\/en\/product\/madagascar-centella-probio-cica-50ml\/","title":{"rendered":"MADAGASCAR CENTELLA PROBIO CICA 50ML"},"content":{"rendered":"<p>PROBIO-CICA INTENSIVE AMPOULE<\/p>\n<p>DESCRIPTION : La Probio-Cica Intensive Ampoule est une solution hautement concentr\u00e9e, infus\u00e9e des bienfaits nourrissants et efficaces de la Centella ferment\u00e9e. Elle prend soin de la peau de mani\u00e8re saine, offrant une action apaisante rapide sur les peaux irrit\u00e9es.<\/p>\n<p>POLYVALENTE ET TOUT-EN-UN : Cette ampoule polyvalente est con\u00e7ue pour aider \u00e0 restaurer, apaiser, adoucir et rajeunir la peau.<\/p>\n<p>SOIN APAISANT \u00c0 BASE D&#8217;EXTRAIT DE CENTELLA ASIATICA : Formul\u00e9e avec des extraits intacts et de haute qualit\u00e9 de Centella Asiatica, r\u00e9colt\u00e9s \u00e0 Madagascar, cette ampoule offre une hydratation intense et \u00e9quilibre les niveaux de s\u00e9bum. Elle r\u00e9duit les probl\u00e8mes d&#8217;acn\u00e9, les taches s\u00e8ches, les irritations cutan\u00e9es et pr\u00e9vient les signes du vieillissement.<\/p>\n<p>EFFETS PRINCIPAUX : Apaise les imperfections cutan\u00e9es et r\u00e9gule la production excessive de s\u00e9bum. Elle att\u00e9nue l&#8217;apparence des taches brunes et de l&#8217;hyperpigmentation, tout en fournissant une hydratation profonde et en renfor\u00e7ant la barri\u00e8re cutan\u00e9e.<\/p>\n<p>HYDRATATION EXCEPTIONNELLE : Gr\u00e2ce \u00e0 sa formule innovante et \u00e0 sa haute concentration en extrait pur, cette ampoule p\u00e9n\u00e8tre profond\u00e9ment dans la peau, la laissant souple et hydrat\u00e9e tout au long de la journ\u00e9e. Vous ressentirez la diff\u00e9rence par rapport \u00e0 d&#8217;autres produits qui peuvent laisser la peau s\u00e8che apr\u00e8s une heure seulement.<\/p>\n<p>UTILISATION : Apr\u00e8s le nettoyage, appliquez une quantit\u00e9 appropri\u00e9e sur un coton ou directement sur les mains. Massez d\u00e9licatement dans le sens du grain de peau et laissez absorber.<\/p>","protected":false},"excerpt":{"rendered":"<p>PROBIO-CICA INTENSIVE AMPOULE DESCRIPTION : La Probio-Cica Intensive Ampoule est une solution hautement concentr\u00e9e, infus\u00e9e des bienfaits nourrissants et efficaces de la Centella ferment\u00e9e. Elle prend soin de la peau de mani\u00e8re saine, offrant une action apaisante rapide sur les peaux irrit\u00e9es. POLYVALENTE ET TOUT-EN-UN : Cette ampoule polyvalente est con\u00e7ue pour aider \u00e0 restaurer,<span class=\"read-more-faq\"><a href=\"https:\/\/sakaba.mghosteur.com\/en\/product\/madagascar-centella-probio-cica-50ml\/\">Read More<\/a><\/span><\/p>","protected":false},"featured_media":0,"comment_status":"open","ping_status":"closed","template":"","meta":[],"product_brand":[1022],"product_cat":[292,1018,451,334],"product_tag":[],"class_list":{"0":"post-31501","1":"product","2":"type-product","3":"status-publish","5":"product_brand-skin1004","6":"product_cat-peaux-sensibles","7":"product_cat-aai-produis-coreens","8":"product_cat-aab-soin-du-visage","9":"product_cat-traitement-serum","11":"first","12":"instock","13":"shipping-taxable","14":"product-type-simple"},"jetpack-related-posts":[{"id":31497,"url":"https:\/\/sakaba.mghosteur.com\/en\/product\/madagascar-centella-probio-cica-enrich-cream-50ml\/","url_meta":{"origin":31501,"position":0},"title":"MADAGASCAR CENTELLA PROBIO CICA ENRICH CREAM 50ML","author":"admin","date":"May 10, 2024","format":false,"excerpt":"PROBIO-CICA ENRICH CREAM DESCRIPTION : La Cr\u00e8me Enrichissante Probio-Cica est une solution de pointe pour votre peau, int\u00e9grant des ingr\u00e9dients de haute qualit\u00e9 pour offrir des bienfaits apaisants et r\u00e9parateurs exceptionnels. Cette formule unique associe la Centella Asiatica malgache ferment\u00e9e, le Probio-cica et le TECA, soigneusement s\u00e9lectionn\u00e9s pour maximiser les\u2026","rel":"","context":"Similar post","block_context":{"text":"Similar post","link":""},"img":{"alt_text":"","src":"","width":0,"height":0},"classes":[]},{"id":31487,"url":"https:\/\/sakaba.mghosteur.com\/en\/product\/madagascar-centella-probio-cica-essence-toner\/","url_meta":{"origin":31501,"position":1},"title":"MADAGASCAR CENTELLA PROBIO CICA ESSENCE TONER","author":"admin","date":"May 10, 2024","format":false,"excerpt":"PROBIO-CICA ESSENCE TONER DESCRIPTION : Le Probio-Cica Essence Toner est un produit innovant contenant de la Centella Asiatica malgache ferment\u00e9e, du Probio-cica et du TECA, sp\u00e9cialement con\u00e7us pour offrir des effets apaisants maximis\u00e9s. Formul\u00e9 avec du c\u00e9ramide NP, dont la structure est similaire \u00e0 celle de la barri\u00e8re cutan\u00e9e, ainsi\u2026","rel":"","context":"Similar post","block_context":{"text":"Similar post","link":""},"img":{"alt_text":"","src":"","width":0,"height":0},"classes":[]},{"id":31482,"url":"https:\/\/sakaba.mghosteur.com\/en\/product\/madagascar-centella-ampoule-100ml\/","url_meta":{"origin":31501,"position":2},"title":"MADAGASCAR CENTELLA AMPOULE 100ML","author":"admin","date":"May 10, 2024","format":false,"excerpt":"CENTELLA AMPOULE DESCRIPTION : L'ampoule Centella est un soin apaisant sp\u00e9cialement con\u00e7u pour r\u00e9tablir l'\u00e9quilibre de votre peau, particuli\u00e8rement mise \u00e0 rude \u00e9preuve par les conditions environnementales difficiles. INGR\u00c9DIENTS PRINCIPAUX : Extrait de Centella Asiatica : Renomm\u00e9 pour ses propri\u00e9t\u00e9s apaisantes, il contribue \u00e0 restaurer l'hydratation naturelle de la peau.\u2026","rel":"","context":"Similar post","block_context":{"text":"Similar post","link":""},"img":{"alt_text":"","src":"","width":0,"height":0},"classes":[]},{"id":31517,"url":"https:\/\/sakaba.mghosteur.com\/en\/product\/madagascar-centella-ampoule-55ml\/","url_meta":{"origin":31501,"position":3},"title":"MADAGASCAR CENTELLA AMPOULE 55ML","author":"admin","date":"May 10, 2024","format":false,"excerpt":"CENTELLA AMPOULE DESCRIPTION DU PRODUIT : L'ampoule Centella est une solution apaisante sp\u00e9cialement con\u00e7ue pour r\u00e9tablir l'\u00e9quilibre de votre peau agress\u00e9e par les environnements difficiles. COMPOSITION ESSENTIELLE : Extrait de Centella Asiatica : Reconnue pour ses propri\u00e9t\u00e9s apaisantes, elle r\u00e9hydrate et r\u00e9g\u00e9n\u00e8re la peau. MODE D'EMPLOI : Appliquez une quantit\u00e9\u2026","rel":"","context":"Similar post","block_context":{"text":"Similar post","link":""},"img":{"alt_text":"","src":"","width":0,"height":0},"classes":[]},{"id":31491,"url":"https:\/\/sakaba.mghosteur.com\/en\/product\/madagascar-centella-ampoule-foam\/","url_meta":{"origin":31501,"position":4},"title":"MADAGASCAR CENTELLA AMPOULE FOAM","author":"admin","date":"May 10, 2024","format":false,"excerpt":"CENTELLA AMPOULE FOAM DESCRIPTION : Le Centella Ampoule Foam est un nettoyant riche et moussant, dot\u00e9 d'un pH id\u00e9al de 5. Il \u00e9limine efficacement le maquillage et les impuret\u00e9s sans d\u00e9caper la peau. INGR\u00c9DIENTS CL\u00c9S : Extrait de Centella Asiatica : Apaise et reconstitue le niveau d'hydratation de la peau.\u2026","rel":"","context":"Similar post","block_context":{"text":"Similar post","link":""},"img":{"alt_text":"","src":"","width":0,"height":0},"classes":[]},{"id":31473,"url":"https:\/\/sakaba.mghosteur.com\/en\/product\/madagascar-centella-toning-toner-210ml\/","url_meta":{"origin":31501,"position":5},"title":"MADAGASCAR CENTELLA TONING TONER 210ML","author":"admin","date":"May 10, 2024","format":false,"excerpt":"TONIQUE APAISANT \u00c0 LA CENTELLE QU'EST-CE QUE C'EST : Un tonique exfoliant doux qui peut \u00eatre utilis\u00e9 quotidiennement pour aider \u00e0 \u00e9liminer les cellules mortes de la peau et convient aux peaux sensibles. INGR\u00c9DIENTS CL\u00c9S : PHA (Gluconolactone) : Exfolie et \u00e9limine les cellules mortes de la peau sans irriter\u2026","rel":"","context":"Similar post","block_context":{"text":"Similar post","link":""},"img":{"alt_text":"","src":"","width":0,"height":0},"classes":[]}],"_links":{"self":[{"href":"https:\/\/sakaba.mghosteur.com\/en\/wp-json\/wp\/v2\/product\/31501","targetHints":{"allow":["GET"]}}],"collection":[{"href":"https:\/\/sakaba.mghosteur.com\/en\/wp-json\/wp\/v2\/product"}],"about":[{"href":"https:\/\/sakaba.mghosteur.com\/en\/wp-json\/wp\/v2\/types\/product"}],"replies":[{"embeddable":true,"href":"https:\/\/sakaba.mghosteur.com\/en\/wp-json\/wp\/v2\/comments?post=31501"}],"version-history":[{"count":0,"href":"https:\/\/sakaba.mghosteur.com\/en\/wp-json\/wp\/v2\/product\/31501\/revisions"}],"wp:attachment":[{"href":"https:\/\/sakaba.mghosteur.com\/en\/wp-json\/wp\/v2\/media?parent=31501"}],"wp:term":[{"taxonomy":"product_brand","embeddable":true,"href":"https:\/\/sakaba.mghosteur.com\/en\/wp-json\/wp\/v2\/product_brand?post=31501"},{"taxonomy":"product_cat","embeddable":true,"href":"https:\/\/sakaba.mghosteur.com\/en\/wp-json\/wp\/v2\/product_cat?post=31501"},{"taxonomy":"product_tag","embeddable":true,"href":"https:\/\/sakaba.mghosteur.com\/en\/wp-json\/wp\/v2\/product_tag?post=31501"}],"curies":[{"name":"wp","href":"https:\/\/api.w.org\/{rel}","templated":true}]}}