{"id":31506,"date":"2024-05-10T11:28:57","date_gmt":"2024-05-10T11:28:57","guid":{"rendered":"https:\/\/sakaba.mghosteur.com\/?post_type=product&#038;p=31506"},"modified":"2024-08-07T20:11:21","modified_gmt":"2024-08-07T20:11:21","slug":"madagascar-centella-hyalu-cica-water-fit-sun","status":"publish","type":"product","link":"https:\/\/sakaba.mghosteur.com\/en\/product\/madagascar-centella-hyalu-cica-water-fit-sun\/","title":{"rendered":"MADAGASCAR CENTELLA HYALU CICA WATER FIT SUN"},"content":{"rendered":"<p>HYALU-CICA WATER-FIT SUN SERUM SPF50+ PA++++<\/p>\n<p>DESCRIPTION : Le s\u00e9rum solaire HYALU-CICA WATER-FIT SPF50+ PA++++ est une solution non nanochimique qui assure une protection efficace contre les rayons UV tout en offrant une hydratation optimale \u00e0 la peau. Sa formule unique laisse un fini hydrat\u00e9 et ros\u00e9, procurant \u00e0 votre peau une sensation de fra\u00eecheur et de confort.<\/p>\n<p>UTILISATION : Apr\u00e8s avoir compl\u00e9t\u00e9 votre routine de soins de la peau, appliquez uniform\u00e9ment le s\u00e9rum sur les zones expos\u00e9es aux rayons UV. Son absorption rapide et sa texture l\u00e9g\u00e8re en font un produit id\u00e9al pour une protection quotidienne contre les effets nocifs du soleil.<\/p>","protected":false},"excerpt":{"rendered":"<p>HYALU-CICA WATER-FIT SUN SERUM SPF50+ PA++++ DESCRIPTION : Le s\u00e9rum solaire HYALU-CICA WATER-FIT SPF50+ PA++++ est une solution non nanochimique qui assure une protection efficace contre les rayons UV tout en offrant une hydratation optimale \u00e0 la peau. Sa formule unique laisse un fini hydrat\u00e9 et ros\u00e9, procurant \u00e0 votre peau une sensation de fra\u00eecheur<span class=\"read-more-faq\"><a href=\"https:\/\/sakaba.mghosteur.com\/en\/product\/madagascar-centella-hyalu-cica-water-fit-sun\/\">Read More<\/a><\/span><\/p>","protected":false},"featured_media":0,"comment_status":"open","ping_status":"closed","template":"","meta":[],"product_brand":[1022],"product_cat":[1055,1018,451],"product_tag":[],"class_list":{"0":"post-31506","1":"product","2":"type-product","3":"status-publish","5":"product_brand-skin1004","6":"product_cat-protection-solaire-visage","7":"product_cat-aai-produis-coreens","8":"product_cat-aab-soin-du-visage","10":"first","11":"instock","12":"shipping-taxable","13":"product-type-simple"},"jetpack-related-posts":[{"id":27583,"url":"https:\/\/sakaba.mghosteur.com\/en\/product\/beauty-of-joseonrelief-sun-rice-probiotcs-spf-50\/","url_meta":{"origin":31506,"position":0},"title":"BEAUTY OF JOSEON Relief Sun : Rice + Probiotics (SPF50+ PA++++)","author":"admin","date":"November 29, 2022","format":false,"excerpt":"D\u00e9couvrez le produit solaire organique Relief Sun de la marque Beauty of Joseon, enrichi avec 30 % d'extrait de riz et d'extraits de c\u00e9r\u00e9ales ferment\u00e9es pour une hydratation et une nutrition de la peau optimales. Sa texture l\u00e9g\u00e8re et cr\u00e9meuse ressemble \u00e0 une cr\u00e8me hydratante l\u00e9g\u00e8re qui ne colle pas\u2026","rel":"","context":"Similar post","block_context":{"text":"Similar post","link":""},"img":{"alt_text":"","src":"","width":0,"height":0},"classes":[]},{"id":25576,"url":"https:\/\/sakaba.mghosteur.com\/en\/product\/neutrogena-beach-defense-water-sun-protection\/","url_meta":{"origin":31506,"position":1},"title":"NEUTROGENA BEACH DEFENSE WATER +sun protection","author":"admin","date":"November 14, 2022","format":false,"excerpt":"La lotion Beach Defense de Neutrogena est un \u00e9cran solaire SPF 70 \u00e0 large spectre, parfait pour prot\u00e9ger votre peau pendant les journ\u00e9es ensoleill\u00e9es \u00e0 la plage. Cette lotion l\u00e9g\u00e8re et r\u00e9sistante \u00e0 l'eau pendant 80 minutes est formul\u00e9e sans huile ni PABA, ce qui la rend facile \u00e0 appliquer\u2026","rel":"","context":"Similar post","block_context":{"text":"Similar post","link":""},"img":{"alt_text":"","src":"","width":0,"height":0},"classes":[]},{"id":29450,"url":"https:\/\/sakaba.mghosteur.com\/en\/product\/cosrx-cica-clear-cleansing-oil\/","url_meta":{"origin":31506,"position":2},"title":"COSRX CICA CLEAR CLEANSING OIL","author":"admin","date":"April 4, 2023","format":false,"excerpt":"Le Pure Fit Cica Clear Huile Nettoyante de la marque COSRX est un nettoyant l\u00e9ger et aqueux qui permet un nettoyage en profondeur et rafra\u00eechissant. Cette huile nettoyante \u00e9limine efficacement le maquillage tenace, les impuret\u00e9s des pores et la poussi\u00e8re, tout en hydratant la peau sans laisser de sensation grasse.\u2026","rel":"","context":"Similar post","block_context":{"text":"Similar post","link":""},"img":{"alt_text":"","src":"","width":0,"height":0},"classes":[]},{"id":27426,"url":"https:\/\/sakaba.mghosteur.com\/en\/product\/the-inkey-list-q10\/","url_meta":{"origin":31506,"position":3},"title":"THE INKEY LIST Q10","author":"admin","date":"November 29, 2022","format":false,"excerpt":"Le s\u00e9rum Q10 de la marque The Inkey List est un produit de soin essentiel pour prot\u00e9ger votre peau et combattre les signes du vieillissement. Gr\u00e2ce \u00e0 sa formule riche en antioxydants, ce s\u00e9rum aide \u00e0 prot\u00e9ger votre peau contre les agressions ext\u00e9rieures telles que la pollution et les rayons\u2026","rel":"","context":"Similar post","block_context":{"text":"Similar post","link":""},"img":{"alt_text":"","src":"","width":0,"height":0},"classes":[]},{"id":28972,"url":"https:\/\/sakaba.mghosteur.com\/en\/product\/the-ordinary-retinol-1-in-squalane-serum-water-free\/","url_meta":{"origin":31506,"position":4},"title":"The Ordinary Retinol 1% In Squalane Serum &#8211; Water Free","author":"admin","date":"March 8, 2023","format":false,"excerpt":"Le R\u00e9tinol 1% dans Squalane de The Ordinary est un traitement efficace pour am\u00e9liorer l'apparence des ridules et des rides dynamiques, tout en unifiant la texture et le teint de la peau. Il contient 1% de r\u00e9tinol et du squalane pour maintenir une hydratation en surface. Il est recommand\u00e9 de\u2026","rel":"","context":"Similar post","block_context":{"text":"Similar post","link":""},"img":{"alt_text":"","src":"","width":0,"height":0},"classes":[]},{"id":31356,"url":"https:\/\/sakaba.mghosteur.com\/en\/product\/beauty-of-joseon-calming-serum-green-tea-panthenol\/","url_meta":{"origin":31506,"position":5},"title":"BEAUTY OF JOSEON CALMING SERUM GREEN TEA + PANTHENOL","author":"admin","date":"May 10, 2024","format":false,"excerpt":"S\u00e9rum Apaisant : Th\u00e9 vert + Panth\u00e9nol Ce produit est sp\u00e9cialement con\u00e7u pour soulager les sensations d'inconfort cutan\u00e9 caus\u00e9es par divers facteurs externes tels que l'exposition aux rayons UV. Les ingr\u00e9dients principaux choisis sont le th\u00e9 vert, reconnu pour ses propri\u00e9t\u00e9s antioxydantes, et l'armoise, une plante r\u00e9put\u00e9e pour ses vertus\u2026","rel":"","context":"Similar post","block_context":{"text":"Similar post","link":""},"img":{"alt_text":"","src":"","width":0,"height":0},"classes":[]}],"_links":{"self":[{"href":"https:\/\/sakaba.mghosteur.com\/en\/wp-json\/wp\/v2\/product\/31506","targetHints":{"allow":["GET"]}}],"collection":[{"href":"https:\/\/sakaba.mghosteur.com\/en\/wp-json\/wp\/v2\/product"}],"about":[{"href":"https:\/\/sakaba.mghosteur.com\/en\/wp-json\/wp\/v2\/types\/product"}],"replies":[{"embeddable":true,"href":"https:\/\/sakaba.mghosteur.com\/en\/wp-json\/wp\/v2\/comments?post=31506"}],"version-history":[{"count":0,"href":"https:\/\/sakaba.mghosteur.com\/en\/wp-json\/wp\/v2\/product\/31506\/revisions"}],"wp:attachment":[{"href":"https:\/\/sakaba.mghosteur.com\/en\/wp-json\/wp\/v2\/media?parent=31506"}],"wp:term":[{"taxonomy":"product_brand","embeddable":true,"href":"https:\/\/sakaba.mghosteur.com\/en\/wp-json\/wp\/v2\/product_brand?post=31506"},{"taxonomy":"product_cat","embeddable":true,"href":"https:\/\/sakaba.mghosteur.com\/en\/wp-json\/wp\/v2\/product_cat?post=31506"},{"taxonomy":"product_tag","embeddable":true,"href":"https:\/\/sakaba.mghosteur.com\/en\/wp-json\/wp\/v2\/product_tag?post=31506"}],"curies":[{"name":"wp","href":"https:\/\/api.w.org\/{rel}","templated":true}]}}