{"id":31512,"date":"2024-05-10T11:30:36","date_gmt":"2024-05-10T11:30:36","guid":{"rendered":"https:\/\/sakaba.mghosteur.com\/?post_type=product&#038;p=31512"},"modified":"2024-08-07T20:23:34","modified_gmt":"2024-08-07T20:23:34","slug":"laneige-lip-sleeping-mask-sweet-candy","status":"publish","type":"product","link":"https:\/\/sakaba.mghosteur.com\/en\/product\/laneige-lip-sleeping-mask-sweet-candy\/","title":{"rendered":"LANEIGE LIP SLEEPING MASK SWEET CANDY"},"content":{"rendered":"<p>D\u00e9couvrez ce masque de sommeil pour les l\u00e8vres, un essentiel pris\u00e9 par les passionn\u00e9s de beaut\u00e9. Sp\u00e9cialement con\u00e7u pour un soin intensif des l\u00e8vres, ce produit embl\u00e9matique est enrichi d&#8217;un complexe nourrissant \u00e0 base de petits fruits, de graines de Murumuru et de beurre de karit\u00e9. Offrant une hydratation profonde et des antioxydants, ce masque revitalisant agit pendant votre sommeil pour des l\u00e8vres visiblement plus douces et lisses au r\u00e9veil.<\/p>","protected":false},"excerpt":{"rendered":"<p>D\u00e9couvrez ce masque de sommeil pour les l\u00e8vres, un essentiel pris\u00e9 par les passionn\u00e9s de beaut\u00e9. Sp\u00e9cialement con\u00e7u pour un soin intensif des l\u00e8vres, ce produit embl\u00e9matique est enrichi d&#8217;un complexe nourrissant \u00e0 base de petits fruits, de graines de Murumuru et de beurre de karit\u00e9. Offrant une hydratation profonde et des antioxydants, ce masque<span class=\"read-more-faq\"><a href=\"https:\/\/sakaba.mghosteur.com\/en\/product\/laneige-lip-sleeping-mask-sweet-candy\/\">Read More<\/a><\/span><\/p>","protected":false},"featured_media":0,"comment_status":"open","ping_status":"closed","template":"","meta":[],"product_brand":[903],"product_cat":[1054,451],"product_tag":[],"class_list":{"0":"post-31512","1":"product","2":"type-product","3":"status-publish","5":"product_brand-laneige","6":"product_cat-soins-des-levres","7":"product_cat-aab-soin-du-visage","9":"first","10":"instock","11":"shipping-taxable","12":"product-type-simple"},"jetpack-related-posts":[{"id":31478,"url":"https:\/\/sakaba.mghosteur.com\/en\/product\/laneige-lip-sleeping-mask-berry\/","url_meta":{"origin":31512,"position":0},"title":"LANEIGE LIP SLEEPING MASK BERRY","author":"admin","date":"May 10, 2024","format":false,"excerpt":"D\u00e9couvrez ce masque de sommeil pour les l\u00e8vres, sp\u00e9cialement con\u00e7u pour les l\u00e8vres gerc\u00e9es et dess\u00e9ch\u00e9es. Offrant une texture soyeuse et lisse, ce masque agit pendant la nuit pour r\u00e9v\u00e9ler des l\u00e8vres douces et fermes au r\u00e9veil. Enrichi en beurre de karit\u00e9 et en un complexe Berry Mix, ce masque\u2026","rel":"","context":"Similar post","block_context":{"text":"Similar post","link":""},"img":{"alt_text":"","src":"","width":0,"height":0},"classes":[]},{"id":31505,"url":"https:\/\/sakaba.mghosteur.com\/en\/product\/laneige-lip-sleeping-mask-mango\/","url_meta":{"origin":31512,"position":1},"title":"LANEIGE LIP SLEEPING MASK MANGO","author":"admin","date":"May 10, 2024","format":false,"excerpt":"D\u00e9couvrez le masque de nuit phare de LANEIGE, une formule ultra nourrissante qui favorise des l\u00e8vres douces et pulpeuses. Avec sa saveur de mangue juteuse, ce masque pour les l\u00e8vres repulpe les l\u00e8vres en les hydratant intens\u00e9ment, en aidant \u00e0 minimiser les rugosit\u00e9s et les fissures dues \u00e0 la s\u00e9cheresse.\u2026","rel":"","context":"Similar post","block_context":{"text":"Similar post","link":""},"img":{"alt_text":"","src":"","width":0,"height":0},"classes":[]},{"id":34621,"url":"https:\/\/sakaba.mghosteur.com\/en\/product\/fenty-plush-puddin-melon-masque-reparateur-levres\/","url_meta":{"origin":31512,"position":2},"title":"FENTY PLUSH PUDDIN&#8217; MELON MASQUE REPARATEUR LEVRES","author":"admin","date":"May 29, 2024","format":false,"excerpt":"Cette texture moelleuse, semblable \u00e0 du pudding, enrobe les l\u00e8vres d'une hydratation suraliment\u00e9e pour une moue plus lisse, plus ferme et plus pulpeuse. Description: Hydrate et nourrit instantan\u00e9ment, et offre une hydratation longue dur\u00e9e jour et nuit Lisse la texture et r\u00e9duit l'apparence des rides et ridules en seulement 1\u2026","rel":"","context":"Similar post","block_context":{"text":"Similar post","link":""},"img":{"alt_text":"","src":"","width":0,"height":0},"classes":[]},{"id":31515,"url":"https:\/\/sakaba.mghosteur.com\/en\/product\/laneige-lip-sleeping-mask-vanilla\/","url_meta":{"origin":31512,"position":3},"title":"LANEIGE LIP SLEEPING MASK VANILLA","author":"admin","date":"May 10, 2024","format":false,"excerpt":"D\u00e9couvrez le masque de nuit nourrissant pour les l\u00e8vres, un essentiel de beaut\u00e9 de Laneige. Ce produit r\u00e9volutionnaire vous offre des l\u00e8vres douces et lisses d\u00e8s le r\u00e9veil, comme la peau d'un b\u00e9b\u00e9. Enrichi d'un m\u00e9lange pr\u00e9cieux de vitamine C et d'antioxydants puissants, ce masque nourrit intens\u00e9ment vos l\u00e8vres tout\u2026","rel":"","context":"Similar post","block_context":{"text":"Similar post","link":""},"img":{"alt_text":"","src":"","width":0,"height":0},"classes":[]},{"id":34225,"url":"https:\/\/sakaba.mghosteur.com\/en\/product\/fresh-sugar-advanced-recovery-lip-mask-10g\/","url_meta":{"origin":31512,"position":4},"title":"FRESH SUGAR ADVANCED RECOVERY LIP MASK 10G","author":"admin","date":"May 27, 2024","format":false,"excerpt":"Le masque pour les l\u00e8vres Fresh Sugar Advanced Therapy Recovery est un masque pour les l\u00e8vres sans rin\u00e7age qui, selon des \u00e9tudes cliniques, r\u00e9pare l'apparence des l\u00e8vres tr\u00e8s s\u00e8ches pendant la nuit tout en conservant l'hydratation pour une apparence lisse et pulpeuse. Il est infus\u00e9 de cire de baies, de\u2026","rel":"","context":"Similar post","block_context":{"text":"Similar post","link":""},"img":{"alt_text":"","src":"","width":0,"height":0},"classes":[]},{"id":32063,"url":"https:\/\/sakaba.mghosteur.com\/en\/product\/naturium-phyto-glow-lip-mask-15g\/","url_meta":{"origin":31512,"position":5},"title":"NATURIUM PHYTO GLOW LIP MASK 15g","author":"admin","date":"May 13, 2024","format":false,"excerpt":"Ce masque pour les l\u00e8vres intens\u00e9ment hydratant offre une hydratation essentielle pour restaurer et reconstituer les l\u00e8vres. Formul\u00e9 avec du beurre de karit\u00e9, de l'huile d'avocat et de l'huile de jojoba, ce soin nourrissant apaise pour des l\u00e8vres d'apparence plus saine. AVANTAGES Revitalise et nourrit les l\u00e8vres en profondeur. Laisse\u2026","rel":"","context":"Similar post","block_context":{"text":"Similar post","link":""},"img":{"alt_text":"","src":"","width":0,"height":0},"classes":[]}],"_links":{"self":[{"href":"https:\/\/sakaba.mghosteur.com\/en\/wp-json\/wp\/v2\/product\/31512","targetHints":{"allow":["GET"]}}],"collection":[{"href":"https:\/\/sakaba.mghosteur.com\/en\/wp-json\/wp\/v2\/product"}],"about":[{"href":"https:\/\/sakaba.mghosteur.com\/en\/wp-json\/wp\/v2\/types\/product"}],"replies":[{"embeddable":true,"href":"https:\/\/sakaba.mghosteur.com\/en\/wp-json\/wp\/v2\/comments?post=31512"}],"version-history":[{"count":0,"href":"https:\/\/sakaba.mghosteur.com\/en\/wp-json\/wp\/v2\/product\/31512\/revisions"}],"wp:attachment":[{"href":"https:\/\/sakaba.mghosteur.com\/en\/wp-json\/wp\/v2\/media?parent=31512"}],"wp:term":[{"taxonomy":"product_brand","embeddable":true,"href":"https:\/\/sakaba.mghosteur.com\/en\/wp-json\/wp\/v2\/product_brand?post=31512"},{"taxonomy":"product_cat","embeddable":true,"href":"https:\/\/sakaba.mghosteur.com\/en\/wp-json\/wp\/v2\/product_cat?post=31512"},{"taxonomy":"product_tag","embeddable":true,"href":"https:\/\/sakaba.mghosteur.com\/en\/wp-json\/wp\/v2\/product_tag?post=31512"}],"curies":[{"name":"wp","href":"https:\/\/api.w.org\/{rel}","templated":true}]}}