{"id":31517,"date":"2024-05-10T11:32:12","date_gmt":"2024-05-10T11:32:12","guid":{"rendered":"https:\/\/sakaba.mghosteur.com\/?post_type=product&#038;p=31517"},"modified":"2024-08-07T20:10:28","modified_gmt":"2024-08-07T20:10:28","slug":"madagascar-centella-ampoule-55ml","status":"publish","type":"product","link":"https:\/\/sakaba.mghosteur.com\/en\/product\/madagascar-centella-ampoule-55ml\/","title":{"rendered":"MADAGASCAR CENTELLA AMPOULE 55ML"},"content":{"rendered":"<p>CENTELLA AMPOULE DESCRIPTION DU PRODUIT : L&#8217;ampoule Centella est une solution apaisante sp\u00e9cialement con\u00e7ue pour r\u00e9tablir l&#8217;\u00e9quilibre de votre peau agress\u00e9e par les environnements difficiles.<\/p>\n<p>COMPOSITION ESSENTIELLE :<\/p>\n<ul>\n<li>Extrait de Centella Asiatica : Reconnue pour ses propri\u00e9t\u00e9s apaisantes, elle r\u00e9hydrate et r\u00e9g\u00e9n\u00e8re la peau.<\/li>\n<\/ul>\n<p>MODE D&#8217;EMPLOI : Appliquez une quantit\u00e9 appropri\u00e9e sur votre peau et \u00e9talez-la uniform\u00e9ment. Tapotez doucement pour favoriser son absorption.<\/p>","protected":false},"excerpt":{"rendered":"<p>CENTELLA AMPOULE DESCRIPTION DU PRODUIT : L&#8217;ampoule Centella est une solution apaisante sp\u00e9cialement con\u00e7ue pour r\u00e9tablir l&#8217;\u00e9quilibre de votre peau agress\u00e9e par les environnements difficiles. COMPOSITION ESSENTIELLE : Extrait de Centella Asiatica : Reconnue pour ses propri\u00e9t\u00e9s apaisantes, elle r\u00e9hydrate et r\u00e9g\u00e9n\u00e8re la peau. MODE D&#8217;EMPLOI : Appliquez une quantit\u00e9 appropri\u00e9e sur votre peau et<span class=\"read-more-faq\"><a href=\"https:\/\/sakaba.mghosteur.com\/en\/product\/madagascar-centella-ampoule-55ml\/\">Read More<\/a><\/span><\/p>","protected":false},"featured_media":0,"comment_status":"open","ping_status":"closed","template":"","meta":[],"product_brand":[1022],"product_cat":[1018,451,334],"product_tag":[],"class_list":{"0":"post-31517","1":"product","2":"type-product","3":"status-publish","5":"product_brand-skin1004","6":"product_cat-aai-produis-coreens","7":"product_cat-aab-soin-du-visage","8":"product_cat-traitement-serum","10":"first","11":"instock","12":"shipping-taxable","13":"product-type-simple"},"jetpack-related-posts":[{"id":31482,"url":"https:\/\/sakaba.mghosteur.com\/en\/product\/madagascar-centella-ampoule-100ml\/","url_meta":{"origin":31517,"position":0},"title":"MADAGASCAR CENTELLA AMPOULE 100ML","author":"admin","date":"May 10, 2024","format":false,"excerpt":"CENTELLA AMPOULE DESCRIPTION : L'ampoule Centella est un soin apaisant sp\u00e9cialement con\u00e7u pour r\u00e9tablir l'\u00e9quilibre de votre peau, particuli\u00e8rement mise \u00e0 rude \u00e9preuve par les conditions environnementales difficiles. INGR\u00c9DIENTS PRINCIPAUX : Extrait de Centella Asiatica : Renomm\u00e9 pour ses propri\u00e9t\u00e9s apaisantes, il contribue \u00e0 restaurer l'hydratation naturelle de la peau.\u2026","rel":"","context":"Similar post","block_context":{"text":"Similar post","link":""},"img":{"alt_text":"","src":"","width":0,"height":0},"classes":[]},{"id":31491,"url":"https:\/\/sakaba.mghosteur.com\/en\/product\/madagascar-centella-ampoule-foam\/","url_meta":{"origin":31517,"position":1},"title":"MADAGASCAR CENTELLA AMPOULE FOAM","author":"admin","date":"May 10, 2024","format":false,"excerpt":"CENTELLA AMPOULE FOAM DESCRIPTION : Le Centella Ampoule Foam est un nettoyant riche et moussant, dot\u00e9 d'un pH id\u00e9al de 5. Il \u00e9limine efficacement le maquillage et les impuret\u00e9s sans d\u00e9caper la peau. INGR\u00c9DIENTS CL\u00c9S : Extrait de Centella Asiatica : Apaise et reconstitue le niveau d'hydratation de la peau.\u2026","rel":"","context":"Similar post","block_context":{"text":"Similar post","link":""},"img":{"alt_text":"","src":"","width":0,"height":0},"classes":[]},{"id":31501,"url":"https:\/\/sakaba.mghosteur.com\/en\/product\/madagascar-centella-probio-cica-50ml\/","url_meta":{"origin":31517,"position":2},"title":"MADAGASCAR CENTELLA PROBIO CICA 50ML","author":"admin","date":"May 10, 2024","format":false,"excerpt":"PROBIO-CICA INTENSIVE AMPOULE DESCRIPTION : La Probio-Cica Intensive Ampoule est une solution hautement concentr\u00e9e, infus\u00e9e des bienfaits nourrissants et efficaces de la Centella ferment\u00e9e. Elle prend soin de la peau de mani\u00e8re saine, offrant une action apaisante rapide sur les peaux irrit\u00e9es. POLYVALENTE ET TOUT-EN-UN : Cette ampoule polyvalente est\u2026","rel":"","context":"Similar post","block_context":{"text":"Similar post","link":""},"img":{"alt_text":"","src":"","width":0,"height":0},"classes":[]},{"id":31473,"url":"https:\/\/sakaba.mghosteur.com\/en\/product\/madagascar-centella-toning-toner-210ml\/","url_meta":{"origin":31517,"position":3},"title":"MADAGASCAR CENTELLA TONING TONER 210ML","author":"admin","date":"May 10, 2024","format":false,"excerpt":"TONIQUE APAISANT \u00c0 LA CENTELLE QU'EST-CE QUE C'EST : Un tonique exfoliant doux qui peut \u00eatre utilis\u00e9 quotidiennement pour aider \u00e0 \u00e9liminer les cellules mortes de la peau et convient aux peaux sensibles. INGR\u00c9DIENTS CL\u00c9S : PHA (Gluconolactone) : Exfolie et \u00e9limine les cellules mortes de la peau sans irriter\u2026","rel":"","context":"Similar post","block_context":{"text":"Similar post","link":""},"img":{"alt_text":"","src":"","width":0,"height":0},"classes":[]},{"id":31381,"url":"https:\/\/sakaba.mghosteur.com\/en\/product\/beauty-of-joseon-light-on-serum-centella-vita-c\/","url_meta":{"origin":31517,"position":4},"title":"BEAUTY OF JOSEON LIGHT ON SERUM CENTELLA VITA C","author":"admin","date":"May 10, 2024","format":false,"excerpt":"D\u00e9couvrez le s\u00e9rum Lumi\u00e8re Activ\u00e9e : Centella + Vita C. Ce s\u00e9rum \u00e9claircissant associe l'extrait de Centella Asiatica et la vitamine C pour offrir une exp\u00e9rience de soin de la peau in\u00e9gal\u00e9e. Ce produit innovant r\u00e9sout les probl\u00e8mes courants associ\u00e9s aux s\u00e9rums \u00e0 base de vitamine C pure. Fini le\u2026","rel":"","context":"Similar post","block_context":{"text":"Similar post","link":""},"img":{"alt_text":"","src":"","width":0,"height":0},"classes":[]},{"id":31479,"url":"https:\/\/sakaba.mghosteur.com\/en\/product\/madagascar-centella-light-cleansing-oil-200ml\/","url_meta":{"origin":31517,"position":5},"title":"MADAGASCAR CENTELLA  LIGHT CLEANSING OIL 200ML","author":"admin","date":"May 10, 2024","format":false,"excerpt":"CENTELLA LIGHT CLEANSING OIL DESCRIPTION : D\u00e9couvrez notre Centella Light Cleansing Oil, un nettoyant l\u00e9ger \u00e0 base d'huile qui vous offre une exp\u00e9rience de nettoyage luxueuse. Formul\u00e9 pour fondre en douceur le maquillage, la salet\u00e9, les huiles et la cr\u00e8me solaire, ce nettoyant prend soin de votre peau sans agresser\u2026","rel":"","context":"Similar post","block_context":{"text":"Similar post","link":""},"img":{"alt_text":"","src":"","width":0,"height":0},"classes":[]}],"_links":{"self":[{"href":"https:\/\/sakaba.mghosteur.com\/en\/wp-json\/wp\/v2\/product\/31517","targetHints":{"allow":["GET"]}}],"collection":[{"href":"https:\/\/sakaba.mghosteur.com\/en\/wp-json\/wp\/v2\/product"}],"about":[{"href":"https:\/\/sakaba.mghosteur.com\/en\/wp-json\/wp\/v2\/types\/product"}],"replies":[{"embeddable":true,"href":"https:\/\/sakaba.mghosteur.com\/en\/wp-json\/wp\/v2\/comments?post=31517"}],"version-history":[{"count":0,"href":"https:\/\/sakaba.mghosteur.com\/en\/wp-json\/wp\/v2\/product\/31517\/revisions"}],"wp:attachment":[{"href":"https:\/\/sakaba.mghosteur.com\/en\/wp-json\/wp\/v2\/media?parent=31517"}],"wp:term":[{"taxonomy":"product_brand","embeddable":true,"href":"https:\/\/sakaba.mghosteur.com\/en\/wp-json\/wp\/v2\/product_brand?post=31517"},{"taxonomy":"product_cat","embeddable":true,"href":"https:\/\/sakaba.mghosteur.com\/en\/wp-json\/wp\/v2\/product_cat?post=31517"},{"taxonomy":"product_tag","embeddable":true,"href":"https:\/\/sakaba.mghosteur.com\/en\/wp-json\/wp\/v2\/product_tag?post=31517"}],"curies":[{"name":"wp","href":"https:\/\/api.w.org\/{rel}","templated":true}]}}