{"id":31523,"date":"2024-05-10T11:35:12","date_gmt":"2024-05-10T11:35:12","guid":{"rendered":"https:\/\/sakaba.mghosteur.com\/?post_type=product&#038;p=31523"},"modified":"2024-09-01T02:57:47","modified_gmt":"2024-09-01T02:57:47","slug":"vaseline-daily-brightening-even-tone-lotion-200ml","status":"publish","type":"product","link":"https:\/\/sakaba.mghosteur.com\/en\/product\/vaseline-daily-brightening-even-tone-lotion-200ml\/","title":{"rendered":"VASELINE DAILY BRIGHTENING EVEN TONE LOTION 200ML"},"content":{"rendered":"<p>VASELINE DAILY BRIGHTENING LOTION<\/p>\n<p>D\u00e9tails La lotion Vaseline Healthy Bright est reconnue comme l&#8217;une des meilleures lotions \u00e9claircissantes pour la peau, aidant \u00e0 soigner* la peau s\u00e8che et endommag\u00e9e tout en restaurant naturellement son \u00e9clat en seulement 2 semaines.<\/p>\n<p>Avantages<\/p>\n<ul>\n<li>Obtenez une peau radieuse en seulement 2 semaines.<\/li>\n<li>Une lotion \u00e0 absorption rapide qui offre une hydratation curative pour une peau d&#8217;apparence saine.<\/li>\n<li>Les micro-gouttelettes de Vaseline\u00ae Jelly dans la lotion contribuent \u00e0 la gu\u00e9rison* de la peau (*Gu\u00e9rison par hydratation des peaux s\u00e8ches normales, action dans la r\u00e9gion \u00e9pidermique et dans le domaine cosm\u00e9tique).<\/li>\n<li>Enrichie en vitamine B3, connue pour inhiber la production et le transfert de m\u00e9lanine, cette lotion redonne \u00e0 la peau un \u00e9clat sain.<\/li>\n<li>Les triples \u00e9crans solaires fournissent une protection contre la luminosit\u00e9 en bloquant les rayons UVA et UVB pour pr\u00e9server la luminosit\u00e9 de votre peau des dommages futurs.<\/li>\n<\/ul>\n<p>Mode d&#8217;emploi Pour des r\u00e9sultats optimaux, utilisez deux fois par jour. Appliquez g\u00e9n\u00e9reusement sur la peau et massez jusqu&#8217;\u00e0 absorption compl\u00e8te. R\u00e9p\u00e9tez si n\u00e9cessaire.<\/p>","protected":false},"excerpt":{"rendered":"<p>VASELINE DAILY BRIGHTENING LOTION D\u00e9tails La lotion Vaseline Healthy Bright est reconnue comme l&#8217;une des meilleures lotions \u00e9claircissantes pour la peau, aidant \u00e0 soigner* la peau s\u00e8che et endommag\u00e9e tout en restaurant naturellement son \u00e9clat en seulement 2 semaines. Avantages Obtenez une peau radieuse en seulement 2 semaines. Une lotion \u00e0 absorption rapide qui offre<span class=\"read-more-faq\"><a href=\"https:\/\/sakaba.mghosteur.com\/en\/product\/vaseline-daily-brightening-even-tone-lotion-200ml\/\">Read More<\/a><\/span><\/p>","protected":false},"featured_media":0,"comment_status":"open","ping_status":"closed","template":"","meta":[],"product_brand":[1005],"product_cat":[447,291,1061],"product_tag":[],"class_list":{"0":"post-31523","1":"product","2":"type-product","3":"status-publish","5":"product_brand-vaseline","6":"product_cat-aac-bain-et-corps","7":"product_cat-eclaircissant","8":"product_cat-lait-huile_corporelle","10":"first","11":"instock","12":"shipping-taxable","13":"product-type-simple"},"jetpack-related-posts":[{"id":29902,"url":"https:\/\/sakaba.mghosteur.com\/en\/product\/vaseline-cocoa-radiant-body-lotion-600ml\/","url_meta":{"origin":31523,"position":0},"title":"VASELINE COCOA RADIANT BODY LOTION 600ML","author":"admin","date":"April 27, 2023","format":false,"excerpt":"D\u00e9couvrez la lotion Vaseline Intensive Care Cocoa Radiant, sp\u00e9cialement con\u00e7ue pour aider \u00e0 rajeunir la peau terne et s\u00e8che. Sa formule \u00e0 absorption rapide, test\u00e9e par des dermatologues, procure 48 heures d'hydratation pour un \u00e9clat radieux et durable. Cette lotion est id\u00e9ale pour les peaux s\u00e8ches et ternes. Elle contient\u2026","rel":"","context":"Similar post","block_context":{"text":"Similar post","link":""},"img":{"alt_text":"","src":"","width":0,"height":0},"classes":[]},{"id":29907,"url":"https:\/\/sakaba.mghosteur.com\/en\/product\/vaseline-cocoa-radiant-body-lotion-947ml\/","url_meta":{"origin":31523,"position":1},"title":"VASELINE COCOA RADIANT BODY LOTION 947ML","author":"admin","date":"April 27, 2023","format":false,"excerpt":"D\u00e9couvrez la lotion Vaseline Intensive Care Cocoa Radiant, sp\u00e9cialement con\u00e7ue pour aider \u00e0 rajeunir la peau terne et s\u00e8che. Sa formule \u00e0 absorption rapide, test\u00e9e par des dermatologues, procure 48 heures d\u2019hydratation pour un \u00e9clat radieux et durable. Cette lotion est id\u00e9ale pour les peaux s\u00e8ches et ternes. Elle contient\u2026","rel":"","context":"Similar post","block_context":{"text":"Similar post","link":""},"img":{"alt_text":"","src":"","width":0,"height":0},"classes":[]},{"id":29910,"url":"https:\/\/sakaba.mghosteur.com\/en\/product\/vaseline-cocoa-radiant-body-lotion-295ml\/","url_meta":{"origin":31523,"position":2},"title":"VASELINE COCOA RADIANT BODY LOTION 295ML","author":"admin","date":"April 27, 2023","format":false,"excerpt":"D\u00e9couvrez la lotion Vaseline Intensive Care Cocoa Radiant, sp\u00e9cialement con\u00e7ue pour aider \u00e0 rajeunir la peau terne et s\u00e8che. Sa formule \u00e0 absorption rapide, test\u00e9e par des dermatologues, procure 48 heures d\u2019hydratation pour un \u00e9clat radieux et durable. Cette lotion est id\u00e9ale pour les peaux s\u00e8ches et ternes. Elle contient\u2026","rel":"","context":"Similar post","block_context":{"text":"Similar post","link":""},"img":{"alt_text":"","src":"","width":0,"height":0},"classes":[]},{"id":31559,"url":"https:\/\/sakaba.mghosteur.com\/en\/product\/vaseline-nourishing-moisture-600ml\/","url_meta":{"origin":31523,"position":3},"title":"VASELINE NOURISHING MOISTURE 600ML","author":"admin","date":"May 10, 2024","format":false,"excerpt":"D\u00e9couvrez la lotion hydratante nourrissante Vaseline Intensive Care, une solution innovante pour revitaliser votre peau. Formul\u00e9e avec de l'extrait d'avoine pur, cette lotion est sp\u00e9cialement con\u00e7ue pour r\u00e9tablir l'hydratation de votre peau. Test\u00e9e par des dermatologues, sa formule \u00e0 absorption rapide assure 48 heures d'hydratation, laissant votre peau douce et\u2026","rel":"","context":"Similar post","block_context":{"text":"Similar post","link":""},"img":{"alt_text":"","src":"","width":0,"height":0},"classes":[]},{"id":29933,"url":"https:\/\/sakaba.mghosteur.com\/en\/product\/vaseline-soothing-hyration-600-ml\/","url_meta":{"origin":31523,"position":4},"title":"VASELINE SOOTHING HYRATION 600 ML","author":"admin","date":"April 28, 2023","format":false,"excerpt":"D\u00e9couvrez la lotion pour le corps hydratante apaisante Vaseline Intensive Care, sp\u00e9cialement con\u00e7ue pour les peaux s\u00e8ches et d\u00e9shydrat\u00e9es. Cette lotion pour le corps contient des lipides ultra-hydratants qui aident \u00e0 renforcer la barri\u00e8re cutan\u00e9e et \u00e0 reconstituer l'hydratation de votre peau. L'extrait d'aloe vera \u00e0 1 % contenu dans\u2026","rel":"","context":"Similar post","block_context":{"text":"Similar post","link":""},"img":{"alt_text":"","src":"","width":0,"height":0},"classes":[]},{"id":31541,"url":"https:\/\/sakaba.mghosteur.com\/en\/product\/vaseline-hydra-healthy-hand-lotion-100ml\/","url_meta":{"origin":31523,"position":5},"title":"VASELINE HYDRA HEALTHY HAND LOTION 100ml","author":"admin","date":"May 10, 2024","format":false,"excerpt":"D\u00e9couvrez la Lotion pour les mains Vaseline Intensive Care Hydra Healthy. Sa formule non grasse \u00e0 absorption rapide, enrichie en k\u00e9ratine, offre une hydratation en profondeur pour traiter efficacement les mains extr\u00eamement s\u00e8ches. Cette lotion aide \u00e0 pr\u00e9venir les fissures et la casse des ongles, les rendant 10 fois plus\u2026","rel":"","context":"Similar post","block_context":{"text":"Similar post","link":""},"img":{"alt_text":"","src":"","width":0,"height":0},"classes":[]}],"_links":{"self":[{"href":"https:\/\/sakaba.mghosteur.com\/en\/wp-json\/wp\/v2\/product\/31523","targetHints":{"allow":["GET"]}}],"collection":[{"href":"https:\/\/sakaba.mghosteur.com\/en\/wp-json\/wp\/v2\/product"}],"about":[{"href":"https:\/\/sakaba.mghosteur.com\/en\/wp-json\/wp\/v2\/types\/product"}],"replies":[{"embeddable":true,"href":"https:\/\/sakaba.mghosteur.com\/en\/wp-json\/wp\/v2\/comments?post=31523"}],"version-history":[{"count":0,"href":"https:\/\/sakaba.mghosteur.com\/en\/wp-json\/wp\/v2\/product\/31523\/revisions"}],"wp:attachment":[{"href":"https:\/\/sakaba.mghosteur.com\/en\/wp-json\/wp\/v2\/media?parent=31523"}],"wp:term":[{"taxonomy":"product_brand","embeddable":true,"href":"https:\/\/sakaba.mghosteur.com\/en\/wp-json\/wp\/v2\/product_brand?post=31523"},{"taxonomy":"product_cat","embeddable":true,"href":"https:\/\/sakaba.mghosteur.com\/en\/wp-json\/wp\/v2\/product_cat?post=31523"},{"taxonomy":"product_tag","embeddable":true,"href":"https:\/\/sakaba.mghosteur.com\/en\/wp-json\/wp\/v2\/product_tag?post=31523"}],"curies":[{"name":"wp","href":"https:\/\/api.w.org\/{rel}","templated":true}]}}