{"id":31527,"date":"2024-05-10T11:35:52","date_gmt":"2024-05-10T11:35:52","guid":{"rendered":"https:\/\/sakaba.mghosteur.com\/?post_type=product&#038;p=31527"},"modified":"2024-08-22T00:36:18","modified_gmt":"2024-08-22T00:36:18","slug":"vaseline-hand-butter-deep-nourishhment-101ml","status":"publish","type":"product","link":"https:\/\/sakaba.mghosteur.com\/en\/product\/vaseline-hand-butter-deep-nourishhment-101ml\/","title":{"rendered":"VASELINE HAND BUTTER DEEP NOURISHHMENT 101ML"},"content":{"rendered":"<div class=\"flex-1 overflow-hidden\">\n<div class=\"react-scroll-to-bottom--css-qedfa-79elbk h-full\">\n<div class=\"react-scroll-to-bottom--css-qedfa-1n7m0yu\">\n<div>\n<div class=\"flex flex-col text-sm pb-9\">\n<div class=\"w-full text-token-text-primary\" dir=\"auto\" data-testid=\"conversation-turn-3\" data-scroll-anchor=\"true\">\n<div class=\"py-2 px-3 text-base md:px-4 m-auto md:px-5 lg:px-1 xl:px-5\">\n<div class=\"mx-auto flex flex-1 gap-3 text-base juice:gap-4 juice:md:gap-6 md:max-w-3xl\">\n<div class=\"relative flex w-full min-w-0 flex-col agent-turn\">\n<div class=\"flex-col gap-1 md:gap-3\">\n<div class=\"flex flex-grow flex-col max-w-full\">\n<div class=\"min-h-[20px] text-message flex flex-col items-start whitespace-pre-wrap break-words [.text-message+&amp;]:mt-5 juice:w-full juice:items-end overflow-x-auto gap-3\" dir=\"auto\" data-message-author-role=\"assistant\" data-message-id=\"a90765ff-6e23-4d6d-ad54-32b7a7ecf8f8\">\n<div class=\"markdown prose w-full break-words dark:prose-invert light\">\n<p>VASELINE\u00ae RADIANT X DEEP NOURISHMENT HAND BUTTER<\/p>\n<p>D\u00e9couvrez le nouveau beurre pour les mains Vaseline\u00ae Radiant X Deep Nourishment, une solution enrichissante pour une hydratation intense sans la sensation grasse. Sa texture riche et onctueuse p\u00e9n\u00e8tre facilement dans la peau, laissant une douceur irr\u00e9sistible, une texture lisse et un \u00e9clat magnifique. Profitez jusqu&#8217;\u00e0 72 heures d&#8217;humidit\u00e9 continue gr\u00e2ce \u00e0 cette formule unique.<\/p>\n<p>Id\u00e9al pour les peaux tr\u00e8s s\u00e8ches et ternes, ce beurre pour les mains a \u00e9t\u00e9 co-cr\u00e9\u00e9 avec des dermatologues pour assurer une efficacit\u00e9 optimale. Enrichi en beurre de karit\u00e9 100 % pur, il offre une hydratation en profondeur. Sa formule contient \u00e9galement de l&#8217;huile de noix de coco, de la vitamine C, des peptides et des lipides ultra-hydratants pour nourrir intens\u00e9ment la peau.<\/p>\n<p>Appr\u00e9ciez une formule non collante et \u00e0 absorption rapide, sans parab\u00e8nes ni phtalates ajout\u00e9s. De plus, sa formulation non com\u00e9dog\u00e8ne convient m\u00eame aux peaux sensibles.<\/p>\n<p>Utilisation simple : appliquez une petite quantit\u00e9 de beurre pour les mains Vaseline\u00ae Radiant X Deep Nourishment et massez jusqu&#8217;\u00e0 absorption compl\u00e8te. Renouvelez au besoin tout au long de la journ\u00e9e pour des mains douces et nourries en profondeur.<\/p>\n<\/div>\n<\/div>\n<\/div>\n<div class=\"mt-1 flex gap-3 empty:hidden juice:-ml-3\">\n<div class=\"-ml-1 mt-0 flex h-7 items-center justify-center gap-[2px] self-end text-gray-400 lg:justify-start lg:self-center visible\"><button class=\"rounded-md p-1 text-token-text-tertiary hover:text-token-text-primary\"><\/button><button class=\"rounded-md p-1 text-token-text-tertiary hover:text-token-text-primary\"><\/button><button class=\"rounded-md p-1 text-token-text-tertiary hover:text-token-text-primary\"><\/button><\/p>\n<div class=\"flex\"><\/div>\n<\/div>\n<\/div>\n<div class=\"pr-2 lg:pr-0\"><\/div>\n<\/div>\n<div class=\"absolute\">\n<div class=\"flex w-full gap-2 items-center justify-center\"><\/div>\n<\/div>\n<\/div>\n<\/div>\n<\/div>\n<\/div>\n<\/div>\n<\/div>\n<\/div>\n<\/div>\n<\/div>\n<div class=\"w-full md:pt-0 dark:border-white\/20 md:border-transparent md:dark:border-transparent md:w-[calc(100%-.5rem)] juice:w-full\">\n<div class=\"px-3 text-base md:px-4 m-auto md:px-5 lg:px-1 xl:px-5\">\n<div class=\"mx-auto flex flex-1 gap-3 text-base juice:gap-4 juice:md:gap-6 md:max-w-3xl\">\n<div class=\"relative flex h-full max-w-full flex-1 flex-col\">\n<div class=\"absolute bottom-full left-0 right-0\"><\/div>\n<div class=\"flex w-full items-center\"><\/div>\n<\/div>\n<\/div>\n<\/div>\n<\/div>","protected":false},"excerpt":{"rendered":"<p>VASELINE\u00ae RADIANT X DEEP NOURISHMENT HAND BUTTER D\u00e9couvrez le nouveau beurre pour les mains Vaseline\u00ae Radiant X Deep Nourishment, une solution enrichissante pour une hydratation intense sans la sensation grasse. Sa texture riche et onctueuse p\u00e9n\u00e8tre facilement dans la peau, laissant une douceur irr\u00e9sistible, une texture lisse et un \u00e9clat magnifique. Profitez jusqu&#8217;\u00e0 72 heures<span class=\"read-more-faq\"><a href=\"https:\/\/sakaba.mghosteur.com\/en\/product\/vaseline-hand-butter-deep-nourishhment-101ml\/\">Read More<\/a><\/span><\/p>","protected":false},"featured_media":0,"comment_status":"open","ping_status":"closed","template":"","meta":[],"product_brand":[1005],"product_cat":[447,364],"product_tag":[],"class_list":{"0":"post-31527","1":"product","2":"type-product","3":"status-publish","5":"product_brand-vaseline","6":"product_cat-aac-bain-et-corps","7":"product_cat-soin-mains-pieds","9":"first","10":"instock","11":"shipping-taxable","12":"product-type-simple"},"jetpack-related-posts":[{"id":25393,"url":"https:\/\/sakaba.mghosteur.com\/en\/product\/vaseline-lip-therapy-cocoa-butter-glowing-lips6\/","url_meta":{"origin":31527,"position":0},"title":"VASELINE LIP THERAPY COCOA BUTTER MINI","author":"admin","date":"November 14, 2022","format":false,"excerpt":"D\u00e9couvrez Vaseline\u00ae Lip Therapy\u00ae Cocoa Butter Mini pour des l\u00e8vres douces, plus lisses et plus saines. Cette formule non collante et parfum\u00e9e au beurre de cacao aide \u00e0 apaiser et \u00e0 soigner les l\u00e8vres s\u00e8ches en emprisonnant l'humidit\u00e9 pour leur donner une apparence visiblement saine. Avec du beurre de cacao\u2026","rel":"","context":"Similar post","block_context":{"text":"Similar post","link":""},"img":{"alt_text":"","src":"","width":0,"height":0},"classes":[]},{"id":31530,"url":"https:\/\/sakaba.mghosteur.com\/en\/product\/vaseline-cocoa-butter-healing-jelly-212g\/","url_meta":{"origin":31527,"position":1},"title":"VASELINE COCOA BUTTER HEALING JELLY 212G","author":"admin","date":"May 10, 2024","format":false,"excerpt":"D\u00e9couvrez cette gel\u00e9e cicatrisante Vaseline, une solution pour la peau s\u00e8che et terne. Enrichie en beurre de cacao, cette formule ravive et nourrit la peau, lui redonnant un \u00e9clat radieux et une apparence saine. Id\u00e9ale pour les peaux s\u00e8ches et ternes, cette gel\u00e9e cicatrisante est fabriqu\u00e9e avec de la vaseline\u2026","rel":"","context":"Similar post","block_context":{"text":"Similar post","link":""},"img":{"alt_text":"","src":"","width":0,"height":0},"classes":[]},{"id":31405,"url":"https:\/\/sakaba.mghosteur.com\/en\/product\/jergens-shea-butter-deep-conditioning-moisturizer\/","url_meta":{"origin":31527,"position":2},"title":"Jergens Shea Butter Deep Conditioning Moisturizer","author":"admin","date":"May 10, 2024","format":false,"excerpt":"Nourrissez votre peau en profondeur avec l'hydratant Jergens Shea Butter Deep Conditioning Moisturizer ! Cette formule rafra\u00eechissante et revitalisante est sp\u00e9cialement con\u00e7ue pour r\u00e9veiller votre teint et r\u00e9parer votre peau. Impr\u00e9gn\u00e9e de beurre de karit\u00e9 aux vertus r\u00e9paratrices, cette lotion laisse votre peau douce et velout\u00e9e, envelopp\u00e9e d'un parfum agr\u00e9able,\u2026","rel":"","context":"Similar post","block_context":{"text":"Similar post","link":""},"img":{"alt_text":"","src":"","width":0,"height":0},"classes":[]},{"id":29936,"url":"https:\/\/sakaba.mghosteur.com\/en\/product\/vaseline-intensive-care-cocoa-body-butter\/","url_meta":{"origin":31527,"position":3},"title":"VASELINE INTENSIVE CARE COCOA BODY BUTTER","author":"admin","date":"April 28, 2023","format":false,"excerpt":"La lotion pour le corps Vaseline Intensive Care Cocoa Body Butter est une formule riche \u00e0 base de beurre de cacao et de beurre de karit\u00e9, combin\u00e9e \u00e0 un m\u00e9lange sp\u00e9cial de micro-gouttelettes de gel\u00e9e de vaseline et d'humectants pour hydrater et aider \u00e0 gu\u00e9rir la peau s\u00e8che. Cette cr\u00e8me\u2026","rel":"","context":"Similar post","block_context":{"text":"Similar post","link":""},"img":{"alt_text":"","src":"","width":0,"height":0},"classes":[]},{"id":31556,"url":"https:\/\/sakaba.mghosteur.com\/en\/product\/vaseline-radiant-x-hyfrating-body-oil-replensishing-2\/","url_meta":{"origin":31527,"position":4},"title":"VASELINE RADIANT X HYDRATING BODY OIL REPLENSISHING","author":"admin","date":"May 10, 2024","format":false,"excerpt":"D\u00e9couvrez l'huile corporelle Vaseline Radiant X, une formule r\u00e9volutionnaire pour r\u00e9hydrater et revitaliser votre peau. Enrichie de 1% de lipides et \u00e9labor\u00e9e en collaboration avec des dermatologues, cette huile offre une absorption rapide sans effet collant. Gr\u00e2ce \u00e0 son m\u00e9lange d'huiles de p\u00e9pins de raisin, de jojoba et de noix\u2026","rel":"","context":"Similar post","block_context":{"text":"Similar post","link":""},"img":{"alt_text":"","src":"","width":0,"height":0},"classes":[]},{"id":31553,"url":"https:\/\/sakaba.mghosteur.com\/en\/product\/vaseline-radiant-x-hyfrating-body-oil-replensishing\/","url_meta":{"origin":31527,"position":5},"title":"VASELINE RADIANT X HYDRATING BODY OIL REPLENSISHING","author":"admin","date":"May 10, 2024","format":false,"excerpt":"D\u00e9couvrez l'huile corporelle Vaseline Radiant X, un alli\u00e9 pr\u00e9cieux pour revitaliser et hydrater votre peau en profondeur. Enrichie de 1 % de lipides et formul\u00e9e avec de l'huile de p\u00e9pins de raisin, de jojoba et de noix de coco, cette huile l\u00e9g\u00e8re p\u00e9n\u00e8tre rapidement sans laisser de sensation collante. Cr\u00e9\u00e9e\u2026","rel":"","context":"Similar post","block_context":{"text":"Similar post","link":""},"img":{"alt_text":"","src":"","width":0,"height":0},"classes":[]}],"_links":{"self":[{"href":"https:\/\/sakaba.mghosteur.com\/en\/wp-json\/wp\/v2\/product\/31527","targetHints":{"allow":["GET"]}}],"collection":[{"href":"https:\/\/sakaba.mghosteur.com\/en\/wp-json\/wp\/v2\/product"}],"about":[{"href":"https:\/\/sakaba.mghosteur.com\/en\/wp-json\/wp\/v2\/types\/product"}],"replies":[{"embeddable":true,"href":"https:\/\/sakaba.mghosteur.com\/en\/wp-json\/wp\/v2\/comments?post=31527"}],"version-history":[{"count":0,"href":"https:\/\/sakaba.mghosteur.com\/en\/wp-json\/wp\/v2\/product\/31527\/revisions"}],"wp:attachment":[{"href":"https:\/\/sakaba.mghosteur.com\/en\/wp-json\/wp\/v2\/media?parent=31527"}],"wp:term":[{"taxonomy":"product_brand","embeddable":true,"href":"https:\/\/sakaba.mghosteur.com\/en\/wp-json\/wp\/v2\/product_brand?post=31527"},{"taxonomy":"product_cat","embeddable":true,"href":"https:\/\/sakaba.mghosteur.com\/en\/wp-json\/wp\/v2\/product_cat?post=31527"},{"taxonomy":"product_tag","embeddable":true,"href":"https:\/\/sakaba.mghosteur.com\/en\/wp-json\/wp\/v2\/product_tag?post=31527"}],"curies":[{"name":"wp","href":"https:\/\/api.w.org\/{rel}","templated":true}]}}