{"id":31530,"date":"2024-05-10T11:38:51","date_gmt":"2024-05-10T11:38:51","guid":{"rendered":"https:\/\/sakaba.mghosteur.com\/?post_type=product&#038;p=31530"},"modified":"2024-09-01T14:01:59","modified_gmt":"2024-09-01T14:01:59","slug":"vaseline-cocoa-butter-healing-jelly-212g","status":"publish","type":"product","link":"https:\/\/sakaba.mghosteur.com\/en\/product\/vaseline-cocoa-butter-healing-jelly-212g\/","title":{"rendered":"VASELINE COCOA BUTTER HEALING JELLY 212G"},"content":{"rendered":"<p>D\u00e9couvrez cette gel\u00e9e cicatrisante Vaseline, une solution pour la peau s\u00e8che et terne. Enrichie en beurre de cacao, cette formule ravive et nourrit la peau, lui redonnant un \u00e9clat radieux et une apparence saine.<\/p>\n<p>Id\u00e9ale pour les peaux s\u00e8ches et ternes, cette gel\u00e9e cicatrisante est fabriqu\u00e9e avec de la vaseline purifi\u00e9e aux tripes, assurant une puret\u00e9 garantie. Gr\u00e2ce \u00e0 ses propri\u00e9t\u00e9s occlusives, elle cr\u00e9e une barri\u00e8re protectrice, emprisonnant l&#8217;humidit\u00e9 pour aider \u00e0 la gu\u00e9rison des peaux ternes et s\u00e8ches.<\/p>\n<p>Le beurre de cacao contenu dans cette formule nourrit intens\u00e9ment la peau, en particulier les zones rugueuses telles que les coudes, les genoux et les talons, tout en favorisant un \u00e9clat sain avec un subtil parfum de cacao. Test\u00e9e dermatologiquement et non com\u00e9dog\u00e8ne, cette gel\u00e9e respecte votre peau et convient m\u00eame aux peaux sensibles.<\/p>\n<p>Polyvalente par nature, cette gel\u00e9e cicatrisante Vaseline peut \u00eatre utilis\u00e9e pour adoucir les l\u00e8vres s\u00e8ches, mettre en valeur les pommettes, repulper les sourcils et bien plus encore.<\/p>\n<p>Pour l&#8217;utiliser, pr\u00e9levez une petite quantit\u00e9 de Vaseline Healing Jelly du bout des doigts et massez d\u00e9licatement sur la peau jusqu&#8217;\u00e0 absorption. Concentrez-vous sur les zones s\u00e8ches telles que les mains, les pieds, les l\u00e8vres et les coudes, et r\u00e9p\u00e9tez au besoin tout au long de la journ\u00e9e.<\/p>","protected":false},"excerpt":{"rendered":"<p>D\u00e9couvrez cette gel\u00e9e cicatrisante Vaseline, une solution pour la peau s\u00e8che et terne. Enrichie en beurre de cacao, cette formule ravive et nourrit la peau, lui redonnant un \u00e9clat radieux et une apparence saine. Id\u00e9ale pour les peaux s\u00e8ches et ternes, cette gel\u00e9e cicatrisante est fabriqu\u00e9e avec de la vaseline purifi\u00e9e aux tripes, assurant une<span class=\"read-more-faq\"><a href=\"https:\/\/sakaba.mghosteur.com\/en\/product\/vaseline-cocoa-butter-healing-jelly-212g\/\">Read More<\/a><\/span><\/p>","protected":false},"featured_media":0,"comment_status":"open","ping_status":"closed","template":"","meta":[],"product_brand":[1005],"product_cat":[447,1061,388],"product_tag":[],"class_list":{"0":"post-31530","1":"product","2":"type-product","3":"status-publish","5":"product_brand-vaseline","6":"product_cat-aac-bain-et-corps","7":"product_cat-lait-huile_corporelle","8":"product_cat-peaux-seches","10":"first","11":"instock","12":"shipping-taxable","13":"product-type-simple"},"jetpack-related-posts":[{"id":29936,"url":"https:\/\/sakaba.mghosteur.com\/en\/product\/vaseline-intensive-care-cocoa-body-butter\/","url_meta":{"origin":31530,"position":0},"title":"VASELINE INTENSIVE CARE COCOA BODY BUTTER","author":"admin","date":"April 28, 2023","format":false,"excerpt":"La lotion pour le corps Vaseline Intensive Care Cocoa Body Butter est une formule riche \u00e0 base de beurre de cacao et de beurre de karit\u00e9, combin\u00e9e \u00e0 un m\u00e9lange sp\u00e9cial de micro-gouttelettes de gel\u00e9e de vaseline et d'humectants pour hydrater et aider \u00e0 gu\u00e9rir la peau s\u00e8che. Cette cr\u00e8me\u2026","rel":"","context":"Similar post","block_context":{"text":"Similar post","link":""},"img":{"alt_text":"","src":"","width":0,"height":0},"classes":[]},{"id":29902,"url":"https:\/\/sakaba.mghosteur.com\/en\/product\/vaseline-cocoa-radiant-body-lotion-600ml\/","url_meta":{"origin":31530,"position":1},"title":"VASELINE COCOA RADIANT BODY LOTION 600ML","author":"admin","date":"April 27, 2023","format":false,"excerpt":"D\u00e9couvrez la lotion Vaseline Intensive Care Cocoa Radiant, sp\u00e9cialement con\u00e7ue pour aider \u00e0 rajeunir la peau terne et s\u00e8che. Sa formule \u00e0 absorption rapide, test\u00e9e par des dermatologues, procure 48 heures d'hydratation pour un \u00e9clat radieux et durable. Cette lotion est id\u00e9ale pour les peaux s\u00e8ches et ternes. Elle contient\u2026","rel":"","context":"Similar post","block_context":{"text":"Similar post","link":""},"img":{"alt_text":"","src":"","width":0,"height":0},"classes":[]},{"id":29907,"url":"https:\/\/sakaba.mghosteur.com\/en\/product\/vaseline-cocoa-radiant-body-lotion-947ml\/","url_meta":{"origin":31530,"position":2},"title":"VASELINE COCOA RADIANT BODY LOTION 947ML","author":"admin","date":"April 27, 2023","format":false,"excerpt":"D\u00e9couvrez la lotion Vaseline Intensive Care Cocoa Radiant, sp\u00e9cialement con\u00e7ue pour aider \u00e0 rajeunir la peau terne et s\u00e8che. Sa formule \u00e0 absorption rapide, test\u00e9e par des dermatologues, procure 48 heures d\u2019hydratation pour un \u00e9clat radieux et durable. Cette lotion est id\u00e9ale pour les peaux s\u00e8ches et ternes. Elle contient\u2026","rel":"","context":"Similar post","block_context":{"text":"Similar post","link":""},"img":{"alt_text":"","src":"","width":0,"height":0},"classes":[]},{"id":29910,"url":"https:\/\/sakaba.mghosteur.com\/en\/product\/vaseline-cocoa-radiant-body-lotion-295ml\/","url_meta":{"origin":31530,"position":3},"title":"VASELINE COCOA RADIANT BODY LOTION 295ML","author":"admin","date":"April 27, 2023","format":false,"excerpt":"D\u00e9couvrez la lotion Vaseline Intensive Care Cocoa Radiant, sp\u00e9cialement con\u00e7ue pour aider \u00e0 rajeunir la peau terne et s\u00e8che. Sa formule \u00e0 absorption rapide, test\u00e9e par des dermatologues, procure 48 heures d\u2019hydratation pour un \u00e9clat radieux et durable. Cette lotion est id\u00e9ale pour les peaux s\u00e8ches et ternes. Elle contient\u2026","rel":"","context":"Similar post","block_context":{"text":"Similar post","link":""},"img":{"alt_text":"","src":"","width":0,"height":0},"classes":[]},{"id":29913,"url":"https:\/\/sakaba.mghosteur.com\/en\/product\/vaseline-cocoa-radiant-body-oil-200-ml\/","url_meta":{"origin":31530,"position":4},"title":"VASELINE COCOA RADIANT BODY OIL 200 ML","author":"admin","date":"April 27, 2023","format":false,"excerpt":"D\u00e9couvrez le gel-huile Vaseline Intensive Care Cocoa Radiant pour une peau \u00e9clatante et saine. Cette formule non grasse et riche combine du beurre de cacao pur et une huile r\u00e9g\u00e9n\u00e9rante pour donner \u00e0 votre peau un \u00e9clat naturel. Ce gel-huile pour le corps revitalise la peau d'apparence terne et am\u00e9liore\u2026","rel":"","context":"Similar post","block_context":{"text":"Similar post","link":""},"img":{"alt_text":"","src":"","width":0,"height":0},"classes":[]},{"id":25393,"url":"https:\/\/sakaba.mghosteur.com\/en\/product\/vaseline-lip-therapy-cocoa-butter-glowing-lips6\/","url_meta":{"origin":31530,"position":5},"title":"VASELINE LIP THERAPY COCOA BUTTER MINI","author":"admin","date":"November 14, 2022","format":false,"excerpt":"D\u00e9couvrez Vaseline\u00ae Lip Therapy\u00ae Cocoa Butter Mini pour des l\u00e8vres douces, plus lisses et plus saines. Cette formule non collante et parfum\u00e9e au beurre de cacao aide \u00e0 apaiser et \u00e0 soigner les l\u00e8vres s\u00e8ches en emprisonnant l'humidit\u00e9 pour leur donner une apparence visiblement saine. Avec du beurre de cacao\u2026","rel":"","context":"Similar post","block_context":{"text":"Similar post","link":""},"img":{"alt_text":"","src":"","width":0,"height":0},"classes":[]}],"_links":{"self":[{"href":"https:\/\/sakaba.mghosteur.com\/en\/wp-json\/wp\/v2\/product\/31530","targetHints":{"allow":["GET"]}}],"collection":[{"href":"https:\/\/sakaba.mghosteur.com\/en\/wp-json\/wp\/v2\/product"}],"about":[{"href":"https:\/\/sakaba.mghosteur.com\/en\/wp-json\/wp\/v2\/types\/product"}],"replies":[{"embeddable":true,"href":"https:\/\/sakaba.mghosteur.com\/en\/wp-json\/wp\/v2\/comments?post=31530"}],"version-history":[{"count":0,"href":"https:\/\/sakaba.mghosteur.com\/en\/wp-json\/wp\/v2\/product\/31530\/revisions"}],"wp:attachment":[{"href":"https:\/\/sakaba.mghosteur.com\/en\/wp-json\/wp\/v2\/media?parent=31530"}],"wp:term":[{"taxonomy":"product_brand","embeddable":true,"href":"https:\/\/sakaba.mghosteur.com\/en\/wp-json\/wp\/v2\/product_brand?post=31530"},{"taxonomy":"product_cat","embeddable":true,"href":"https:\/\/sakaba.mghosteur.com\/en\/wp-json\/wp\/v2\/product_cat?post=31530"},{"taxonomy":"product_tag","embeddable":true,"href":"https:\/\/sakaba.mghosteur.com\/en\/wp-json\/wp\/v2\/product_tag?post=31530"}],"curies":[{"name":"wp","href":"https:\/\/api.w.org\/{rel}","templated":true}]}}