{"id":31538,"date":"2024-05-10T11:42:31","date_gmt":"2024-05-10T11:42:31","guid":{"rendered":"https:\/\/sakaba.mghosteur.com\/?post_type=product&#038;p=31538"},"modified":"2024-09-01T02:58:10","modified_gmt":"2024-09-01T02:58:10","slug":"vaseline-gluta-hya-flawless-glow-serum-in-lotion-200ml","status":"publish","type":"product","link":"https:\/\/sakaba.mghosteur.com\/en\/product\/vaseline-gluta-hya-flawless-glow-serum-in-lotion-200ml\/","title":{"rendered":"VASELINE GLUTA HYA FLAWLESS GLOW SERUM IN LOTION  200ml"},"content":{"rendered":"<p>VASELINE GLUTA-HYA SERUM BURST LOTION FLAWLESS BRIGHT<\/p>\n<p>D\u00e9tails: Propuls\u00e9 par la technologie GlutaGlow, qui est 10 fois plus puissante que la vitamine C+. Le 10X Pro-R\u00e9tinol* est r\u00e9put\u00e9 pour son aide \u00e0 exfolier les cellules mortes de la peau, favorisant ainsi une peau unifi\u00e9e.<\/p>\n<p>Avantages: La technologie GlutaGlow, 10 fois plus puissante que la vitamine C+, associ\u00e9e \u00e0 la vaseline, aide \u00e0 r\u00e9duire les causes de la peau terne. L&#8217;acide hyaluronique est reconnu pour son pouvoir d&#8217;hydratation, offrant aux peaux ros\u00e9es une sensation de fra\u00eecheur. Le 10X Pro-R\u00e9tinol* aide \u00e0 exfolier les cellules mortes de la peau pour un teint uniforme. Cette lotion offre une protection solaire 8 fois sup\u00e9rieure avec ses doubles filtres UV. La r\u00e9putation de la gel\u00e9e Vaseline\u00ae pour retenir l&#8217;humidit\u00e9 en profondeur et r\u00e9tablir l&#8217;\u00e9quilibre naturel de la peau est bien connue. Notre formule unique se m\u00e9tamorphose en gouttelettes d&#8217;eau, absorb\u00e9es instantan\u00e9ment lors de l&#8217;application, pour une peau plus lumineuse et \u00e9clatante\u00b0.<\/p>\n<p>*Comparaison bas\u00e9e sur les performances antioxydantes, test\u00e9es in vitro. ^Protection UVA et UVB incluse, avec un SPF8 comparativement \u00e0 l&#8217;absence d&#8217;utilisation du produit. ~Maintien de l&#8217;\u00e9quilibre hydrique, bas\u00e9 sur des tests cliniques r\u00e9guliers. Les r\u00e9sultats peuvent varier selon l&#8217;\u00e9tat de la peau de chaque individu.<\/p>\n<p>Mode d&#8217;emploi: Appliquez la lotion Vaseline\u00ae Healthy Bright Gluta-Hya Serum Burst sur votre main et \u00e9talez-la sur votre corps jusqu&#8217;\u00e0 absorption. Utilisez deux fois par jour pour des r\u00e9sultats optimaux. Appliquez soigneusement pour \u00e9viter toute d\u00e9coloration des v\u00eatements.<\/p>","protected":false},"excerpt":{"rendered":"<p>VASELINE GLUTA-HYA SERUM BURST LOTION FLAWLESS BRIGHT D\u00e9tails: Propuls\u00e9 par la technologie GlutaGlow, qui est 10 fois plus puissante que la vitamine C+. Le 10X Pro-R\u00e9tinol* est r\u00e9put\u00e9 pour son aide \u00e0 exfolier les cellules mortes de la peau, favorisant ainsi une peau unifi\u00e9e. Avantages: La technologie GlutaGlow, 10 fois plus puissante que la vitamine<span class=\"read-more-faq\"><a href=\"https:\/\/sakaba.mghosteur.com\/en\/product\/vaseline-gluta-hya-flawless-glow-serum-in-lotion-200ml\/\">Read More<\/a><\/span><\/p>","protected":false},"featured_media":0,"comment_status":"open","ping_status":"closed","template":"","meta":[],"product_brand":[1005],"product_cat":[293,447,291,1061],"product_tag":[],"class_list":{"0":"post-31538","1":"product","2":"type-product","3":"status-publish","5":"product_brand-vaseline","6":"product_cat-anti-taches","7":"product_cat-aac-bain-et-corps","8":"product_cat-eclaircissant","9":"product_cat-lait-huile_corporelle","11":"first","12":"instock","13":"shipping-taxable","14":"product-type-simple"},"jetpack-related-posts":[{"id":31544,"url":"https:\/\/sakaba.mghosteur.com\/en\/product\/vaseline-gluta-hya-dewy-radiance-serum-in-lotion\/","url_meta":{"origin":31538,"position":0},"title":"VASELINE GLUTA HYA DEWY RADIANCE SERUM IN LOTION","author":"admin","date":"May 10, 2024","format":false,"excerpt":"D\u00e9couvrez le Vaseline\u00ae Gluta-Hya Serum Burst Lotion Dewy Radiance, un \u00e9lixir de beaut\u00e9 r\u00e9volutionnaire enrichi par la technologie GlutaGlow, offrant une puissance dix fois sup\u00e9rieure \u00e0 celle de la vitamine C+. Cette lotion est con\u00e7ue pour sublimer votre peau avec \u00e9clat. Les b\u00e9n\u00e9fices de cette lotion sont multiples. Gr\u00e2ce \u00e0\u2026","rel":"","context":"Similar post","block_context":{"text":"Similar post","link":""},"img":{"alt_text":"","src":"","width":0,"height":0},"classes":[]},{"id":31547,"url":"https:\/\/sakaba.mghosteur.com\/en\/product\/vaseline-glutha-hya-serum-burst-lotion-overnight-radiance-repair\/","url_meta":{"origin":31538,"position":1},"title":"VASELINE GLUTHA HYA SERUM BURST LOTION OVERNIGHT RADIANCE REPAIR","author":"admin","date":"May 10, 2024","format":false,"excerpt":"D\u00e9couvrez le Lotion Eclat Nuit R\u00e9paratrice Vaseline\u00ae Gluta-Hya Serum Burst, une solution aussi puissante que 10 masques en feuille, mais avec une texture l\u00e9g\u00e8re qui \u00e9clate en gouttelettes d'eau pour une absorption en profondeur par votre peau. Ressentez la diff\u00e9rence avec une peau plus \u00e9clatante et repulp\u00e9e. Avantages : Formul\u00e9\u2026","rel":"","context":"Similar post","block_context":{"text":"Similar post","link":""},"img":{"alt_text":"","src":"","width":0,"height":0},"classes":[]},{"id":31523,"url":"https:\/\/sakaba.mghosteur.com\/en\/product\/vaseline-daily-brightening-even-tone-lotion-200ml\/","url_meta":{"origin":31538,"position":2},"title":"VASELINE DAILY BRIGHTENING EVEN TONE LOTION 200ML","author":"admin","date":"May 10, 2024","format":false,"excerpt":"VASELINE DAILY BRIGHTENING LOTION D\u00e9tails La lotion Vaseline Healthy Bright est reconnue comme l'une des meilleures lotions \u00e9claircissantes pour la peau, aidant \u00e0 soigner* la peau s\u00e8che et endommag\u00e9e tout en restaurant naturellement son \u00e9clat en seulement 2 semaines. Avantages Obtenez une peau radieuse en seulement 2 semaines. Une lotion\u2026","rel":"","context":"Similar post","block_context":{"text":"Similar post","link":""},"img":{"alt_text":"","src":"","width":0,"height":0},"classes":[]},{"id":31541,"url":"https:\/\/sakaba.mghosteur.com\/en\/product\/vaseline-hydra-healthy-hand-lotion-100ml\/","url_meta":{"origin":31538,"position":3},"title":"VASELINE HYDRA HEALTHY HAND LOTION 100ml","author":"admin","date":"May 10, 2024","format":false,"excerpt":"D\u00e9couvrez la Lotion pour les mains Vaseline Intensive Care Hydra Healthy. Sa formule non grasse \u00e0 absorption rapide, enrichie en k\u00e9ratine, offre une hydratation en profondeur pour traiter efficacement les mains extr\u00eamement s\u00e8ches. Cette lotion aide \u00e0 pr\u00e9venir les fissures et la casse des ongles, les rendant 10 fois plus\u2026","rel":"","context":"Similar post","block_context":{"text":"Similar post","link":""},"img":{"alt_text":"","src":"","width":0,"height":0},"classes":[]},{"id":29899,"url":"https:\/\/sakaba.mghosteur.com\/en\/product\/vaseline-calm-healing-600ml\/","url_meta":{"origin":31538,"position":4},"title":"VASELINE CALM HEALING 600ML","author":"admin","date":"April 27, 2023","format":false,"excerpt":"D\u00e9couvrez la lotion apaisante Vaseline Intensive Care pour une peau s\u00e8che et stress\u00e9e. Cette lotion test\u00e9e par des dermatologues est con\u00e7ue pour aider \u00e0 gu\u00e9rir et \u00e0 restaurer la peau s\u00e8che tout en procurant un moment de d\u00e9tente gr\u00e2ce \u00e0 son l\u00e9ger parfum de lavande. Elle contient de l'extrait de\u2026","rel":"","context":"Similar post","block_context":{"text":"Similar post","link":""},"img":{"alt_text":"","src":"","width":0,"height":0},"classes":[]},{"id":29933,"url":"https:\/\/sakaba.mghosteur.com\/en\/product\/vaseline-soothing-hyration-600-ml\/","url_meta":{"origin":31538,"position":5},"title":"VASELINE SOOTHING HYRATION 600 ML","author":"admin","date":"April 28, 2023","format":false,"excerpt":"D\u00e9couvrez la lotion pour le corps hydratante apaisante Vaseline Intensive Care, sp\u00e9cialement con\u00e7ue pour les peaux s\u00e8ches et d\u00e9shydrat\u00e9es. Cette lotion pour le corps contient des lipides ultra-hydratants qui aident \u00e0 renforcer la barri\u00e8re cutan\u00e9e et \u00e0 reconstituer l'hydratation de votre peau. L'extrait d'aloe vera \u00e0 1 % contenu dans\u2026","rel":"","context":"Similar post","block_context":{"text":"Similar post","link":""},"img":{"alt_text":"","src":"","width":0,"height":0},"classes":[]}],"_links":{"self":[{"href":"https:\/\/sakaba.mghosteur.com\/en\/wp-json\/wp\/v2\/product\/31538","targetHints":{"allow":["GET"]}}],"collection":[{"href":"https:\/\/sakaba.mghosteur.com\/en\/wp-json\/wp\/v2\/product"}],"about":[{"href":"https:\/\/sakaba.mghosteur.com\/en\/wp-json\/wp\/v2\/types\/product"}],"replies":[{"embeddable":true,"href":"https:\/\/sakaba.mghosteur.com\/en\/wp-json\/wp\/v2\/comments?post=31538"}],"version-history":[{"count":0,"href":"https:\/\/sakaba.mghosteur.com\/en\/wp-json\/wp\/v2\/product\/31538\/revisions"}],"wp:attachment":[{"href":"https:\/\/sakaba.mghosteur.com\/en\/wp-json\/wp\/v2\/media?parent=31538"}],"wp:term":[{"taxonomy":"product_brand","embeddable":true,"href":"https:\/\/sakaba.mghosteur.com\/en\/wp-json\/wp\/v2\/product_brand?post=31538"},{"taxonomy":"product_cat","embeddable":true,"href":"https:\/\/sakaba.mghosteur.com\/en\/wp-json\/wp\/v2\/product_cat?post=31538"},{"taxonomy":"product_tag","embeddable":true,"href":"https:\/\/sakaba.mghosteur.com\/en\/wp-json\/wp\/v2\/product_tag?post=31538"}],"curies":[{"name":"wp","href":"https:\/\/api.w.org\/{rel}","templated":true}]}}