{"id":31541,"date":"2024-05-10T11:43:25","date_gmt":"2024-05-10T11:43:25","guid":{"rendered":"https:\/\/sakaba.mghosteur.com\/?post_type=product&#038;p=31541"},"modified":"2024-08-29T02:30:05","modified_gmt":"2024-08-29T02:30:05","slug":"vaseline-hydra-healthy-hand-lotion-100ml","status":"publish","type":"product","link":"https:\/\/sakaba.mghosteur.com\/en\/product\/vaseline-hydra-healthy-hand-lotion-100ml\/","title":{"rendered":"VASELINE HYDRA HEALTHY HAND LOTION 100ml"},"content":{"rendered":"<div class=\"flex-1 overflow-hidden\">\n<div class=\"react-scroll-to-bottom--css-qedfa-79elbk h-full\">\n<div class=\"react-scroll-to-bottom--css-qedfa-1n7m0yu\">\n<div>\n<div class=\"flex flex-col text-sm pb-9\">\n<div class=\"w-full text-token-text-primary\" dir=\"auto\" data-testid=\"conversation-turn-3\" data-scroll-anchor=\"true\">\n<div class=\"py-2 px-3 text-base md:px-4 m-auto md:px-5 lg:px-1 xl:px-5\">\n<div class=\"mx-auto flex flex-1 gap-3 text-base juice:gap-4 juice:md:gap-6 md:max-w-3xl\">\n<div class=\"relative flex w-full min-w-0 flex-col agent-turn\">\n<div class=\"flex-col gap-1 md:gap-3\">\n<div class=\"flex flex-grow flex-col max-w-full\">\n<div class=\"min-h-[20px] text-message flex flex-col items-start whitespace-pre-wrap break-words [.text-message+&amp;]:mt-5 juice:w-full juice:items-end overflow-x-auto gap-3\" dir=\"auto\" data-message-author-role=\"assistant\" data-message-id=\"0d0f00c1-4867-4b9d-b777-4c22d6483187\">\n<div class=\"markdown prose w-full break-words dark:prose-invert light\">\n<p>D\u00e9couvrez la Lotion pour les mains Vaseline Intensive Care Hydra Healthy. Sa formule non grasse \u00e0 absorption rapide, enrichie en k\u00e9ratine, offre une hydratation en profondeur pour traiter efficacement les mains extr\u00eamement s\u00e8ches.<\/p>\n<p>Cette lotion aide \u00e0 pr\u00e9venir les fissures et la casse des ongles, les rendant 10 fois plus r\u00e9sistants en seulement 2 semaines.<\/p>\n<p>Votre peau est laiss\u00e9e hydrat\u00e9e et douce au toucher, sans sensation grasse.<\/p>\n<p>Profitez d&#8217;une hydratation profonde pour vos mains avec cette cr\u00e8me qui p\u00e9n\u00e8tre rapidement. Revitalisez vos ongles en profondeur pour les rendre 10 fois plus forts en seulement 2 semaines.<\/p>\n<p>La formule cicatrisante de cette lotion, enrichie en fines gouttes de gel\u00e9e de vaseline, en fait un soin essentiel pour les mains tr\u00e8s s\u00e8ches apr\u00e8s le lavage.<\/p>\n<\/div>\n<\/div>\n<\/div>\n<div class=\"mt-1 flex gap-3 empty:hidden juice:-ml-3\">\n<div class=\"-ml-1 mt-0 flex h-7 items-center justify-center gap-[2px] self-end text-gray-400 lg:justify-start lg:self-center visible\">\n<p>&nbsp;<\/p>\n<div class=\"flex\"><\/div>\n<\/div>\n<\/div>\n<div class=\"pr-2 lg:pr-0\"><\/div>\n<\/div>\n<div class=\"absolute\">\n<div class=\"flex w-full gap-2 items-center justify-center\"><\/div>\n<\/div>\n<\/div>\n<\/div>\n<\/div>\n<\/div>\n<\/div>\n<\/div>\n<\/div>\n<\/div>\n<\/div>\n<div class=\"w-full md:pt-0 dark:border-white\/20 md:border-transparent md:dark:border-transparent md:w-[calc(100%-.5rem)] juice:w-full\">\n<div class=\"px-3 text-base md:px-4 m-auto md:px-5 lg:px-1 xl:px-5\">\n<div class=\"mx-auto flex flex-1 gap-3 text-base juice:gap-4 juice:md:gap-6 md:max-w-3xl\">\n<div class=\"relative flex h-full max-w-full flex-1 flex-col\">\n<div class=\"absolute bottom-full left-0 right-0\"><\/div>\n<div class=\"flex w-full items-center\"><\/div>\n<\/div>\n<\/div>\n<\/div>\n<\/div>","protected":false},"excerpt":{"rendered":"<p>D\u00e9couvrez la Lotion pour les mains Vaseline Intensive Care Hydra Healthy. Sa formule non grasse \u00e0 absorption rapide, enrichie en k\u00e9ratine, offre une hydratation en profondeur pour traiter efficacement les mains extr\u00eamement s\u00e8ches. Cette lotion aide \u00e0 pr\u00e9venir les fissures et la casse des ongles, les rendant 10 fois plus r\u00e9sistants en seulement 2 semaines.<span class=\"read-more-faq\"><a href=\"https:\/\/sakaba.mghosteur.com\/en\/product\/vaseline-hydra-healthy-hand-lotion-100ml\/\">Read More<\/a><\/span><\/p>","protected":false},"featured_media":0,"comment_status":"open","ping_status":"closed","template":"","meta":[],"product_brand":[1005],"product_cat":[447,364],"product_tag":[],"class_list":{"0":"post-31541","1":"product","2":"type-product","3":"status-publish","5":"product_brand-vaseline","6":"product_cat-aac-bain-et-corps","7":"product_cat-soin-mains-pieds","9":"first","10":"instock","11":"shipping-taxable","12":"product-type-simple"},"jetpack-related-posts":[{"id":31535,"url":"https:\/\/sakaba.mghosteur.com\/en\/product\/vaseline-hydra-replenish-hand-creme-hyaluronic-acide-100ml\/","url_meta":{"origin":31541,"position":0},"title":"VASELINE HYDRA REPLENISH HAND CREME HYALURONIC ACIDE 100ml","author":"admin","date":"May 10, 2024","format":false,"excerpt":"La Cr\u00e8me \u00e0 mains Vaseline\u00ae Intensive Care\u2122 Hydra Replenish est un produit essentiel pour ceux qui recherchent une hydratation en profondeur. Combinant l'efficacit\u00e9 de l'acide hyaluronique, de la vitamine B3 et du beurre de cacao, cette cr\u00e8me nourrissante pour peaux s\u00e8ches laisse la peau douce d\u00e8s la premi\u00e8re application. Sa\u2026","rel":"","context":"Similar post","block_context":{"text":"Similar post","link":""},"img":{"alt_text":"","src":"","width":0,"height":0},"classes":[]},{"id":31559,"url":"https:\/\/sakaba.mghosteur.com\/en\/product\/vaseline-nourishing-moisture-600ml\/","url_meta":{"origin":31541,"position":1},"title":"VASELINE NOURISHING MOISTURE 600ML","author":"admin","date":"May 10, 2024","format":false,"excerpt":"D\u00e9couvrez la lotion hydratante nourrissante Vaseline Intensive Care, une solution innovante pour revitaliser votre peau. Formul\u00e9e avec de l'extrait d'avoine pur, cette lotion est sp\u00e9cialement con\u00e7ue pour r\u00e9tablir l'hydratation de votre peau. Test\u00e9e par des dermatologues, sa formule \u00e0 absorption rapide assure 48 heures d'hydratation, laissant votre peau douce et\u2026","rel":"","context":"Similar post","block_context":{"text":"Similar post","link":""},"img":{"alt_text":"","src":"","width":0,"height":0},"classes":[]},{"id":29883,"url":"https:\/\/sakaba.mghosteur.com\/en\/product\/healthy-white-uv-lightening-100-ml\/","url_meta":{"origin":31541,"position":2},"title":"HEALTHY WHITE UV LIGHTENING 100 ML","author":"admin","date":"April 27, 2023","format":false,"excerpt":"D\u00e9couvrez la lotion \u00e9claircissante UV Vaseline Healthy White, sp\u00e9cialement con\u00e7ue pour rendre votre peau plus lumineuse en seulement deux semaines d'utilisation r\u00e9guli\u00e8re, deux fois par jour. Gr\u00e2ce \u00e0 son \u00e9cran solaire int\u00e9gr\u00e9, cette lotion emp\u00eache votre peau de noircir tout en hydratant en profondeur gr\u00e2ce \u00e0 son s\u00e9rum de yaourt.\u2026","rel":"","context":"Similar post","block_context":{"text":"Similar post","link":""},"img":{"alt_text":"","src":"","width":0,"height":0},"classes":[]},{"id":31527,"url":"https:\/\/sakaba.mghosteur.com\/en\/product\/vaseline-hand-butter-deep-nourishhment-101ml\/","url_meta":{"origin":31541,"position":3},"title":"VASELINE HAND BUTTER DEEP NOURISHHMENT 101ML","author":"admin","date":"May 10, 2024","format":false,"excerpt":"VASELINE\u00ae RADIANT X DEEP NOURISHMENT HAND BUTTER D\u00e9couvrez le nouveau beurre pour les mains Vaseline\u00ae Radiant X Deep Nourishment, une solution enrichissante pour une hydratation intense sans la sensation grasse. Sa texture riche et onctueuse p\u00e9n\u00e8tre facilement dans la peau, laissant une douceur irr\u00e9sistible, une texture lisse et un \u00e9clat\u2026","rel":"","context":"Similar post","block_context":{"text":"Similar post","link":""},"img":{"alt_text":"","src":"","width":0,"height":0},"classes":[]},{"id":29933,"url":"https:\/\/sakaba.mghosteur.com\/en\/product\/vaseline-soothing-hyration-600-ml\/","url_meta":{"origin":31541,"position":4},"title":"VASELINE SOOTHING HYRATION 600 ML","author":"admin","date":"April 28, 2023","format":false,"excerpt":"D\u00e9couvrez la lotion pour le corps hydratante apaisante Vaseline Intensive Care, sp\u00e9cialement con\u00e7ue pour les peaux s\u00e8ches et d\u00e9shydrat\u00e9es. Cette lotion pour le corps contient des lipides ultra-hydratants qui aident \u00e0 renforcer la barri\u00e8re cutan\u00e9e et \u00e0 reconstituer l'hydratation de votre peau. L'extrait d'aloe vera \u00e0 1 % contenu dans\u2026","rel":"","context":"Similar post","block_context":{"text":"Similar post","link":""},"img":{"alt_text":"","src":"","width":0,"height":0},"classes":[]},{"id":31547,"url":"https:\/\/sakaba.mghosteur.com\/en\/product\/vaseline-glutha-hya-serum-burst-lotion-overnight-radiance-repair\/","url_meta":{"origin":31541,"position":5},"title":"VASELINE GLUTHA HYA SERUM BURST LOTION OVERNIGHT RADIANCE REPAIR","author":"admin","date":"May 10, 2024","format":false,"excerpt":"D\u00e9couvrez le Lotion Eclat Nuit R\u00e9paratrice Vaseline\u00ae Gluta-Hya Serum Burst, une solution aussi puissante que 10 masques en feuille, mais avec une texture l\u00e9g\u00e8re qui \u00e9clate en gouttelettes d'eau pour une absorption en profondeur par votre peau. Ressentez la diff\u00e9rence avec une peau plus \u00e9clatante et repulp\u00e9e. Avantages : Formul\u00e9\u2026","rel":"","context":"Similar post","block_context":{"text":"Similar post","link":""},"img":{"alt_text":"","src":"","width":0,"height":0},"classes":[]}],"_links":{"self":[{"href":"https:\/\/sakaba.mghosteur.com\/en\/wp-json\/wp\/v2\/product\/31541","targetHints":{"allow":["GET"]}}],"collection":[{"href":"https:\/\/sakaba.mghosteur.com\/en\/wp-json\/wp\/v2\/product"}],"about":[{"href":"https:\/\/sakaba.mghosteur.com\/en\/wp-json\/wp\/v2\/types\/product"}],"replies":[{"embeddable":true,"href":"https:\/\/sakaba.mghosteur.com\/en\/wp-json\/wp\/v2\/comments?post=31541"}],"version-history":[{"count":0,"href":"https:\/\/sakaba.mghosteur.com\/en\/wp-json\/wp\/v2\/product\/31541\/revisions"}],"wp:attachment":[{"href":"https:\/\/sakaba.mghosteur.com\/en\/wp-json\/wp\/v2\/media?parent=31541"}],"wp:term":[{"taxonomy":"product_brand","embeddable":true,"href":"https:\/\/sakaba.mghosteur.com\/en\/wp-json\/wp\/v2\/product_brand?post=31541"},{"taxonomy":"product_cat","embeddable":true,"href":"https:\/\/sakaba.mghosteur.com\/en\/wp-json\/wp\/v2\/product_cat?post=31541"},{"taxonomy":"product_tag","embeddable":true,"href":"https:\/\/sakaba.mghosteur.com\/en\/wp-json\/wp\/v2\/product_tag?post=31541"}],"curies":[{"name":"wp","href":"https:\/\/api.w.org\/{rel}","templated":true}]}}