{"id":31553,"date":"2024-05-10T11:51:51","date_gmt":"2024-05-10T11:51:51","guid":{"rendered":"https:\/\/sakaba.mghosteur.com\/?post_type=product&#038;p=31553"},"modified":"2024-09-01T14:18:23","modified_gmt":"2024-09-01T14:18:23","slug":"vaseline-radiant-x-hyfrating-body-oil-replensishing","status":"publish","type":"product","link":"https:\/\/sakaba.mghosteur.com\/en\/product\/vaseline-radiant-x-hyfrating-body-oil-replensishing\/","title":{"rendered":"VASELINE RADIANT X HYDRATING BODY OIL REPLENSISHING"},"content":{"rendered":"<p>D\u00e9couvrez l&#8217;huile corporelle Vaseline Radiant X, un alli\u00e9 pr\u00e9cieux pour revitaliser et hydrater votre peau en profondeur. Enrichie de 1 % de lipides et formul\u00e9e avec de l&#8217;huile de p\u00e9pins de raisin, de jojoba et de noix de coco, cette huile l\u00e9g\u00e8re p\u00e9n\u00e8tre rapidement sans laisser de sensation collante. Cr\u00e9\u00e9e en collaboration avec des dermatologues, elle est parfaite pour nourrir les peaux ternes et d\u00e9shydrat\u00e9es, leur redonnant \u00e9clat et douceur. Sans parab\u00e8nes ni phtalates ajout\u00e9s, cette formule non com\u00e9dog\u00e8ne convient m\u00eame aux peaux les plus sensibles. Pour une utilisation optimale, massez simplement quelques gouttes sur votre peau, en insistant sur les zones s\u00e8ches et ternes. Pour une hydratation renforc\u00e9e, m\u00e9langez quelques gouttes avec votre lotion pour le corps Vaseline pr\u00e9f\u00e9r\u00e9e. R\u00e9v\u00e9lez une peau \u00e9clatante et rayonnante tout au long de la journ\u00e9e, \u00e0 chaque application.<\/p>","protected":false},"excerpt":{"rendered":"<p>D\u00e9couvrez l&#8217;huile corporelle Vaseline Radiant X, un alli\u00e9 pr\u00e9cieux pour revitaliser et hydrater votre peau en profondeur. Enrichie de 1 % de lipides et formul\u00e9e avec de l&#8217;huile de p\u00e9pins de raisin, de jojoba et de noix de coco, cette huile l\u00e9g\u00e8re p\u00e9n\u00e8tre rapidement sans laisser de sensation collante. Cr\u00e9\u00e9e en collaboration avec des dermatologues,<span class=\"read-more-faq\"><a href=\"https:\/\/sakaba.mghosteur.com\/en\/product\/vaseline-radiant-x-hyfrating-body-oil-replensishing\/\">Read More<\/a><\/span><\/p>","protected":false},"featured_media":0,"comment_status":"open","ping_status":"closed","template":"","meta":[],"product_brand":[1005],"product_cat":[447,1061],"product_tag":[],"class_list":{"0":"post-31553","1":"product","2":"type-product","3":"status-publish","5":"product_brand-vaseline","6":"product_cat-aac-bain-et-corps","7":"product_cat-lait-huile_corporelle","9":"first","10":"instock","11":"shipping-taxable","12":"product-type-simple"},"jetpack-related-posts":[{"id":31556,"url":"https:\/\/sakaba.mghosteur.com\/en\/product\/vaseline-radiant-x-hyfrating-body-oil-replensishing-2\/","url_meta":{"origin":31553,"position":0},"title":"VASELINE RADIANT X HYDRATING BODY OIL REPLENSISHING","author":"admin","date":"May 10, 2024","format":false,"excerpt":"D\u00e9couvrez l'huile corporelle Vaseline Radiant X, une formule r\u00e9volutionnaire pour r\u00e9hydrater et revitaliser votre peau. Enrichie de 1% de lipides et \u00e9labor\u00e9e en collaboration avec des dermatologues, cette huile offre une absorption rapide sans effet collant. Gr\u00e2ce \u00e0 son m\u00e9lange d'huiles de p\u00e9pins de raisin, de jojoba et de noix\u2026","rel":"","context":"Similar post","block_context":{"text":"Similar post","link":""},"img":{"alt_text":"","src":"","width":0,"height":0},"classes":[]},{"id":29913,"url":"https:\/\/sakaba.mghosteur.com\/en\/product\/vaseline-cocoa-radiant-body-oil-200-ml\/","url_meta":{"origin":31553,"position":1},"title":"VASELINE COCOA RADIANT BODY OIL 200 ML","author":"admin","date":"April 27, 2023","format":false,"excerpt":"D\u00e9couvrez le gel-huile Vaseline Intensive Care Cocoa Radiant pour une peau \u00e9clatante et saine. Cette formule non grasse et riche combine du beurre de cacao pur et une huile r\u00e9g\u00e9n\u00e9rante pour donner \u00e0 votre peau un \u00e9clat naturel. Ce gel-huile pour le corps revitalise la peau d'apparence terne et am\u00e9liore\u2026","rel":"","context":"Similar post","block_context":{"text":"Similar post","link":""},"img":{"alt_text":"","src":"","width":0,"height":0},"classes":[]},{"id":29902,"url":"https:\/\/sakaba.mghosteur.com\/en\/product\/vaseline-cocoa-radiant-body-lotion-600ml\/","url_meta":{"origin":31553,"position":2},"title":"VASELINE COCOA RADIANT BODY LOTION 600ML","author":"admin","date":"April 27, 2023","format":false,"excerpt":"D\u00e9couvrez la lotion Vaseline Intensive Care Cocoa Radiant, sp\u00e9cialement con\u00e7ue pour aider \u00e0 rajeunir la peau terne et s\u00e8che. Sa formule \u00e0 absorption rapide, test\u00e9e par des dermatologues, procure 48 heures d'hydratation pour un \u00e9clat radieux et durable. Cette lotion est id\u00e9ale pour les peaux s\u00e8ches et ternes. Elle contient\u2026","rel":"","context":"Similar post","block_context":{"text":"Similar post","link":""},"img":{"alt_text":"","src":"","width":0,"height":0},"classes":[]},{"id":29907,"url":"https:\/\/sakaba.mghosteur.com\/en\/product\/vaseline-cocoa-radiant-body-lotion-947ml\/","url_meta":{"origin":31553,"position":3},"title":"VASELINE COCOA RADIANT BODY LOTION 947ML","author":"admin","date":"April 27, 2023","format":false,"excerpt":"D\u00e9couvrez la lotion Vaseline Intensive Care Cocoa Radiant, sp\u00e9cialement con\u00e7ue pour aider \u00e0 rajeunir la peau terne et s\u00e8che. Sa formule \u00e0 absorption rapide, test\u00e9e par des dermatologues, procure 48 heures d\u2019hydratation pour un \u00e9clat radieux et durable. Cette lotion est id\u00e9ale pour les peaux s\u00e8ches et ternes. Elle contient\u2026","rel":"","context":"Similar post","block_context":{"text":"Similar post","link":""},"img":{"alt_text":"","src":"","width":0,"height":0},"classes":[]},{"id":29910,"url":"https:\/\/sakaba.mghosteur.com\/en\/product\/vaseline-cocoa-radiant-body-lotion-295ml\/","url_meta":{"origin":31553,"position":4},"title":"VASELINE COCOA RADIANT BODY LOTION 295ML","author":"admin","date":"April 27, 2023","format":false,"excerpt":"D\u00e9couvrez la lotion Vaseline Intensive Care Cocoa Radiant, sp\u00e9cialement con\u00e7ue pour aider \u00e0 rajeunir la peau terne et s\u00e8che. Sa formule \u00e0 absorption rapide, test\u00e9e par des dermatologues, procure 48 heures d\u2019hydratation pour un \u00e9clat radieux et durable. Cette lotion est id\u00e9ale pour les peaux s\u00e8ches et ternes. Elle contient\u2026","rel":"","context":"Similar post","block_context":{"text":"Similar post","link":""},"img":{"alt_text":"","src":"","width":0,"height":0},"classes":[]},{"id":31527,"url":"https:\/\/sakaba.mghosteur.com\/en\/product\/vaseline-hand-butter-deep-nourishhment-101ml\/","url_meta":{"origin":31553,"position":5},"title":"VASELINE HAND BUTTER DEEP NOURISHHMENT 101ML","author":"admin","date":"May 10, 2024","format":false,"excerpt":"VASELINE\u00ae RADIANT X DEEP NOURISHMENT HAND BUTTER D\u00e9couvrez le nouveau beurre pour les mains Vaseline\u00ae Radiant X Deep Nourishment, une solution enrichissante pour une hydratation intense sans la sensation grasse. Sa texture riche et onctueuse p\u00e9n\u00e8tre facilement dans la peau, laissant une douceur irr\u00e9sistible, une texture lisse et un \u00e9clat\u2026","rel":"","context":"Similar post","block_context":{"text":"Similar post","link":""},"img":{"alt_text":"","src":"","width":0,"height":0},"classes":[]}],"_links":{"self":[{"href":"https:\/\/sakaba.mghosteur.com\/en\/wp-json\/wp\/v2\/product\/31553","targetHints":{"allow":["GET"]}}],"collection":[{"href":"https:\/\/sakaba.mghosteur.com\/en\/wp-json\/wp\/v2\/product"}],"about":[{"href":"https:\/\/sakaba.mghosteur.com\/en\/wp-json\/wp\/v2\/types\/product"}],"replies":[{"embeddable":true,"href":"https:\/\/sakaba.mghosteur.com\/en\/wp-json\/wp\/v2\/comments?post=31553"}],"version-history":[{"count":0,"href":"https:\/\/sakaba.mghosteur.com\/en\/wp-json\/wp\/v2\/product\/31553\/revisions"}],"wp:attachment":[{"href":"https:\/\/sakaba.mghosteur.com\/en\/wp-json\/wp\/v2\/media?parent=31553"}],"wp:term":[{"taxonomy":"product_brand","embeddable":true,"href":"https:\/\/sakaba.mghosteur.com\/en\/wp-json\/wp\/v2\/product_brand?post=31553"},{"taxonomy":"product_cat","embeddable":true,"href":"https:\/\/sakaba.mghosteur.com\/en\/wp-json\/wp\/v2\/product_cat?post=31553"},{"taxonomy":"product_tag","embeddable":true,"href":"https:\/\/sakaba.mghosteur.com\/en\/wp-json\/wp\/v2\/product_tag?post=31553"}],"curies":[{"name":"wp","href":"https:\/\/api.w.org\/{rel}","templated":true}]}}