{"id":31559,"date":"2024-05-10T11:54:34","date_gmt":"2024-05-10T11:54:34","guid":{"rendered":"https:\/\/sakaba.mghosteur.com\/?post_type=product&#038;p=31559"},"modified":"2024-09-01T14:03:15","modified_gmt":"2024-09-01T14:03:15","slug":"vaseline-nourishing-moisture-600ml","status":"publish","type":"product","link":"https:\/\/sakaba.mghosteur.com\/en\/product\/vaseline-nourishing-moisture-600ml\/","title":{"rendered":"VASELINE NOURISHING MOISTURE 600ML"},"content":{"rendered":"<p>D\u00e9couvrez la lotion hydratante nourrissante Vaseline Intensive Care, une solution innovante pour revitaliser votre peau. Formul\u00e9e avec de l&#8217;extrait d&#8217;avoine pur, cette lotion est sp\u00e9cialement con\u00e7ue pour r\u00e9tablir l&#8217;hydratation de votre peau. Test\u00e9e par des dermatologues, sa formule \u00e0 absorption rapide assure 48 heures d&#8217;hydratation, laissant votre peau douce et visiblement plus saine.<\/p>\n<p>Id\u00e9ale pour les peaux s\u00e8ches, cette lotion nourrissante agit en profondeur pour hydrater et nourrir votre peau, gr\u00e2ce \u00e0 ses lipides ultra-hydratants qui renforcent la barri\u00e8re cutan\u00e9e. Sa formule unique pr\u00e9vient le dess\u00e8chement cutan\u00e9 et offre une hydratation durable.<\/p>\n<p>La lotion corporelle Vaseline p\u00e9n\u00e8tre rapidement, laissant votre peau douce et nourrie sans sensation grasse. Cliniquement test\u00e9e, elle offre 90 % d&#8217;hydratation en plus par rapport \u00e0 une peau non trait\u00e9e. De plus, son flacon est fabriqu\u00e9 \u00e0 partir de 50 % de plastique recycl\u00e9, soulignant notre engagement envers l&#8217;environnement.<\/p>\n<p>Pour profiter pleinement des bienfaits de cette lotion, appliquez-la quotidiennement sur tout votre corps jusqu&#8217;\u00e0 absorption compl\u00e8te. Obtenez des r\u00e9sultats optimaux et une peau d&#8217;apparence plus saine en int\u00e9grant cette lotion \u00e0 votre routine quotidienne de soins de la peau.<\/p>","protected":false},"excerpt":{"rendered":"<p>D\u00e9couvrez la lotion hydratante nourrissante Vaseline Intensive Care, une solution innovante pour revitaliser votre peau. Formul\u00e9e avec de l&#8217;extrait d&#8217;avoine pur, cette lotion est sp\u00e9cialement con\u00e7ue pour r\u00e9tablir l&#8217;hydratation de votre peau. Test\u00e9e par des dermatologues, sa formule \u00e0 absorption rapide assure 48 heures d&#8217;hydratation, laissant votre peau douce et visiblement plus saine. Id\u00e9ale pour<span class=\"read-more-faq\"><a href=\"https:\/\/sakaba.mghosteur.com\/en\/product\/vaseline-nourishing-moisture-600ml\/\">Read More<\/a><\/span><\/p>","protected":false},"featured_media":0,"comment_status":"open","ping_status":"closed","template":"","meta":[],"product_brand":[1005],"product_cat":[447,1061,388],"product_tag":[],"class_list":{"0":"post-31559","1":"product","2":"type-product","3":"status-publish","5":"product_brand-vaseline","6":"product_cat-aac-bain-et-corps","7":"product_cat-lait-huile_corporelle","8":"product_cat-peaux-seches","10":"first","11":"instock","12":"shipping-taxable","13":"product-type-simple"},"jetpack-related-posts":[{"id":29902,"url":"https:\/\/sakaba.mghosteur.com\/en\/product\/vaseline-cocoa-radiant-body-lotion-600ml\/","url_meta":{"origin":31559,"position":0},"title":"VASELINE COCOA RADIANT BODY LOTION 600ML","author":"admin","date":"April 27, 2023","format":false,"excerpt":"D\u00e9couvrez la lotion Vaseline Intensive Care Cocoa Radiant, sp\u00e9cialement con\u00e7ue pour aider \u00e0 rajeunir la peau terne et s\u00e8che. Sa formule \u00e0 absorption rapide, test\u00e9e par des dermatologues, procure 48 heures d'hydratation pour un \u00e9clat radieux et durable. Cette lotion est id\u00e9ale pour les peaux s\u00e8ches et ternes. Elle contient\u2026","rel":"","context":"Similar post","block_context":{"text":"Similar post","link":""},"img":{"alt_text":"","src":"","width":0,"height":0},"classes":[]},{"id":29907,"url":"https:\/\/sakaba.mghosteur.com\/en\/product\/vaseline-cocoa-radiant-body-lotion-947ml\/","url_meta":{"origin":31559,"position":1},"title":"VASELINE COCOA RADIANT BODY LOTION 947ML","author":"admin","date":"April 27, 2023","format":false,"excerpt":"D\u00e9couvrez la lotion Vaseline Intensive Care Cocoa Radiant, sp\u00e9cialement con\u00e7ue pour aider \u00e0 rajeunir la peau terne et s\u00e8che. Sa formule \u00e0 absorption rapide, test\u00e9e par des dermatologues, procure 48 heures d\u2019hydratation pour un \u00e9clat radieux et durable. Cette lotion est id\u00e9ale pour les peaux s\u00e8ches et ternes. Elle contient\u2026","rel":"","context":"Similar post","block_context":{"text":"Similar post","link":""},"img":{"alt_text":"","src":"","width":0,"height":0},"classes":[]},{"id":29910,"url":"https:\/\/sakaba.mghosteur.com\/en\/product\/vaseline-cocoa-radiant-body-lotion-295ml\/","url_meta":{"origin":31559,"position":2},"title":"VASELINE COCOA RADIANT BODY LOTION 295ML","author":"admin","date":"April 27, 2023","format":false,"excerpt":"D\u00e9couvrez la lotion Vaseline Intensive Care Cocoa Radiant, sp\u00e9cialement con\u00e7ue pour aider \u00e0 rajeunir la peau terne et s\u00e8che. Sa formule \u00e0 absorption rapide, test\u00e9e par des dermatologues, procure 48 heures d\u2019hydratation pour un \u00e9clat radieux et durable. Cette lotion est id\u00e9ale pour les peaux s\u00e8ches et ternes. Elle contient\u2026","rel":"","context":"Similar post","block_context":{"text":"Similar post","link":""},"img":{"alt_text":"","src":"","width":0,"height":0},"classes":[]},{"id":29893,"url":"https:\/\/sakaba.mghosteur.com\/en\/product\/vaseline-advanced-repair-unscented-600ml\/","url_meta":{"origin":31559,"position":3},"title":"VASELINE ADVANCED REPAIR UNSCENTED 600ML","author":"admin","date":"April 27, 2023","format":false,"excerpt":"La lotion inodore Vaseline Intensive Care Advanced Repair est sp\u00e9cialement con\u00e7ue pour hydrater les peaux s\u00e8ches et tenaces. Test\u00e9e par des dermatologues, elle procure une hydratation cicatrisante rapide pour une peau douce et d'apparence saine. Sa formule \u00e0 absorption rapide contient des microgouttelettes de gel\u00e9e Vaseline et des lipides ultra-hydratants\u2026","rel":"","context":"Similar post","block_context":{"text":"Similar post","link":""},"img":{"alt_text":"","src":"","width":0,"height":0},"classes":[]},{"id":29933,"url":"https:\/\/sakaba.mghosteur.com\/en\/product\/vaseline-soothing-hyration-600-ml\/","url_meta":{"origin":31559,"position":4},"title":"VASELINE SOOTHING HYRATION 600 ML","author":"admin","date":"April 28, 2023","format":false,"excerpt":"D\u00e9couvrez la lotion pour le corps hydratante apaisante Vaseline Intensive Care, sp\u00e9cialement con\u00e7ue pour les peaux s\u00e8ches et d\u00e9shydrat\u00e9es. Cette lotion pour le corps contient des lipides ultra-hydratants qui aident \u00e0 renforcer la barri\u00e8re cutan\u00e9e et \u00e0 reconstituer l'hydratation de votre peau. L'extrait d'aloe vera \u00e0 1 % contenu dans\u2026","rel":"","context":"Similar post","block_context":{"text":"Similar post","link":""},"img":{"alt_text":"","src":"","width":0,"height":0},"classes":[]},{"id":29899,"url":"https:\/\/sakaba.mghosteur.com\/en\/product\/vaseline-calm-healing-600ml\/","url_meta":{"origin":31559,"position":5},"title":"VASELINE CALM HEALING 600ML","author":"admin","date":"April 27, 2023","format":false,"excerpt":"D\u00e9couvrez la lotion apaisante Vaseline Intensive Care pour une peau s\u00e8che et stress\u00e9e. Cette lotion test\u00e9e par des dermatologues est con\u00e7ue pour aider \u00e0 gu\u00e9rir et \u00e0 restaurer la peau s\u00e8che tout en procurant un moment de d\u00e9tente gr\u00e2ce \u00e0 son l\u00e9ger parfum de lavande. Elle contient de l'extrait de\u2026","rel":"","context":"Similar post","block_context":{"text":"Similar post","link":""},"img":{"alt_text":"","src":"","width":0,"height":0},"classes":[]}],"_links":{"self":[{"href":"https:\/\/sakaba.mghosteur.com\/en\/wp-json\/wp\/v2\/product\/31559","targetHints":{"allow":["GET"]}}],"collection":[{"href":"https:\/\/sakaba.mghosteur.com\/en\/wp-json\/wp\/v2\/product"}],"about":[{"href":"https:\/\/sakaba.mghosteur.com\/en\/wp-json\/wp\/v2\/types\/product"}],"replies":[{"embeddable":true,"href":"https:\/\/sakaba.mghosteur.com\/en\/wp-json\/wp\/v2\/comments?post=31559"}],"version-history":[{"count":0,"href":"https:\/\/sakaba.mghosteur.com\/en\/wp-json\/wp\/v2\/product\/31559\/revisions"}],"wp:attachment":[{"href":"https:\/\/sakaba.mghosteur.com\/en\/wp-json\/wp\/v2\/media?parent=31559"}],"wp:term":[{"taxonomy":"product_brand","embeddable":true,"href":"https:\/\/sakaba.mghosteur.com\/en\/wp-json\/wp\/v2\/product_brand?post=31559"},{"taxonomy":"product_cat","embeddable":true,"href":"https:\/\/sakaba.mghosteur.com\/en\/wp-json\/wp\/v2\/product_cat?post=31559"},{"taxonomy":"product_tag","embeddable":true,"href":"https:\/\/sakaba.mghosteur.com\/en\/wp-json\/wp\/v2\/product_tag?post=31559"}],"curies":[{"name":"wp","href":"https:\/\/api.w.org\/{rel}","templated":true}]}}