{"id":31566,"date":"2024-05-10T12:02:04","date_gmt":"2024-05-10T12:02:04","guid":{"rendered":"https:\/\/sakaba.mghosteur.com\/?post_type=product&#038;p=31566"},"modified":"2024-08-07T19:25:23","modified_gmt":"2024-08-07T19:25:23","slug":"cosrx-master-pacth-set-90-patches-4","status":"publish","type":"product","link":"https:\/\/sakaba.mghosteur.com\/en\/product\/cosrx-master-pacth-set-90-patches-4\/","title":{"rendered":"COSRX MASTER PATCH SET 90 PATCHES"},"content":{"rendered":"<p>D\u00e9couvrez ce produit r\u00e9volutionnaire pour une peau impeccable et \u00e9clatante. Con\u00e7u pour prot\u00e9ger votre peau des irritations ext\u00e9rieures et des contaminants, ce produit est votre alli\u00e9 ultime contre les imperfections. Gr\u00e2ce \u00e0 sa formule innovante, il aide \u00e0 r\u00e9duire visiblement les rougeurs tout en absorbant l&#8217;exc\u00e8s de s\u00e9bum et les impuret\u00e9s des pores, laissant ainsi votre peau nette et \u00e9quilibr\u00e9e.<\/p>\n<p>Formul\u00e9 sans parab\u00e8nes, sulfates, phtalates ni alcool, ce produit est s\u00fbr et adapt\u00e9 \u00e0 tous les types de peau. Ses ingr\u00e9dients cl\u00e9s incluent un bandage hydrocollo\u00efde de qualit\u00e9 m\u00e9dicale, qui acc\u00e9l\u00e8re la gu\u00e9rison et prot\u00e8ge les imperfections des bact\u00e9ries.<\/p>\n<p>Ce kit comprend un patch ma\u00eetre pour boutons d\u2019acn\u00e9 et un patch ma\u00eetre Clear Fit, offrant une solution compl\u00e8te pour traiter les imperfections. Facile \u00e0 utiliser, il vous suffit d&#8217;appliquer une petite quantit\u00e9 sur l\u2019ensemble de votre visage apr\u00e8s avoir nettoy\u00e9 et tonifi\u00e9 votre peau, puis de tapoter doucement du bout des doigts pour faciliter l\u2019absorption. Pour des r\u00e9sultats optimaux, suivez avec une cr\u00e8me hydratante.<\/p>\n<p>Prenez soin de votre peau avec ce produit de qualit\u00e9 sup\u00e9rieure, con\u00e7u pour vous offrir une peau \u00e9clatante et sans d\u00e9faut. \u00c0 utiliser uniquement en externe. En cas d&#8217;\u00e9ruption cutan\u00e9e, veuillez cesser l&#8217;utilisation et consulter un m\u00e9decin. Conservez les couvercles inutilis\u00e9s dans la pochette en plastique, dans un endroit frais et \u00e0 l&#8217;abri de la lumi\u00e8re directe du soleil.<\/p>","protected":false},"excerpt":{"rendered":"<p>D\u00e9couvrez ce produit r\u00e9volutionnaire pour une peau impeccable et \u00e9clatante. Con\u00e7u pour prot\u00e9ger votre peau des irritations ext\u00e9rieures et des contaminants, ce produit est votre alli\u00e9 ultime contre les imperfections. Gr\u00e2ce \u00e0 sa formule innovante, il aide \u00e0 r\u00e9duire visiblement les rougeurs tout en absorbant l&#8217;exc\u00e8s de s\u00e9bum et les impuret\u00e9s des pores, laissant ainsi<span class=\"read-more-faq\"><a href=\"https:\/\/sakaba.mghosteur.com\/en\/product\/cosrx-master-pacth-set-90-patches-4\/\">Read More<\/a><\/span><\/p>","protected":false},"featured_media":0,"comment_status":"open","ping_status":"closed","template":"","meta":[],"product_brand":[826],"product_cat":[294,1018,451,334],"product_tag":[],"class_list":{"0":"post-31566","1":"product","2":"type-product","3":"status-publish","5":"product_brand-cosrx","6":"product_cat-acne","7":"product_cat-aai-produis-coreens","8":"product_cat-aab-soin-du-visage","9":"product_cat-traitement-serum","11":"first","12":"instock","13":"shipping-taxable","14":"product-type-simple"},"jetpack-related-posts":[{"id":26904,"url":"https:\/\/sakaba.mghosteur.com\/en\/product\/cosrx-acne-pimple-master-patch\/","url_meta":{"origin":31566,"position":0},"title":"COSRX ACNE PIMPLE MASTER PATCH","author":"admin","date":"November 28, 2022","format":false,"excerpt":"Le Patch Ma\u00eetre des Boutons d'Acn\u00e9 de la marque COSRX est un produit efficace pour traiter les boutons d'acn\u00e9. Chaque pack contient 24 patchs de diff\u00e9rentes tailles, avec 9 gros points, 5 points moyens et 10 petits points. Ces patchs sont con\u00e7us pour gu\u00e9rir rapidement l'acn\u00e9 du jour au lendemain.\u2026","rel":"","context":"Similar post","block_context":{"text":"Similar post","link":""},"img":{"alt_text":"","src":"","width":0,"height":0},"classes":[]},{"id":29221,"url":"https:\/\/sakaba.mghosteur.com\/en\/product\/caffeine-energizing-hydrogel-eye-patches\/","url_meta":{"origin":31566,"position":1},"title":"CAFFEINE ENERGIZING HYDROGEL EYE PATCHES","author":"admin","date":"March 21, 2023","format":false,"excerpt":"Le CAFFEINE ENERGIZING HYDROGEL EYE PATCHES de Good Molecules est un produit essentiel pour ceux qui cherchent \u00e0 se r\u00e9veiller et \u00e0 rafra\u00eechir leur regard fatigu\u00e9. Ces patchs pour les yeux hydrogel \u00e0 la caf\u00e9ine sont con\u00e7us pour \u00e9claircir et hydrater la peau d\u00e9licate autour de vos yeux tout en\u2026","rel":"","context":"Similar post","block_context":{"text":"Similar post","link":""},"img":{"alt_text":"","src":"","width":0,"height":0},"classes":[]},{"id":27493,"url":"https:\/\/sakaba.mghosteur.com\/en\/product\/the-ordinary-100-plant-derived-squalane\/","url_meta":{"origin":31566,"position":2},"title":"The Ordinary 100% PLANT-DERIVED SQUALANE","author":"admin","date":"November 29, 2022","format":false,"excerpt":"Le squalane 100 % d'origine v\u00e9g\u00e9tale de la marque The Ordinary est un produit hydratant naturel pour la peau et les cheveux. Il contient du squalane d\u00e9riv\u00e9 de la canne \u00e0 sucre, qui est un hydratant naturel pr\u00e9sent dans la peau. Cette formule non com\u00e9dog\u00e8ne soutient la barri\u00e8re d'hydratation naturelle\u2026","rel":"","context":"Similar post","block_context":{"text":"Similar post","link":""},"img":{"alt_text":"","src":"","width":0,"height":0},"classes":[]},{"id":27490,"url":"https:\/\/sakaba.mghosteur.com\/en\/product\/the-ordinary-caffeine-solution-5egcg\/","url_meta":{"origin":31566,"position":3},"title":"The Ordinary CAFFEINE SOLUTION 5%+EGCG","author":"admin","date":"November 29, 2022","format":false,"excerpt":"La solution de caf\u00e9ine 5% + EGCG de la marque The Ordinary est le produit parfait pour les personnes souffrant de poches et de cernes sous les yeux. Gr\u00e2ce \u00e0 sa formule \u00e0 base d'eau, ce s\u00e9rum p\u00e9n\u00e8tre rapidement dans la peau et agit efficacement pour r\u00e9duire l'apparence des poches\u2026","rel":"","context":"Similar post","block_context":{"text":"Similar post","link":""},"img":{"alt_text":"","src":"","width":0,"height":0},"classes":[]},{"id":26988,"url":"https:\/\/sakaba.mghosteur.com\/en\/product\/facetheory-regenacalm-serum\/","url_meta":{"origin":31566,"position":4},"title":"FACETHEORY Regenacalm 2% Retinol and Vitamin C Serum S1","author":"admin","date":"November 28, 2022","format":false,"excerpt":"Produit : Regenacalm 2% R\u00e9tinol et Vitamine C S\u00e9rum S1 Marque : Facetheory Le s\u00e9rum Regenacalm de Facetheory est un produit hautement efficace con\u00e7u pour cibler les ridules, les rides, les imperfections, les cicatrices d'acn\u00e9, la rosac\u00e9e et l'hyperpigmentation. Sa formule contient de l'ester de r\u00e9tinol stabilis\u00e9 \u00e0 2%, de\u2026","rel":"","context":"Similar post","block_context":{"text":"Similar post","link":""},"img":{"alt_text":"","src":"","width":0,"height":0},"classes":[]},{"id":27481,"url":"https:\/\/sakaba.mghosteur.com\/en\/product\/the-ordinary-ascorbyl-glucoside-solution-12\/","url_meta":{"origin":31566,"position":5},"title":"The Ordinary ASCORBYL GLUCOSIDE SOLUTION 12%","author":"admin","date":"November 29, 2022","format":false,"excerpt":"La Solution de Glucosides d'Ascorbyle 12% de la marque The Ordinary est un s\u00e9rum \u00e0 base d'eau qui offre une formule l\u00e9g\u00e8re et efficace pour aider \u00e0 r\u00e9duire les signes de vieillissement. Ce s\u00e9rum contient un d\u00e9riv\u00e9 hydrosoluble de vitamine C, l'ascorbyl glucoside, qui se transforme en vitamine C une\u2026","rel":"","context":"Similar post","block_context":{"text":"Similar post","link":""},"img":{"alt_text":"","src":"","width":0,"height":0},"classes":[]}],"_links":{"self":[{"href":"https:\/\/sakaba.mghosteur.com\/en\/wp-json\/wp\/v2\/product\/31566","targetHints":{"allow":["GET"]}}],"collection":[{"href":"https:\/\/sakaba.mghosteur.com\/en\/wp-json\/wp\/v2\/product"}],"about":[{"href":"https:\/\/sakaba.mghosteur.com\/en\/wp-json\/wp\/v2\/types\/product"}],"replies":[{"embeddable":true,"href":"https:\/\/sakaba.mghosteur.com\/en\/wp-json\/wp\/v2\/comments?post=31566"}],"version-history":[{"count":0,"href":"https:\/\/sakaba.mghosteur.com\/en\/wp-json\/wp\/v2\/product\/31566\/revisions"}],"wp:attachment":[{"href":"https:\/\/sakaba.mghosteur.com\/en\/wp-json\/wp\/v2\/media?parent=31566"}],"wp:term":[{"taxonomy":"product_brand","embeddable":true,"href":"https:\/\/sakaba.mghosteur.com\/en\/wp-json\/wp\/v2\/product_brand?post=31566"},{"taxonomy":"product_cat","embeddable":true,"href":"https:\/\/sakaba.mghosteur.com\/en\/wp-json\/wp\/v2\/product_cat?post=31566"},{"taxonomy":"product_tag","embeddable":true,"href":"https:\/\/sakaba.mghosteur.com\/en\/wp-json\/wp\/v2\/product_tag?post=31566"}],"curies":[{"name":"wp","href":"https:\/\/api.w.org\/{rel}","templated":true}]}}