{"id":31570,"date":"2024-05-10T12:02:43","date_gmt":"2024-05-10T12:02:43","guid":{"rendered":"https:\/\/sakaba.mghosteur.com\/?post_type=product&#038;p=31570"},"modified":"2024-08-07T19:23:42","modified_gmt":"2024-08-07T19:23:42","slug":"cosrx-low-ph-good-morning-gel-cleanser-400ml","status":"publish","type":"product","link":"https:\/\/sakaba.mghosteur.com\/en\/product\/cosrx-low-ph-good-morning-gel-cleanser-400ml\/","title":{"rendered":"COSRX LOW PH GOOD MORNING GEL CLEANSER 400ml"},"content":{"rendered":"<p>Nettoyant Gel Doux Bonjour pH Bas : Nettoyez quotidiennement avec ce nettoyant doux et efficace, matin et soir, en \u00e9liminant les impuret\u00e9s tout en renfor\u00e7ant la barri\u00e8re cutan\u00e9e. Un Teint Lumineux le Jour et une Peau Douce la Nuit : En affinant la texture de la peau, le nettoyant aidera \u00e0 nettoyer sans dess\u00e9cher. Id\u00e9al pour tous les types de peau, r\u00e9veillez-vous avec une peau d&#8217;apparence plus ferme tout en la laissant propre pendant la nuit. Test\u00e9 Cliniquement : Bas\u00e9 sur un Test Primaire d&#8217;Irritation Cutan\u00e9e r\u00e9alis\u00e9 sur 34 hommes et femmes, le Nettoyant Gel Doux Bonjour pH Bas n&#8217;a provoqu\u00e9 aucune r\u00e9action cutan\u00e9e chez tous les sujets 24 heures, 48 heures et 72 heures apr\u00e8s le test. Inspir\u00e9 du pH Naturel de la Peau : En suivant le pH naturellement acide de la peau, ce nettoyant aide \u00e0 \u00e9quilibrer votre peau et \u00e0 la prot\u00e9ger des irritants qui peuvent causer des probl\u00e8mes.<\/p>","protected":false},"excerpt":{"rendered":"<p>Nettoyant Gel Doux Bonjour pH Bas : Nettoyez quotidiennement avec ce nettoyant doux et efficace, matin et soir, en \u00e9liminant les impuret\u00e9s tout en renfor\u00e7ant la barri\u00e8re cutan\u00e9e. Un Teint Lumineux le Jour et une Peau Douce la Nuit : En affinant la texture de la peau, le nettoyant aidera \u00e0 nettoyer sans dess\u00e9cher. Id\u00e9al<span class=\"read-more-faq\"><a href=\"https:\/\/sakaba.mghosteur.com\/en\/product\/cosrx-low-ph-good-morning-gel-cleanser-400ml\/\">Read More<\/a><\/span><\/p>","protected":false},"featured_media":0,"comment_status":"open","ping_status":"closed","template":"","meta":[],"product_brand":[826],"product_cat":[324,1018,451],"product_tag":[],"class_list":{"0":"post-31570","1":"product","2":"type-product","3":"status-publish","5":"product_brand-cosrx","6":"product_cat-demaquillant-nettoyant","7":"product_cat-aai-produis-coreens","8":"product_cat-aab-soin-du-visage","10":"first","11":"instock","12":"shipping-taxable","13":"product-type-simple"},"jetpack-related-posts":[{"id":29466,"url":"https:\/\/sakaba.mghosteur.com\/en\/product\/cosrx-low-ph-good-mornig-gel-cleanser\/","url_meta":{"origin":31570,"position":0},"title":"COSRX LOW PH GOOD MORNIG GEL CLEANSER","author":"admin","date":"April 4, 2023","format":false,"excerpt":"Le Gel nettoyant Good Morning de la marque COSRX est un nettoyant doux en gel avec un pH l\u00e9g\u00e8rement acide. Il est con\u00e7u pour nettoyer en profondeur la peau sans la d\u00e9caper, tout en affinant sa texture. Convient \u00e0 tous les types de peau, il aide \u00e0 raffermir l'apparence de\u2026","rel":"","context":"Similar post","block_context":{"text":"Similar post","link":""},"img":{"alt_text":"","src":"","width":0,"height":0},"classes":[]},{"id":31692,"url":"https:\/\/sakaba.mghosteur.com\/en\/product\/haruhara-wonder-black-rice-moisture-5-5-soft-cleansing-gel-unscented\/","url_meta":{"origin":31570,"position":1},"title":"HARUHARA WONDER BLACK RICE MOISTURE 5.5 SOFT CLEANSING GEL UNSCENTED","author":"admin","date":"May 10, 2024","format":false,"excerpt":"D\u00e9couvrez ce gel nettoyant doux et l\u00e9g\u00e8rement acide, id\u00e9al pour vos matins charg\u00e9s ! Formul\u00e9 sans parfum, il hydrate et nettoie en profondeur pour une routine matinale rafra\u00eechissante. Sa formule saine et l\u00e9g\u00e8rement acide maintient un pH \u00e9quilibr\u00e9, essentiel pour une peau \u00e9clatante et bien prot\u00e9g\u00e9e. Les tensioactifs naturels, puis\u00e9s\u2026","rel":"","context":"Similar post","block_context":{"text":"Similar post","link":""},"img":{"alt_text":"","src":"","width":0,"height":0},"classes":[]},{"id":29227,"url":"https:\/\/sakaba.mghosteur.com\/en\/product\/good-molecules-acne-foaming-cleanser\/","url_meta":{"origin":31570,"position":2},"title":"GOOD MOLECULES ACNE FOAMING CLEANSER","author":"admin","date":"March 21, 2023","format":false,"excerpt":"Le nettoyant moussant contre l'acn\u00e9 de Good Molecules est un produit de soin de la peau id\u00e9al pour traiter les \u00e9ruptions cutan\u00e9es et l'acn\u00e9. Avec une formule exfoliante douce, ce nettoyant moussant aide \u00e0 nettoyer en profondeur les pores, \u00e9liminant ainsi les impuret\u00e9s qui obstruent la peau. Aliment\u00e9 par 2\u2026","rel":"","context":"Similar post","block_context":{"text":"Similar post","link":""},"img":{"alt_text":"","src":"","width":0,"height":0},"classes":[]},{"id":27346,"url":"https:\/\/sakaba.mghosteur.com\/en\/product\/good-molecules-hydrate-cleanse-bar\/","url_meta":{"origin":31570,"position":3},"title":"GOOD MOLECULES HYDRATE &#038; CLEANSE BAR","author":"admin","date":"November 29, 2022","format":false,"excerpt":"La barre hydratante et nettoyante de la marque Good Molecules est un pain nettoyant ultra doux sans savon qui nettoie et hydrate votre peau en m\u00eame temps. Cette barre nettoyante est formul\u00e9e avec un m\u00e9lange d'ingr\u00e9dients hydratants pour maintenir un \u00e9quilibre hydrique sain pour votre peau. Elle est id\u00e9ale pour\u2026","rel":"","context":"Similar post","block_context":{"text":"Similar post","link":""},"img":{"alt_text":"","src":"","width":0,"height":0},"classes":[]},{"id":31590,"url":"https:\/\/sakaba.mghosteur.com\/en\/product\/cosrx-low-ph-good-night-soft-peeling-gel\/","url_meta":{"origin":31570,"position":4},"title":"COSRX LOW PH GOOD NIGHT SOFT PEELING GEL","author":"admin","date":"May 10, 2024","format":false,"excerpt":"Gel peeling doux \u00e0 faible pH enrichi d'ingr\u00e9dients d'origine naturelle pour am\u00e9liorer l'\u00e9tat de la peau. Avec un pH similaire \u00e0 celui des composants protecteurs de la peau et de la barri\u00e8re, ce gel fonctionne parfaitement m\u00eame pour les peaux sensibles. Rapide, facile et pratique, ce gel peeling s'utilise directement\u2026","rel":"","context":"Similar post","block_context":{"text":"Similar post","link":""},"img":{"alt_text":"","src":"","width":0,"height":0},"classes":[]},{"id":30215,"url":"https:\/\/sakaba.mghosteur.com\/en\/product\/the-body-wash-le-nettoyant-corps-eucalyptus\/","url_meta":{"origin":31570,"position":5},"title":"THE BODY WASH LE NETTOYANT CORPS Eucalyptus","author":"admin","date":"May 4, 2023","format":false,"excerpt":"D\u00e9couvrez le Nettoyant pour le corps Eucalyptus de la marque N\u00e9cessaire, con\u00e7u pour prendre soin de votre corps tout en pr\u00e9servant l'environnement. Infus\u00e9 de niacinamide, de glyc\u00e9rine et d'huile de marula riche en vitamine C\/E + om\u00e9ga 6\/9, ce nettoyant hybride gel-huile est parfait pour \u00e9quilibrer, r\u00e9g\u00e9n\u00e9rer et adoucir votre\u2026","rel":"","context":"Similar post","block_context":{"text":"Similar post","link":""},"img":{"alt_text":"","src":"","width":0,"height":0},"classes":[]}],"_links":{"self":[{"href":"https:\/\/sakaba.mghosteur.com\/en\/wp-json\/wp\/v2\/product\/31570","targetHints":{"allow":["GET"]}}],"collection":[{"href":"https:\/\/sakaba.mghosteur.com\/en\/wp-json\/wp\/v2\/product"}],"about":[{"href":"https:\/\/sakaba.mghosteur.com\/en\/wp-json\/wp\/v2\/types\/product"}],"replies":[{"embeddable":true,"href":"https:\/\/sakaba.mghosteur.com\/en\/wp-json\/wp\/v2\/comments?post=31570"}],"version-history":[{"count":0,"href":"https:\/\/sakaba.mghosteur.com\/en\/wp-json\/wp\/v2\/product\/31570\/revisions"}],"wp:attachment":[{"href":"https:\/\/sakaba.mghosteur.com\/en\/wp-json\/wp\/v2\/media?parent=31570"}],"wp:term":[{"taxonomy":"product_brand","embeddable":true,"href":"https:\/\/sakaba.mghosteur.com\/en\/wp-json\/wp\/v2\/product_brand?post=31570"},{"taxonomy":"product_cat","embeddable":true,"href":"https:\/\/sakaba.mghosteur.com\/en\/wp-json\/wp\/v2\/product_cat?post=31570"},{"taxonomy":"product_tag","embeddable":true,"href":"https:\/\/sakaba.mghosteur.com\/en\/wp-json\/wp\/v2\/product_tag?post=31570"}],"curies":[{"name":"wp","href":"https:\/\/api.w.org\/{rel}","templated":true}]}}