{"id":31578,"date":"2024-05-10T12:04:57","date_gmt":"2024-05-10T12:04:57","guid":{"rendered":"https:\/\/sakaba.mghosteur.com\/?post_type=product&#038;p=31578"},"modified":"2024-08-24T17:01:40","modified_gmt":"2024-08-24T17:01:40","slug":"cosrx-the-vitamin-c-13-20ml","status":"publish","type":"product","link":"https:\/\/sakaba.mghosteur.com\/en\/product\/cosrx-the-vitamin-c-13-20ml\/","title":{"rendered":"COSRX THE VITAMIN C 13 20ML"},"content":{"rendered":"<div class=\"flex-1 overflow-hidden\">\n<div class=\"react-scroll-to-bottom--css-qedfa-79elbk h-full\">\n<div class=\"react-scroll-to-bottom--css-qedfa-1n7m0yu\">\n<div class=\"flex flex-col text-sm pb-9\">\n<div class=\"w-full text-token-text-primary\" dir=\"auto\" data-testid=\"conversation-turn-3\" data-scroll-anchor=\"true\">\n<div class=\"py-2 px-3 text-base md:px-4 m-auto md:px-5 lg:px-1 xl:px-5\">\n<div class=\"mx-auto flex flex-1 gap-3 text-base juice:gap-4 juice:md:gap-6 md:max-w-3xl\">\n<div class=\"relative flex w-full min-w-0 flex-col agent-turn\">\n<div class=\"flex-col gap-1 md:gap-3\">\n<div class=\"flex flex-grow flex-col max-w-full\">\n<div class=\"min-h-[20px] text-message flex flex-col items-start whitespace-pre-wrap break-words [.text-message+&amp;]:mt-5 juice:w-full juice:items-end overflow-x-auto gap-3\" dir=\"auto\" data-message-author-role=\"assistant\" data-message-id=\"a1161e7f-67e3-47bf-b620-afae3f8d72e0\">\n<div class=\"markdown prose w-full break-words dark:prose-invert light\">\n<p>D\u00e9couvrez le S\u00e9rum Vitamine C 13, un v\u00e9ritable \u00e9lixir de jeunesse pour votre peau ! Ce s\u00e9rum doux \u00e0 la vitamine C est sp\u00e9cialement con\u00e7u pour les peaux sensibles, id\u00e9al pour une utilisation quotidienne. Sa formule unique agit en profondeur pour att\u00e9nuer les imperfections, les taches brunes et les taches de rousseur, tout en am\u00e9liorant le tonus g\u00e9n\u00e9ral de votre peau.<\/p>\n<p>Les avantages de ce s\u00e9rum sont nombreux :<\/p>\n<ul>\n<li>Il offre un soin \u00e9claircissant quotidien, r\u00e9v\u00e9lant peu \u00e0 peu l&#8217;\u00e9clat naturel de votre peau.<\/li>\n<li>Il estompe les imperfections, les taches brunes et les taches de rousseur, pour une peau plus uniforme et lumineuse.<\/li>\n<li>Il am\u00e9liore le tonus g\u00e9n\u00e9ral de la peau, lui redonnant \u00e9lasticit\u00e9 et fermet\u00e9.<\/li>\n<li>Il affine la texture de la peau, pour un grain plus lisse et uniforme.<\/li>\n<li>Il r\u00e9duit la taille des pores, pour une peau visiblement plus nette et moins sujette aux imperfections.<\/li>\n<\/ul>\n<p>Ce s\u00e9rum est parfaitement adapt\u00e9 \u00e0 ceux qui recherchent les bienfaits de la vitamine C au quotidien. Il cible efficacement les probl\u00e8mes de teint in\u00e9gal, les taches brunes, la pigmentation, les taches de rousseur, les rides et ridules, ainsi que la texture de peau rugueuse.<\/p>\n<p>Pour l&#8217;utiliser, rien de plus simple : apr\u00e8s avoir nettoy\u00e9 votre peau et appliqu\u00e9 un tonique, d\u00e9posez quelques gouttes de s\u00e9rum sur votre visage. Ensuite, massez d\u00e9licatement du bout des doigts en partant du centre du visage vers l&#8217;ext\u00e9rieur, pour une absorption optimale.<\/p>\n<p>Offrez \u00e0 votre peau le soin quotidien dont elle a besoin avec le S\u00e9rum Vitamine C 13, et retrouvez un teint \u00e9clatant de sant\u00e9 !<\/p>\n<\/div>\n<\/div>\n<\/div>\n<div class=\"mt-1 flex gap-3 empty:hidden juice:-ml-3\">\n<div class=\"-ml-1 mt-0 flex h-7 items-center justify-center gap-[2px] self-end text-gray-400 lg:justify-start lg:self-center visible\"><button class=\"rounded-md p-1 text-token-text-tertiary hover:text-token-text-primary\"><\/button><button class=\"rounded-md p-1 text-token-text-tertiary hover:text-token-text-primary\"><br \/>\n<\/button><\/div>\n<\/div>\n<\/div>\n<\/div>\n<\/div>\n<\/div>\n<\/div>\n<\/div>\n<\/div>\n<\/div>\n<\/div>","protected":false},"excerpt":{"rendered":"<p>D\u00e9couvrez le S\u00e9rum Vitamine C 13, un v\u00e9ritable \u00e9lixir de jeunesse pour votre peau ! Ce s\u00e9rum doux \u00e0 la vitamine C est sp\u00e9cialement con\u00e7u pour les peaux sensibles, id\u00e9al pour une utilisation quotidienne. Sa formule unique agit en profondeur pour att\u00e9nuer les imperfections, les taches brunes et les taches de rousseur, tout en am\u00e9liorant<span class=\"read-more-faq\"><a href=\"https:\/\/sakaba.mghosteur.com\/en\/product\/cosrx-the-vitamin-c-13-20ml\/\">Read More<\/a><\/span><\/p>","protected":false},"featured_media":0,"comment_status":"open","ping_status":"closed","template":"","meta":[],"product_brand":[826],"product_cat":[293,1018,451,334],"product_tag":[],"class_list":{"0":"post-31578","1":"product","2":"type-product","3":"status-publish","5":"product_brand-cosrx","6":"product_cat-anti-taches","7":"product_cat-aai-produis-coreens","8":"product_cat-aab-soin-du-visage","9":"product_cat-traitement-serum","11":"first","12":"instock","13":"shipping-taxable","14":"product-type-simple"},"jetpack-related-posts":[{"id":31581,"url":"https:\/\/sakaba.mghosteur.com\/en\/product\/cosrx-the-retinol-super-vitamine-e-panthenol\/","url_meta":{"origin":31578,"position":0},"title":"COSRX THE RETINOL SUPER VITAMINE E + PANTHENOL","author":"admin","date":"May 10, 2024","format":false,"excerpt":"D\u00e9couvrez la cr\u00e8me The Retinol 0.1 Cream de COSRX, un incontournable pour votre routine de soin. Sa formule unique associe 0,1 % de r\u00e9tinol anti-\u00e2ge \u00e0 des actifs apaisants et hydratants, tels que la vitamine E et le panth\u00e9nol. Gr\u00e2ce \u00e0 cette combinaison, cette cr\u00e8me assure une initiation en douceur\u2026","rel":"","context":"Similar post","block_context":{"text":"Similar post","link":""},"img":{"alt_text":"","src":"","width":0,"height":0},"classes":[]},{"id":26418,"url":"https:\/\/sakaba.mghosteur.com\/en\/product\/cosrx-the-vitamin-c-23-serum\/","url_meta":{"origin":31578,"position":1},"title":"COSRX THE VITAMIN C 23 SERUM","author":"admin","date":"November 25, 2022","format":false,"excerpt":"Le S\u00e9rum Niacinamide 15 est un soin puissant contre l'acn\u00e9, avec une concentration \u00e9lev\u00e9e de 15% de niacinamide. Ce s\u00e9rum est con\u00e7u pour fournir un contr\u00f4le total de l'acn\u00e9 en utilisant des ingr\u00e9dients synergiques. Il est \u00e9galement test\u00e9 non com\u00e9dog\u00e8ne, ce qui signifie qu'il n'obstrue pas les pores. Utilisez ce\u2026","rel":"","context":"Similar post","block_context":{"text":"Similar post","link":""},"img":{"alt_text":"","src":"","width":0,"height":0},"classes":[]},{"id":31357,"url":"https:\/\/sakaba.mghosteur.com\/en\/product\/25-vitamine-c-glutathione-clinical-serum\/","url_meta":{"origin":31578,"position":2},"title":"25% VITAMINE C + GLUTATHIONE CLINICAL SERUM","author":"admin","date":"May 10, 2024","format":false,"excerpt":"D\u00e9couvrez le S\u00e9rum Expert 25 % Vitamine C + Glutathion, un alli\u00e9 pr\u00e9cieux pour votre routine de soin de la peau. Ciblant les dommages caus\u00e9s par le soleil et favorisant l'unification du teint, ce s\u00e9rum r\u00e9v\u00e8le l'\u00e9clat naturel de votre peau, lui donnant une apparence radieuse et lumineuse. Sa formule\u2026","rel":"","context":"Similar post","block_context":{"text":"Similar post","link":""},"img":{"alt_text":"","src":"","width":0,"height":0},"classes":[]},{"id":23965,"url":"https:\/\/sakaba.mghosteur.com\/en\/product\/cerave-skin-renewing-vitamin-c-serum\/","url_meta":{"origin":31578,"position":3},"title":"CERAVE SKIN RENEWING VITAMIN C SERUM","author":"admin","date":"November 9, 2022","format":false,"excerpt":"Le s\u00e9rum \u00e0 la vitamine C r\u00e9g\u00e9n\u00e9rant pour la peau de CeraVe est un v\u00e9ritable alli\u00e9 pour votre peau. Enrichi en 10% de vitamine C pure, ce s\u00e9rum antioxydant \u00e9claircit visiblement le teint et am\u00e9liore l'apparence des ridules, des taches brunes et du teint irr\u00e9gulier. Formul\u00e9 avec trois c\u00e9ramides essentiels,\u2026","rel":"","context":"Similar post","block_context":{"text":"Similar post","link":""},"img":{"alt_text":"","src":"","width":0,"height":0},"classes":[]},{"id":26433,"url":"https:\/\/sakaba.mghosteur.com\/en\/product\/cosrx-the-hyaluronic-acid-3-serum\/","url_meta":{"origin":31578,"position":4},"title":"COSRX THE HYALURONIC ACID 3 SERUM","author":"admin","date":"November 25, 2022","format":false,"excerpt":"D\u00e9couvrez le S\u00e9rum Acide Hyaluronique 3, un soin pour la peau ultra-hydratant et apaisant. Gr\u00e2ce \u00e0 sa formule haute r\u00e9sistance infus\u00e9e avec 3% d'acide hyaluronique, ce s\u00e9rum aide \u00e0 repulper la peau et \u00e0 renforcer sa barri\u00e8re d'hydratation. Vous pourrez ressentir les bienfaits de l'acide hyaluronique sans vous soucier des\u2026","rel":"","context":"Similar post","block_context":{"text":"Similar post","link":""},"img":{"alt_text":"","src":"","width":0,"height":0},"classes":[]},{"id":29210,"url":"https:\/\/sakaba.mghosteur.com\/en\/product\/the-inkey-15-vitamine-c-serum-egf\/","url_meta":{"origin":31578,"position":5},"title":"THE INKEY 15% VITAMINE C + S\u00c9RUM EGF","author":"admin","date":"March 21, 2023","format":false,"excerpt":"Le s\u00e9rum 15% vitamine C + EGF est id\u00e9al pour tous ceux qui souhaitent une peau \u00e9clatante et jeune. La formule l\u00e9g\u00e8re de ce s\u00e9rum contient des ingr\u00e9dients puissants tels que la vitamine C et l'EGF, qui aident \u00e0 prot\u00e9ger votre peau contre les radicaux libres et \u00e0 stimuler la\u2026","rel":"","context":"Similar post","block_context":{"text":"Similar post","link":""},"img":{"alt_text":"","src":"","width":0,"height":0},"classes":[]}],"_links":{"self":[{"href":"https:\/\/sakaba.mghosteur.com\/en\/wp-json\/wp\/v2\/product\/31578","targetHints":{"allow":["GET"]}}],"collection":[{"href":"https:\/\/sakaba.mghosteur.com\/en\/wp-json\/wp\/v2\/product"}],"about":[{"href":"https:\/\/sakaba.mghosteur.com\/en\/wp-json\/wp\/v2\/types\/product"}],"replies":[{"embeddable":true,"href":"https:\/\/sakaba.mghosteur.com\/en\/wp-json\/wp\/v2\/comments?post=31578"}],"version-history":[{"count":0,"href":"https:\/\/sakaba.mghosteur.com\/en\/wp-json\/wp\/v2\/product\/31578\/revisions"}],"wp:attachment":[{"href":"https:\/\/sakaba.mghosteur.com\/en\/wp-json\/wp\/v2\/media?parent=31578"}],"wp:term":[{"taxonomy":"product_brand","embeddable":true,"href":"https:\/\/sakaba.mghosteur.com\/en\/wp-json\/wp\/v2\/product_brand?post=31578"},{"taxonomy":"product_cat","embeddable":true,"href":"https:\/\/sakaba.mghosteur.com\/en\/wp-json\/wp\/v2\/product_cat?post=31578"},{"taxonomy":"product_tag","embeddable":true,"href":"https:\/\/sakaba.mghosteur.com\/en\/wp-json\/wp\/v2\/product_tag?post=31578"}],"curies":[{"name":"wp","href":"https:\/\/api.w.org\/{rel}","templated":true}]}}