{"id":31581,"date":"2024-05-10T12:05:43","date_gmt":"2024-05-10T12:05:43","guid":{"rendered":"https:\/\/sakaba.mghosteur.com\/?post_type=product&#038;p=31581"},"modified":"2024-08-07T19:34:01","modified_gmt":"2024-08-07T19:34:01","slug":"cosrx-the-retinol-super-vitamine-e-panthenol","status":"publish","type":"product","link":"https:\/\/sakaba.mghosteur.com\/en\/product\/cosrx-the-retinol-super-vitamine-e-panthenol\/","title":{"rendered":"COSRX THE RETINOL SUPER VITAMINE E + PANTHENOL"},"content":{"rendered":"<div class=\"flex-1 overflow-hidden\">\n<div class=\"react-scroll-to-bottom--css-qedfa-79elbk h-full\">\n<div class=\"react-scroll-to-bottom--css-qedfa-1n7m0yu\">\n<div>\n<div class=\"flex flex-col text-sm pb-9\">\n<div class=\"w-full text-token-text-primary\" dir=\"auto\" data-testid=\"conversation-turn-3\" data-scroll-anchor=\"true\">\n<div class=\"py-2 px-3 text-base md:px-4 m-auto md:px-5 lg:px-1 xl:px-5\">\n<div class=\"mx-auto flex flex-1 gap-3 text-base juice:gap-4 juice:md:gap-6 md:max-w-3xl\">\n<div class=\"relative flex w-full min-w-0 flex-col agent-turn\">\n<div class=\"flex-col gap-1 md:gap-3\">\n<div class=\"flex flex-grow flex-col max-w-full\">\n<div class=\"min-h-[20px] text-message flex flex-col items-start whitespace-pre-wrap break-words [.text-message+&amp;]:mt-5 juice:w-full juice:items-end overflow-x-auto gap-3\" dir=\"auto\" data-message-author-role=\"assistant\" data-message-id=\"b86043f0-600b-466c-8f09-9509528cccad\">\n<div class=\"markdown prose w-full break-words dark:prose-invert light\">\n<p>D\u00e9couvrez la cr\u00e8me The Retinol 0.1 Cream de COSRX, un incontournable pour votre routine de soin. Sa formule unique associe 0,1 % de r\u00e9tinol anti-\u00e2ge \u00e0 des actifs apaisants et hydratants, tels que la vitamine E et le panth\u00e9nol. Gr\u00e2ce \u00e0 cette combinaison, cette cr\u00e8me assure une initiation en douceur au r\u00e9tinol, tout en offrant les bienfaits raffermissants de la vitamine E et en renfor\u00e7ant la barri\u00e8re cutan\u00e9e pour une hydratation prolong\u00e9e.<\/p>\n<p>Si vous cherchez \u00e0 estomper les ridules et \u00e0 pr\u00e9venir leur apparition, tout en luttant contre les boutons et les irr\u00e9gularit\u00e9s du grain de peau, cette cr\u00e8me est faite pour vous. Int\u00e9grez-la facilement dans votre routine de soin du soir, apr\u00e8s le nettoyage et avant l&#8217;application de votre soin hydratant. Pour les peaux sensibles, pr\u00e9voyez l&#8217;utilisation d&#8217;un s\u00e9rum hydratant et protecteur comme The Hyaluronic Acid 3 Serum de COSRX, avant l&#8217;application de la cr\u00e8me au r\u00e9tinol.<\/p>\n<p>Au d\u00e9but, votre peau peut passer par une phase d&#8217;adaptation au r\u00e9tinol, appel\u00e9e &#8220;r\u00e9itinisation&#8221;, ce qui peut se traduire par une l\u00e9g\u00e8re s\u00e9cheresse ou des sensations de tiraillement. Pour minimiser ces effets, commencez par une application par semaine et n&#8217;oubliez pas d&#8217;appliquer une protection solaire SPF 50+ le lendemain matin. \u00c9vitez \u00e9galement d&#8217;utiliser des produits exfoliants ou des acides dans la m\u00eame routine que le r\u00e9tinol, surtout au d\u00e9but.<\/p>\n<p>Apr\u00e8s environ un mois d&#8217;utilisation r\u00e9guli\u00e8re, vous pourrez augmenter la fr\u00e9quence d&#8217;application jusqu&#8217;\u00e0 un jour sur deux, en fonction de la tol\u00e9rance de votre peau. N&#8217;oubliez pas d&#8217;appliquer une protection solaire m\u00eame lors de l&#8217;utilisation de r\u00e9tinol pendant la journ\u00e9e. Avec la cr\u00e8me The Retinol 0.1 Cream de COSRX, offrez \u00e0 votre peau les bienfaits du r\u00e9tinol en toute s\u00e9curit\u00e9.<\/p>\n<\/div>\n<\/div>\n<\/div>\n<div class=\"mt-1 flex gap-3 empty:hidden juice:-ml-3\">\n<div class=\"-ml-1 mt-0 flex h-7 items-center justify-center gap-[2px] self-end text-gray-400 lg:justify-start lg:self-center visible\"><button class=\"rounded-md p-1 text-token-text-tertiary hover:text-token-text-primary\"><\/button><button class=\"rounded-md p-1 text-token-text-tertiary hover:text-token-text-primary\"><\/button><button class=\"rounded-md p-1 text-token-text-tertiary hover:text-token-text-primary\"><\/button><\/p>\n<div class=\"flex\"><\/div>\n<\/div>\n<\/div>\n<\/div>\n<\/div>\n<\/div>\n<\/div>\n<\/div>\n<\/div>\n<\/div>\n<\/div>\n<\/div>\n<\/div>","protected":false},"excerpt":{"rendered":"<p>D\u00e9couvrez la cr\u00e8me The Retinol 0.1 Cream de COSRX, un incontournable pour votre routine de soin. Sa formule unique associe 0,1 % de r\u00e9tinol anti-\u00e2ge \u00e0 des actifs apaisants et hydratants, tels que la vitamine E et le panth\u00e9nol. Gr\u00e2ce \u00e0 cette combinaison, cette cr\u00e8me assure une initiation en douceur au r\u00e9tinol, tout en offrant<span class=\"read-more-faq\"><a href=\"https:\/\/sakaba.mghosteur.com\/en\/product\/cosrx-the-retinol-super-vitamine-e-panthenol\/\">Read More<\/a><\/span><\/p>","protected":false},"featured_media":0,"comment_status":"open","ping_status":"closed","template":"","meta":[],"product_brand":[826],"product_cat":[1095,1018,451,334],"product_tag":[],"class_list":{"0":"post-31581","1":"product","2":"type-product","3":"status-publish","5":"product_brand-cosrx","6":"product_cat-anti-age","7":"product_cat-aai-produis-coreens","8":"product_cat-aab-soin-du-visage","9":"product_cat-traitement-serum","11":"first","12":"instock","13":"shipping-taxable","14":"product-type-simple"},"jetpack-related-posts":[{"id":31645,"url":"https:\/\/sakaba.mghosteur.com\/en\/product\/the-inkey-retinol-eye-cream-2\/","url_meta":{"origin":31581,"position":0},"title":"THE INKEY RETINOL EYE CREAM","author":"admin","date":"May 10, 2024","format":false,"excerpt":"Une cr\u00e8me contour des yeux de nuit con\u00e7ue pour cibler les ridules, formul\u00e9e sp\u00e9cifiquement pour r\u00e9duire l'apparence des rides tout en offrant un soutien suppl\u00e9mentaire \u00e0 la peau la plus fragile. Cette cr\u00e8me pour les yeux au r\u00e9tinol a \u00e9t\u00e9 \u00e9labor\u00e9e avec des d\u00e9riv\u00e9s de vitamine A \u00e0 lib\u00e9ration lente,\u2026","rel":"","context":"Similar post","block_context":{"text":"Similar post","link":""},"img":{"alt_text":"","src":"","width":0,"height":0},"classes":[]},{"id":31575,"url":"https:\/\/sakaba.mghosteur.com\/en\/product\/cosrx-aha-bha-clarifying-treatment-toner-280ml\/","url_meta":{"origin":31581,"position":1},"title":"COSRX AHA BHA CLARIFYING TREATMENT TONER 280ML","author":"admin","date":"May 10, 2024","format":false,"excerpt":"D\u00e9couvrez le Toner Clarifiant AHA\/BHA B\u00e9n\u00e9ficiez des avantages des AHA et BHA pour une peau claire ! Gr\u00e2ce \u00e0 sa formulation unique alliant AHA, BHA et des extraits botaniques purifiants, ce tonique aide \u00e0 am\u00e9liorer la texture de votre peau, \u00e0 lui redonner de la vitalit\u00e9 et \u00e0 contr\u00f4ler l'apparence\u2026","rel":"","context":"Similar post","block_context":{"text":"Similar post","link":""},"img":{"alt_text":"","src":"","width":0,"height":0},"classes":[]},{"id":27433,"url":"https:\/\/sakaba.mghosteur.com\/en\/product\/the-inkey-retinol-eye-cream\/","url_meta":{"origin":31581,"position":2},"title":"THE INKEY RETINOL  EYE CREAM","author":"admin","date":"November 29, 2022","format":false,"excerpt":"La cr\u00e8me pour les yeux au r\u00e9tinol Inkey List est une cr\u00e8me pour les yeux v\u00e9g\u00e9talienne qui utilise un r\u00e9tino\u00efde \u00e0 lib\u00e9ration lente pour lutter contre les rides sans provoquer d'irritation. Elle contient 3 % de compos\u00e9 de r\u00e9tinol stabilis\u00e9 VitaleaseTM, une formule \u00e0 lib\u00e9ration lente qui aide \u00e0 \u00e9viter\u2026","rel":"","context":"Similar post","block_context":{"text":"Similar post","link":""},"img":{"alt_text":"","src":"","width":0,"height":0},"classes":[]},{"id":29459,"url":"https:\/\/sakaba.mghosteur.com\/en\/product\/cosrx-hyaluronic-acid-intensive-cream\/","url_meta":{"origin":31581,"position":3},"title":"COSRX HYALURONIC ACID INTENSIVE CREAM","author":"admin","date":"April 4, 2023","format":false,"excerpt":"D\u00e9couvrez la Cr\u00e8me Intensive Acide Hyaluronique de la marque COSRX, le secret pour une peau souple et hydrat\u00e9e toute la journ\u00e9e ! Cette cr\u00e8me hydratante est con\u00e7ue pour augmenter la teneur en humidit\u00e9 de votre peau et la prot\u00e9ger contre la perte d'hydratation. Sa texture l\u00e9g\u00e8re et non grasse laisse\u2026","rel":"","context":"Similar post","block_context":{"text":"Similar post","link":""},"img":{"alt_text":"","src":"","width":0,"height":0},"classes":[]},{"id":29479,"url":"https:\/\/sakaba.mghosteur.com\/en\/product\/cosrx-propelis-light-cream\/","url_meta":{"origin":31581,"position":4},"title":"COSRX PROPELIS LIGHT CREAM","author":"admin","date":"April 6, 2023","format":false,"excerpt":"D\u00e9couvrez la Cr\u00e8me L\u00e9g\u00e8re Propolis Full Fit, une cr\u00e8me hydratante infus\u00e9e d'un complexe de propolis d'abeille noire et d'antioxydants. Sa texture l\u00e9g\u00e8re et g\u00e9lifi\u00e9e est facilement absorb\u00e9e par la peau pour une hydratation optimale, laissant votre peau douce et nourrie. Utilisez-la avec le toner et l'ampoule Full Fit Propolis pour\u2026","rel":"","context":"Similar post","block_context":{"text":"Similar post","link":""},"img":{"alt_text":"","src":"","width":0,"height":0},"classes":[]},{"id":56108,"url":"https:\/\/sakaba.mghosteur.com\/en\/product\/advanced-clinicals-vitamin-c-advanced-brightening-cream\/","url_meta":{"origin":31581,"position":5},"title":"Advanced Clinicals Vitamin C Advanced Brightening Cream","author":"Sope DIA","date":"January 2, 2026","format":false,"excerpt":"Cr\u00e8me \u00e0 la vitamine C pour un teint \u00e9clatant \u2013 Cette cr\u00e8me corporelle avanc\u00e9e \u00e0 la vitamine C am\u00e9liore l'aspect des peaux ternes et lisse les irr\u00e9gularit\u00e9s du teint pour un \u00e9clat visible. Formul\u00e9e pour une peau radieuse et rafra\u00eechie, elle a \u00e9t\u00e9 con\u00e7ue par des chimistes cosm\u00e9tiques pour les\u2026","rel":"","context":"Similar post","block_context":{"text":"Similar post","link":""},"img":{"alt_text":"","src":"","width":0,"height":0},"classes":[]}],"_links":{"self":[{"href":"https:\/\/sakaba.mghosteur.com\/en\/wp-json\/wp\/v2\/product\/31581","targetHints":{"allow":["GET"]}}],"collection":[{"href":"https:\/\/sakaba.mghosteur.com\/en\/wp-json\/wp\/v2\/product"}],"about":[{"href":"https:\/\/sakaba.mghosteur.com\/en\/wp-json\/wp\/v2\/types\/product"}],"replies":[{"embeddable":true,"href":"https:\/\/sakaba.mghosteur.com\/en\/wp-json\/wp\/v2\/comments?post=31581"}],"version-history":[{"count":0,"href":"https:\/\/sakaba.mghosteur.com\/en\/wp-json\/wp\/v2\/product\/31581\/revisions"}],"wp:attachment":[{"href":"https:\/\/sakaba.mghosteur.com\/en\/wp-json\/wp\/v2\/media?parent=31581"}],"wp:term":[{"taxonomy":"product_brand","embeddable":true,"href":"https:\/\/sakaba.mghosteur.com\/en\/wp-json\/wp\/v2\/product_brand?post=31581"},{"taxonomy":"product_cat","embeddable":true,"href":"https:\/\/sakaba.mghosteur.com\/en\/wp-json\/wp\/v2\/product_cat?post=31581"},{"taxonomy":"product_tag","embeddable":true,"href":"https:\/\/sakaba.mghosteur.com\/en\/wp-json\/wp\/v2\/product_tag?post=31581"}],"curies":[{"name":"wp","href":"https:\/\/api.w.org\/{rel}","templated":true}]}}