{"id":31584,"date":"2024-05-10T12:06:48","date_gmt":"2024-05-10T12:06:48","guid":{"rendered":"https:\/\/sakaba.mghosteur.com\/?post_type=product&#038;p=31584"},"modified":"2024-08-07T19:33:26","modified_gmt":"2024-08-07T19:33:26","slug":"cosrx-the-6-peptide-skin-booster","status":"publish","type":"product","link":"https:\/\/sakaba.mghosteur.com\/en\/product\/cosrx-the-6-peptide-skin-booster\/","title":{"rendered":"COSRX THE 6 PEPTIDE SKIN BOOSTER"},"content":{"rendered":"<p>Le S\u00e9rum Booster Cutan\u00e9 aux 6 Peptides Formul\u00e9 avec 6 peptides puissants, ce s\u00e9rum am\u00e9liore l&#8217;\u00e9tat global de la peau d\u00e8s la premi\u00e8re \u00e9tape de votre routine de soins.<\/p>\n<p>Format : 150 ml (5,07 fl.oz)<\/p>\n<p>AVANTAGES<\/p>\n<p>\u2022 Am\u00e9liore l&#8217;aspect g\u00e9n\u00e9ral de la peau, y compris les pores, le s\u00e9bum, la fermet\u00e9, les ridules, la texture et l&#8217;\u00e9clat \u2022 Adoucit et lisse la peau, am\u00e9liorant son teint et sa texture \u2022 Texture l\u00e9g\u00e8re et non collante, rapidement absorb\u00e9e<\/p>\n<p>CIBLES<\/p>\n<p>Ceux qui : \u2022 Ont des probl\u00e8mes de peau complexes \u2022 Souhaitent une am\u00e9lioration imm\u00e9diate de l&#8217;\u00e9tat de leur peau \u2022 Recherchent un booster de peau \u00e0 int\u00e9grer dans leur routine de soins \u2022 Pr\u00e9f\u00e8rent les s\u00e9rums l\u00e9gers et non collants<\/p>\n<p>Apr\u00e8s le nettoyage, appliquez ce s\u00e9rum en premi\u00e8re \u00e9tape de votre routine de soins. R\u00e9partissez sur l&#8217;ensemble du visage et renouvelez l&#8217;application pour amplifier les effets avant d&#8217;utiliser d&#8217;autres produits.<\/p>","protected":false},"excerpt":{"rendered":"<p>Le S\u00e9rum Booster Cutan\u00e9 aux 6 Peptides Formul\u00e9 avec 6 peptides puissants, ce s\u00e9rum am\u00e9liore l&#8217;\u00e9tat global de la peau d\u00e8s la premi\u00e8re \u00e9tape de votre routine de soins. Format : 150 ml (5,07 fl.oz) AVANTAGES \u2022 Am\u00e9liore l&#8217;aspect g\u00e9n\u00e9ral de la peau, y compris les pores, le s\u00e9bum, la fermet\u00e9, les ridules, la texture<span class=\"read-more-faq\"><a href=\"https:\/\/sakaba.mghosteur.com\/en\/product\/cosrx-the-6-peptide-skin-booster\/\">Read More<\/a><\/span><\/p>","protected":false},"featured_media":0,"comment_status":"open","ping_status":"closed","template":"","meta":[],"product_brand":[826],"product_cat":[1095,293,1018,451,334],"product_tag":[],"class_list":{"0":"post-31584","1":"product","2":"type-product","3":"status-publish","5":"product_brand-cosrx","6":"product_cat-anti-age","7":"product_cat-anti-taches","8":"product_cat-aai-produis-coreens","9":"product_cat-aab-soin-du-visage","10":"product_cat-traitement-serum","12":"first","13":"instock","14":"shipping-taxable","15":"product-type-simple"},"jetpack-related-posts":[{"id":28805,"url":"https:\/\/sakaba.mghosteur.com\/en\/product\/inkey-list-20-niacinamide-serum\/","url_meta":{"origin":31584,"position":0},"title":"The Inkey list 20% Niacinamide Serum","author":"admin","date":"December 10, 2022","format":false,"excerpt":"D\u00e9couvrez la solution id\u00e9ale pour r\u00e9guler l'exc\u00e8s de s\u00e9bum sur votre peau gr\u00e2ce au s\u00e9rum de la marque The Inkey List. Formul\u00e9 avec 20% de niacinamide, ce s\u00e9rum l\u00e9ger et non collant est votre alli\u00e9 pour am\u00e9liorer la texture de votre peau et r\u00e9duire l'apparence de vos pores dilat\u00e9s. Cr\u00e9\u00e9e\u2026","rel":"","context":"Similar post","block_context":{"text":"Similar post","link":""},"img":{"alt_text":"","src":"","width":0,"height":0},"classes":[]},{"id":31624,"url":"https:\/\/sakaba.mghosteur.com\/en\/product\/the-inkey-hyaluronic-acid\/","url_meta":{"origin":31584,"position":1},"title":"THE INKEY HYALURONIC ACID","author":"admin","date":"May 10, 2024","format":false,"excerpt":"S\u00e9rum \u00e0 l'acide hyaluronique Le best-seller num\u00e9ro un, cet essentiel quotidien est un alli\u00e9 incontournable pour chaque routine, boostant l'efficacit\u00e9 de vos autres soins de la peau. Cliniquement prouv\u00e9 pour procurer une hydratation instantan\u00e9e et durable, ce s\u00e9rum non collant laisse la peau repulp\u00e9e, lisse et radieuse. Formul\u00e9 avec 2\u2026","rel":"","context":"Similar post","block_context":{"text":"Similar post","link":""},"img":{"alt_text":"","src":"","width":0,"height":0},"classes":[]},{"id":27435,"url":"https:\/\/sakaba.mghosteur.com\/en\/product\/the-inkey-list-collagen-booster\/","url_meta":{"origin":31584,"position":2},"title":"THE INKEY LIST COLLAGEN BOOSTER","author":"admin","date":"November 29, 2022","format":false,"excerpt":"Le Collagen Booster de The Inkey List est un must-have pour toute personne soucieuse de la sant\u00e9 de sa peau. Ce s\u00e9rum est con\u00e7u pour aider \u00e0 am\u00e9liorer la texture de la peau en stimulant la production naturelle de collag\u00e8ne, pour une apparence plus jeune et plus radieuse. Le peptide\u2026","rel":"","context":"Similar post","block_context":{"text":"Similar post","link":""},"img":{"alt_text":"","src":"","width":0,"height":0},"classes":[]},{"id":31403,"url":"https:\/\/sakaba.mghosteur.com\/en\/product\/paulas-choice-pro-collagen-multi-peptide-booster\/","url_meta":{"origin":31584,"position":3},"title":"PAULA&#8217;S CHOICE PRO-COLLAGEN MULTI-PEPTIDE BOOSTER","author":"admin","date":"May 10, 2024","format":false,"excerpt":"Pro-Collagen Multi-Peptide Booster Reconstruisez, renforcez et raffermissez votre peau en profondeur gr\u00e2ce \u00e0 six peptides pro-collag\u00e8ne. Ce booster offre un soutien multicouche pour des r\u00e9sultats imm\u00e9diats et durables. Le complexe peptidique de pointe agit en profondeur pour offrir un soutien multicouche, lissant visiblement les rides en seulement 15 minutes. Cliniquement\u2026","rel":"","context":"Similar post","block_context":{"text":"Similar post","link":""},"img":{"alt_text":"","src":"","width":0,"height":0},"classes":[]},{"id":31642,"url":"https:\/\/sakaba.mghosteur.com\/en\/product\/the-inkey-niacinamide-serum\/","url_meta":{"origin":31584,"position":4},"title":"THE INKEY NIACINAMIDE SERUM","author":"admin","date":"May 10, 2024","format":false,"excerpt":"S\u00e9rum Niacinamide Un s\u00e9rum \u00e0 la niacinamide l\u00e9ger et puissant, parfait pour une int\u00e9gration ais\u00e9e dans votre routine de soins de la peau. Dot\u00e9 de 10 % de niacinamide, cette vitamine B3 d'origine naturelle est reconnue pour sa capacit\u00e9 \u00e0 r\u00e9duire efficacement l'exc\u00e8s de s\u00e9bum, les imperfections et les rougeurs.\u2026","rel":"","context":"Similar post","block_context":{"text":"Similar post","link":""},"img":{"alt_text":"","src":"","width":0,"height":0},"classes":[]},{"id":26862,"url":"https:\/\/sakaba.mghosteur.com\/en\/product\/paula-choice-10-niacinamide-booster\/","url_meta":{"origin":31584,"position":5},"title":"PAULA  CHOICE 10% NIACINAMIDE BOOSTER","author":"admin","date":"November 28, 2022","format":false,"excerpt":"Le 10% Niacinamide Booster de Paula's Choice est un s\u00e9rum concentr\u00e9 qui am\u00e9liore la texture de la peau, affine la taille des pores et r\u00e9duit les ridules. Ce produit contient 10% de niacinamide (vitamine B3) qui favorise une apparence plus lumineuse et plus jeune de la peau. La formule est\u2026","rel":"","context":"Similar post","block_context":{"text":"Similar post","link":""},"img":{"alt_text":"","src":"","width":0,"height":0},"classes":[]}],"_links":{"self":[{"href":"https:\/\/sakaba.mghosteur.com\/en\/wp-json\/wp\/v2\/product\/31584","targetHints":{"allow":["GET"]}}],"collection":[{"href":"https:\/\/sakaba.mghosteur.com\/en\/wp-json\/wp\/v2\/product"}],"about":[{"href":"https:\/\/sakaba.mghosteur.com\/en\/wp-json\/wp\/v2\/types\/product"}],"replies":[{"embeddable":true,"href":"https:\/\/sakaba.mghosteur.com\/en\/wp-json\/wp\/v2\/comments?post=31584"}],"version-history":[{"count":0,"href":"https:\/\/sakaba.mghosteur.com\/en\/wp-json\/wp\/v2\/product\/31584\/revisions"}],"wp:attachment":[{"href":"https:\/\/sakaba.mghosteur.com\/en\/wp-json\/wp\/v2\/media?parent=31584"}],"wp:term":[{"taxonomy":"product_brand","embeddable":true,"href":"https:\/\/sakaba.mghosteur.com\/en\/wp-json\/wp\/v2\/product_brand?post=31584"},{"taxonomy":"product_cat","embeddable":true,"href":"https:\/\/sakaba.mghosteur.com\/en\/wp-json\/wp\/v2\/product_cat?post=31584"},{"taxonomy":"product_tag","embeddable":true,"href":"https:\/\/sakaba.mghosteur.com\/en\/wp-json\/wp\/v2\/product_tag?post=31584"}],"curies":[{"name":"wp","href":"https:\/\/api.w.org\/{rel}","templated":true}]}}