{"id":31587,"date":"2024-05-10T12:07:43","date_gmt":"2024-05-10T12:07:43","guid":{"rendered":"https:\/\/sakaba.mghosteur.com\/?post_type=product&#038;p=31587"},"modified":"2024-08-07T19:31:35","modified_gmt":"2024-08-07T19:31:35","slug":"cosrx-propolis-honey-overnignt-mask","status":"publish","type":"product","link":"https:\/\/sakaba.mghosteur.com\/en\/product\/cosrx-propolis-honey-overnignt-mask\/","title":{"rendered":"COSRX PROPOLIS HONEY OVERNIGNT MASK"},"content":{"rendered":"<div class=\"flex-1 overflow-hidden\">\n<div class=\"react-scroll-to-bottom--css-qedfa-79elbk h-full\">\n<div class=\"react-scroll-to-bottom--css-qedfa-1n7m0yu\">\n<div class=\"flex flex-col text-sm pb-9\">\n<div class=\"w-full text-token-text-primary\" dir=\"auto\" data-testid=\"conversation-turn-3\" data-scroll-anchor=\"true\">\n<div class=\"py-2 px-3 text-base md:px-4 m-auto md:px-5 lg:px-1 xl:px-5\">\n<div class=\"mx-auto flex flex-1 gap-3 text-base juice:gap-4 juice:md:gap-6 md:max-w-3xl\">\n<div class=\"relative flex w-full min-w-0 flex-col agent-turn\">\n<div class=\"flex-col gap-1 md:gap-3\">\n<div class=\"flex flex-grow flex-col max-w-full\">\n<div class=\"min-h-[20px] text-message flex flex-col items-start whitespace-pre-wrap break-words [.text-message+&amp;]:mt-5 juice:w-full juice:items-end overflow-x-auto gap-3\" dir=\"auto\" data-message-author-role=\"assistant\" data-message-id=\"f68f576b-391e-4535-888e-86576973f029\">\n<div class=\"markdown prose w-full break-words dark:prose-invert light\">\n<p>D\u00e9couvrez le Masque Hydratant Full Fit Propolis Honey Overnight. Ce produit polyvalent vous offre une exp\u00e9rience 3 en 1 : il peut \u00eatre utilis\u00e9 comme masque de nuit, comme cr\u00e8me hydratante ou comme masque lavable.<\/p>\n<p>Gr\u00e2ce \u00e0 sa formule enrichie de plus de 70 % d&#8217;extrait de propolis et de cire d&#8217;abeille naturelle, ce masque offre une hydratation intense tout en procurant une sensation rafra\u00eechissante \u00e0 votre peau. Sa texture l\u00e9g\u00e8re permet une absorption rapide, laissant votre peau parfaitement hydrat\u00e9e et douce comme celle d&#8217;un b\u00e9b\u00e9.<\/p>\n<p>Les avantages de ce masque sont nombreux :<\/p>\n<ul>\n<li>Hydratation intense<\/li>\n<li>Sensation rafra\u00eechissante<\/li>\n<li>Apaisement des coups de soleil et des peaux \u00e9chauff\u00e9es<\/li>\n<\/ul>\n<p>Utilisez-le comme masque de nuit en l&#8217;appliquant g\u00e9n\u00e9reusement sur votre peau en fin de routine de soins avant de vous coucher. Pour un masque lavable, appliquez une couche g\u00e9n\u00e9reuse, laissez agir 15 minutes, puis rincez \u00e0 l&#8217;eau ti\u00e8de ou avec un toner. Enfin, en tant que cr\u00e8me hydratante pour le matin, appliquez-la en fin de routine de soins avant de poursuivre avec votre maquillage habituel.<\/p>\n<\/div>\n<\/div>\n<\/div>\n<div class=\"mt-1 flex gap-3 empty:hidden juice:-ml-3\">\n<div class=\"-ml-1 mt-0 flex h-7 items-center justify-center gap-[2px] self-end text-gray-400 lg:justify-start lg:self-center visible\"><\/div>\n<\/div>\n<\/div>\n<\/div>\n<\/div>\n<\/div>\n<\/div>\n<\/div>\n<\/div>\n<\/div>\n<\/div>","protected":false},"excerpt":{"rendered":"<p>D\u00e9couvrez le Masque Hydratant Full Fit Propolis Honey Overnight. Ce produit polyvalent vous offre une exp\u00e9rience 3 en 1 : il peut \u00eatre utilis\u00e9 comme masque de nuit, comme cr\u00e8me hydratante ou comme masque lavable. Gr\u00e2ce \u00e0 sa formule enrichie de plus de 70 % d&#8217;extrait de propolis et de cire d&#8217;abeille naturelle, ce masque<span class=\"read-more-faq\"><a href=\"https:\/\/sakaba.mghosteur.com\/en\/product\/cosrx-propolis-honey-overnignt-mask\/\">Read More<\/a><\/span><\/p>","protected":false},"featured_media":0,"comment_status":"open","ping_status":"closed","template":"","meta":[],"product_brand":[826],"product_cat":[1095,1018,451,334],"product_tag":[],"class_list":{"0":"post-31587","1":"product","2":"type-product","3":"status-publish","5":"product_brand-cosrx","6":"product_cat-anti-age","7":"product_cat-aai-produis-coreens","8":"product_cat-aab-soin-du-visage","9":"product_cat-traitement-serum","11":"first","12":"instock","13":"shipping-taxable","14":"product-type-simple"},"jetpack-related-posts":[{"id":29479,"url":"https:\/\/sakaba.mghosteur.com\/en\/product\/cosrx-propelis-light-cream\/","url_meta":{"origin":31587,"position":0},"title":"COSRX PROPELIS LIGHT CREAM","author":"admin","date":"April 6, 2023","format":false,"excerpt":"D\u00e9couvrez la Cr\u00e8me L\u00e9g\u00e8re Propolis Full Fit, une cr\u00e8me hydratante infus\u00e9e d'un complexe de propolis d'abeille noire et d'antioxydants. Sa texture l\u00e9g\u00e8re et g\u00e9lifi\u00e9e est facilement absorb\u00e9e par la peau pour une hydratation optimale, laissant votre peau douce et nourrie. Utilisez-la avec le toner et l'ampoule Full Fit Propolis pour\u2026","rel":"","context":"Similar post","block_context":{"text":"Similar post","link":""},"img":{"alt_text":"","src":"","width":0,"height":0},"classes":[]},{"id":29482,"url":"https:\/\/sakaba.mghosteur.com\/en\/product\/cosrx-propelis-synergy-toner\/","url_meta":{"origin":31587,"position":1},"title":"COSRX PROPELIS SYNERGY TONER","author":"admin","date":"April 6, 2023","format":false,"excerpt":"D\u00e9couvrez le Toner Synergy Propolis Full Fit ! Ce toner quotidien stimulant contient 72,6 % d'extrait de propolis d'abeille noire et 10 % d'extrait de miel pour donner \u00e0 votre peau un \u00e9clat \u00e9blouissant et une texture lisse. Vous pouvez l'utiliser avec l'ampoule Propolis Light pour obtenir un r\u00e9sultat encore\u2026","rel":"","context":"Similar post","block_context":{"text":"Similar post","link":""},"img":{"alt_text":"","src":"","width":0,"height":0},"classes":[]},{"id":26929,"url":"https:\/\/sakaba.mghosteur.com\/en\/product\/royal-honey-propolis-toner\/","url_meta":{"origin":31587,"position":2},"title":"ROYAL HONEY PROPOLIS TONER","author":"admin","date":"November 28, 2022","format":false,"excerpt":"","rel":"","context":"Similar post","block_context":{"text":"Similar post","link":""},"img":{"alt_text":"","src":"","width":0,"height":0},"classes":[]},{"id":29470,"url":"https:\/\/sakaba.mghosteur.com\/en\/product\/cosrx-overnight-spa-mask\/","url_meta":{"origin":31587,"position":3},"title":"COSRX OVERNIGHT SPA MASK","author":"admin","date":"April 4, 2023","format":false,"excerpt":"Le masque spa de nuit au riz nourrissant ultime de la marque COSRX est un excellent produit de soin pour la peau. Avec plus de 68% d'extrait de riz, ce masque hydrate en profondeur pour aider \u00e0 rendre votre peau plus douce et plus claire. Vous pouvez vous r\u00e9veiller le\u2026","rel":"","context":"Similar post","block_context":{"text":"Similar post","link":""},"img":{"alt_text":"","src":"","width":0,"height":0},"classes":[]},{"id":56153,"url":"https:\/\/sakaba.mghosteur.com\/en\/product\/beauty-of-joseon-ground-rice-and-honey-glow-mask\/","url_meta":{"origin":31587,"position":4},"title":"Beauty of Joseon Ground Rice and Honey Glow Mask","author":"Sope DIA","date":"January 2, 2026","format":false,"excerpt":"Ground Rice and Honey Glow Mask de Beauty of Joseon, un masque nettoyant et exfoliant formul\u00e9 \u00e0 base de lie de makgeolli recycl\u00e9e et d\u2019ingr\u00e9dients naturels comme la poudre de cosse de riz et le miel.Ce soin multit\u00e2che offre une action compl\u00e8te en combinant des effets \u00e9claircissants, antioxydants, hydratants et\u2026","rel":"","context":"Similar post","block_context":{"text":"Similar post","link":""},"img":{"alt_text":"","src":"","width":0,"height":0},"classes":[]},{"id":29474,"url":"https:\/\/sakaba.mghosteur.com\/en\/product\/cosrx-propelis-light-ampoule\/","url_meta":{"origin":31587,"position":5},"title":"COSRX PROPELIS LIGHT AMPOULE","author":"admin","date":"April 4, 2023","format":false,"excerpt":"D\u00e9couvrez l'Ampoule Propolis Light Fit compl\u00e8te, une formule l\u00e9g\u00e8re qui apporte des bienfaits intenses pour votre peau. Cette ampoule de soin intensif est con\u00e7ue pour rendre votre peau plus \u00e9clatante et plus lisse, sans effet collant. Elle est tr\u00e8s appr\u00e9ci\u00e9e par tous et reste la plus vendue toute l'ann\u00e9e. Ajoutez-la\u2026","rel":"","context":"Similar post","block_context":{"text":"Similar post","link":""},"img":{"alt_text":"","src":"","width":0,"height":0},"classes":[]}],"_links":{"self":[{"href":"https:\/\/sakaba.mghosteur.com\/en\/wp-json\/wp\/v2\/product\/31587","targetHints":{"allow":["GET"]}}],"collection":[{"href":"https:\/\/sakaba.mghosteur.com\/en\/wp-json\/wp\/v2\/product"}],"about":[{"href":"https:\/\/sakaba.mghosteur.com\/en\/wp-json\/wp\/v2\/types\/product"}],"replies":[{"embeddable":true,"href":"https:\/\/sakaba.mghosteur.com\/en\/wp-json\/wp\/v2\/comments?post=31587"}],"version-history":[{"count":0,"href":"https:\/\/sakaba.mghosteur.com\/en\/wp-json\/wp\/v2\/product\/31587\/revisions"}],"wp:attachment":[{"href":"https:\/\/sakaba.mghosteur.com\/en\/wp-json\/wp\/v2\/media?parent=31587"}],"wp:term":[{"taxonomy":"product_brand","embeddable":true,"href":"https:\/\/sakaba.mghosteur.com\/en\/wp-json\/wp\/v2\/product_brand?post=31587"},{"taxonomy":"product_cat","embeddable":true,"href":"https:\/\/sakaba.mghosteur.com\/en\/wp-json\/wp\/v2\/product_cat?post=31587"},{"taxonomy":"product_tag","embeddable":true,"href":"https:\/\/sakaba.mghosteur.com\/en\/wp-json\/wp\/v2\/product_tag?post=31587"}],"curies":[{"name":"wp","href":"https:\/\/api.w.org\/{rel}","templated":true}]}}