{"id":31590,"date":"2024-05-10T12:08:35","date_gmt":"2024-05-10T12:08:35","guid":{"rendered":"https:\/\/sakaba.mghosteur.com\/?post_type=product&#038;p=31590"},"modified":"2024-08-07T19:24:24","modified_gmt":"2024-08-07T19:24:24","slug":"cosrx-low-ph-good-night-soft-peeling-gel","status":"publish","type":"product","link":"https:\/\/sakaba.mghosteur.com\/en\/product\/cosrx-low-ph-good-night-soft-peeling-gel\/","title":{"rendered":"COSRX LOW PH GOOD NIGHT SOFT PEELING GEL"},"content":{"rendered":"<p>Gel peeling doux \u00e0 faible pH enrichi d&#8217;ingr\u00e9dients d&#8217;origine naturelle pour am\u00e9liorer l&#8217;\u00e9tat de la peau.<\/p>\n<p>Avec un pH similaire \u00e0 celui des composants protecteurs de la peau et de la barri\u00e8re, ce gel fonctionne parfaitement m\u00eame pour les peaux sensibles. Rapide, facile et pratique, ce gel peeling s&#8217;utilise directement sur la peau mouill\u00e9e lors du nettoyage.<\/p>\n<p>AVANTAGES<\/p>\n<p>\u2022 Exfolie pour \u00e9liminer les d\u00e9bris et les cellules mortes de la peau \u2022 Prot\u00e8ge et am\u00e9liore l&#8217;\u00e9tat de la peau au quotidien \u2022 Retient l&#8217;humidit\u00e9 pour hydrater et apaiser<\/p>\n<p>COMMENT UTILISER Apr\u00e8s le nettoyage, appliquez sur peau humide. Massez doucement la peau du bout des doigts, en \u00e9vitant le contour des yeux. Rincez abondamment \u00e0 l&#8217;eau ti\u00e8de.<\/p>\n<p>&nbsp;<\/p>","protected":false},"excerpt":{"rendered":"<p>Gel peeling doux \u00e0 faible pH enrichi d&#8217;ingr\u00e9dients d&#8217;origine naturelle pour am\u00e9liorer l&#8217;\u00e9tat de la peau. Avec un pH similaire \u00e0 celui des composants protecteurs de la peau et de la barri\u00e8re, ce gel fonctionne parfaitement m\u00eame pour les peaux sensibles. Rapide, facile et pratique, ce gel peeling s&#8217;utilise directement sur la peau mouill\u00e9e lors<span class=\"read-more-faq\"><a href=\"https:\/\/sakaba.mghosteur.com\/en\/product\/cosrx-low-ph-good-night-soft-peeling-gel\/\">Read More<\/a><\/span><\/p>","protected":false},"featured_media":0,"comment_status":"open","ping_status":"closed","template":"","meta":[],"product_brand":[826],"product_cat":[324,292,1018,451],"product_tag":[],"class_list":{"0":"post-31590","1":"product","2":"type-product","3":"status-publish","5":"product_brand-cosrx","6":"product_cat-demaquillant-nettoyant","7":"product_cat-peaux-sensibles","8":"product_cat-aai-produis-coreens","9":"product_cat-aab-soin-du-visage","11":"first","12":"instock","13":"shipping-taxable","14":"product-type-simple"},"jetpack-related-posts":[{"id":32498,"url":"https:\/\/sakaba.mghosteur.com\/en\/product\/tiam-berry-very-soft-peeling-gel\/","url_meta":{"origin":31590,"position":0},"title":"TIAM BERRY VERY SOFT PEELING GEL","author":"admin","date":"May 14, 2024","format":false,"excerpt":"Le Peeling TIAM Berry Gel Peeling Tr\u00e8s Doux offre une texture gel remarquablement d\u00e9licate qui n'entra\u00eene aucune irritation, adapt\u00e9e m\u00eame aux peaux les plus sensibles. Ce gel peeling doux exfolie en douceur la couche corn\u00e9e, favorisant ainsi une meilleure microcirculation tout en stimulant les processus de cicatrisation et de renouvellement\u2026","rel":"","context":"Similar post","block_context":{"text":"Similar post","link":""},"img":{"alt_text":"","src":"","width":0,"height":0},"classes":[]},{"id":31692,"url":"https:\/\/sakaba.mghosteur.com\/en\/product\/haruhara-wonder-black-rice-moisture-5-5-soft-cleansing-gel-unscented\/","url_meta":{"origin":31590,"position":1},"title":"HARUHARA WONDER BLACK RICE MOISTURE 5.5 SOFT CLEANSING GEL UNSCENTED","author":"admin","date":"May 10, 2024","format":false,"excerpt":"D\u00e9couvrez ce gel nettoyant doux et l\u00e9g\u00e8rement acide, id\u00e9al pour vos matins charg\u00e9s ! Formul\u00e9 sans parfum, il hydrate et nettoie en profondeur pour une routine matinale rafra\u00eechissante. Sa formule saine et l\u00e9g\u00e8rement acide maintient un pH \u00e9quilibr\u00e9, essentiel pour une peau \u00e9clatante et bien prot\u00e9g\u00e9e. Les tensioactifs naturels, puis\u00e9s\u2026","rel":"","context":"Similar post","block_context":{"text":"Similar post","link":""},"img":{"alt_text":"","src":"","width":0,"height":0},"classes":[]},{"id":31570,"url":"https:\/\/sakaba.mghosteur.com\/en\/product\/cosrx-low-ph-good-morning-gel-cleanser-400ml\/","url_meta":{"origin":31590,"position":2},"title":"COSRX LOW PH GOOD MORNING GEL CLEANSER 400ml","author":"admin","date":"May 10, 2024","format":false,"excerpt":"Nettoyant Gel Doux Bonjour pH Bas : Nettoyez quotidiennement avec ce nettoyant doux et efficace, matin et soir, en \u00e9liminant les impuret\u00e9s tout en renfor\u00e7ant la barri\u00e8re cutan\u00e9e. Un Teint Lumineux le Jour et une Peau Douce la Nuit : En affinant la texture de la peau, le nettoyant aidera\u2026","rel":"","context":"Similar post","block_context":{"text":"Similar post","link":""},"img":{"alt_text":"","src":"","width":0,"height":0},"classes":[]},{"id":27664,"url":"https:\/\/sakaba.mghosteur.com\/en\/product\/refresh-skin-therapy-fruit-acid-15-gel-peel\/","url_meta":{"origin":31590,"position":3},"title":"Refresh Skin Therapy Fruit Acid 15% gel Peel","author":"admin","date":"November 29, 2022","format":false,"excerpt":"Le gel peeling aux acides de fruits 15 % de Refresh Skin Therapy est un produit cosm\u00e9tique qui utilise des acides de fruits pour exfolier et renouveler la peau. Il peut aider \u00e0 r\u00e9duire les ridules et les rides, \u00e0 \u00e9claircir les taches pigmentaires et \u00e0 acc\u00e9l\u00e9rer le renouvellement de\u2026","rel":"","context":"Similar post","block_context":{"text":"Similar post","link":""},"img":{"alt_text":"","src":"","width":0,"height":0},"classes":[]},{"id":29466,"url":"https:\/\/sakaba.mghosteur.com\/en\/product\/cosrx-low-ph-good-mornig-gel-cleanser\/","url_meta":{"origin":31590,"position":4},"title":"COSRX LOW PH GOOD MORNIG GEL CLEANSER","author":"admin","date":"April 4, 2023","format":false,"excerpt":"Le Gel nettoyant Good Morning de la marque COSRX est un nettoyant doux en gel avec un pH l\u00e9g\u00e8rement acide. Il est con\u00e7u pour nettoyer en profondeur la peau sans la d\u00e9caper, tout en affinant sa texture. Convient \u00e0 tous les types de peau, il aide \u00e0 raffermir l'apparence de\u2026","rel":"","context":"Similar post","block_context":{"text":"Similar post","link":""},"img":{"alt_text":"","src":"","width":0,"height":0},"classes":[]},{"id":31780,"url":"https:\/\/sakaba.mghosteur.com\/en\/product\/olay-ceramide-gel-de-douche-591ml\/","url_meta":{"origin":31590,"position":5},"title":"OLAY CERAMIDE GEL DE DOUCHE 591ML","author":"admin","date":"May 10, 2024","format":false,"excerpt":"R\u00e9v\u00e9lez une peau belle et saine avec le nettoyant pour le corps nettoyant et fortifiant Olay avec complexe de c\u00e9ramides et de vitamine B3. Cette formule avanc\u00e9e hydrate en profondeur pour aider \u00e0 renforcer la barri\u00e8re d'hydratation de votre peau et la laisser douce et r\u00e9g\u00e9n\u00e9r\u00e9e. Gr\u00e2ce \u00e0 la technologie\u2026","rel":"","context":"Similar post","block_context":{"text":"Similar post","link":""},"img":{"alt_text":"","src":"","width":0,"height":0},"classes":[]}],"_links":{"self":[{"href":"https:\/\/sakaba.mghosteur.com\/en\/wp-json\/wp\/v2\/product\/31590","targetHints":{"allow":["GET"]}}],"collection":[{"href":"https:\/\/sakaba.mghosteur.com\/en\/wp-json\/wp\/v2\/product"}],"about":[{"href":"https:\/\/sakaba.mghosteur.com\/en\/wp-json\/wp\/v2\/types\/product"}],"replies":[{"embeddable":true,"href":"https:\/\/sakaba.mghosteur.com\/en\/wp-json\/wp\/v2\/comments?post=31590"}],"version-history":[{"count":0,"href":"https:\/\/sakaba.mghosteur.com\/en\/wp-json\/wp\/v2\/product\/31590\/revisions"}],"wp:attachment":[{"href":"https:\/\/sakaba.mghosteur.com\/en\/wp-json\/wp\/v2\/media?parent=31590"}],"wp:term":[{"taxonomy":"product_brand","embeddable":true,"href":"https:\/\/sakaba.mghosteur.com\/en\/wp-json\/wp\/v2\/product_brand?post=31590"},{"taxonomy":"product_cat","embeddable":true,"href":"https:\/\/sakaba.mghosteur.com\/en\/wp-json\/wp\/v2\/product_cat?post=31590"},{"taxonomy":"product_tag","embeddable":true,"href":"https:\/\/sakaba.mghosteur.com\/en\/wp-json\/wp\/v2\/product_tag?post=31590"}],"curies":[{"name":"wp","href":"https:\/\/api.w.org\/{rel}","templated":true}]}}