{"id":31593,"date":"2024-05-10T12:10:06","date_gmt":"2024-05-10T12:10:06","guid":{"rendered":"https:\/\/sakaba.mghosteur.com\/?post_type=product&#038;p=31593"},"modified":"2024-08-25T17:29:52","modified_gmt":"2024-08-25T17:29:52","slug":"cosrx-centella-water-alcohol-free-toner","status":"publish","type":"product","link":"https:\/\/sakaba.mghosteur.com\/en\/product\/cosrx-centella-water-alcohol-free-toner\/","title":{"rendered":"COSRX CENTELLA WATER ALCOHOL FREE TONER"},"content":{"rendered":"<p>Centella Water Alcohol-Free Toner<\/p>\n<p>Pour une peau apais\u00e9e et hydrat\u00e9e ! Une solution parfaite pour les propri\u00e9taires de peau sensible.<\/p>\n<p>Ce tonique aqueux, pr\u00e9sent\u00e9 sous forme de spray, est sp\u00e9cialement con\u00e7u pour soulager les peaux irrit\u00e9es et sensibles, tout en r\u00e9duisant les rougeurs. Sa liste d&#8217;ingr\u00e9dients courte et simple exclut tout composant superflu susceptible d&#8217;irriter la peau.<\/p>\n<p>Mode d&#8217;emploi : Apr\u00e8s le nettoyage, vaporisez le tonique sur un coton et tamponnez d\u00e9licatement sur le visage, en \u00e9vitant le contour des yeux et de la bouche. Vous pouvez \u00e9galement l&#8217;utiliser en brume pour une sensation de fra\u00eecheur tout au long de la journ\u00e9e.<\/p>\n<p>Avantages :<\/p>\n<ul>\n<li>Fournit des min\u00e9raux essentiels \u00e0 la peau<\/li>\n<li>Apaise efficacement la peau sensible<\/li>\n<\/ul>","protected":false},"excerpt":{"rendered":"<p>Centella Water Alcohol-Free Toner Pour une peau apais\u00e9e et hydrat\u00e9e ! Une solution parfaite pour les propri\u00e9taires de peau sensible. Ce tonique aqueux, pr\u00e9sent\u00e9 sous forme de spray, est sp\u00e9cialement con\u00e7u pour soulager les peaux irrit\u00e9es et sensibles, tout en r\u00e9duisant les rougeurs. Sa liste d&#8217;ingr\u00e9dients courte et simple exclut tout composant superflu susceptible d&#8217;irriter<span class=\"read-more-faq\"><a href=\"https:\/\/sakaba.mghosteur.com\/en\/product\/cosrx-centella-water-alcohol-free-toner\/\">Read More<\/a><\/span><\/p>","protected":false},"featured_media":0,"comment_status":"open","ping_status":"closed","template":"","meta":[],"product_brand":[826],"product_cat":[324,292,1018,451],"product_tag":[],"class_list":{"0":"post-31593","1":"product","2":"type-product","3":"status-publish","5":"product_brand-cosrx","6":"product_cat-demaquillant-nettoyant","7":"product_cat-peaux-sensibles","8":"product_cat-aai-produis-coreens","9":"product_cat-aab-soin-du-visage","11":"first","12":"instock","13":"shipping-taxable","14":"product-type-simple"},"jetpack-related-posts":[{"id":31487,"url":"https:\/\/sakaba.mghosteur.com\/en\/product\/madagascar-centella-probio-cica-essence-toner\/","url_meta":{"origin":31593,"position":0},"title":"MADAGASCAR CENTELLA PROBIO CICA ESSENCE TONER","author":"admin","date":"May 10, 2024","format":false,"excerpt":"PROBIO-CICA ESSENCE TONER DESCRIPTION : Le Probio-Cica Essence Toner est un produit innovant contenant de la Centella Asiatica malgache ferment\u00e9e, du Probio-cica et du TECA, sp\u00e9cialement con\u00e7us pour offrir des effets apaisants maximis\u00e9s. Formul\u00e9 avec du c\u00e9ramide NP, dont la structure est similaire \u00e0 celle de la barri\u00e8re cutan\u00e9e, ainsi\u2026","rel":"","context":"Similar post","block_context":{"text":"Similar post","link":""},"img":{"alt_text":"","src":"","width":0,"height":0},"classes":[]},{"id":31473,"url":"https:\/\/sakaba.mghosteur.com\/en\/product\/madagascar-centella-toning-toner-210ml\/","url_meta":{"origin":31593,"position":1},"title":"MADAGASCAR CENTELLA TONING TONER 210ML","author":"admin","date":"May 10, 2024","format":false,"excerpt":"TONIQUE APAISANT \u00c0 LA CENTELLE QU'EST-CE QUE C'EST : Un tonique exfoliant doux qui peut \u00eatre utilis\u00e9 quotidiennement pour aider \u00e0 \u00e9liminer les cellules mortes de la peau et convient aux peaux sensibles. INGR\u00c9DIENTS CL\u00c9S : PHA (Gluconolactone) : Exfolie et \u00e9limine les cellules mortes de la peau sans irriter\u2026","rel":"","context":"Similar post","block_context":{"text":"Similar post","link":""},"img":{"alt_text":"","src":"","width":0,"height":0},"classes":[]},{"id":29453,"url":"https:\/\/sakaba.mghosteur.com\/en\/product\/cosrx-galactomyces-95-tone-balancing-essence\/","url_meta":{"origin":31593,"position":2},"title":"COSRX GALACTOMYCES 95 TONE BALANCING ESSENCE","author":"admin","date":"April 4, 2023","format":false,"excerpt":"D\u00e9couvrez l'essence \u00e9quilibrante de ton Galactomyces 95 de la marque COSRX ! Cette essence multi-action est con\u00e7ue pour les peaux ternes et rugueuses. Elle contient 95% de filtrat de ferment de Galactomyces pour nourrir et hydrater la peau, tout en la rendant plus \u00e9clatante et plus claire. Gr\u00e2ce \u00e0 l'acide\u2026","rel":"","context":"Similar post","block_context":{"text":"Similar post","link":""},"img":{"alt_text":"","src":"","width":0,"height":0},"classes":[]},{"id":31749,"url":"https:\/\/sakaba.mghosteur.com\/en\/product\/byoma-hydrating-milky-toner-150ml\/","url_meta":{"origin":31593,"position":3},"title":"BYOMA HYDRATING MILKY TONER 150ML","author":"admin","date":"May 10, 2024","format":false,"excerpt":"HYDRATER ET APAISER 150 ML Ce tonique ultra-apaisant et doux agit pour d\u00e9salt\u00e9rer la peau s\u00e8che tout en r\u00e9parant et en restaurant les barri\u00e8res cutan\u00e9es sensibilis\u00e9es et sensibles. La formule laiteuse r\u00e9confortante hydrate, calme et apaise la peau d\u00e8s la premi\u00e8re utilisation, renfor\u00e7ant ainsi la fonction quotidienne de la barri\u00e8re\u2026","rel":"","context":"Similar post","block_context":{"text":"Similar post","link":""},"img":{"alt_text":"","src":"","width":0,"height":0},"classes":[]},{"id":31381,"url":"https:\/\/sakaba.mghosteur.com\/en\/product\/beauty-of-joseon-light-on-serum-centella-vita-c\/","url_meta":{"origin":31593,"position":4},"title":"BEAUTY OF JOSEON LIGHT ON SERUM CENTELLA VITA C","author":"admin","date":"May 10, 2024","format":false,"excerpt":"D\u00e9couvrez le s\u00e9rum Lumi\u00e8re Activ\u00e9e : Centella + Vita C. Ce s\u00e9rum \u00e9claircissant associe l'extrait de Centella Asiatica et la vitamine C pour offrir une exp\u00e9rience de soin de la peau in\u00e9gal\u00e9e. Ce produit innovant r\u00e9sout les probl\u00e8mes courants associ\u00e9s aux s\u00e9rums \u00e0 base de vitamine C pure. Fini le\u2026","rel":"","context":"Similar post","block_context":{"text":"Similar post","link":""},"img":{"alt_text":"","src":"","width":0,"height":0},"classes":[]},{"id":31501,"url":"https:\/\/sakaba.mghosteur.com\/en\/product\/madagascar-centella-probio-cica-50ml\/","url_meta":{"origin":31593,"position":5},"title":"MADAGASCAR CENTELLA PROBIO CICA 50ML","author":"admin","date":"May 10, 2024","format":false,"excerpt":"PROBIO-CICA INTENSIVE AMPOULE DESCRIPTION : La Probio-Cica Intensive Ampoule est une solution hautement concentr\u00e9e, infus\u00e9e des bienfaits nourrissants et efficaces de la Centella ferment\u00e9e. Elle prend soin de la peau de mani\u00e8re saine, offrant une action apaisante rapide sur les peaux irrit\u00e9es. POLYVALENTE ET TOUT-EN-UN : Cette ampoule polyvalente est\u2026","rel":"","context":"Similar post","block_context":{"text":"Similar post","link":""},"img":{"alt_text":"","src":"","width":0,"height":0},"classes":[]}],"_links":{"self":[{"href":"https:\/\/sakaba.mghosteur.com\/en\/wp-json\/wp\/v2\/product\/31593","targetHints":{"allow":["GET"]}}],"collection":[{"href":"https:\/\/sakaba.mghosteur.com\/en\/wp-json\/wp\/v2\/product"}],"about":[{"href":"https:\/\/sakaba.mghosteur.com\/en\/wp-json\/wp\/v2\/types\/product"}],"replies":[{"embeddable":true,"href":"https:\/\/sakaba.mghosteur.com\/en\/wp-json\/wp\/v2\/comments?post=31593"}],"version-history":[{"count":0,"href":"https:\/\/sakaba.mghosteur.com\/en\/wp-json\/wp\/v2\/product\/31593\/revisions"}],"wp:attachment":[{"href":"https:\/\/sakaba.mghosteur.com\/en\/wp-json\/wp\/v2\/media?parent=31593"}],"wp:term":[{"taxonomy":"product_brand","embeddable":true,"href":"https:\/\/sakaba.mghosteur.com\/en\/wp-json\/wp\/v2\/product_brand?post=31593"},{"taxonomy":"product_cat","embeddable":true,"href":"https:\/\/sakaba.mghosteur.com\/en\/wp-json\/wp\/v2\/product_cat?post=31593"},{"taxonomy":"product_tag","embeddable":true,"href":"https:\/\/sakaba.mghosteur.com\/en\/wp-json\/wp\/v2\/product_tag?post=31593"}],"curies":[{"name":"wp","href":"https:\/\/api.w.org\/{rel}","templated":true}]}}