{"id":31596,"date":"2024-05-10T12:14:24","date_gmt":"2024-05-10T12:14:24","guid":{"rendered":"https:\/\/sakaba.mghosteur.com\/?post_type=product&#038;p=31596"},"modified":"2024-08-07T20:27:23","modified_gmt":"2024-08-07T20:27:23","slug":"laneige-water-bank-hydro-essence-serum-hydratant","status":"publish","type":"product","link":"https:\/\/sakaba.mghosteur.com\/en\/product\/laneige-water-bank-hydro-essence-serum-hydratant\/","title":{"rendered":"LANEIGE WATER BANK HYDRO ESSENCE SERUM HYDRATANT"},"content":{"rendered":"<p>D\u00e9couvrez le s\u00e9rum hydratant &#8220;Hydro Essence&#8221; de la marque LANEIGE, un indispensable pour r\u00e9hydrater et lisser votre peau en profondeur. Sp\u00e9cialement con\u00e7u pour les peaux normales \u00e0 mixtes, ce s\u00e9rum contient de l&#8217;Eau Min\u00e9rale Verte impr\u00e9gn\u00e9e d&#8217;extraits de l\u00e9gumes, fournissant \u00e0 votre peau six min\u00e9raux essentiels pour une sensation de fermet\u00e9 et de douceur incomparable. Sa texture gel l\u00e9g\u00e8re p\u00e9n\u00e8tre rapidement dans la peau, pr\u00e9parant ainsi le terrain pour l&#8217;application de votre cr\u00e8me hydratante quotidienne. Gr\u00e2ce \u00e0 ce s\u00e9rum, votre peau restera souple et \u00e9clatante pendant 24 heures.<\/p>\n<p>Pour profiter pleinement de ses bienfaits :<\/p>\n<ul>\n<li>Utilisez matin et soir pour une hydratation continue.<\/li>\n<li>Appliquez d\u00e9licatement le s\u00e9rum apr\u00e8s avoir nettoy\u00e9 votre peau et appliqu\u00e9 votre tonique, en partant du centre de votre visage et en vous dirigeant vers l&#8217;ext\u00e9rieur.<\/li>\n<li>Pour une absorption optimale, tapotez l\u00e9g\u00e8rement votre visage avec les paumes de vos mains.<\/li>\n<\/ul>","protected":false},"excerpt":{"rendered":"<p>D\u00e9couvrez le s\u00e9rum hydratant &#8220;Hydro Essence&#8221; de la marque LANEIGE, un indispensable pour r\u00e9hydrater et lisser votre peau en profondeur. Sp\u00e9cialement con\u00e7u pour les peaux normales \u00e0 mixtes, ce s\u00e9rum contient de l&#8217;Eau Min\u00e9rale Verte impr\u00e9gn\u00e9e d&#8217;extraits de l\u00e9gumes, fournissant \u00e0 votre peau six min\u00e9raux essentiels pour une sensation de fermet\u00e9 et de douceur incomparable.<span class=\"read-more-faq\"><a href=\"https:\/\/sakaba.mghosteur.com\/en\/product\/laneige-water-bank-hydro-essence-serum-hydratant\/\">Read More<\/a><\/span><\/p>","protected":false},"featured_media":0,"comment_status":"open","ping_status":"closed","template":"","meta":[],"product_brand":[903],"product_cat":[451,334],"product_tag":[],"class_list":{"0":"post-31596","1":"product","2":"type-product","3":"status-publish","5":"product_brand-laneige","6":"product_cat-aab-soin-du-visage","7":"product_cat-traitement-serum","9":"first","10":"instock","11":"shipping-taxable","12":"product-type-simple"},"jetpack-related-posts":[{"id":24015,"url":"https:\/\/sakaba.mghosteur.com\/en\/product\/neutrogena-hydro-boost-hyaluronic-acid-serum\/","url_meta":{"origin":31596,"position":0},"title":"NEUTROGENA HYDRO BOOST HYALURONIC ACID SERUM","author":"admin","date":"November 9, 2022","format":false,"excerpt":"Le s\u00e9rum visage quotidien \u00e0 l'acide hyaluronique Neutrogena Hydro Boost est un produit de soin de la peau ultra-l\u00e9ger qui offre une hydratation longue dur\u00e9e pour une peau extra-lisse et souple. Adapt\u00e9 aux peaux sensibles, il d\u00e9salt\u00e8re la peau en profondeur gr\u00e2ce \u00e0 sa formule unique contenant deux tailles d'acide\u2026","rel":"","context":"Similar post","block_context":{"text":"Similar post","link":""},"img":{"alt_text":"","src":"","width":0,"height":0},"classes":[]},{"id":30330,"url":"https:\/\/sakaba.mghosteur.com\/en\/product\/neutrogena-hydro-boost-night-pressed-serum\/","url_meta":{"origin":31596,"position":1},"title":"NEUTROGENA HYDRO BOOST NIGHT PRESSED SERUM","author":"admin","date":"May 8, 2023","format":false,"excerpt":"D\u00e9couvrez le s\u00e9rum press\u00e9 pour le visage Hydro Boost Night \u00e0 l'acide hyaluronique pur de la marque Neutrogena, un concentr\u00e9 multi-r\u00e9parateur unique con\u00e7u pour revitaliser et restaurer la barri\u00e8re d'hydratation de votre peau pendant la nuit. Ce s\u00e9rum pour le visage fond instantan\u00e9ment dans votre peau pour une hydratation en\u2026","rel":"","context":"Similar post","block_context":{"text":"Similar post","link":""},"img":{"alt_text":"","src":"","width":0,"height":0},"classes":[]},{"id":31459,"url":"https:\/\/sakaba.mghosteur.com\/en\/product\/laneige-bouncy-firm-sleepling-mask-masque-de-nuit-60ml\/","url_meta":{"origin":31596,"position":2},"title":"LANEIGE BOUNCY &amp; FIRM SLEEPLING MASK MASQUE DE NUIT 60ML","author":"admin","date":"May 10, 2024","format":false,"excerpt":"D\u00e9couvrez le masque de nuit Bouncy & Firm de Laneige, un alli\u00e9 pour r\u00e9v\u00e9ler l'\u00e9clat naturel de votre peau. Ce masque nocturne est sp\u00e9cialement formul\u00e9 pour revitaliser et raffermir votre peau pendant que vous dormez. Enrichi d'un complexe \u00e0 base de pivoine et de collag\u00e8ne\u2122 ainsi que de peptides, il\u2026","rel":"","context":"Similar post","block_context":{"text":"Similar post","link":""},"img":{"alt_text":"","src":"","width":0,"height":0},"classes":[]},{"id":24013,"url":"https:\/\/sakaba.mghosteur.com\/en\/product\/neutrogena-hydro-boost-hydrating-serum-hyaluronic-acid\/","url_meta":{"origin":31596,"position":3},"title":"NEUTROGENA HYDRO BOOST HYDRATING SERUM HYALURONIC ACID","author":"admin","date":"November 9, 2022","format":false,"excerpt":"Hydro Boost pour une hydratation suppl\u00e9mentaire. Masser d\u00e9licatement sur la peau en \u00e9vitant le contour des yeux. Utiliser matin et soir pour des r\u00e9sultats optimaux. INGR\u00c9DIENTS Eau, glyc\u00e9rine, dim\u00e9thicone, cyclohexasiloxane, cyclopentasiloxane, polym\u00e8re crois\u00e9 de dim\u00e9thiconol, polyacrylamide, acide hyaluronique, acide carbom\u00e8re, C13-14 isoparaffine, chlorph\u00e9n\u00e9sine, laureth-7, propyl\u00e8ne glycol, EDTA disodique, parfum. Le\u2026","rel":"","context":"Similar post","block_context":{"text":"Similar post","link":""},"img":{"alt_text":"","src":"","width":0,"height":0},"classes":[]},{"id":31433,"url":"https:\/\/sakaba.mghosteur.com\/en\/product\/numbuzin-5-vitamin-concentrated-serum-30ml\/","url_meta":{"origin":31596,"position":4},"title":"NUMBUZIN 5+ VITAMIN CONCENTRATED SERUM 30ML","author":"admin","date":"May 10, 2024","format":false,"excerpt":"D\u00e9couvrez le S\u00e9rum Concentr\u00e9 Vitamine No.5, une fusion de puissants antioxydants tels que le glutathion et la niacinamide. Ce s\u00e9rum de 30 ml est con\u00e7u pour unifier et hydrater votre peau tout en lui apportant une protection sup\u00e9rieure. Sa formule innovante associe des ingr\u00e9dients \u00e9claircissants comme l'alpha-arbutine et la vitamine\u2026","rel":"","context":"Similar post","block_context":{"text":"Similar post","link":""},"img":{"alt_text":"","src":"","width":0,"height":0},"classes":[]},{"id":31428,"url":"https:\/\/sakaba.mghosteur.com\/en\/product\/numbuzin-3-skin-softening\/","url_meta":{"origin":31596,"position":5},"title":"NUMBUZIN 3 SKIN SOFTENING","author":"admin","date":"May 10, 2024","format":false,"excerpt":"Le S\u00e9rum Adoucissant Numbuzin No.3 est une solution r\u00e9paratrice innovante, enrichie en galactomyces bifida, qui revitalise et hydrate votre peau en profondeur. Con\u00e7u pour stimuler l'\u00e9lasticit\u00e9 cutan\u00e9e et att\u00e9nuer l'apparence des rides, ce s\u00e9rum vous offre une peau \u00e9clatante et rajeunie. Sa formule l\u00e9g\u00e8re p\u00e9n\u00e8tre rapidement dans la peau, la\u2026","rel":"","context":"Similar post","block_context":{"text":"Similar post","link":""},"img":{"alt_text":"","src":"","width":0,"height":0},"classes":[]}],"_links":{"self":[{"href":"https:\/\/sakaba.mghosteur.com\/en\/wp-json\/wp\/v2\/product\/31596","targetHints":{"allow":["GET"]}}],"collection":[{"href":"https:\/\/sakaba.mghosteur.com\/en\/wp-json\/wp\/v2\/product"}],"about":[{"href":"https:\/\/sakaba.mghosteur.com\/en\/wp-json\/wp\/v2\/types\/product"}],"replies":[{"embeddable":true,"href":"https:\/\/sakaba.mghosteur.com\/en\/wp-json\/wp\/v2\/comments?post=31596"}],"version-history":[{"count":0,"href":"https:\/\/sakaba.mghosteur.com\/en\/wp-json\/wp\/v2\/product\/31596\/revisions"}],"wp:attachment":[{"href":"https:\/\/sakaba.mghosteur.com\/en\/wp-json\/wp\/v2\/media?parent=31596"}],"wp:term":[{"taxonomy":"product_brand","embeddable":true,"href":"https:\/\/sakaba.mghosteur.com\/en\/wp-json\/wp\/v2\/product_brand?post=31596"},{"taxonomy":"product_cat","embeddable":true,"href":"https:\/\/sakaba.mghosteur.com\/en\/wp-json\/wp\/v2\/product_cat?post=31596"},{"taxonomy":"product_tag","embeddable":true,"href":"https:\/\/sakaba.mghosteur.com\/en\/wp-json\/wp\/v2\/product_tag?post=31596"}],"curies":[{"name":"wp","href":"https:\/\/api.w.org\/{rel}","templated":true}]}}