{"id":31600,"date":"2024-05-10T12:21:37","date_gmt":"2024-05-10T12:21:37","guid":{"rendered":"https:\/\/sakaba.mghosteur.com\/?post_type=product&#038;p=31600"},"modified":"2024-09-01T04:31:48","modified_gmt":"2024-09-01T04:31:48","slug":"cosrx-original-clear-pad-salix-alba-bark-water-bha","status":"publish","type":"product","link":"https:\/\/sakaba.mghosteur.com\/en\/product\/cosrx-original-clear-pad-salix-alba-bark-water-bha\/","title":{"rendered":"ONE STEP ORIGINAL CLEAR PAD"},"content":{"rendered":"<p>Les Tampons Exfoliants Clear Pad One Step Original sont votre alli\u00e9 pour une peau claire et sans imperfections. Chaque bo\u00eete contient 70 tampons, impr\u00e9gn\u00e9s d&#8217;une essence douce qui \u00e9limine les impuret\u00e9s et l&#8217;exc\u00e8s de s\u00e9bum en un seul geste.<\/p>\n<p>Gr\u00e2ce \u00e0 leur texture gaufr\u00e9e, ces tampons p\u00e9n\u00e8trent en profondeur dans les pores, aidant \u00e0 d\u00e9gager les obstructions et \u00e0 exfolier les cellules mortes de la peau. Parfait pour les peaux sujettes aux \u00e9ruptions cutan\u00e9es, grasses ou ternes, ils peuvent \u00eatre utilis\u00e9s en toute s\u00e9curit\u00e9 au quotidien.<\/p>\n<p>Pour une utilisation optimale, passez doucement le c\u00f4t\u00e9 gaufr\u00e9 sur le visage apr\u00e8s le nettoyage, en \u00e9vitant le contour des yeux. Ensuite, utilisez le c\u00f4t\u00e9 le plus doux pour \u00e9liminer les r\u00e9sidus et r\u00e9v\u00e9ler une peau fra\u00eeche et revitalis\u00e9e.<\/p>\n<p>Offrez \u00e0 votre peau le soin qu&#8217;elle m\u00e9rite avec les Tampons Exfoliants Clear Pad One Step Original.<\/p>","protected":false},"excerpt":{"rendered":"<p>Les Tampons Exfoliants Clear Pad One Step Original sont votre alli\u00e9 pour une peau claire et sans imperfections. Chaque bo\u00eete contient 70 tampons, impr\u00e9gn\u00e9s d&#8217;une essence douce qui \u00e9limine les impuret\u00e9s et l&#8217;exc\u00e8s de s\u00e9bum en un seul geste. Gr\u00e2ce \u00e0 leur texture gaufr\u00e9e, ces tampons p\u00e9n\u00e8trent en profondeur dans les pores, aidant \u00e0 d\u00e9gager<span class=\"read-more-faq\"><a href=\"https:\/\/sakaba.mghosteur.com\/en\/product\/cosrx-original-clear-pad-salix-alba-bark-water-bha\/\">Read More<\/a><\/span><\/p>","protected":false},"featured_media":0,"comment_status":"open","ping_status":"closed","template":"","meta":[],"product_brand":[826],"product_cat":[293,384,1018,451,334],"product_tag":[],"class_list":{"0":"post-31600","1":"product","2":"type-product","3":"status-publish","5":"product_brand-cosrx","6":"product_cat-anti-taches","7":"product_cat-peaux-grasses","8":"product_cat-aai-produis-coreens","9":"product_cat-aab-soin-du-visage","10":"product_cat-traitement-serum","12":"first","13":"instock","14":"shipping-taxable","15":"product-type-simple"},"jetpack-related-posts":[{"id":31813,"url":"https:\/\/sakaba.mghosteur.com\/en\/product\/anua-heartleaf-77-clear-pad-160ml\/","url_meta":{"origin":31600,"position":0},"title":"ANUA HEARTLEAF 77% CLEAR PAD 160ml","author":"admin","date":"May 10, 2024","format":false,"excerpt":"Anua Heartleaf 77% Clear Pad est un tampon nettoyant hydratant de 70 feuilles imbib\u00e9 d'extrait de heartleaf \u00e0 77 %. Il est con\u00e7u pour \u00e9liminer les impuret\u00e9s tout en apaisant la peau et convient \u00e0 tous les types de peau, en particulier les peaux sensibles. Le tampon utilise \u00e0 la\u2026","rel":"","context":"Similar post","block_context":{"text":"Similar post","link":""},"img":{"alt_text":"","src":"","width":0,"height":0},"classes":[]},{"id":31451,"url":"https:\/\/sakaba.mghosteur.com\/en\/product\/numbuzin-vitamine-niacinamidee-concentrade-pad-5-180ml\/","url_meta":{"origin":31600,"position":1},"title":"NUMBUZIN VITAMINE NIACINAMIDEE CONCENTRADE PAD 5+ 180ml","author":"admin","date":"May 10, 2024","format":false,"excerpt":"D\u00e9couvrez le Numbuzin n\u00b05, un tampon concentr\u00e9 en vitamine niacinamide con\u00e7u pour laisser votre peau claire et revitalis\u00e9e. Sa formule \u00e9clairante associe habilement le glutathion, la niacinamide et la vitamine pour un effet optimal. Les tampons \u00e0 double face offrent un double effet : d'un c\u00f4t\u00e9, le glutathion lisse la\u2026","rel":"","context":"Similar post","block_context":{"text":"Similar post","link":""},"img":{"alt_text":"","src":"","width":0,"height":0},"classes":[]},{"id":27864,"url":"https:\/\/sakaba.mghosteur.com\/en\/product\/first-aid-beauty-ingrown-hair-pads\/","url_meta":{"origin":31600,"position":2},"title":"FIRST AID BEAUTY INGROWN HAIR PADS","author":"admin","date":"November 29, 2022","format":false,"excerpt":"Les tampons pour poils incarn\u00e9s First Aid Beauty sont des tampons \u00e0 usage unique qui exfolient la peau pour pr\u00e9venir les bosses de rasoir et les poils incarn\u00e9s douloureux. Ils contiennent des acides glycolique et salicylique et sont con\u00e7us pour \u00eatre utilis\u00e9s 24 heures apr\u00e8s l'\u00e9pilation. Les tampons sont formul\u00e9s\u2026","rel":"","context":"Similar post","block_context":{"text":"Similar post","link":""},"img":{"alt_text":"","src":"","width":0,"height":0},"classes":[]},{"id":34192,"url":"https:\/\/sakaba.mghosteur.com\/en\/product\/first-aid-beauty-facial-radiance-pads\/","url_meta":{"origin":31600,"position":3},"title":"FIRST AID BEAUTY FACIAL RADIANCE PADS","author":"admin","date":"May 27, 2024","format":false,"excerpt":"Les tampons \u00e9clat du visage First Aid Beauty sont des tampons pr\u00e9-imbib\u00e9s qui \u00e9claircissent, tonifient et exfolient la peau en une seule lingette. Ils sont con\u00e7us pour un usage quotidien et sont sans danger pour les peaux sensibles. Les tampons contiennent de l'acide glycolique, de l'acide lactique, de l'acide alpha-hydroxy\u2026","rel":"","context":"Similar post","block_context":{"text":"Similar post","link":""},"img":{"alt_text":"","src":"","width":0,"height":0},"classes":[]},{"id":31473,"url":"https:\/\/sakaba.mghosteur.com\/en\/product\/madagascar-centella-toning-toner-210ml\/","url_meta":{"origin":31600,"position":4},"title":"MADAGASCAR CENTELLA TONING TONER 210ML","author":"admin","date":"May 10, 2024","format":false,"excerpt":"TONIQUE APAISANT \u00c0 LA CENTELLE QU'EST-CE QUE C'EST : Un tonique exfoliant doux qui peut \u00eatre utilis\u00e9 quotidiennement pour aider \u00e0 \u00e9liminer les cellules mortes de la peau et convient aux peaux sensibles. INGR\u00c9DIENTS CL\u00c9S : PHA (Gluconolactone) : Exfolie et \u00e9limine les cellules mortes de la peau sans irriter\u2026","rel":"","context":"Similar post","block_context":{"text":"Similar post","link":""},"img":{"alt_text":"","src":"","width":0,"height":0},"classes":[]},{"id":56206,"url":"https:\/\/sakaba.mghosteur.com\/en\/product\/mediheal-watermide-moisture-pad\/","url_meta":{"origin":31600,"position":5},"title":"Mediheal Watermide Moisture Pad","author":"Sope DIA","date":"January 2, 2026","format":false,"excerpt":"Tampons de toner quotidiens jour et nuit pour une r\u00e9paration rapide de la peau Fournit la solution de beaut\u00e9 adapt\u00e9e \u00e0 vos types de peau et \u00e0 vos pr\u00e9occupations. Taille (67 mm) pour couvrir une large zone. Coins arrondis pour un ajustement parfait sur la peau. 2 en 1 ;\u2026","rel":"","context":"Similar post","block_context":{"text":"Similar post","link":""},"img":{"alt_text":"","src":"","width":0,"height":0},"classes":[]}],"_links":{"self":[{"href":"https:\/\/sakaba.mghosteur.com\/en\/wp-json\/wp\/v2\/product\/31600","targetHints":{"allow":["GET"]}}],"collection":[{"href":"https:\/\/sakaba.mghosteur.com\/en\/wp-json\/wp\/v2\/product"}],"about":[{"href":"https:\/\/sakaba.mghosteur.com\/en\/wp-json\/wp\/v2\/types\/product"}],"replies":[{"embeddable":true,"href":"https:\/\/sakaba.mghosteur.com\/en\/wp-json\/wp\/v2\/comments?post=31600"}],"version-history":[{"count":0,"href":"https:\/\/sakaba.mghosteur.com\/en\/wp-json\/wp\/v2\/product\/31600\/revisions"}],"wp:attachment":[{"href":"https:\/\/sakaba.mghosteur.com\/en\/wp-json\/wp\/v2\/media?parent=31600"}],"wp:term":[{"taxonomy":"product_brand","embeddable":true,"href":"https:\/\/sakaba.mghosteur.com\/en\/wp-json\/wp\/v2\/product_brand?post=31600"},{"taxonomy":"product_cat","embeddable":true,"href":"https:\/\/sakaba.mghosteur.com\/en\/wp-json\/wp\/v2\/product_cat?post=31600"},{"taxonomy":"product_tag","embeddable":true,"href":"https:\/\/sakaba.mghosteur.com\/en\/wp-json\/wp\/v2\/product_tag?post=31600"}],"curies":[{"name":"wp","href":"https:\/\/api.w.org\/{rel}","templated":true}]}}