{"id":31603,"date":"2024-05-10T12:23:00","date_gmt":"2024-05-10T12:23:00","guid":{"rendered":"https:\/\/sakaba.mghosteur.com\/?post_type=product&#038;p=31603"},"modified":"2024-08-15T01:58:10","modified_gmt":"2024-08-15T01:58:10","slug":"the-ordinary-soothing-barrier-support","status":"publish","type":"product","link":"https:\/\/sakaba.mghosteur.com\/en\/product\/the-ordinary-soothing-barrier-support\/","title":{"rendered":"The Ordinary SOOTHING &amp; BARRIER SUPPORT"},"content":{"rendered":"<p>D\u00e9couvrez le S\u00e9rum de Soutien Apaisant et Barri\u00e8re, une solution multi-active cibl\u00e9e pour apaiser la peau irrit\u00e9e. Ce s\u00e9rum innovant aide \u00e0 restaurer la barri\u00e8re cutan\u00e9e en seulement 2 heures*, offrant un boost imm\u00e9diat de 86%** d&#8217;hydratation pour une peau confortable et apais\u00e9e.<\/p>\n<p>Gr\u00e2ce \u00e0 sa formulation avanc\u00e9e contenant plusieurs vitamines, lipides et phytotechnologies, ce s\u00e9rum agit pour renforcer la barri\u00e8re cutan\u00e9e tout en am\u00e9liorant la texture de la peau, la laissant visiblement plus lisse et uniforme.<\/p>\n<p>Les ingr\u00e9dients cl\u00e9s de ce s\u00e9rum incluent la Vitamine B12 pour r\u00e9duire la s\u00e9cheresse et les rougeurs, les d\u00e9riv\u00e9s d&#8217;acide gallique pour apaiser l&#8217;inconfort cutan\u00e9, le Bisabolol pour att\u00e9nuer les rougeurs, et un Complexe Apaisant pour soulager les sensations de tiraillement et d&#8217;inconfort. De plus, le s\u00e9rum contient 2% de niacinamide pour favoriser l&#8217;hydratation et des hydratants \u00e0 base de sucre pour soutenir la barri\u00e8re cutan\u00e9e.<\/p>\n<p>Les tests cliniques d\u00e9montrent que ce s\u00e9rum :<\/p>\n<ul>\n<li>R\u00e9pare et renforce la barri\u00e8re cutan\u00e9e<\/li>\n<li>Augmente l&#8217;hydratation de la peau de 86% instantan\u00e9ment<\/li>\n<li>Fournit une hydratation durable tout au long de la journ\u00e9e<\/li>\n<li>R\u00e9duit visiblement les rougeurs<\/li>\n<li>Am\u00e9liore la texture in\u00e9gale de la peau pour un teint plus lisse et uniforme.<\/li>\n<\/ul>\n<p>Offrez \u00e0 votre peau le soin qu&#8217;elle m\u00e9rite avec le S\u00e9rum de Soutien Apaisant et Barri\u00e8re, un incontournable pour tous les types de peau, m\u00eame les plus sensibles.<\/p>","protected":false},"excerpt":{"rendered":"<p>D\u00e9couvrez le S\u00e9rum de Soutien Apaisant et Barri\u00e8re, une solution multi-active cibl\u00e9e pour apaiser la peau irrit\u00e9e. Ce s\u00e9rum innovant aide \u00e0 restaurer la barri\u00e8re cutan\u00e9e en seulement 2 heures*, offrant un boost imm\u00e9diat de 86%** d&#8217;hydratation pour une peau confortable et apais\u00e9e. Gr\u00e2ce \u00e0 sa formulation avanc\u00e9e contenant plusieurs vitamines, lipides et phytotechnologies, ce<span class=\"read-more-faq\"><a href=\"https:\/\/sakaba.mghosteur.com\/en\/product\/the-ordinary-soothing-barrier-support\/\">Read More<\/a><\/span><\/p>","protected":false},"featured_media":0,"comment_status":"open","ping_status":"closed","template":"","meta":[],"product_brand":[988],"product_cat":[292,451,334],"product_tag":[],"class_list":{"0":"post-31603","1":"product","2":"type-product","3":"status-publish","5":"product_brand-the-ordinary","6":"product_cat-peaux-sensibles","7":"product_cat-aab-soin-du-visage","8":"product_cat-traitement-serum","10":"first","11":"instock","12":"shipping-taxable","13":"product-type-simple"},"jetpack-related-posts":[{"id":31727,"url":"https:\/\/sakaba.mghosteur.com\/en\/product\/byoma-crarifing-serum\/","url_meta":{"origin":31603,"position":0},"title":"BYOMA CLARIFYING SERUM","author":"admin","date":"May 10, 2024","format":false,"excerpt":"S\u00c9RUM CLARIFIANT \u00c9QUILIBRER ET CLARIFIER 30 ML\/1,01 FL.OZ Ce s\u00e9rum clarifiant pour le visage, doux mais efficace, \u00e9quilibre la texture de la peau tout en soutenant la fonction de barri\u00e8re cutan\u00e9e pour un teint plus calme et plus clair. Am\u00e9liore les signes de texture de la peau et calme les\u2026","rel":"","context":"Similar post","block_context":{"text":"Similar post","link":""},"img":{"alt_text":"","src":"","width":0,"height":0},"classes":[]},{"id":31609,"url":"https:\/\/sakaba.mghosteur.com\/en\/product\/the-ordinary-aloe-2-nag-2-solution\/","url_meta":{"origin":31603,"position":1},"title":"The Ordinary ALOE 2% NAG 2% SOLUTION","author":"admin","date":"May 10, 2024","format":false,"excerpt":"Aloe 2% + NAG 2% Solution Une solution apaisante pour les marques post-acn\u00e9iques. Aloe 2% + NAG 2% Solution repr\u00e9sente un s\u00e9rum apaisant l\u00e9ger sp\u00e9cialement \u00e9labor\u00e9 pour les peaux sujettes aux imperfections. Cette formule agit efficacement pour r\u00e9duire l'apparence des marques post-acn\u00e9iques en ciblant les aspects in\u00e9gaux du teint et\u2026","rel":"","context":"Similar post","block_context":{"text":"Similar post","link":""},"img":{"alt_text":"","src":"","width":0,"height":0},"classes":[]},{"id":31752,"url":"https:\/\/sakaba.mghosteur.com\/en\/product\/byoma-hydrating-serum\/","url_meta":{"origin":31603,"position":2},"title":"BYOMA HYDRATING SERUM","author":"admin","date":"May 10, 2024","format":false,"excerpt":"S\u00e9rum Hydratant Offrez \u00e0 votre peau le luxe d'une hydratation profonde et d'une r\u00e9paration efficace avec ce s\u00e9rum hydratant de qualit\u00e9 sup\u00e9rieure. Chaque goutte de ce s\u00e9rum est un concentr\u00e9 de bienfaits pour votre peau, lui donnant une apparence rebondie et \u00e9clatante tout en renfor\u00e7ant sa barri\u00e8re cutan\u00e9e. Ce s\u00e9rum\u2026","rel":"","context":"Similar post","block_context":{"text":"Similar post","link":""},"img":{"alt_text":"","src":"","width":0,"height":0},"classes":[]},{"id":23965,"url":"https:\/\/sakaba.mghosteur.com\/en\/product\/cerave-skin-renewing-vitamin-c-serum\/","url_meta":{"origin":31603,"position":3},"title":"CERAVE SKIN RENEWING VITAMIN C SERUM","author":"admin","date":"November 9, 2022","format":false,"excerpt":"Le s\u00e9rum \u00e0 la vitamine C r\u00e9g\u00e9n\u00e9rant pour la peau de CeraVe est un v\u00e9ritable alli\u00e9 pour votre peau. Enrichi en 10% de vitamine C pure, ce s\u00e9rum antioxydant \u00e9claircit visiblement le teint et am\u00e9liore l'apparence des ridules, des taches brunes et du teint irr\u00e9gulier. Formul\u00e9 avec trois c\u00e9ramides essentiels,\u2026","rel":"","context":"Similar post","block_context":{"text":"Similar post","link":""},"img":{"alt_text":"","src":"","width":0,"height":0},"classes":[]},{"id":31466,"url":"https:\/\/sakaba.mghosteur.com\/en\/product\/tirtit-milk-skin-toner-refreshing-skin-150ml\/","url_meta":{"origin":31603,"position":4},"title":"TIRTIR MILK SKIN TONER REFRESHING SKIN 150ml","author":"admin","date":"May 10, 2024","format":false,"excerpt":"Offrez \u00e0 votre peau une hydratation intense, combattez efficacement la s\u00e9cheresse et la fatigue, tout en procurant une sensation apaisante in\u00e9gal\u00e9e pour obtenir ce teint convoit\u00e9 de peau de verre. [SOUTIEN DE LA BARRI\u00c8RE CUTAN\u00c9E] Renforcez la barri\u00e8re protectrice de votre peau pour att\u00e9nuer la s\u00e9cheresse et b\u00e9n\u00e9ficier aux peaux\u2026","rel":"","context":"Similar post","block_context":{"text":"Similar post","link":""},"img":{"alt_text":"","src":"","width":0,"height":0},"classes":[]},{"id":23903,"url":"https:\/\/sakaba.mghosteur.com\/en\/product\/cerave-resurfacing-retinol-serum\/","url_meta":{"origin":31603,"position":5},"title":"CERAVE RESURFACING RETINOL SERUM","author":"admin","date":"November 9, 2022","format":false,"excerpt":"Le s\u00e9rum resurfa\u00e7ant au r\u00e9tinol de la marque CeraVe est le choix id\u00e9al pour une peau douce et uniforme. Les marques d'acn\u00e9 et le teint irr\u00e9gulier peuvent \u00eatre g\u00eanants, m\u00eame apr\u00e8s que votre acn\u00e9 est sous contr\u00f4le. C'est l\u00e0 que notre s\u00e9rum resurfa\u00e7ant entre en jeu. Formul\u00e9 avec du r\u00e9tinol\u2026","rel":"","context":"Similar post","block_context":{"text":"Similar post","link":""},"img":{"alt_text":"","src":"","width":0,"height":0},"classes":[]}],"_links":{"self":[{"href":"https:\/\/sakaba.mghosteur.com\/en\/wp-json\/wp\/v2\/product\/31603","targetHints":{"allow":["GET"]}}],"collection":[{"href":"https:\/\/sakaba.mghosteur.com\/en\/wp-json\/wp\/v2\/product"}],"about":[{"href":"https:\/\/sakaba.mghosteur.com\/en\/wp-json\/wp\/v2\/types\/product"}],"replies":[{"embeddable":true,"href":"https:\/\/sakaba.mghosteur.com\/en\/wp-json\/wp\/v2\/comments?post=31603"}],"version-history":[{"count":0,"href":"https:\/\/sakaba.mghosteur.com\/en\/wp-json\/wp\/v2\/product\/31603\/revisions"}],"wp:attachment":[{"href":"https:\/\/sakaba.mghosteur.com\/en\/wp-json\/wp\/v2\/media?parent=31603"}],"wp:term":[{"taxonomy":"product_brand","embeddable":true,"href":"https:\/\/sakaba.mghosteur.com\/en\/wp-json\/wp\/v2\/product_brand?post=31603"},{"taxonomy":"product_cat","embeddable":true,"href":"https:\/\/sakaba.mghosteur.com\/en\/wp-json\/wp\/v2\/product_cat?post=31603"},{"taxonomy":"product_tag","embeddable":true,"href":"https:\/\/sakaba.mghosteur.com\/en\/wp-json\/wp\/v2\/product_tag?post=31603"}],"curies":[{"name":"wp","href":"https:\/\/api.w.org\/{rel}","templated":true}]}}