{"id":31609,"date":"2024-05-10T12:24:16","date_gmt":"2024-05-10T12:24:16","guid":{"rendered":"https:\/\/sakaba.mghosteur.com\/?post_type=product&#038;p=31609"},"modified":"2024-08-15T01:44:01","modified_gmt":"2024-08-15T01:44:01","slug":"the-ordinary-aloe-2-nag-2-solution","status":"publish","type":"product","link":"https:\/\/sakaba.mghosteur.com\/en\/product\/the-ordinary-aloe-2-nag-2-solution\/","title":{"rendered":"The Ordinary ALOE 2% NAG 2% SOLUTION"},"content":{"rendered":"<p>Aloe 2% + NAG 2% Solution<\/p>\n<p>Une solution apaisante pour les marques post-acn\u00e9iques. Aloe 2% + NAG 2% Solution repr\u00e9sente un s\u00e9rum apaisant l\u00e9ger sp\u00e9cialement \u00e9labor\u00e9 pour les peaux sujettes aux imperfections. Cette formule agit efficacement pour r\u00e9duire l&#8217;apparence des marques post-acn\u00e9iques en ciblant les aspects in\u00e9gaux du teint et de la texture cutan\u00e9e, tout en contribuant \u00e0 minimiser l&#8217;apparence des pores et \u00e0 renforcer la barri\u00e8re cutan\u00e9e.<\/p>\n<p>La composition de ce produit inclut de la poudre de jus de feuilles d&#8217;aloe barbadensis, reconnue pour ses propri\u00e9t\u00e9s hydratantes. En outre, la pr\u00e9sence de N-ac\u00e9tylglucosamine (NAG), un ingr\u00e9dient d\u00e9riv\u00e9 de la biotechnologie, d\u00e9montre son efficacit\u00e9 pour am\u00e9liorer l&#8217;apparence d&#8217;un teint irr\u00e9gulier. Cette formule est enrichie en technologie peptidique palmitoyl pentapeptide-4, visant \u00e0 am\u00e9liorer la sensation de texture irr\u00e9guli\u00e8re tout en renfor\u00e7ant la barri\u00e8re cutan\u00e9e.<\/p>\n<p>Les tests effectu\u00e9s d\u00e9montrent les bienfaits suivants :<\/p>\n<ul>\n<li>R\u00e9duction de l&#8217;apparence des marques post-acn\u00e9iques<\/li>\n<li>Diminution des rougeurs cutan\u00e9es dues \u00e0 l&#8217;irritation<\/li>\n<li>Att\u00e9nuation de l&#8217;apparence des pores<\/li>\n<li>Am\u00e9lioration du teint in\u00e9gal et de la texture de la peau<\/li>\n<li>Renforcement et pr\u00e9servation de la fonction barri\u00e8re cutan\u00e9e<\/li>\n<li>Augmentation de l&#8217;hydratation cutan\u00e9e<\/li>\n<\/ul>","protected":false},"excerpt":{"rendered":"<p>Aloe 2% + NAG 2% Solution Une solution apaisante pour les marques post-acn\u00e9iques. Aloe 2% + NAG 2% Solution repr\u00e9sente un s\u00e9rum apaisant l\u00e9ger sp\u00e9cialement \u00e9labor\u00e9 pour les peaux sujettes aux imperfections. Cette formule agit efficacement pour r\u00e9duire l&#8217;apparence des marques post-acn\u00e9iques en ciblant les aspects in\u00e9gaux du teint et de la texture cutan\u00e9e, tout<span class=\"read-more-faq\"><a href=\"https:\/\/sakaba.mghosteur.com\/en\/product\/the-ordinary-aloe-2-nag-2-solution\/\">Read More<\/a><\/span><\/p>","protected":false},"featured_media":0,"comment_status":"open","ping_status":"closed","template":"","meta":[],"product_brand":[988],"product_cat":[293,451,334],"product_tag":[],"class_list":{"0":"post-31609","1":"product","2":"type-product","3":"status-publish","5":"product_brand-the-ordinary","6":"product_cat-anti-taches","7":"product_cat-aab-soin-du-visage","8":"product_cat-traitement-serum","10":"first","11":"instock","12":"shipping-taxable","13":"product-type-simple"},"jetpack-related-posts":[{"id":35978,"url":"https:\/\/sakaba.mghosteur.com\/en\/product\/medix-5-5-retinol-ferulic-acid-age-rewind-444ml\/","url_meta":{"origin":31609,"position":0},"title":"MEDIX 5.5 RETINOL FERULIC ACID AGE REWIND 444ML","author":"admin","date":"August 10, 2024","format":false,"excerpt":"MEDIX 5.5 \u2013 RETINOL CREAM contient d\u2019autres ingr\u00e9dients actifs tels que l\u2019acide f\u00e9rulique, le th\u00e9 vert, la vitamine E, le beurre de karit\u00e9 et l\u2019aloe vera qui agissent en synergie pour am\u00e9liorer la sant\u00e9 globale et l\u2019apparence de votre peau afin de donner \u00e0 votre peau un \u00e9clat jeune et\u2026","rel":"","context":"Similar post","block_context":{"text":"Similar post","link":""},"img":{"alt_text":"","src":"","width":0,"height":0},"classes":[]},{"id":23903,"url":"https:\/\/sakaba.mghosteur.com\/en\/product\/cerave-resurfacing-retinol-serum\/","url_meta":{"origin":31609,"position":1},"title":"CERAVE RESURFACING RETINOL SERUM","author":"admin","date":"November 9, 2022","format":false,"excerpt":"Le s\u00e9rum resurfa\u00e7ant au r\u00e9tinol de la marque CeraVe est le choix id\u00e9al pour une peau douce et uniforme. Les marques d'acn\u00e9 et le teint irr\u00e9gulier peuvent \u00eatre g\u00eanants, m\u00eame apr\u00e8s que votre acn\u00e9 est sous contr\u00f4le. C'est l\u00e0 que notre s\u00e9rum resurfa\u00e7ant entre en jeu. Formul\u00e9 avec du r\u00e9tinol\u2026","rel":"","context":"Similar post","block_context":{"text":"Similar post","link":""},"img":{"alt_text":"","src":"","width":0,"height":0},"classes":[]},{"id":34331,"url":"https:\/\/sakaba.mghosteur.com\/en\/product\/bento-aloe-propolis-soothing-gel\/","url_meta":{"origin":31609,"position":2},"title":"BENTO ALOE PROPOLIS SOOTHING GEL","author":"admin","date":"May 28, 2024","format":false,"excerpt":"Tout en suspens, sans fioritures ! Ce gel apaisant \u00e0 l'alo\u00e8s et \u00e0 la propolis de Benton contient de l'alo\u00e8s et de la propolis qui aident \u00e0 apaiser la peau irrit\u00e9e, \u00e0 att\u00e9nuer les cicatrices d'acn\u00e9, \u00e0 \u00e9claircir le teint et m\u00eame \u00e0 maintenir l'hydratation tout au long de la\u2026","rel":"","context":"Similar post","block_context":{"text":"Similar post","link":""},"img":{"alt_text":"","src":"","width":0,"height":0},"classes":[]},{"id":31729,"url":"https:\/\/sakaba.mghosteur.com\/en\/product\/medix-5-5-vitamin-c-tumeric-brighten-film-444ml\/","url_meta":{"origin":31609,"position":3},"title":"MEDIX 5.5 VITAMIN C + TUMERIC BRIGHTEN +FILM 444ML","author":"admin","date":"May 10, 2024","format":false,"excerpt":"VITAMINE C \u2013 Int\u00e9grez une lotion corporelle infus\u00e9e de vitamine C dans votre routine de soins quotidiens pour favoriser un teint plus sain, plus radieux et plus jeune. La vitamine C aide \u00e0 uniformiser le teint, tout en stimulant la production de collag\u00e8ne pour am\u00e9liorer l'\u00e9lasticit\u00e9 et la fermet\u00e9 de\u2026","rel":"","context":"Similar post","block_context":{"text":"Similar post","link":""},"img":{"alt_text":"","src":"","width":0,"height":0},"classes":[]},{"id":30434,"url":"https:\/\/sakaba.mghosteur.com\/en\/product\/gold-bond-diabetic-s-dry-skin-relief\/","url_meta":{"origin":31609,"position":4},"title":"GOLD BOND DIABETIC S DRY SKIN RELIEF","author":"admin","date":"May 11, 2023","format":false,"excerpt":"Nom du Produit : Lait Corporel pour Peau S\u00e8che des Diab\u00e9tiques de Gold Bond Le Lait Corporel pour Peau S\u00e8che des Diab\u00e9tiques de Gold Bond est la marque de lotion num\u00e9ro 1 sp\u00e9cialement con\u00e7ue pour hydrater la peau s\u00e8che des diab\u00e9tiques. Cette lotion procure un soulagement imm\u00e9diat et une hydratation\u2026","rel":"","context":"Similar post","block_context":{"text":"Similar post","link":""},"img":{"alt_text":"","src":"","width":0,"height":0},"classes":[]},{"id":31734,"url":"https:\/\/sakaba.mghosteur.com\/en\/product\/medix-clinical-solution-collagen-hyauluronic-acid\/","url_meta":{"origin":31609,"position":5},"title":"MEDIX CLINICAL SOLUTION COLLAGEN+ HYAULURONIC ACID","author":"admin","date":"May 10, 2024","format":false,"excerpt":"Repulpez et raffermissez votre peau avec ce s\u00e9rum enrichi en collag\u00e8ne, ciblant efficacement les rides et ridules tout en hydratant en profondeur. Gr\u00e2ce \u00e0 sa formule unique associant le pouvoir du collag\u00e8ne \u00e0 des extraits naturels aux vertus nutritives, votre peau retrouve \u00e9clat et fermet\u00e9. L'Aloe Vera apaise et hydrate,\u2026","rel":"","context":"Similar post","block_context":{"text":"Similar post","link":""},"img":{"alt_text":"","src":"","width":0,"height":0},"classes":[]}],"_links":{"self":[{"href":"https:\/\/sakaba.mghosteur.com\/en\/wp-json\/wp\/v2\/product\/31609","targetHints":{"allow":["GET"]}}],"collection":[{"href":"https:\/\/sakaba.mghosteur.com\/en\/wp-json\/wp\/v2\/product"}],"about":[{"href":"https:\/\/sakaba.mghosteur.com\/en\/wp-json\/wp\/v2\/types\/product"}],"replies":[{"embeddable":true,"href":"https:\/\/sakaba.mghosteur.com\/en\/wp-json\/wp\/v2\/comments?post=31609"}],"version-history":[{"count":0,"href":"https:\/\/sakaba.mghosteur.com\/en\/wp-json\/wp\/v2\/product\/31609\/revisions"}],"wp:attachment":[{"href":"https:\/\/sakaba.mghosteur.com\/en\/wp-json\/wp\/v2\/media?parent=31609"}],"wp:term":[{"taxonomy":"product_brand","embeddable":true,"href":"https:\/\/sakaba.mghosteur.com\/en\/wp-json\/wp\/v2\/product_brand?post=31609"},{"taxonomy":"product_cat","embeddable":true,"href":"https:\/\/sakaba.mghosteur.com\/en\/wp-json\/wp\/v2\/product_cat?post=31609"},{"taxonomy":"product_tag","embeddable":true,"href":"https:\/\/sakaba.mghosteur.com\/en\/wp-json\/wp\/v2\/product_tag?post=31609"}],"curies":[{"name":"wp","href":"https:\/\/api.w.org\/{rel}","templated":true}]}}