{"id":31612,"date":"2024-05-10T12:25:08","date_gmt":"2024-05-10T12:25:08","guid":{"rendered":"https:\/\/sakaba.mghosteur.com\/?post_type=product&#038;p=31612"},"modified":"2024-08-15T01:48:40","modified_gmt":"2024-08-15T01:48:40","slug":"the-ordinary-hair-care-behentrimonium-chloride-2-conditioner","status":"publish","type":"product","link":"https:\/\/sakaba.mghosteur.com\/en\/product\/the-ordinary-hair-care-behentrimonium-chloride-2-conditioner\/","title":{"rendered":"The Ordinary HAIR CARE BEHENTRIMONIUM CHLORIDE 2% CONDITIONER"},"content":{"rendered":"<p>Formule l\u00e9g\u00e8re et sans parfum pour une revitalisation efficace de vos cheveux.<\/p>\n<p>Cibles : Cheveux<\/p>\n<p>Adapt\u00e9 \u00e0 : Tous types de cheveux<\/p>\n<p>Description : Le Conditionneur \u00e0 2% de Chlorure de B\u00e9hentrimonium est une cr\u00e8me revitalisante qui lisse vos cheveux de la racine aux pointes, sans les alourdir. Sa concentration sp\u00e9cifique en chlorure de b\u00e9hentrimonium garantit une efficacit\u00e9 maximale tout en restant l\u00e9ger, car il ne contient ni huiles ajout\u00e9es ni parfums.<\/p>\n<p>Dans votre routine capillaire :<\/p>\n<p>\u00c9tape 1 : Pr\u00e9paration<\/p>\n<p>Traitement conjoint<\/p>","protected":false},"excerpt":{"rendered":"<p>Formule l\u00e9g\u00e8re et sans parfum pour une revitalisation efficace de vos cheveux. Cibles : Cheveux Adapt\u00e9 \u00e0 : Tous types de cheveux Description : Le Conditionneur \u00e0 2% de Chlorure de B\u00e9hentrimonium est une cr\u00e8me revitalisante qui lisse vos cheveux de la racine aux pointes, sans les alourdir. Sa concentration sp\u00e9cifique en chlorure de b\u00e9hentrimonium<span class=\"read-more-faq\"><a href=\"https:\/\/sakaba.mghosteur.com\/en\/product\/the-ordinary-hair-care-behentrimonium-chloride-2-conditioner\/\">Read More<\/a><\/span><\/p>","protected":false},"featured_media":0,"comment_status":"open","ping_status":"closed","template":"","meta":[],"product_brand":[988],"product_cat":[284,1063],"product_tag":[],"class_list":{"0":"post-31612","1":"product","2":"type-product","3":"status-publish","5":"product_brand-the-ordinary","6":"product_cat-aad-cheveux","7":"product_cat-traitement-capilaire","9":"first","10":"instock","11":"shipping-taxable","12":"product-type-simple"},"jetpack-related-posts":[{"id":29696,"url":"https:\/\/sakaba.mghosteur.com\/en\/product\/palmers-length-retention-conditioner\/","url_meta":{"origin":31612,"position":0},"title":"PALMERS LENGTH RETENTION DEEP CONDITIONER","author":"admin","date":"April 14, 2023","format":false,"excerpt":"D\u00e9couvrez le revitalisant en profondeur pour la r\u00e9tention de la longueur de la marque Palmer's, con\u00e7u pour nourrir chaque fibre capillaire en profondeur. Ce revitalisant sans silicone renforce vos cheveux pour les prot\u00e9ger contre les dommages futurs, tout en les hydratant, les d\u00e9m\u00ealant et les adoucissant pour une apparence plus\u2026","rel":"","context":"Similar post","block_context":{"text":"Similar post","link":""},"img":{"alt_text":"","src":"","width":0,"height":0},"classes":[]},{"id":32377,"url":"https:\/\/sakaba.mghosteur.com\/en\/product\/sheamoisture-intensive-hydration-hair-masque-57g\/","url_meta":{"origin":31612,"position":1},"title":"SHEAMOISTURE INTENSIVE HYDRATION HAIR MASQUE 57g","author":"admin","date":"May 14, 2024","format":false,"excerpt":"D\u00e9couvrez ce produit enrichi d'extrait de figue et d'huile de baobab, con\u00e7u pour hydrater et revitaliser les cheveux extra secs et ab\u00eem\u00e9s. \u00c9labor\u00e9 avec du beurre de karit\u00e9 issu du commerce \u00e9quitable, ce produit est formul\u00e9 sans phtalates, parab\u00e8nes, huile min\u00e9rale, et n'est pas test\u00e9 sur les animaux, ni ne\u2026","rel":"","context":"Similar post","block_context":{"text":"Similar post","link":""},"img":{"alt_text":"","src":"","width":0,"height":0},"classes":[]},{"id":25744,"url":"https:\/\/sakaba.mghosteur.com\/en\/product\/aunt-jackies-butter-creme-intense-moisture-seasant\/","url_meta":{"origin":31612,"position":2},"title":"AUNT JACKIE&#8217;S BUTTER CREME  INTENSE MOISTURE SEASANT","author":"admin","date":"November 22, 2022","format":false,"excerpt":"Le soin hydratant intensif Butter Creme de Aunt Jackie est un soin revitalisant sans rin\u00e7age con\u00e7u pour les cheveux chroniquement secs. Il est compos\u00e9 d'huile de coco et de ricin, ainsi que de beurre de karit\u00e9, de mono\u00ef et d'extrait de romarin. Il est sans sulfate, sans parab\u00e8ne et ne\u2026","rel":"","context":"Similar post","block_context":{"text":"Similar post","link":""},"img":{"alt_text":"","src":"","width":0,"height":0},"classes":[]},{"id":32386,"url":"https:\/\/sakaba.mghosteur.com\/en\/product\/sheamoisture-strengthen-restore-treatement-masque-57g\/","url_meta":{"origin":31612,"position":3},"title":"SHEAMOISTURE STRENGTHEN &amp; RESTORE TREATEMENT MASQUE 57G","author":"admin","date":"May 14, 2024","format":false,"excerpt":"Ce masque intense revitalisant redonne force et r\u00e9sistance aux cheveux ab\u00eem\u00e9s, cassants ou trait\u00e9s chimiquement. Il convient parfaitement aux personnes qui colorent, lissent, permanentent ou chauffent r\u00e9guli\u00e8rement leurs cheveux, ou qui ont les cheveux naturellement cr\u00e9pus, boucl\u00e9s ou ondul\u00e9s. Formul\u00e9 avec de l'huile de ricin noire de Jama\u00efque et du\u2026","rel":"","context":"Similar post","block_context":{"text":"Similar post","link":""},"img":{"alt_text":"","src":"","width":0,"height":0},"classes":[]},{"id":32411,"url":"https:\/\/sakaba.mghosteur.com\/en\/product\/sol-janeiro-beija-flor-jet-set\/","url_meta":{"origin":31612,"position":4},"title":"SOL JANEIRO BEIJA FLOR JET SET","author":"admin","date":"May 14, 2024","format":false,"excerpt":"Ce coffret propose une s\u00e9lection soigneusement choisie de produits de soin, id\u00e9aux pour chouchouter votre peau. Il comprend : Gel Douche R\u00e9g\u00e9n\u00e9rant Beija Flor (90ml) : Offrez \u00e0 votre peau une exp\u00e9rience revitalisante avec ce gel douche. Sa formule cr\u00e9meuse se transforme en une mousse onctueuse, laissant votre peau hydrat\u00e9e\u2026","rel":"","context":"Similar post","block_context":{"text":"Similar post","link":""},"img":{"alt_text":"","src":"","width":0,"height":0},"classes":[]},{"id":32380,"url":"https:\/\/sakaba.mghosteur.com\/en\/product\/sheamoisture-moisturizing-shampoo\/","url_meta":{"origin":31612,"position":5},"title":"SheaMoisture MOISTURIZING SHAMPOO","author":"admin","date":"May 14, 2024","format":false,"excerpt":"Le Shampooing Hydratant SheaMoisture pour Hommes est sp\u00e9cialement con\u00e7u pour prendre soin des cheveux masculins et restaure d\u00e9licatement l'hydratation des cheveux secs. Fabriqu\u00e9 avec des ingr\u00e9dients naturels comme le beurre de karit\u00e9 brut \u00e9quitable et l'huile de Mafura, ce shampooing pour hommes transforme les cheveux secs en cheveux sains. Profitez\u2026","rel":"","context":"Similar post","block_context":{"text":"Similar post","link":""},"img":{"alt_text":"","src":"","width":0,"height":0},"classes":[]}],"_links":{"self":[{"href":"https:\/\/sakaba.mghosteur.com\/en\/wp-json\/wp\/v2\/product\/31612","targetHints":{"allow":["GET"]}}],"collection":[{"href":"https:\/\/sakaba.mghosteur.com\/en\/wp-json\/wp\/v2\/product"}],"about":[{"href":"https:\/\/sakaba.mghosteur.com\/en\/wp-json\/wp\/v2\/types\/product"}],"replies":[{"embeddable":true,"href":"https:\/\/sakaba.mghosteur.com\/en\/wp-json\/wp\/v2\/comments?post=31612"}],"version-history":[{"count":0,"href":"https:\/\/sakaba.mghosteur.com\/en\/wp-json\/wp\/v2\/product\/31612\/revisions"}],"wp:attachment":[{"href":"https:\/\/sakaba.mghosteur.com\/en\/wp-json\/wp\/v2\/media?parent=31612"}],"wp:term":[{"taxonomy":"product_brand","embeddable":true,"href":"https:\/\/sakaba.mghosteur.com\/en\/wp-json\/wp\/v2\/product_brand?post=31612"},{"taxonomy":"product_cat","embeddable":true,"href":"https:\/\/sakaba.mghosteur.com\/en\/wp-json\/wp\/v2\/product_cat?post=31612"},{"taxonomy":"product_tag","embeddable":true,"href":"https:\/\/sakaba.mghosteur.com\/en\/wp-json\/wp\/v2\/product_tag?post=31612"}],"curies":[{"name":"wp","href":"https:\/\/api.w.org\/{rel}","templated":true}]}}