{"id":31615,"date":"2024-05-10T12:26:31","date_gmt":"2024-05-10T12:26:31","guid":{"rendered":"https:\/\/sakaba.mghosteur.com\/?post_type=product&#038;p=31615"},"modified":"2024-08-15T01:59:02","modified_gmt":"2024-08-15T01:59:02","slug":"the-ordinary-squalane-cleanser-150-ml","status":"publish","type":"product","link":"https:\/\/sakaba.mghosteur.com\/en\/product\/the-ordinary-squalane-cleanser-150-ml\/","title":{"rendered":"The Ordinary Squalane Cleanser 150 ml"},"content":{"rendered":"<p>Le Squalane Cleanser est con\u00e7u pour d\u00e9barrasser la peau du maquillage et de la salet\u00e9 tout en soutenant sa barri\u00e8re d&#8217;hydratation. Enrichi en squalane d&#8217;origine v\u00e9g\u00e9tale, un hydratant reconnu, ainsi qu&#8217;en esters lipophiles, ce nettoyant laisse la peau lisse et douce tout en dissolvant le maquillage. Sa formule non com\u00e9dog\u00e8ne et sans savon le rend adapt\u00e9 \u00e0 un usage quotidien pour tous les types de peau. Int\u00e9grez-le en tant que premi\u00e8re \u00e9tape de votre routine de soins de la peau pour une peau propre et hydrat\u00e9e.<\/p>","protected":false},"excerpt":{"rendered":"<p>Le Squalane Cleanser est con\u00e7u pour d\u00e9barrasser la peau du maquillage et de la salet\u00e9 tout en soutenant sa barri\u00e8re d&#8217;hydratation. Enrichi en squalane d&#8217;origine v\u00e9g\u00e9tale, un hydratant reconnu, ainsi qu&#8217;en esters lipophiles, ce nettoyant laisse la peau lisse et douce tout en dissolvant le maquillage. Sa formule non com\u00e9dog\u00e8ne et sans savon le rend<span class=\"read-more-faq\"><a href=\"https:\/\/sakaba.mghosteur.com\/en\/product\/the-ordinary-squalane-cleanser-150-ml\/\">Read More<\/a><\/span><\/p>","protected":false},"featured_media":0,"comment_status":"open","ping_status":"closed","template":"","meta":[],"product_brand":[988],"product_cat":[324,451],"product_tag":[],"class_list":{"0":"post-31615","1":"product","2":"type-product","3":"status-publish","5":"product_brand-the-ordinary","6":"product_cat-demaquillant-nettoyant","7":"product_cat-aab-soin-du-visage","9":"first","10":"instock","11":"shipping-taxable","12":"product-type-simple"},"jetpack-related-posts":[{"id":33866,"url":"https:\/\/sakaba.mghosteur.com\/en\/product\/nars-soft-velvet-loose-powder\/","url_meta":{"origin":31615,"position":0},"title":"NARS SOFT VELVET LOOSE POWDER","author":"admin","date":"May 23, 2024","format":false,"excerpt":"Prolong the wear time of your foundation with the NARS Cosmetics Soft Velvet Loose Powder. The powder works to seal your foundation as well as controlling the production of oil in the skin. Perfect for covering up any fine lines, wrinkles and pores with a smooth finish. The NARS Cosmetics\u2026","rel":"","context":"Similar post","block_context":{"text":"Similar post","link":""},"img":{"alt_text":"","src":"","width":0,"height":0},"classes":[]}],"_links":{"self":[{"href":"https:\/\/sakaba.mghosteur.com\/en\/wp-json\/wp\/v2\/product\/31615","targetHints":{"allow":["GET"]}}],"collection":[{"href":"https:\/\/sakaba.mghosteur.com\/en\/wp-json\/wp\/v2\/product"}],"about":[{"href":"https:\/\/sakaba.mghosteur.com\/en\/wp-json\/wp\/v2\/types\/product"}],"replies":[{"embeddable":true,"href":"https:\/\/sakaba.mghosteur.com\/en\/wp-json\/wp\/v2\/comments?post=31615"}],"version-history":[{"count":0,"href":"https:\/\/sakaba.mghosteur.com\/en\/wp-json\/wp\/v2\/product\/31615\/revisions"}],"wp:attachment":[{"href":"https:\/\/sakaba.mghosteur.com\/en\/wp-json\/wp\/v2\/media?parent=31615"}],"wp:term":[{"taxonomy":"product_brand","embeddable":true,"href":"https:\/\/sakaba.mghosteur.com\/en\/wp-json\/wp\/v2\/product_brand?post=31615"},{"taxonomy":"product_cat","embeddable":true,"href":"https:\/\/sakaba.mghosteur.com\/en\/wp-json\/wp\/v2\/product_cat?post=31615"},{"taxonomy":"product_tag","embeddable":true,"href":"https:\/\/sakaba.mghosteur.com\/en\/wp-json\/wp\/v2\/product_tag?post=31615"}],"curies":[{"name":"wp","href":"https:\/\/api.w.org\/{rel}","templated":true}]}}