{"id":31618,"date":"2024-05-10T12:29:35","date_gmt":"2024-05-10T12:29:35","guid":{"rendered":"https:\/\/sakaba.mghosteur.com\/?post_type=product&#038;p=31618"},"modified":"2024-08-15T02:02:35","modified_gmt":"2024-08-15T02:02:35","slug":"the-inkey-15-vitamine-c-serum-egf-30ml","status":"publish","type":"product","link":"https:\/\/sakaba.mghosteur.com\/en\/product\/the-inkey-15-vitamine-c-serum-egf-30ml\/","title":{"rendered":"THE INKEY 15% VITAMINE C + S\u00c9RUM EGF 30ml"},"content":{"rendered":"<p>R\u00e9unissant la vitamine C riche en antioxydants et le peptide signal EGF, ce tout nouveau s\u00e9rum \u00e0 15% de vitamine C et EGF de THE INKEY LIST aide \u00e0 \u00e9claircir et acc\u00e9l\u00e9rer la r\u00e9g\u00e9n\u00e9ration de la peau. Un s\u00e9rum puissant, il associe le peptide signal EGF pour aider la peau \u00e0 se r\u00e9g\u00e9n\u00e9rer et \u00e0 rafra\u00eechir le derme pour une peau visiblement repulp\u00e9e et d\u2019apparence jeune aux c\u00f4t\u00e9s de 15% de vitamine C pour aider \u00e0 \u00e9claircir et prot\u00e9ger la peau contre les dommages caus\u00e9s par l\u2019environnement la pollution. Le choix parfait pour une peau terne et urbaine, c\u2019est le ticket pour une peau envo\u00fbtante, radieuse et d\u2019apparence saine.<\/p>","protected":false},"excerpt":{"rendered":"<p>R\u00e9unissant la vitamine C riche en antioxydants et le peptide signal EGF, ce tout nouveau s\u00e9rum \u00e0 15% de vitamine C et EGF de THE INKEY LIST aide \u00e0 \u00e9claircir et acc\u00e9l\u00e9rer la r\u00e9g\u00e9n\u00e9ration de la peau. Un s\u00e9rum puissant, il associe le peptide signal EGF pour aider la peau \u00e0 se r\u00e9g\u00e9n\u00e9rer et \u00e0<span class=\"read-more-faq\"><a href=\"https:\/\/sakaba.mghosteur.com\/en\/product\/the-inkey-15-vitamine-c-serum-egf-30ml\/\">Read More<\/a><\/span><\/p>","protected":false},"featured_media":0,"comment_status":"open","ping_status":"closed","template":"","meta":[],"product_brand":[880],"product_cat":[293,291,451,334],"product_tag":[],"class_list":{"0":"post-31618","1":"product","2":"type-product","3":"status-publish","5":"product_brand-inkey-list","6":"product_cat-anti-taches","7":"product_cat-eclaircissant","8":"product_cat-aab-soin-du-visage","9":"product_cat-traitement-serum","11":"first","12":"instock","13":"shipping-taxable","14":"product-type-simple"},"jetpack-related-posts":[{"id":29210,"url":"https:\/\/sakaba.mghosteur.com\/en\/product\/the-inkey-15-vitamine-c-serum-egf\/","url_meta":{"origin":31618,"position":0},"title":"THE INKEY 15% VITAMINE C + S\u00c9RUM EGF","author":"admin","date":"March 21, 2023","format":false,"excerpt":"Le s\u00e9rum 15% vitamine C + EGF est id\u00e9al pour tous ceux qui souhaitent une peau \u00e9clatante et jeune. La formule l\u00e9g\u00e8re de ce s\u00e9rum contient des ingr\u00e9dients puissants tels que la vitamine C et l'EGF, qui aident \u00e0 prot\u00e9ger votre peau contre les radicaux libres et \u00e0 stimuler la\u2026","rel":"","context":"Similar post","block_context":{"text":"Similar post","link":""},"img":{"alt_text":"","src":"","width":0,"height":0},"classes":[]},{"id":31639,"url":"https:\/\/sakaba.mghosteur.com\/en\/product\/the-inkey-list-vitamin-c-face-serum\/","url_meta":{"origin":31618,"position":1},"title":"THE INKEY LIST VITAMIN C FACE SERUM","author":"admin","date":"May 10, 2024","format":false,"excerpt":"S\u00e9rum \u00e0 la vitamine C La vitamine C, puissant antioxydant multifonctionnel et ingr\u00e9dient \u00e9claircissant pour la peau, est \u00e0 l'honneur dans ce s\u00e9rum. Aidant \u00e0 combattre l\u2019apparence de l\u2019hyperpigmentation, du teint terne et des ridules, ce s\u00e9rum est un alli\u00e9 pr\u00e9cieux dans votre routine de soins. Formul\u00e9 avec 30 %\u2026","rel":"","context":"Similar post","block_context":{"text":"Similar post","link":""},"img":{"alt_text":"","src":"","width":0,"height":0},"classes":[]},{"id":29139,"url":"https:\/\/sakaba.mghosteur.com\/en\/product\/the-inkey-list-coffret-winter-skin-101\/","url_meta":{"origin":31618,"position":2},"title":"THE INKEY LIST COFFRET WINTER SKIN 101","author":"admin","date":"March 15, 2023","format":false,"excerpt":"L'ensemble INKEY List Winter Skin 101 de la marque THE INKEY LIST est la solution parfaite pour les peaux s\u00e8ches et hivernales qui ont besoin d'\u00eatre chouchout\u00e9es. Ce kit complet en 4 \u00e9tapes vous offre des produits en taille r\u00e9elle pour une peau renouvel\u00e9e et hydrat\u00e9e. Le Baume nettoyant \u00e0\u2026","rel":"","context":"Similar post","block_context":{"text":"Similar post","link":""},"img":{"alt_text":"","src":"","width":0,"height":0},"classes":[]},{"id":23965,"url":"https:\/\/sakaba.mghosteur.com\/en\/product\/cerave-skin-renewing-vitamin-c-serum\/","url_meta":{"origin":31618,"position":3},"title":"CERAVE SKIN RENEWING VITAMIN C SERUM","author":"admin","date":"November 9, 2022","format":false,"excerpt":"Le s\u00e9rum \u00e0 la vitamine C r\u00e9g\u00e9n\u00e9rant pour la peau de CeraVe est un v\u00e9ritable alli\u00e9 pour votre peau. Enrichi en 10% de vitamine C pure, ce s\u00e9rum antioxydant \u00e9claircit visiblement le teint et am\u00e9liore l'apparence des ridules, des taches brunes et du teint irr\u00e9gulier. Formul\u00e9 avec trois c\u00e9ramides essentiels,\u2026","rel":"","context":"Similar post","block_context":{"text":"Similar post","link":""},"img":{"alt_text":"","src":"","width":0,"height":0},"classes":[]},{"id":27435,"url":"https:\/\/sakaba.mghosteur.com\/en\/product\/the-inkey-list-collagen-booster\/","url_meta":{"origin":31618,"position":4},"title":"THE INKEY LIST COLLAGEN BOOSTER","author":"admin","date":"November 29, 2022","format":false,"excerpt":"Le Collagen Booster de The Inkey List est un must-have pour toute personne soucieuse de la sant\u00e9 de sa peau. Ce s\u00e9rum est con\u00e7u pour aider \u00e0 am\u00e9liorer la texture de la peau en stimulant la production naturelle de collag\u00e8ne, pour une apparence plus jeune et plus radieuse. Le peptide\u2026","rel":"","context":"Similar post","block_context":{"text":"Similar post","link":""},"img":{"alt_text":"","src":"","width":0,"height":0},"classes":[]},{"id":27426,"url":"https:\/\/sakaba.mghosteur.com\/en\/product\/the-inkey-list-q10\/","url_meta":{"origin":31618,"position":5},"title":"THE INKEY LIST Q10","author":"admin","date":"November 29, 2022","format":false,"excerpt":"Le s\u00e9rum Q10 de la marque The Inkey List est un produit de soin essentiel pour prot\u00e9ger votre peau et combattre les signes du vieillissement. Gr\u00e2ce \u00e0 sa formule riche en antioxydants, ce s\u00e9rum aide \u00e0 prot\u00e9ger votre peau contre les agressions ext\u00e9rieures telles que la pollution et les rayons\u2026","rel":"","context":"Similar post","block_context":{"text":"Similar post","link":""},"img":{"alt_text":"","src":"","width":0,"height":0},"classes":[]}],"_links":{"self":[{"href":"https:\/\/sakaba.mghosteur.com\/en\/wp-json\/wp\/v2\/product\/31618","targetHints":{"allow":["GET"]}}],"collection":[{"href":"https:\/\/sakaba.mghosteur.com\/en\/wp-json\/wp\/v2\/product"}],"about":[{"href":"https:\/\/sakaba.mghosteur.com\/en\/wp-json\/wp\/v2\/types\/product"}],"replies":[{"embeddable":true,"href":"https:\/\/sakaba.mghosteur.com\/en\/wp-json\/wp\/v2\/comments?post=31618"}],"version-history":[{"count":0,"href":"https:\/\/sakaba.mghosteur.com\/en\/wp-json\/wp\/v2\/product\/31618\/revisions"}],"wp:attachment":[{"href":"https:\/\/sakaba.mghosteur.com\/en\/wp-json\/wp\/v2\/media?parent=31618"}],"wp:term":[{"taxonomy":"product_brand","embeddable":true,"href":"https:\/\/sakaba.mghosteur.com\/en\/wp-json\/wp\/v2\/product_brand?post=31618"},{"taxonomy":"product_cat","embeddable":true,"href":"https:\/\/sakaba.mghosteur.com\/en\/wp-json\/wp\/v2\/product_cat?post=31618"},{"taxonomy":"product_tag","embeddable":true,"href":"https:\/\/sakaba.mghosteur.com\/en\/wp-json\/wp\/v2\/product_tag?post=31618"}],"curies":[{"name":"wp","href":"https:\/\/api.w.org\/{rel}","templated":true}]}}