{"id":31619,"date":"2024-05-10T12:29:49","date_gmt":"2024-05-10T12:29:49","guid":{"rendered":"https:\/\/sakaba.mghosteur.com\/?post_type=product&#038;p=31619"},"modified":"2024-08-15T01:52:43","modified_gmt":"2024-08-15T01:52:43","slug":"the-ordinary-naturals-moisturizing-factors-ha-100ml","status":"publish","type":"product","link":"https:\/\/sakaba.mghosteur.com\/en\/product\/the-ordinary-naturals-moisturizing-factors-ha-100ml\/","title":{"rendered":"The Ordinary NATURALS MOISTURIZING FACTORS + HA 100ML"},"content":{"rendered":"<p>Le Natural Moisture Factors + HA est un hydratant con\u00e7u pour travailler en harmonie avec votre peau, soutenant sa barri\u00e8re d&#8217;hydratation naturelle. Formul\u00e9e avec une s\u00e9lection pr\u00e9cise d&#8217;ingr\u00e9dients pr\u00e9sents naturellement dans la peau, tels que des acides amin\u00e9s, des acides gras, des triglyc\u00e9rides, de l&#8217;ur\u00e9e, des c\u00e9ramides, des phospholipides, de la glyc\u00e9rine, des saccharides, du sodium PCA et de l&#8217;acide hyaluronique, cette cr\u00e8me prot\u00e8ge votre \u00e9piderme, le maintenant bien hydrat\u00e9 sans laisser de sensation grasse. Son efficacit\u00e9 se fait ressentir imm\u00e9diatement et se prolonge dans le temps gr\u00e2ce \u00e0 son action qui am\u00e9liore progressivement la fonction de barri\u00e8re cutan\u00e9e lorsqu&#8217;elle est utilis\u00e9e r\u00e9guli\u00e8rement.<\/p>","protected":false},"excerpt":{"rendered":"<p>Le Natural Moisture Factors + HA est un hydratant con\u00e7u pour travailler en harmonie avec votre peau, soutenant sa barri\u00e8re d&#8217;hydratation naturelle. Formul\u00e9e avec une s\u00e9lection pr\u00e9cise d&#8217;ingr\u00e9dients pr\u00e9sents naturellement dans la peau, tels que des acides amin\u00e9s, des acides gras, des triglyc\u00e9rides, de l&#8217;ur\u00e9e, des c\u00e9ramides, des phospholipides, de la glyc\u00e9rine, des saccharides, du<span class=\"read-more-faq\"><a href=\"https:\/\/sakaba.mghosteur.com\/en\/product\/the-ordinary-naturals-moisturizing-factors-ha-100ml\/\">Read More<\/a><\/span><\/p>","protected":false},"featured_media":0,"comment_status":"open","ping_status":"closed","template":"","meta":[],"product_brand":[988],"product_cat":[331,451],"product_tag":[],"class_list":{"0":"post-31619","1":"product","2":"type-product","3":"status-publish","5":"product_brand-the-ordinary","6":"product_cat-hydratant-visage","7":"product_cat-aab-soin-du-visage","9":"first","10":"instock","11":"shipping-taxable","12":"product-type-simple"},"jetpack-related-posts":[{"id":28902,"url":"https:\/\/sakaba.mghosteur.com\/en\/product\/the-ordinary-natural-moisturizing-factors-ha\/","url_meta":{"origin":31619,"position":0},"title":"THE ORDINARY NATURAL MOISTURIZING FACTORS +HA","author":"admin","date":"March 8, 2023","format":false,"excerpt":"Natural Moisturizing Factors + HA de la marque The Ordinary est un hydratant qui utilise une combinaison d'ingr\u00e9dients naturels pour soutenir la barri\u00e8re d'hydratation de votre peau. Cette cr\u00e8me utilise des acides amin\u00e9s, des acides gras, des triglyc\u00e9rides, de l'ur\u00e9e, des c\u00e9ramides, des phospholipides, de la glyc\u00e9rine, des saccharides, du\u2026","rel":"","context":"Similar post","block_context":{"text":"Similar post","link":""},"img":{"alt_text":"","src":"","width":0,"height":0},"classes":[]},{"id":27226,"url":"https:\/\/sakaba.mghosteur.com\/en\/product\/the-ordinary-coffret-the-balance-set\/","url_meta":{"origin":31619,"position":1},"title":"THE ORDINARY COFFRET THE BALANCE SET","author":"admin","date":"November 29, 2022","format":false,"excerpt":"L'ensemble d'\u00e9quilibre de The Ordinary est un coffret de produits de soin de la peau con\u00e7u pour clarifier et \u00e9quilibrer votre peau. Il comprend quatre produits cl\u00e9s qui travaillent en tandem pour am\u00e9liorer l'apparence et la texture de votre peau. Le nettoyant d\u00e9maquillant hydratant au squalane est un nettoyant doux\u2026","rel":"","context":"Similar post","block_context":{"text":"Similar post","link":""},"img":{"alt_text":"","src":"","width":0,"height":0},"classes":[]},{"id":24173,"url":"https:\/\/sakaba.mghosteur.com\/en\/product\/cerave-hydrating-facial-cleanser-355-ml\/","url_meta":{"origin":31619,"position":2},"title":"CERAVE HYDRATING FACIAL CLEANSER 355 ML","author":"admin","date":"November 9, 2022","format":false,"excerpt":"Le nettoyant hydratant pour le visage CeraVe est le choix parfait pour une peau propre, hydrat\u00e9e et saine. Con\u00e7u avec des ingr\u00e9dients soigneusement s\u00e9lectionn\u00e9s, tels que les c\u00e9ramides et l'acide hyaluronique, ce nettoyant doux pour le visage est sp\u00e9cialement formul\u00e9 pour les peaux normales \u00e0 s\u00e8ches. Contrairement aux nettoyants classiques\u2026","rel":"","context":"Similar post","block_context":{"text":"Similar post","link":""},"img":{"alt_text":"","src":"","width":0,"height":0},"classes":[]},{"id":27450,"url":"https:\/\/sakaba.mghosteur.com\/en\/product\/the-ordinary-hyaluronic-acid-2-b5\/","url_meta":{"origin":31619,"position":3},"title":"The Ordinary Hyaluronic Acid 2% + B5","author":"admin","date":"November 29, 2022","format":false,"excerpt":"L'Acide Hyaluronique 2% + B5 de la marque The Ordinary est une formule hautement efficace pour hydrater la peau et cibler les signes de vieillissement. Cette formule innovante combine des mol\u00e9cules d'acide hyaluronique de poids mol\u00e9culaire faible, moyen et \u00e9lev\u00e9 avec un polym\u00e8re crois\u00e9 HA de nouvelle g\u00e9n\u00e9ration pour offrir\u2026","rel":"","context":"Similar post","block_context":{"text":"Similar post","link":""},"img":{"alt_text":"","src":"","width":0,"height":0},"classes":[]},{"id":31752,"url":"https:\/\/sakaba.mghosteur.com\/en\/product\/byoma-hydrating-serum\/","url_meta":{"origin":31619,"position":4},"title":"BYOMA HYDRATING SERUM","author":"admin","date":"May 10, 2024","format":false,"excerpt":"S\u00e9rum Hydratant Offrez \u00e0 votre peau le luxe d'une hydratation profonde et d'une r\u00e9paration efficace avec ce s\u00e9rum hydratant de qualit\u00e9 sup\u00e9rieure. Chaque goutte de ce s\u00e9rum est un concentr\u00e9 de bienfaits pour votre peau, lui donnant une apparence rebondie et \u00e9clatante tout en renfor\u00e7ant sa barri\u00e8re cutan\u00e9e. Ce s\u00e9rum\u2026","rel":"","context":"Similar post","block_context":{"text":"Similar post","link":""},"img":{"alt_text":"","src":"","width":0,"height":0},"classes":[]},{"id":27471,"url":"https:\/\/sakaba.mghosteur.com\/en\/product\/the-ordinary-amino-acids-b5\/","url_meta":{"origin":31619,"position":5},"title":"The Ordinary Amino Acids + B5","author":"admin","date":"November 29, 2022","format":false,"excerpt":"Le s\u00e9rum Amino Acids + B5 de la marque The Ordinary est un produit ultra-fin qui aide votre peau \u00e0 maintenir sa barri\u00e8re d'hydratation naturelle. La formule de ce s\u00e9rum \u00e0 base d'eau contient une solution concentr\u00e9e \u00e0 17% (en poids) d'acides amin\u00e9s et de d\u00e9riv\u00e9s d'acides amin\u00e9s qui imitent\u2026","rel":"","context":"Similar post","block_context":{"text":"Similar post","link":""},"img":{"alt_text":"","src":"","width":0,"height":0},"classes":[]}],"_links":{"self":[{"href":"https:\/\/sakaba.mghosteur.com\/en\/wp-json\/wp\/v2\/product\/31619","targetHints":{"allow":["GET"]}}],"collection":[{"href":"https:\/\/sakaba.mghosteur.com\/en\/wp-json\/wp\/v2\/product"}],"about":[{"href":"https:\/\/sakaba.mghosteur.com\/en\/wp-json\/wp\/v2\/types\/product"}],"replies":[{"embeddable":true,"href":"https:\/\/sakaba.mghosteur.com\/en\/wp-json\/wp\/v2\/comments?post=31619"}],"version-history":[{"count":0,"href":"https:\/\/sakaba.mghosteur.com\/en\/wp-json\/wp\/v2\/product\/31619\/revisions"}],"wp:attachment":[{"href":"https:\/\/sakaba.mghosteur.com\/en\/wp-json\/wp\/v2\/media?parent=31619"}],"wp:term":[{"taxonomy":"product_brand","embeddable":true,"href":"https:\/\/sakaba.mghosteur.com\/en\/wp-json\/wp\/v2\/product_brand?post=31619"},{"taxonomy":"product_cat","embeddable":true,"href":"https:\/\/sakaba.mghosteur.com\/en\/wp-json\/wp\/v2\/product_cat?post=31619"},{"taxonomy":"product_tag","embeddable":true,"href":"https:\/\/sakaba.mghosteur.com\/en\/wp-json\/wp\/v2\/product_tag?post=31619"}],"curies":[{"name":"wp","href":"https:\/\/api.w.org\/{rel}","templated":true}]}}