{"id":31624,"date":"2024-05-10T12:31:19","date_gmt":"2024-05-10T12:31:19","guid":{"rendered":"https:\/\/sakaba.mghosteur.com\/?post_type=product&#038;p=31624"},"modified":"2024-08-15T02:03:29","modified_gmt":"2024-08-15T02:03:29","slug":"the-inkey-hyaluronic-acid","status":"publish","type":"product","link":"https:\/\/sakaba.mghosteur.com\/en\/product\/the-inkey-hyaluronic-acid\/","title":{"rendered":"THE INKEY HYALURONIC ACID"},"content":{"rendered":"<p>S\u00e9rum \u00e0 l&#8217;acide hyaluronique<\/p>\n<p>Le best-seller num\u00e9ro un, cet essentiel quotidien est un alli\u00e9 incontournable pour chaque routine, boostant l&#8217;efficacit\u00e9 de vos autres soins de la peau. Cliniquement prouv\u00e9 pour procurer une hydratation instantan\u00e9e et durable, ce s\u00e9rum non collant laisse la peau repulp\u00e9e, lisse et radieuse.<\/p>\n<p>Formul\u00e9 avec 2 % d&#8217;acide hyaluronique multimol\u00e9culaire, ce puissant ingr\u00e9dient retient l&#8217;humidit\u00e9 jusqu&#8217;\u00e0 1 000 fois son poids en eau, pr\u00e9servant ainsi l&#8217;hydratation et la souplesse de la peau. L\u00e9ger et rapidement absorb\u00e9, ce s\u00e9rum combine des poids mol\u00e9culaires \u00e9lev\u00e9s et faibles d&#8217;AH pour hydrater en profondeur plusieurs couches de la peau.<\/p>\n<p>Convient \u00e0 tous les types de peau, il est appr\u00e9ci\u00e9 pour sa texture l\u00e9g\u00e8re qui fond instantan\u00e9ment, laissant une base hydrat\u00e9e et lumineuse. Il combat la s\u00e9cheresse cutan\u00e9e, att\u00e9nue les ridules et renforce la barri\u00e8re cutan\u00e9e, un indispensable de toute routine de soins.<\/p>\n<p>Convient \u00e0:<\/p>\n<p>&#8211; Tous types de peau<br \/>\n&#8211; Peau sensible<br \/>\n&#8211; Grossesse et allaitement<\/p>\n<p>Cibles :<\/p>\n<p>&#8211; Peau d\u00e9shydrat\u00e9e<br \/>\n&#8211; Ridules et rides<br \/>\n&#8211; Barri\u00e8re cutan\u00e9e endommag\u00e9e<\/p>\n<p>Fier d&#8217;\u00eatre:<\/p>\n<p>&#8211; Carbone net z\u00e9ro<br \/>\n&#8211; B-Corp<br \/>\n&#8211; Sans cruaut\u00e9<br \/>\n&#8211; Recyclable<br \/>\n&#8211; V\u00e9g\u00e9talien<br \/>\n&#8211; Taille de voyage<br \/>\n&#8211; Sans gluten<br \/>\n&#8211; Sans parfum<\/p>\n<p>Comment utiliser:<br \/>\nUtilisez matin et soir dans votre routine de soins de la peau.<br \/>\nAppliquez apr\u00e8s le nettoyage pour attirer l&#8217;humidit\u00e9 dans la peau.<br \/>\nSur une peau nettoy\u00e9e et humide, appliquez une petite quantit\u00e9 sur le visage et le cou, puis continuez avec vos traitements et cr\u00e8mes hydratantes pr\u00e9f\u00e9r\u00e9s.<br \/>\nTerminez par l&#8217;application d&#8217;un SPF le matin.<\/p>\n<p>Conseils INKEY :<br \/>\nAppliquez sur une peau humide pour une meilleure r\u00e9tention d&#8217;humidit\u00e9.<br \/>\nFacilite l&#8217;absorption des autres produits de votre routine sans provoquer de peluches.<\/p>","protected":false},"excerpt":{"rendered":"<p>S\u00e9rum \u00e0 l&#8217;acide hyaluronique Le best-seller num\u00e9ro un, cet essentiel quotidien est un alli\u00e9 incontournable pour chaque routine, boostant l&#8217;efficacit\u00e9 de vos autres soins de la peau. Cliniquement prouv\u00e9 pour procurer une hydratation instantan\u00e9e et durable, ce s\u00e9rum non collant laisse la peau repulp\u00e9e, lisse et radieuse. Formul\u00e9 avec 2 % d&#8217;acide hyaluronique multimol\u00e9culaire, ce<span class=\"read-more-faq\"><a href=\"https:\/\/sakaba.mghosteur.com\/en\/product\/the-inkey-hyaluronic-acid\/\">Read More<\/a><\/span><\/p>","protected":false},"featured_media":0,"comment_status":"open","ping_status":"closed","template":"","meta":[],"product_brand":[880],"product_cat":[451,334],"product_tag":[],"class_list":{"0":"post-31624","1":"product","2":"type-product","3":"status-publish","5":"product_brand-inkey-list","6":"product_cat-aab-soin-du-visage","7":"product_cat-traitement-serum","9":"first","10":"instock","11":"shipping-taxable","12":"product-type-simple"},"jetpack-related-posts":[{"id":33119,"url":"https:\/\/sakaba.mghosteur.com\/en\/product\/medix-5-5-3-hyaluronic-hydrate-booster-serum-50ml\/","url_meta":{"origin":31624,"position":0},"title":"MEDIX 5.5 3% HYALURONIC HYDRATE BOOSTER SERUM 50ML","author":"admin","date":"May 20, 2024","format":false,"excerpt":"Le s\u00e9rum \u00e0 l'acide hyaluronique est formul\u00e9 avec trois poids mol\u00e9culaires diff\u00e9rents, ainsi que de la vitamine B5, de l'alo\u00e8s et du varech, laissant la peau extr\u00eamement hydrat\u00e9e et rebondie.","rel":"","context":"Similar post","block_context":{"text":"Similar post","link":""},"img":{"alt_text":"","src":"","width":0,"height":0},"classes":[]},{"id":30330,"url":"https:\/\/sakaba.mghosteur.com\/en\/product\/neutrogena-hydro-boost-night-pressed-serum\/","url_meta":{"origin":31624,"position":1},"title":"NEUTROGENA HYDRO BOOST NIGHT PRESSED SERUM","author":"admin","date":"May 8, 2023","format":false,"excerpt":"D\u00e9couvrez le s\u00e9rum press\u00e9 pour le visage Hydro Boost Night \u00e0 l'acide hyaluronique pur de la marque Neutrogena, un concentr\u00e9 multi-r\u00e9parateur unique con\u00e7u pour revitaliser et restaurer la barri\u00e8re d'hydratation de votre peau pendant la nuit. Ce s\u00e9rum pour le visage fond instantan\u00e9ment dans votre peau pour une hydratation en\u2026","rel":"","context":"Similar post","block_context":{"text":"Similar post","link":""},"img":{"alt_text":"","src":"","width":0,"height":0},"classes":[]},{"id":27471,"url":"https:\/\/sakaba.mghosteur.com\/en\/product\/the-ordinary-amino-acids-b5\/","url_meta":{"origin":31624,"position":2},"title":"The Ordinary Amino Acids + B5","author":"admin","date":"November 29, 2022","format":false,"excerpt":"Le s\u00e9rum Amino Acids + B5 de la marque The Ordinary est un produit ultra-fin qui aide votre peau \u00e0 maintenir sa barri\u00e8re d'hydratation naturelle. La formule de ce s\u00e9rum \u00e0 base d'eau contient une solution concentr\u00e9e \u00e0 17% (en poids) d'acides amin\u00e9s et de d\u00e9riv\u00e9s d'acides amin\u00e9s qui imitent\u2026","rel":"","context":"Similar post","block_context":{"text":"Similar post","link":""},"img":{"alt_text":"","src":"","width":0,"height":0},"classes":[]},{"id":37175,"url":"https:\/\/sakaba.mghosteur.com\/en\/product\/torriden-serum-50ml\/","url_meta":{"origin":31624,"position":3},"title":"TORRIDEN SERUM 50ML","author":"admin","date":"October 9, 2024","format":false,"excerpt":"S\u00e9rum infus\u00e9 d'acides hyaluroniques \u00e0 faible poids mol\u00e9culaire pour hydrater intens\u00e9ment la peau. Il est sans parfum et poss\u00e8de une texture aqueuse et transparente qui p\u00e9n\u00e8tre instantan\u00e9ment dans la peau, ne laissant aucun effet collant ni gras. Le s\u00e9rum contient de l'extrait de feuille d'hamam\u00e9lis pour aider \u00e0 contr\u00f4ler le\u2026","rel":"","context":"Similar post","block_context":{"text":"Similar post","link":""},"img":{"alt_text":"","src":"","width":0,"height":0},"classes":[]},{"id":24015,"url":"https:\/\/sakaba.mghosteur.com\/en\/product\/neutrogena-hydro-boost-hyaluronic-acid-serum\/","url_meta":{"origin":31624,"position":4},"title":"NEUTROGENA HYDRO BOOST HYALURONIC ACID SERUM","author":"admin","date":"November 9, 2022","format":false,"excerpt":"Le s\u00e9rum visage quotidien \u00e0 l'acide hyaluronique Neutrogena Hydro Boost est un produit de soin de la peau ultra-l\u00e9ger qui offre une hydratation longue dur\u00e9e pour une peau extra-lisse et souple. Adapt\u00e9 aux peaux sensibles, il d\u00e9salt\u00e8re la peau en profondeur gr\u00e2ce \u00e0 sa formule unique contenant deux tailles d'acide\u2026","rel":"","context":"Similar post","block_context":{"text":"Similar post","link":""},"img":{"alt_text":"","src":"","width":0,"height":0},"classes":[]},{"id":56132,"url":"https:\/\/sakaba.mghosteur.com\/en\/product\/anua-azelaic-acid-10-hyaluron-redness-soothing-serum\/","url_meta":{"origin":31624,"position":5},"title":"Anua Azelaic Acid 10 + Hyaluron Redness Soothing Serum","author":"Sope DIA","date":"January 2, 2026","format":false,"excerpt":"[APAISANT POUR LES ROUGEURS] L'acide az\u00e9la\u00efque \u00e0 10 % apaise les peaux normales. Les extraits de bl\u00e9 et d'orge, ingr\u00e9dients doux et efficaces, hydratent en profondeur et contribuent \u00e0 \u00e9quilibrer la peau pour un teint plus \u00e9clatant. [SOIN DOUX ET EFFICACE POUR LA PEAU] Un m\u00e9lange de trois types d'acide\u2026","rel":"","context":"Similar post","block_context":{"text":"Similar post","link":""},"img":{"alt_text":"","src":"","width":0,"height":0},"classes":[]}],"_links":{"self":[{"href":"https:\/\/sakaba.mghosteur.com\/en\/wp-json\/wp\/v2\/product\/31624","targetHints":{"allow":["GET"]}}],"collection":[{"href":"https:\/\/sakaba.mghosteur.com\/en\/wp-json\/wp\/v2\/product"}],"about":[{"href":"https:\/\/sakaba.mghosteur.com\/en\/wp-json\/wp\/v2\/types\/product"}],"replies":[{"embeddable":true,"href":"https:\/\/sakaba.mghosteur.com\/en\/wp-json\/wp\/v2\/comments?post=31624"}],"version-history":[{"count":0,"href":"https:\/\/sakaba.mghosteur.com\/en\/wp-json\/wp\/v2\/product\/31624\/revisions"}],"wp:attachment":[{"href":"https:\/\/sakaba.mghosteur.com\/en\/wp-json\/wp\/v2\/media?parent=31624"}],"wp:term":[{"taxonomy":"product_brand","embeddable":true,"href":"https:\/\/sakaba.mghosteur.com\/en\/wp-json\/wp\/v2\/product_brand?post=31624"},{"taxonomy":"product_cat","embeddable":true,"href":"https:\/\/sakaba.mghosteur.com\/en\/wp-json\/wp\/v2\/product_cat?post=31624"},{"taxonomy":"product_tag","embeddable":true,"href":"https:\/\/sakaba.mghosteur.com\/en\/wp-json\/wp\/v2\/product_tag?post=31624"}],"curies":[{"name":"wp","href":"https:\/\/api.w.org\/{rel}","templated":true}]}}