{"id":31625,"date":"2024-05-10T12:31:59","date_gmt":"2024-05-10T12:31:59","guid":{"rendered":"https:\/\/sakaba.mghosteur.com\/?post_type=product&#038;p=31625"},"modified":"2024-08-15T01:45:31","modified_gmt":"2024-08-15T01:45:31","slug":"the-ordinary-ascorbyl-tetraisopalmitata-solution-20-in-vitamin-f","status":"publish","type":"product","link":"https:\/\/sakaba.mghosteur.com\/en\/product\/the-ordinary-ascorbyl-tetraisopalmitata-solution-20-in-vitamin-f\/","title":{"rendered":"The Ordinary ASCORBYL TETRAISOPALMITATA SOLUTION 20% IN VITAMIN F"},"content":{"rendered":"<p>D\u00e9couvrez cette incroyable huile de vitamine C, id\u00e9ale pour hydrater et illuminer votre peau. La solution de t\u00e9traisopalmitate d&#8217;ascorbyle \u00e0 20 % dans la vitamine F est une formule l\u00e9g\u00e8re qui combat les signes du vieillissement tout en \u00e9quilibrant le teint. Contrairement aux autres formes de vitamine C, cette huile contient un d\u00e9riv\u00e9 soluble dans l&#8217;huile qui se transforme en vitamine C une fois appliqu\u00e9, r\u00e9duisant ainsi le risque d&#8217;irritation. Enrichie en vitamine F, elle soutient \u00e9galement la barri\u00e8re d&#8217;hydratation naturelle de la peau.<\/p>\n<p>Int\u00e9grez-la facilement dans votre routine de soins. Utilisez-la apr\u00e8s le nettoyage et l&#8217;application de s\u00e9rums \u00e0 base d&#8217;eau, mais avant les huiles, suspensions ou cr\u00e8mes pour un effet optimal.<\/p>","protected":false},"excerpt":{"rendered":"<p>D\u00e9couvrez cette incroyable huile de vitamine C, id\u00e9ale pour hydrater et illuminer votre peau. La solution de t\u00e9traisopalmitate d&#8217;ascorbyle \u00e0 20 % dans la vitamine F est une formule l\u00e9g\u00e8re qui combat les signes du vieillissement tout en \u00e9quilibrant le teint. Contrairement aux autres formes de vitamine C, cette huile contient un d\u00e9riv\u00e9 soluble dans<span class=\"read-more-faq\"><a href=\"https:\/\/sakaba.mghosteur.com\/en\/product\/the-ordinary-ascorbyl-tetraisopalmitata-solution-20-in-vitamin-f\/\">Read More<\/a><\/span><\/p>","protected":false},"featured_media":0,"comment_status":"open","ping_status":"closed","template":"","meta":[],"product_brand":[988],"product_cat":[293,451,334],"product_tag":[],"class_list":{"0":"post-31625","1":"product","2":"type-product","3":"status-publish","5":"product_brand-the-ordinary","6":"product_cat-anti-taches","7":"product_cat-aab-soin-du-visage","8":"product_cat-traitement-serum","10":"first","11":"instock","12":"shipping-taxable","13":"product-type-simple"},"jetpack-related-posts":[{"id":26954,"url":"https:\/\/sakaba.mghosteur.com\/en\/product\/facetheory-cera-c-pore-reducing-toner\/","url_meta":{"origin":31625,"position":0},"title":"FACETHEORY Cera-C Pore Reducing Toner T1","author":"admin","date":"November 28, 2022","format":false,"excerpt":"Le toner Cera-C R\u00e9ducteur de Pores T1 de Facetheory est un toner l\u00e9ger et \u00e9quilibrant formul\u00e9 avec des c\u00e9ramides et de la niacinamide (vitamine B3) pour aider \u00e0 r\u00e9duire l'apparence des pores dilat\u00e9s et restaurer l'\u00e9lasticit\u00e9 naturelle de la peau. La vitamine C stabilis\u00e9e aide \u00e0 combattre les bact\u00e9ries responsables\u2026","rel":"","context":"Similar post","block_context":{"text":"Similar post","link":""},"img":{"alt_text":"","src":"","width":0,"height":0},"classes":[]},{"id":33122,"url":"https:\/\/sakaba.mghosteur.com\/en\/product\/medix-5-5-20-vitamin-f-barrier-booster-serum-50ml-15\/","url_meta":{"origin":31625,"position":1},"title":"MEDIX 5.5 20% VITAMIN F BARRIER BOOSTER SERUM 50ML 15","author":"admin","date":"May 20, 2024","format":false,"excerpt":"Le s\u00e9rum Medix 5.5 20% Vitamin F Barrier Booster 50 ml est un s\u00e9rum qui contient de la vitamine F, un acide gras qui aide \u00e0 maintenir l'hydratation et l'int\u00e9grit\u00e9 de la barri\u00e8re cutan\u00e9e. Il est sans paraben, sans cruaut\u00e9 et convient \u00e0 tous les types de peau. Le s\u00e9rum\u2026","rel":"","context":"Similar post","block_context":{"text":"Similar post","link":""},"img":{"alt_text":"","src":"","width":0,"height":0},"classes":[]},{"id":27481,"url":"https:\/\/sakaba.mghosteur.com\/en\/product\/the-ordinary-ascorbyl-glucoside-solution-12\/","url_meta":{"origin":31625,"position":2},"title":"The Ordinary ASCORBYL GLUCOSIDE SOLUTION 12%","author":"admin","date":"November 29, 2022","format":false,"excerpt":"La Solution de Glucosides d'Ascorbyle 12% de la marque The Ordinary est un s\u00e9rum \u00e0 base d'eau qui offre une formule l\u00e9g\u00e8re et efficace pour aider \u00e0 r\u00e9duire les signes de vieillissement. Ce s\u00e9rum contient un d\u00e9riv\u00e9 hydrosoluble de vitamine C, l'ascorbyl glucoside, qui se transforme en vitamine C une\u2026","rel":"","context":"Similar post","block_context":{"text":"Similar post","link":""},"img":{"alt_text":"","src":"","width":0,"height":0},"classes":[]},{"id":30471,"url":"https:\/\/sakaba.mghosteur.com\/en\/product\/facetheory-amil-c-whip-daily-defence\/","url_meta":{"origin":31625,"position":3},"title":"FACETHEORY Amil-C Whip Daily Defence","author":"admin","date":"May 11, 2023","format":false,"excerpt":"D\u00e9couvrez la cr\u00e8me hydratante en mousse fouett\u00e9e Amil-C Whip Daily Defense de la marque Facetheory, dot\u00e9e d'un filtre chimique UVA\/UVB Bemotrizinol pour prot\u00e9ger votre peau des dommages environnementaux. Cette cr\u00e8me contient 5 % de niacinamide et de vitamine C \u00e0 double action pour \u00e9quilibrer votre teint, r\u00e9duire les rougeurs et\u2026","rel":"","context":"Similar post","block_context":{"text":"Similar post","link":""},"img":{"alt_text":"","src":"","width":0,"height":0},"classes":[]},{"id":56126,"url":"https:\/\/sakaba.mghosteur.com\/en\/product\/advanced-clinicals-vitamin-c-brightening-body-oil\/","url_meta":{"origin":31625,"position":4},"title":"Advanced Clinicals Vitamin C Brightening Body Oil","author":"Sope DIA","date":"January 2, 2026","format":false,"excerpt":"L'HUILE CORPORELLE \u00c0 LA VITAMINE C REVIENT LES TEINTS TERN\u00c9S POUR UN \u00c9CLAT \u00c9CLATANT ET SOUPLE \u2013 Cette huile corporelle nourrissante am\u00e9liore l'hydratation tout en adoucissant l'apparence des peaux irr\u00e9guli\u00e8res et ternes. La peau est douce, visiblement rafra\u00eechie et revitalis\u00e9e, avec un \u00e9clat sain. Formul\u00e9e par des chimistes cosm\u00e9tiques pour\u2026","rel":"","context":"Similar post","block_context":{"text":"Similar post","link":""},"img":{"alt_text":"","src":"","width":0,"height":0},"classes":[]},{"id":28064,"url":"https:\/\/sakaba.mghosteur.com\/en\/product\/naturium-vitamin-c-complex-serum\/","url_meta":{"origin":31625,"position":5},"title":"NATURIUM VITAMIN C COMPLEX SERUM","author":"admin","date":"November 29, 2022","format":false,"excerpt":"Le puissant s\u00e9rum \u00e0 la vitamine C est formul\u00e9 avec un complexe de vitamine C \u00e0 base d'or et d'acide L-ascorbique hautement stabilis\u00e9, du phosphate d'ascorbyle de sodium et un m\u00e9lange de fruits bioactifs qui aide \u00e0 d\u00e9fendre la peau contre les facteurs de stress environnementaux, favorisant ainsi une peau\u2026","rel":"","context":"Similar post","block_context":{"text":"Similar post","link":""},"img":{"alt_text":"","src":"","width":0,"height":0},"classes":[]}],"_links":{"self":[{"href":"https:\/\/sakaba.mghosteur.com\/en\/wp-json\/wp\/v2\/product\/31625","targetHints":{"allow":["GET"]}}],"collection":[{"href":"https:\/\/sakaba.mghosteur.com\/en\/wp-json\/wp\/v2\/product"}],"about":[{"href":"https:\/\/sakaba.mghosteur.com\/en\/wp-json\/wp\/v2\/types\/product"}],"replies":[{"embeddable":true,"href":"https:\/\/sakaba.mghosteur.com\/en\/wp-json\/wp\/v2\/comments?post=31625"}],"version-history":[{"count":0,"href":"https:\/\/sakaba.mghosteur.com\/en\/wp-json\/wp\/v2\/product\/31625\/revisions"}],"wp:attachment":[{"href":"https:\/\/sakaba.mghosteur.com\/en\/wp-json\/wp\/v2\/media?parent=31625"}],"wp:term":[{"taxonomy":"product_brand","embeddable":true,"href":"https:\/\/sakaba.mghosteur.com\/en\/wp-json\/wp\/v2\/product_brand?post=31625"},{"taxonomy":"product_cat","embeddable":true,"href":"https:\/\/sakaba.mghosteur.com\/en\/wp-json\/wp\/v2\/product_cat?post=31625"},{"taxonomy":"product_tag","embeddable":true,"href":"https:\/\/sakaba.mghosteur.com\/en\/wp-json\/wp\/v2\/product_tag?post=31625"}],"curies":[{"name":"wp","href":"https:\/\/api.w.org\/{rel}","templated":true}]}}