{"id":31628,"date":"2024-05-10T12:32:57","date_gmt":"2024-05-10T12:32:57","guid":{"rendered":"https:\/\/sakaba.mghosteur.com\/?post_type=product&#038;p=31628"},"modified":"2024-08-15T02:11:24","modified_gmt":"2024-08-15T02:11:24","slug":"the-inkey-list-hyaluronic-acid-thydrating-hair-tre","status":"publish","type":"product","link":"https:\/\/sakaba.mghosteur.com\/en\/product\/the-inkey-list-hyaluronic-acid-thydrating-hair-tre\/","title":{"rendered":"THE INKEY LIST HYALURONIC ACID HYDRATING HAIR TREATMENT"},"content":{"rendered":"<p>D\u00e9couvrez ce traitement capillaire hydratant \u00e0 l&#8217;acide hyaluronique, une solution innovante pour nourrir et revitaliser vos cheveux en profondeur. Formul\u00e9 avec des acides hyaluroniques de poids mol\u00e9culaire haut et bas, ce s\u00e9rum l\u00e9ger est con\u00e7u pour hydrater en profondeur, r\u00e9duire les frisottis et renforcer la r\u00e9sistance de vos cheveux contre les agressions environnementales.<\/p>\n<p>L&#8217;acide hyaluronique, ingr\u00e9dient phare reconnu pour ses propri\u00e9t\u00e9s hydratantes, vient \u00e0 la rescousse de vos cheveux dess\u00e9ch\u00e9s. Les facteurs tels que les lavages fr\u00e9quents, l&#8217;eau chaude, ou l&#8217;usage de outils chauffants sans protection peuvent tous contribuer \u00e0 ass\u00e9cher vos cheveux, ouvrant ainsi la porte aux frisottis et \u00e0 la fragilit\u00e9.<\/p>\n<p>Pour utiliser ce traitement, apr\u00e8s le lavage, secouez bien le flacon et versez une petite quantit\u00e9 dans le creux de votre main. Massez d\u00e9licatement vos mains ensemble et appliquez le produit uniform\u00e9ment sur vos cheveux, qu&#8217;ils soient mouill\u00e9s ou secs. Veillez \u00e0 bien couvrir chaque m\u00e8che pour une hydratation optimale. Laissez agir et coiffez vos cheveux comme \u00e0 votre habitude.<\/p>\n<p>Int\u00e9grez ce traitement capillaire \u00e0 votre routine une \u00e0 deux fois par semaine pour des cheveux visiblement plus sains, brillants et r\u00e9sistants aux agressions ext\u00e9rieures.<\/p>","protected":false},"excerpt":{"rendered":"<p>D\u00e9couvrez ce traitement capillaire hydratant \u00e0 l&#8217;acide hyaluronique, une solution innovante pour nourrir et revitaliser vos cheveux en profondeur. Formul\u00e9 avec des acides hyaluroniques de poids mol\u00e9culaire haut et bas, ce s\u00e9rum l\u00e9ger est con\u00e7u pour hydrater en profondeur, r\u00e9duire les frisottis et renforcer la r\u00e9sistance de vos cheveux contre les agressions environnementales. L&#8217;acide hyaluronique,<span class=\"read-more-faq\"><a href=\"https:\/\/sakaba.mghosteur.com\/en\/product\/the-inkey-list-hyaluronic-acid-thydrating-hair-tre\/\">Read More<\/a><\/span><\/p>","protected":false},"featured_media":0,"comment_status":"open","ping_status":"closed","template":"","meta":[],"product_brand":[880],"product_cat":[284,1063],"product_tag":[],"class_list":{"0":"post-31628","1":"product","2":"type-product","3":"status-publish","5":"product_brand-inkey-list","6":"product_cat-aad-cheveux","7":"product_cat-traitement-capilaire","9":"first","10":"instock","11":"shipping-taxable","12":"product-type-simple"},"jetpack-related-posts":[{"id":27239,"url":"https:\/\/sakaba.mghosteur.com\/en\/product\/the-inkey-list-hyaluronic-acid-hydrating-hair\/","url_meta":{"origin":31628,"position":0},"title":"THE INKEY LIST HYALURONIC ACID HYDRATING HAIR","author":"admin","date":"November 29, 2022","format":false,"excerpt":"Le traitement capillaire hydratant \u00e0 l'acide hyaluronique de la marque The Inkey List est un s\u00e9rum l\u00e9ger qui aide \u00e0 hydrater et \u00e0 am\u00e9liorer la sant\u00e9 de vos cheveux. Formul\u00e9 avec des acides hyaluroniques optimis\u00e9s de poids mol\u00e9culaire \u00e9lev\u00e9 et bas, ce traitement capillaire p\u00e9n\u00e8tre profond\u00e9ment dans vos cheveux pour\u2026","rel":"","context":"Similar post","block_context":{"text":"Similar post","link":""},"img":{"alt_text":"","src":"","width":0,"height":0},"classes":[]},{"id":25927,"url":"https:\/\/sakaba.mghosteur.com\/en\/product\/carols-daughter-cream-serum-moisturizer\/","url_meta":{"origin":31628,"position":1},"title":"CAROL&#8217;S DAUGHTER CREAM SERUM MOISTURIZER","author":"admin","date":"November 23, 2022","format":false,"excerpt":"La cr\u00e8me hydratante pour cheveux Carol\u2019s Daughter Wash Day Delight \u00e0 l\u2019eau de rose et \u00e0 la glyc\u00e9rine aide \u00e0 pr\u00e9venir les frisottis, \u00e0 d\u00e9m\u00ealer et \u00e0 adoucir. S\u00e9rum hydratant l\u00e9ger pour cheveux boucl\u00e9s m\u00e9lang\u00e9 \u00e0 de l\u2019eau de rose et \u00e0 de la glyc\u00e9rine pour fournir une hydratation et\u2026","rel":"","context":"Similar post","block_context":{"text":"Similar post","link":""},"img":{"alt_text":"","src":"","width":0,"height":0},"classes":[]},{"id":26092,"url":"https:\/\/sakaba.mghosteur.com\/en\/product\/mielle-babassu-mint-deep-conditioner\/","url_meta":{"origin":31628,"position":2},"title":"MIELLE BABASSU &amp; MINT DEEP CONDITIONER","author":"admin","date":"November 24, 2022","format":false,"excerpt":"Le revitalisant en profondeur \u00e0 base de prot\u00e9ines et d'hydratation \u00e0 l'huile de babassu et \u00e0 la menthe restaurera les cheveux secs et ab\u00eem\u00e9s. Ce fruit de palmier originaire d'Amazonie est riche en st\u00e9rols et en tocoph\u00e9rols, qui sont sains pour les cheveux et le cuir chevelu. Enrichi en acides\u2026","rel":"","context":"Similar post","block_context":{"text":"Similar post","link":""},"img":{"alt_text":"","src":"","width":0,"height":0},"classes":[]},{"id":26110,"url":"https:\/\/sakaba.mghosteur.com\/en\/product\/mielle-white-peony-leave-in-conditioner\/","url_meta":{"origin":31628,"position":3},"title":"MIELLE WHITE PEONY LEAVE IN CONDITIONER","author":"admin","date":"November 24, 2022","format":false,"excerpt":"Ce revitalisant sans rin\u00e7age ultra hydratant \u00e0 la pivoine blanche est l\u00e9ger et contient des ingr\u00e9dients naturels et biologiques pour donner \u00e0 vos cheveux l'hydratation et la protection dont ils ont besoin. Il retient l'hydratation, lisse la tige capillaire, dompte les frisottis et les cheveux rebelles. Un excellent produit lorsqu'il\u2026","rel":"","context":"Similar post","block_context":{"text":"Similar post","link":""},"img":{"alt_text":"","src":"","width":0,"height":0},"classes":[]},{"id":33391,"url":"https:\/\/sakaba.mghosteur.com\/en\/product\/scotch-porter-nourishrepair-hair-conditioner\/","url_meta":{"origin":31628,"position":4},"title":"SCOTCH PORTER NOURISH &amp; REPAIR HAIR CONDITIONER","author":"admin","date":"May 21, 2024","format":false,"excerpt":"L'apr\u00e8s-shampooing Nourish & Repair est un traitement revitalisant en profondeur qui reconstitue l'hydratation, r\u00e9pare les dommages et renforce les cheveux de la racine aux pointes, laissant les cheveux doux, brillants et sans frisottis.","rel":"","context":"Similar post","block_context":{"text":"Similar post","link":""},"img":{"alt_text":"","src":"","width":0,"height":0},"classes":[]},{"id":31897,"url":"https:\/\/sakaba.mghosteur.com\/en\/product\/vital-proteins-collagene-peptided-poudre-265g-25000\/","url_meta":{"origin":31628,"position":5},"title":"Vital Proteins, COLLAGENE PEPTIDED POUDRE 265G 25000","author":"admin","date":"May 10, 2024","format":false,"excerpt":"Envie de booster votre scoop ? Atteignez cette formule trois fois plus agr\u00e9able. En plus du collag\u00e8ne, qui favorise la sant\u00e9 des cheveux, des ongles, de la peau et des articulations**, notre poudre Original Collagen Peptides contient de l'acide hyaluronique et de la vitamine C, des ingr\u00e9dients puissants qui procurent\u2026","rel":"","context":"Similar post","block_context":{"text":"Similar post","link":""},"img":{"alt_text":"","src":"","width":0,"height":0},"classes":[]}],"_links":{"self":[{"href":"https:\/\/sakaba.mghosteur.com\/en\/wp-json\/wp\/v2\/product\/31628","targetHints":{"allow":["GET"]}}],"collection":[{"href":"https:\/\/sakaba.mghosteur.com\/en\/wp-json\/wp\/v2\/product"}],"about":[{"href":"https:\/\/sakaba.mghosteur.com\/en\/wp-json\/wp\/v2\/types\/product"}],"replies":[{"embeddable":true,"href":"https:\/\/sakaba.mghosteur.com\/en\/wp-json\/wp\/v2\/comments?post=31628"}],"version-history":[{"count":0,"href":"https:\/\/sakaba.mghosteur.com\/en\/wp-json\/wp\/v2\/product\/31628\/revisions"}],"wp:attachment":[{"href":"https:\/\/sakaba.mghosteur.com\/en\/wp-json\/wp\/v2\/media?parent=31628"}],"wp:term":[{"taxonomy":"product_brand","embeddable":true,"href":"https:\/\/sakaba.mghosteur.com\/en\/wp-json\/wp\/v2\/product_brand?post=31628"},{"taxonomy":"product_cat","embeddable":true,"href":"https:\/\/sakaba.mghosteur.com\/en\/wp-json\/wp\/v2\/product_cat?post=31628"},{"taxonomy":"product_tag","embeddable":true,"href":"https:\/\/sakaba.mghosteur.com\/en\/wp-json\/wp\/v2\/product_tag?post=31628"}],"curies":[{"name":"wp","href":"https:\/\/api.w.org\/{rel}","templated":true}]}}