{"id":31633,"date":"2024-05-10T12:34:31","date_gmt":"2024-05-10T12:34:31","guid":{"rendered":"https:\/\/sakaba.mghosteur.com\/?post_type=product&#038;p=31633"},"modified":"2025-03-13T08:09:30","modified_gmt":"2025-03-13T08:09:30","slug":"the-inkey-list-tranexamic-acid-serum","status":"publish","type":"product","link":"https:\/\/sakaba.mghosteur.com\/en\/product\/the-inkey-list-tranexamic-acid-serum\/","title":{"rendered":"THE INKEY LIST TRANEXAMIC ACID SERUM"},"content":{"rendered":"<p>Ce gel de traitement cible l&#8217;hyperpigmentation, les taches in\u00e9gales et les taches brunes, illuminant ainsi le teint de la peau et aidant \u00e0 r\u00e9duire les taches brunes et l&#8217;irr\u00e9gularit\u00e9 du teint.<\/p>\n<p>Formul\u00e9 avec 2 % d&#8217;acide tranexamique, un acide amin\u00e9 puissant, 2 % d&#8217;extrait de baie d&#8217;a\u00e7a\u00ef pour favoriser un teint uniforme, ainsi que 2 % de vitamine C \u00e9claircissante pour la peau, ce produit am\u00e9liore \u00e9galement l&#8217;\u00e9clat g\u00e9n\u00e9ral de la peau et unifie le teint.<\/p>\n<p>Mode d&#8217;emploi:<br \/>\nCe traitement peut \u00eatre inclus dans votre routine de soins de la peau matin et soir. Apr\u00e8s avoir nettoy\u00e9 et hydrat\u00e9 votre peau avec de l&#8217;acide hyaluronique, appliquez une petite quantit\u00e9 du s\u00e9rum \u00e0 l&#8217;acide tranexamique sur le visage et le cou. Il est recommand\u00e9 d&#8217;attendre au moins 30 minutes avant d&#8217;appliquer une cr\u00e8me hydratante. Pour une protection optimale, appliquez un \u00e9cran solaire en tant que derni\u00e8re \u00e9tape de votre routine matinale.<\/p>\n<p>Astuce de l&#8217;INKEY:<br \/>\nLorsque vous superposez diff\u00e9rents traitements, commencez par la consistance la plus fine et terminez par la plus \u00e9paisse. Attendez environ une minute entre l&#8217;application de chaque traitement pour \u00e9viter le boulochage.<\/p>","protected":false},"excerpt":{"rendered":"<p>Ce gel de traitement cible l&#8217;hyperpigmentation, les taches in\u00e9gales et les taches brunes, illuminant ainsi le teint de la peau et aidant \u00e0 r\u00e9duire les taches brunes et l&#8217;irr\u00e9gularit\u00e9 du teint. Formul\u00e9 avec 2 % d&#8217;acide tranexamique, un acide amin\u00e9 puissant, 2 % d&#8217;extrait de baie d&#8217;a\u00e7a\u00ef pour favoriser un teint uniforme, ainsi que 2<span class=\"read-more-faq\"><a href=\"https:\/\/sakaba.mghosteur.com\/en\/product\/the-inkey-list-tranexamic-acid-serum\/\">Read More<\/a><\/span><\/p>","protected":false},"featured_media":0,"comment_status":"open","ping_status":"closed","template":"","meta":[],"product_brand":[880],"product_cat":[293,451,334],"product_tag":[],"class_list":{"0":"post-31633","1":"product","2":"type-product","3":"status-publish","5":"product_brand-inkey-list","6":"product_cat-anti-taches","7":"product_cat-aab-soin-du-visage","8":"product_cat-traitement-serum","10":"first","11":"instock","12":"shipping-taxable","13":"product-type-simple"},"jetpack-related-posts":[{"id":26972,"url":"https:\/\/sakaba.mghosteur.com\/en\/product\/exaglow-serum-5tranexamic-acid\/","url_meta":{"origin":31633,"position":0},"title":"FACETHEO S\u00e9rum Exaglow S10 5% acide tranexamique","author":"admin","date":"November 28, 2022","format":false,"excerpt":"D\u00e9couvrez le s\u00e9rum Exaglow S10 de FACETHEORY, un s\u00e9rum \u00e9claircissant qui utilise des actifs cl\u00e9s pour un maximum de r\u00e9sultats. Formul\u00e9 avec de l'acide tranexamique, de la vitamine C et de la r\u00e9glisse, ce s\u00e9rum est con\u00e7u pour \u00e9claircir les taches brunes et la pigmentation, ainsi que pour lisser les\u2026","rel":"","context":"Similar post","block_context":{"text":"Similar post","link":""},"img":{"alt_text":"","src":"","width":0,"height":0},"classes":[]},{"id":31816,"url":"https:\/\/sakaba.mghosteur.com\/en\/product\/anua-niacinamide-10-txa-4-dark-spot-30ml\/","url_meta":{"origin":31633,"position":1},"title":"ANUA NIACINAMIDE 10% +TXA 4% DARK SPOT 30ML","author":"admin","date":"May 10, 2024","format":false,"excerpt":"Anua Niacinamide 10% + TXA 4% Dark Spot 30ML est un s\u00e9rum qui contient 10% de niacinamide et 4% d'acide tranexamique pour aider \u00e0 r\u00e9duire la d\u00e9coloration et cibler les taches brunes tenaces et l'hyperpigmentation. Il contient \u00e9galement 2% d'arbutine pour aider \u00e0 corriger le teint irr\u00e9gulier en limitant la\u2026","rel":"","context":"Similar post","block_context":{"text":"Similar post","link":""},"img":{"alt_text":"","src":"","width":0,"height":0},"classes":[]},{"id":26364,"url":"https:\/\/sakaba.mghosteur.com\/en\/product\/naturium-multi-bright-tranexamic-acid-treatment-5\/","url_meta":{"origin":31633,"position":2},"title":"NATURIUM MULTI BRIGHT TRANEXAMIC ACID TREATMENT 5%","author":"admin","date":"November 25, 2022","format":false,"excerpt":"Le s\u00e9rum topique \u00e0 l'acide tranexamique est formul\u00e9 avec un niveau puissant d'acide tranexamique, ainsi que de l'acide kojique, de la niacinamide et de l'extrait de racine de r\u00e9glisse pour aider \u00e0 att\u00e9nuer l'apparence des taches brunes, pour une peau plus lumineuse. Il est cliniquement prouv\u00e9 que notre acide topique\u2026","rel":"","context":"Similar post","block_context":{"text":"Similar post","link":""},"img":{"alt_text":"","src":"","width":0,"height":0},"classes":[]},{"id":28038,"url":"https:\/\/sakaba.mghosteur.com\/en\/product\/versed-out-of-sight-dark-spot-gel\/","url_meta":{"origin":31633,"position":3},"title":"VERSED OUT OF SIGHT DARK SPOT GEL","author":"admin","date":"November 29, 2022","format":false,"excerpt":"Ce s\u00e9rum anti-taches brunes et antioxydant contient un m\u00e9lange d'ingr\u00e9dients concentr\u00e9s (mais s\u00fbrs) pour aider \u00e0 att\u00e9nuer les taches brunes persistantes et les marques post-acn\u00e9iques. Le traitement de l'hyperpigmentation \u00e0 l'acide tranexamique (un favori des dermatologues pour le m\u00e9lasma, la forme la plus tenace d'hyperpigmentation), l'acide kojique, l'extrait de racine\u2026","rel":"","context":"Similar post","block_context":{"text":"Similar post","link":""},"img":{"alt_text":"","src":"","width":0,"height":0},"classes":[]},{"id":26855,"url":"https:\/\/sakaba.mghosteur.com\/en\/product\/discoloration-repair-serum-with-tranexamic-acidba\/","url_meta":{"origin":31633,"position":4},"title":"DISCOLORATION REPAIR SERUM WITH TRANEXAMIC ACID+BA","author":"admin","date":"November 28, 2022","format":false,"excerpt":"Le S\u00e9rum R\u00e9parateur de D\u00e9coloration de la marque Paula's Choice est un produit de qualit\u00e9 pour votre routine de soin du visage. Avec son complexe tranexamique, bakuchiol et niacinamide, ce s\u00e9rum cible efficacement les taches brunes et grises tout en pr\u00e9venant la formation de nouvelles d\u00e9colorations. Il r\u00e9duit visiblement les\u2026","rel":"","context":"Similar post","block_context":{"text":"Similar post","link":""},"img":{"alt_text":"","src":"","width":0,"height":0},"classes":[]},{"id":27398,"url":"https:\/\/sakaba.mghosteur.com\/en\/product\/the-inkey-list-tranexamic-acid-night-treatment\/","url_meta":{"origin":31633,"position":5},"title":"THE INKEY LIST TRANEXAMIC ACID NIGHT TREATMENT","author":"admin","date":"November 29, 2022","format":false,"excerpt":"Le traitement de nuit \u00e0 l'acide tranexamique de la liste Inkey cible l'hyperpigmentation pour un teint plus uniforme et lumineux. R\u00e9duisez les taches brunes et les taches in\u00e9gales pour une peau plus belle.","rel":"","context":"Similar post","block_context":{"text":"Similar post","link":""},"img":{"alt_text":"","src":"","width":0,"height":0},"classes":[]}],"_links":{"self":[{"href":"https:\/\/sakaba.mghosteur.com\/en\/wp-json\/wp\/v2\/product\/31633","targetHints":{"allow":["GET"]}}],"collection":[{"href":"https:\/\/sakaba.mghosteur.com\/en\/wp-json\/wp\/v2\/product"}],"about":[{"href":"https:\/\/sakaba.mghosteur.com\/en\/wp-json\/wp\/v2\/types\/product"}],"replies":[{"embeddable":true,"href":"https:\/\/sakaba.mghosteur.com\/en\/wp-json\/wp\/v2\/comments?post=31633"}],"version-history":[{"count":0,"href":"https:\/\/sakaba.mghosteur.com\/en\/wp-json\/wp\/v2\/product\/31633\/revisions"}],"wp:attachment":[{"href":"https:\/\/sakaba.mghosteur.com\/en\/wp-json\/wp\/v2\/media?parent=31633"}],"wp:term":[{"taxonomy":"product_brand","embeddable":true,"href":"https:\/\/sakaba.mghosteur.com\/en\/wp-json\/wp\/v2\/product_brand?post=31633"},{"taxonomy":"product_cat","embeddable":true,"href":"https:\/\/sakaba.mghosteur.com\/en\/wp-json\/wp\/v2\/product_cat?post=31633"},{"taxonomy":"product_tag","embeddable":true,"href":"https:\/\/sakaba.mghosteur.com\/en\/wp-json\/wp\/v2\/product_tag?post=31633"}],"curies":[{"name":"wp","href":"https:\/\/api.w.org\/{rel}","templated":true}]}}