{"id":31636,"date":"2024-05-10T12:35:52","date_gmt":"2024-05-10T12:35:52","guid":{"rendered":"https:\/\/sakaba.mghosteur.com\/?post_type=product&#038;p=31636"},"modified":"2024-08-15T02:19:07","modified_gmt":"2024-08-15T02:19:07","slug":"the-inkey-list-tripeptide-plumpling-lip-balm","status":"publish","type":"product","link":"https:\/\/sakaba.mghosteur.com\/en\/product\/the-inkey-list-tripeptide-plumpling-lip-balm\/","title":{"rendered":"THE INKEY LIST TRIPEPTIDE PLUMPLING LIP BALM"},"content":{"rendered":"<p>Baume \u00e0 L\u00e8vres Repulpant Tripeptide \u2013 Teinte Roseamide ou du r\u00e9tinol.<\/p>\n<p>Cliniquement prouv\u00e9 pour repulper les l\u00e8vres jusqu&#8217;\u00e0 40 % en 4 semaines*, ce baume \u00e0 l\u00e8vres repulpant tripeptide viral et prim\u00e9 est de retour dans une nouvelle teinte rose \u00e0 l\u00e8vres modulable et universellement flatteuse pour redonner du volume \u00e0 vos l\u00e8vres. Sp\u00e9cialement formul\u00e9 pour hydrater, r\u00e9parer et repulper les l\u00e8vres, ce baume teint\u00e9 agit au fil du temps pour augmenter visiblement le volume des l\u00e8vres, laissant les l\u00e8vres naturellement plus pulpeuses et plus saines, sans aucun picotement ni irritation. Alors maintenant, vos l\u00e8vres ont non seulement l\u2019air plus charnues, mais SONT plus charnues. Pas de filtre, pas de remplissage, juste plus plein &#8211; et maintenant en couleur.<\/p>\n<p>\u200b \u200b Formul\u00e9 avec 6 % de complexe tripeptidique, pour augmenter visiblement le volume des l\u00e8vres au fil du temps pour des l\u00e8vres plus pulpeuses et plus d\u00e9finies, ainsi que 6 % de sph\u00e8res ultra comblantes qui fournissent de l&#8217;acide hyaluronique. Acide pour les l\u00e8vres pour repulper, retenir l&#8217;humidit\u00e9 et aider \u00e0 combler les ridules, le baume \u00e0 l\u00e8vres Tripeptide am\u00e9liore la pl\u00e9nitude, d\u00e9finit les contours des l\u00e8vres et r\u00e9duit l&#8217;apparence des ridules et des plis autour de la bouche. Avec une utilisation continue, la preuve est vraiment dodue. Pour de meilleurs r\u00e9sultats, utilisez au moins 3 fois par jour.<\/p>\n<p>Contrairement certains repulpeurs cosm\u00e9tiques traditionnels, ce repulpeur de l\u00e8vres multi-t\u00e2ches agit pour maintenir la barri\u00e8re cutan\u00e9e et retenir l&#8217;humidit\u00e9 pour am\u00e9liorer et prot\u00e9ger la sant\u00e9 globale des l\u00e8vres tout en am\u00e9liorant visiblement les l\u00e8vres. volume. Alternative non collante id\u00e9ale au brillant \u00e0 l\u00e8vres, le baume repulpant teint\u00e9 laisse sur les l\u00e8vres une touche rose tendre et transparente qui peut \u00eatre facilement superpos\u00e9e pour augmenter l&#8217;\u00e9clat de la couleur.<\/p>\n<p>\u200b \u200b\u200bConvient \u00e0 tout le monde, en particulier \u00e0 ceux qui aiment porter du rouge \u00e0 l\u00e8vres et souhaitent am\u00e9liorer la pl\u00e9nitude et\/ou les l\u00e8vres s\u00e8ches, gerc\u00e9es et ab\u00eem\u00e9es.<\/p>\n<p>\u200b \u200b\u200bD\u00e9livr\u00e9 par la science, pas d&#8217;irritation, ce sont vos l\u00e8vres, mais d\u00e9sormais plus pleines en couleur.<br \/>\nComment utiliser<br \/>\nPour de meilleurs r\u00e9sultats, utilisez matin et soir, au moins 3 fois par jour pendant 4 semaines.<br \/>\nAppliquer une petite quantit\u00e9 sur des l\u00e8vres propres et s\u00e8ches.<\/p>\n<p>Lorsque vous ajoutez de nouveaux produits \u00e0 votre routine de soins de la peau, nous recommandons toujours des tests cutan\u00e9s. En savoir plus ici .<\/p>\n<p>Pour que votre produit continue de fonctionner au mieux, nous vous recommandons de le stocker dans un endroit sec et frais (id\u00e9alement entre 15 et 25 \u00b0C) et \u00e0 l&#8217;abri de la lumi\u00e8re directe du soleil. \u00c9viter le contact direct avec les yeux. En usage externe seulement. Tenir hors de port\u00e9e des enfants<\/p>","protected":false},"excerpt":{"rendered":"<p>Baume \u00e0 L\u00e8vres Repulpant Tripeptide \u2013 Teinte Roseamide ou du r\u00e9tinol. Cliniquement prouv\u00e9 pour repulper les l\u00e8vres jusqu&#8217;\u00e0 40 % en 4 semaines*, ce baume \u00e0 l\u00e8vres repulpant tripeptide viral et prim\u00e9 est de retour dans une nouvelle teinte rose \u00e0 l\u00e8vres modulable et universellement flatteuse pour redonner du volume \u00e0 vos l\u00e8vres. Sp\u00e9cialement formul\u00e9<span class=\"read-more-faq\"><a href=\"https:\/\/sakaba.mghosteur.com\/en\/product\/the-inkey-list-tripeptide-plumpling-lip-balm\/\">Read More<\/a><\/span><\/p>","protected":false},"featured_media":0,"comment_status":"open","ping_status":"closed","template":"","meta":[],"product_brand":[880],"product_cat":[1054,451],"product_tag":[],"class_list":{"0":"post-31636","1":"product","2":"type-product","3":"status-publish","5":"product_brand-inkey-list","6":"product_cat-soins-des-levres","7":"product_cat-aab-soin-du-visage","9":"first","10":"instock","11":"shipping-taxable","12":"product-type-simple"},"jetpack-related-posts":[{"id":34599,"url":"https:\/\/sakaba.mghosteur.com\/en\/product\/fenty-luscious-lip-balm-cocoa-drizzle\/","url_meta":{"origin":31636,"position":0},"title":"FENTY LUSCIOUS LIP BALM COCOA DRIZZLE","author":"admin","date":"May 29, 2024","format":false,"excerpt":"Un baume \u00e0 l\u00e8vres cr\u00e9meux et hydratant dot\u00e9 d'un applicateur en forme de pied de biche moelleux qui lisse, adoucit et pr\u00e9pare vos l\u00e8vres pour des l\u00e8vres instantan\u00e9ment pulpeuses et dignes d'un baiser qui durent, dans des teintes transparentes con\u00e7ues pour tous les tons de peau. Description: Super cr\u00e9meux et\u2026","rel":"","context":"Similar post","block_context":{"text":"Similar post","link":""},"img":{"alt_text":"","src":"","width":0,"height":0},"classes":[]},{"id":34602,"url":"https:\/\/sakaba.mghosteur.com\/en\/product\/fenty-luscious-lip-balm-latte-lips\/","url_meta":{"origin":31636,"position":1},"title":"FENTY LUSCIOUS LIP BALM LATTE LIPS","author":"admin","date":"May 29, 2024","format":false,"excerpt":"Un baume \u00e0 l\u00e8vres cr\u00e9meux et hydratant dot\u00e9 d'un applicateur en forme de pied de biche moelleux qui lisse, adoucit et pr\u00e9pare vos l\u00e8vres pour des l\u00e8vres instantan\u00e9ment pulpeuses et dignes d'un baiser qui durent, dans des teintes transparentes con\u00e7ues pour tous les tons de peau. Description: Super cr\u00e9meux et\u2026","rel":"","context":"Similar post","block_context":{"text":"Similar post","link":""},"img":{"alt_text":"","src":"","width":0,"height":0},"classes":[]},{"id":31550,"url":"https:\/\/sakaba.mghosteur.com\/en\/product\/vaseline-lip-therapy-original\/","url_meta":{"origin":31636,"position":2},"title":"VASELINE LIP THERAPY ORIGINAL","author":"admin","date":"May 10, 2024","format":false,"excerpt":"Le baume \u00e0 l\u00e8vres Vaseline Lip Therapy Mini Original est un incontournable pour garder vos l\u00e8vres hydrat\u00e9es et en bonne sant\u00e9. Cliniquement prouv\u00e9 pour gu\u00e9rir les l\u00e8vres s\u00e8ches, sa formule non collante et douce fond d\u00e9licatement sur vos l\u00e8vres, procurant un soulagement durable. Pr\u00e9sent\u00e9 dans un emballage embl\u00e9matique, ce baume\u2026","rel":"","context":"Similar post","block_context":{"text":"Similar post","link":""},"img":{"alt_text":"","src":"","width":0,"height":0},"classes":[]},{"id":29462,"url":"https:\/\/sakaba.mghosteur.com\/en\/product\/lip-plump-rafraichir-aha-bha-vitamine-c-levres-repulpantes\/","url_meta":{"origin":31636,"position":3},"title":"Lip Plump &#8211; Rafra\u00eechir AHA BHA Vitamine C L\u00e8vres Repulpantes","author":"admin","date":"April 4, 2023","format":false,"excerpt":"Le Lip Plump de la marque COSRX est un produit ultra-\u00e9clatant qui utilise des ingr\u00e9dients comme la volufiline et des d\u00e9riv\u00e9s de vitamines pour donner un effet repulpant \u00e0 vos l\u00e8vres. Ce produit est disponible en format de 0.70 fl.oz \/ 20g. Avec le Lip Plump, vos l\u00e8vres seront volumis\u00e9es\u2026","rel":"","context":"Similar post","block_context":{"text":"Similar post","link":""},"img":{"alt_text":"","src":"","width":0,"height":0},"classes":[]},{"id":31456,"url":"https:\/\/sakaba.mghosteur.com\/en\/product\/laneige-baume-brillant-pour-les-levres-berry\/","url_meta":{"origin":31636,"position":4},"title":"LANEIGE BAUME BRILLANT POUR LES LEVRES BERRY","author":"admin","date":"May 10, 2024","format":false,"excerpt":"D\u00e9couvrez le partenaire id\u00e9al du Lip Sleeping Mask pour des l\u00e8vres prot\u00e9g\u00e9es et hydrat\u00e9es toute la journ\u00e9e ! Le Lip Glowy Balm fusionne les bienfaits d'un baume et d'un gloss en un seul produit ! Hydratant et nourrissant, ce baume contient des beurres de karit\u00e9 qui facilitent son application, laissant\u2026","rel":"","context":"Similar post","block_context":{"text":"Similar post","link":""},"img":{"alt_text":"","src":"","width":0,"height":0},"classes":[]},{"id":31469,"url":"https:\/\/sakaba.mghosteur.com\/en\/product\/laneige-lip-glowy-balm-baume-brillant-gummy-bear\/","url_meta":{"origin":31636,"position":5},"title":"LANEIGE LIP GLOWY BALM BAUME BRILLANT GUMMY BEAR","author":"admin","date":"May 10, 2024","format":false,"excerpt":"D\u00e9couvrez le baume \u00e0 l\u00e8vres teint\u00e9 et brillant, un indispensable de votre routine beaut\u00e9. Ce baume-gloss 2-en-1 de Laneige est con\u00e7u pour vous offrir un \u00e9clat subtil et naturel. Enrichi en beurres de karit\u00e9 et de murumuru, il nourrit vos l\u00e8vres tout en leur procurant un fini l\u00e9g\u00e8rement teint\u00e9 et\u2026","rel":"","context":"Similar post","block_context":{"text":"Similar post","link":""},"img":{"alt_text":"","src":"","width":0,"height":0},"classes":[]}],"_links":{"self":[{"href":"https:\/\/sakaba.mghosteur.com\/en\/wp-json\/wp\/v2\/product\/31636","targetHints":{"allow":["GET"]}}],"collection":[{"href":"https:\/\/sakaba.mghosteur.com\/en\/wp-json\/wp\/v2\/product"}],"about":[{"href":"https:\/\/sakaba.mghosteur.com\/en\/wp-json\/wp\/v2\/types\/product"}],"replies":[{"embeddable":true,"href":"https:\/\/sakaba.mghosteur.com\/en\/wp-json\/wp\/v2\/comments?post=31636"}],"version-history":[{"count":0,"href":"https:\/\/sakaba.mghosteur.com\/en\/wp-json\/wp\/v2\/product\/31636\/revisions"}],"wp:attachment":[{"href":"https:\/\/sakaba.mghosteur.com\/en\/wp-json\/wp\/v2\/media?parent=31636"}],"wp:term":[{"taxonomy":"product_brand","embeddable":true,"href":"https:\/\/sakaba.mghosteur.com\/en\/wp-json\/wp\/v2\/product_brand?post=31636"},{"taxonomy":"product_cat","embeddable":true,"href":"https:\/\/sakaba.mghosteur.com\/en\/wp-json\/wp\/v2\/product_cat?post=31636"},{"taxonomy":"product_tag","embeddable":true,"href":"https:\/\/sakaba.mghosteur.com\/en\/wp-json\/wp\/v2\/product_tag?post=31636"}],"curies":[{"name":"wp","href":"https:\/\/api.w.org\/{rel}","templated":true}]}}