{"id":31639,"date":"2024-05-10T12:37:21","date_gmt":"2024-05-10T12:37:21","guid":{"rendered":"https:\/\/sakaba.mghosteur.com\/?post_type=product&#038;p=31639"},"modified":"2024-08-15T02:19:33","modified_gmt":"2024-08-15T02:19:33","slug":"the-inkey-list-vitamin-c-face-serum","status":"publish","type":"product","link":"https:\/\/sakaba.mghosteur.com\/en\/product\/the-inkey-list-vitamin-c-face-serum\/","title":{"rendered":"THE INKEY LIST VITAMIN C FACE SERUM"},"content":{"rendered":"<p>S\u00e9rum \u00e0 la vitamine C<\/p>\n<p>La vitamine C, puissant antioxydant multifonctionnel et ingr\u00e9dient \u00e9claircissant pour la peau, est \u00e0 l&#8217;honneur dans ce s\u00e9rum. Aidant \u00e0 combattre l\u2019apparence de l\u2019hyperpigmentation, du teint terne et des ridules, ce s\u00e9rum est un alli\u00e9 pr\u00e9cieux dans votre routine de soins.<\/p>\n<p>Formul\u00e9 avec 30 % d&#8217;acide L-ascorbique pur, ce s\u00e9rum aide votre peau \u00e0 retrouver son \u00e9clat naturel et \u00e0 cibler les signes du vieillissement. En prot\u00e9geant contre les radicaux libres et la pollution, il vous offre une d\u00e9fense suppl\u00e9mentaire pour une peau plus saine. \u00c0 utiliser de pr\u00e9f\u00e9rence le matin, sa texture riche et cr\u00e9meuse offre un effet lissant instantan\u00e9, parfait pour une base de maquillage impeccable.<\/p>\n<p>Convient \u00e0 tous les types de peau, y compris aux femmes enceintes ou allaitantes, ce s\u00e9rum r\u00e9pond \u00e0 vos besoins sp\u00e9cifiques. En plus, il incarne notre fiert\u00e9 d&#8217;\u00eatre respectueux de l&#8217;environnement et des animaux, en tant que produit \u00e0 empreinte carbone nette z\u00e9ro, certifi\u00e9 B-Corp, sans cruaut\u00e9, recyclable et v\u00e9g\u00e9talien. Sa taille de voyage en fait un compagnon pratique o\u00f9 que vous alliez, et sa formule sans gluten et sans parfum le rend accessible \u00e0 tous.<\/p>\n<p>Pour en tirer le meilleur parti, utilisez-le uniquement le matin dans votre routine de soins. Apr\u00e8s avoir nettoy\u00e9 et hydrat\u00e9 votre peau, appliquez d\u00e9licatement une noisette de s\u00e9rum sur votre visage et votre cou. Suivez avec votre cr\u00e8me hydratante et SPF pr\u00e9f\u00e9r\u00e9s, mais rappelez-vous que ce produit peut augmenter la sensibilit\u00e9 de votre peau au soleil.<\/p>\n<p>Quelques conseils de l&#8217;INKEY:<br \/>\n&#8211; Pour une consistance plus l\u00e9g\u00e8re, m\u00e9langez avec notre S\u00e9rum d&#8217;acide hyaluronique.<br \/>\n&#8211; Si vous avez une peau sensible, optez plut\u00f4t pour notre s\u00e9rum 15 % vitamine C + EGF, une formule plus douce.<br \/>\n&#8211; \u00c9vitez d&#8217;utiliser en m\u00eame temps que des AHA, BHA, toner PHA, niacinamide ou r\u00e9tinol pour \u00e9viter toute irritation.<\/p>","protected":false},"excerpt":{"rendered":"<p>S\u00e9rum \u00e0 la vitamine C La vitamine C, puissant antioxydant multifonctionnel et ingr\u00e9dient \u00e9claircissant pour la peau, est \u00e0 l&#8217;honneur dans ce s\u00e9rum. Aidant \u00e0 combattre l\u2019apparence de l\u2019hyperpigmentation, du teint terne et des ridules, ce s\u00e9rum est un alli\u00e9 pr\u00e9cieux dans votre routine de soins. Formul\u00e9 avec 30 % d&#8217;acide L-ascorbique pur, ce s\u00e9rum<span class=\"read-more-faq\"><a href=\"https:\/\/sakaba.mghosteur.com\/en\/product\/the-inkey-list-vitamin-c-face-serum\/\">Read More<\/a><\/span><\/p>","protected":false},"featured_media":0,"comment_status":"open","ping_status":"closed","template":"","meta":[],"product_brand":[880],"product_cat":[293,291,451,334],"product_tag":[],"class_list":{"0":"post-31639","1":"product","2":"type-product","3":"status-publish","5":"product_brand-inkey-list","6":"product_cat-anti-taches","7":"product_cat-eclaircissant","8":"product_cat-aab-soin-du-visage","9":"product_cat-traitement-serum","11":"first","12":"instock","13":"shipping-taxable","14":"product-type-simple"},"jetpack-related-posts":[{"id":27420,"url":"https:\/\/sakaba.mghosteur.com\/en\/product\/the-inkey-list-vitamin-c\/","url_meta":{"origin":31639,"position":0},"title":"THE INKEY LIST VITAMIN C SERUM","author":"admin","date":"November 29, 2022","format":false,"excerpt":"Le s\u00e9rum \u00e0 la vitamine C est un antioxydant puissant pour la peau. Il peut aider \u00e0 lutter contre l'hyperpigmentation, le teint terne et les ridules. Formul\u00e9 avec 30 % d'acide L-ascorbique pur, ce s\u00e9rum aide votre peau \u00e0 para\u00eetre plus lumineuse et \u00e0 cibler les signes du vieillissement. Utilisez-le\u2026","rel":"","context":"Similar post","block_context":{"text":"Similar post","link":""},"img":{"alt_text":"","src":"","width":0,"height":0},"classes":[]},{"id":29210,"url":"https:\/\/sakaba.mghosteur.com\/en\/product\/the-inkey-15-vitamine-c-serum-egf\/","url_meta":{"origin":31639,"position":1},"title":"THE INKEY 15% VITAMINE C + S\u00c9RUM EGF","author":"admin","date":"March 21, 2023","format":false,"excerpt":"Le s\u00e9rum 15% vitamine C + EGF est id\u00e9al pour tous ceux qui souhaitent une peau \u00e9clatante et jeune. La formule l\u00e9g\u00e8re de ce s\u00e9rum contient des ingr\u00e9dients puissants tels que la vitamine C et l'EGF, qui aident \u00e0 prot\u00e9ger votre peau contre les radicaux libres et \u00e0 stimuler la\u2026","rel":"","context":"Similar post","block_context":{"text":"Similar post","link":""},"img":{"alt_text":"","src":"","width":0,"height":0},"classes":[]},{"id":28064,"url":"https:\/\/sakaba.mghosteur.com\/en\/product\/naturium-vitamin-c-complex-serum\/","url_meta":{"origin":31639,"position":2},"title":"NATURIUM VITAMIN C COMPLEX SERUM","author":"admin","date":"November 29, 2022","format":false,"excerpt":"Le puissant s\u00e9rum \u00e0 la vitamine C est formul\u00e9 avec un complexe de vitamine C \u00e0 base d'or et d'acide L-ascorbique hautement stabilis\u00e9, du phosphate d'ascorbyle de sodium et un m\u00e9lange de fruits bioactifs qui aide \u00e0 d\u00e9fendre la peau contre les facteurs de stress environnementaux, favorisant ainsi une peau\u2026","rel":"","context":"Similar post","block_context":{"text":"Similar post","link":""},"img":{"alt_text":"","src":"","width":0,"height":0},"classes":[]},{"id":27481,"url":"https:\/\/sakaba.mghosteur.com\/en\/product\/the-ordinary-ascorbyl-glucoside-solution-12\/","url_meta":{"origin":31639,"position":3},"title":"The Ordinary ASCORBYL GLUCOSIDE SOLUTION 12%","author":"admin","date":"November 29, 2022","format":false,"excerpt":"La Solution de Glucosides d'Ascorbyle 12% de la marque The Ordinary est un s\u00e9rum \u00e0 base d'eau qui offre une formule l\u00e9g\u00e8re et efficace pour aider \u00e0 r\u00e9duire les signes de vieillissement. Ce s\u00e9rum contient un d\u00e9riv\u00e9 hydrosoluble de vitamine C, l'ascorbyl glucoside, qui se transforme en vitamine C une\u2026","rel":"","context":"Similar post","block_context":{"text":"Similar post","link":""},"img":{"alt_text":"","src":"","width":0,"height":0},"classes":[]},{"id":31578,"url":"https:\/\/sakaba.mghosteur.com\/en\/product\/cosrx-the-vitamin-c-13-20ml\/","url_meta":{"origin":31639,"position":4},"title":"COSRX THE VITAMIN C 13 20ML","author":"admin","date":"May 10, 2024","format":false,"excerpt":"D\u00e9couvrez le S\u00e9rum Vitamine C 13, un v\u00e9ritable \u00e9lixir de jeunesse pour votre peau ! Ce s\u00e9rum doux \u00e0 la vitamine C est sp\u00e9cialement con\u00e7u pour les peaux sensibles, id\u00e9al pour une utilisation quotidienne. Sa formule unique agit en profondeur pour att\u00e9nuer les imperfections, les taches brunes et les taches\u2026","rel":"","context":"Similar post","block_context":{"text":"Similar post","link":""},"img":{"alt_text":"","src":"","width":0,"height":0},"classes":[]},{"id":56199,"url":"https:\/\/sakaba.mghosteur.com\/en\/product\/dr-althea-vitamin-c-boosting-serum\/","url_meta":{"origin":31639,"position":5},"title":"Dr. Althea Vitamin C Boosting Serum","author":"Sope DIA","date":"January 2, 2026","format":false,"excerpt":"SOIN INTENSIF DU TEINT\u00a0: Contient 640\u00a0000\u00a0ppm d\u2019eau d\u2019argousier, riche en vitamine\u00a0C, pour unifier le teint et revitaliser les peaux ternes et fatigu\u00e9es. Sa formule douce p\u00e9n\u00e8tre plus facilement que la vitamine\u00a0C pure, ce qui la rend adapt\u00e9e \u00e0 tous les types de peau, m\u00eame les plus sensibles. APAISEZ VOTRE PEAU\u00a0:\u2026","rel":"","context":"Similar post","block_context":{"text":"Similar post","link":""},"img":{"alt_text":"","src":"","width":0,"height":0},"classes":[]}],"_links":{"self":[{"href":"https:\/\/sakaba.mghosteur.com\/en\/wp-json\/wp\/v2\/product\/31639","targetHints":{"allow":["GET"]}}],"collection":[{"href":"https:\/\/sakaba.mghosteur.com\/en\/wp-json\/wp\/v2\/product"}],"about":[{"href":"https:\/\/sakaba.mghosteur.com\/en\/wp-json\/wp\/v2\/types\/product"}],"replies":[{"embeddable":true,"href":"https:\/\/sakaba.mghosteur.com\/en\/wp-json\/wp\/v2\/comments?post=31639"}],"version-history":[{"count":0,"href":"https:\/\/sakaba.mghosteur.com\/en\/wp-json\/wp\/v2\/product\/31639\/revisions"}],"wp:attachment":[{"href":"https:\/\/sakaba.mghosteur.com\/en\/wp-json\/wp\/v2\/media?parent=31639"}],"wp:term":[{"taxonomy":"product_brand","embeddable":true,"href":"https:\/\/sakaba.mghosteur.com\/en\/wp-json\/wp\/v2\/product_brand?post=31639"},{"taxonomy":"product_cat","embeddable":true,"href":"https:\/\/sakaba.mghosteur.com\/en\/wp-json\/wp\/v2\/product_cat?post=31639"},{"taxonomy":"product_tag","embeddable":true,"href":"https:\/\/sakaba.mghosteur.com\/en\/wp-json\/wp\/v2\/product_tag?post=31639"}],"curies":[{"name":"wp","href":"https:\/\/api.w.org\/{rel}","templated":true}]}}