{"id":31642,"date":"2024-05-10T12:38:47","date_gmt":"2024-05-10T12:38:47","guid":{"rendered":"https:\/\/sakaba.mghosteur.com\/?post_type=product&#038;p=31642"},"modified":"2024-08-08T03:20:18","modified_gmt":"2024-08-08T03:20:18","slug":"the-inkey-niacinamide-serum","status":"publish","type":"product","link":"https:\/\/sakaba.mghosteur.com\/en\/product\/the-inkey-niacinamide-serum\/","title":{"rendered":"THE INKEY NIACINAMIDE SERUM"},"content":{"rendered":"<p>S\u00e9rum Niacinamide<\/p>\n<p>Un s\u00e9rum \u00e0 la niacinamide l\u00e9ger et puissant, parfait pour une int\u00e9gration ais\u00e9e dans votre routine de soins de la peau.<\/p>\n<p>Dot\u00e9 de 10 % de niacinamide, cette vitamine B3 d&#8217;origine naturelle est reconnue pour sa capacit\u00e9 \u00e0 r\u00e9duire efficacement l&#8217;exc\u00e8s de s\u00e9bum, les imperfections et les rougeurs. Sa formule anti-imperfections, l\u00e9g\u00e8re en texture, est enrichie de 1 % d&#8217;acide hyaluronique pour une hydratation optimale.<\/p>\n<p>Adapt\u00e9 \u00e0:<\/p>\n<p>&#8211; Tous les types de peau<br \/>\n&#8211; Peaux sensibles<\/p>\n<p>Cible les probl\u00e8mes suivants:<\/p>\n<p>&#8211; Exc\u00e8s de s\u00e9bum<br \/>\n&#8211; Rougeurs<br \/>\n&#8211; \u00c9ruptions cutan\u00e9es et imperfections<\/p>\n<p>Fiers d&#8217;\u00eatre:<\/p>\n<p>&#8211; Carbone net z\u00e9ro<br \/>\n&#8211; B-Corp<br \/>\n&#8211; Sans cruaut\u00e9<br \/>\n&#8211; Recyclable<br \/>\n&#8211; Format de voyage<br \/>\n&#8211; Sans gluten<br \/>\n&#8211; Sans parfum<\/p>\n<p>Mode d&#8217;emploi:<br \/>\nUtilisez le s\u00e9rum Niacinamide matin et soir dans votre routine de soins de la peau.<br \/>\nApr\u00e8s avoir nettoy\u00e9 et hydrat\u00e9 votre peau avec le S\u00e9rum \u00e0 l&#8217;acide hyaluronique, appliquez doucement une petite quantit\u00e9 de niacinamide sur votre visage et votre cou, puis poursuivez avec votre cr\u00e8me hydratante habituelle.<br \/>\nTerminez avec un \u00e9cran solaire comme derni\u00e8re \u00e9tape de votre routine matinale.<br \/>\nAstuce INKEY:<br \/>\nLorsque vous superposez plusieurs traitements, commencez par la texture la plus l\u00e9g\u00e8re et finissez par la plus \u00e9paisse. Patientez environ une minute entre chaque application pour \u00e9viter tout peluchage.<br \/>\nPour les peaux sensibles, utilisez le s\u00e9rum Niacinamide avant le S\u00e9rum au r\u00e9tinol pour att\u00e9nuer les irritations.<\/p>","protected":false},"excerpt":{"rendered":"<p>S\u00e9rum Niacinamide Un s\u00e9rum \u00e0 la niacinamide l\u00e9ger et puissant, parfait pour une int\u00e9gration ais\u00e9e dans votre routine de soins de la peau. Dot\u00e9 de 10 % de niacinamide, cette vitamine B3 d&#8217;origine naturelle est reconnue pour sa capacit\u00e9 \u00e0 r\u00e9duire efficacement l&#8217;exc\u00e8s de s\u00e9bum, les imperfections et les rougeurs. Sa formule anti-imperfections, l\u00e9g\u00e8re en<span class=\"read-more-faq\"><a href=\"https:\/\/sakaba.mghosteur.com\/en\/product\/the-inkey-niacinamide-serum\/\">Read More<\/a><\/span><\/p>","protected":false},"featured_media":0,"comment_status":"open","ping_status":"closed","template":"","meta":[],"product_brand":[880],"product_cat":[294,384,451,334],"product_tag":[],"class_list":{"0":"post-31642","1":"product","2":"type-product","3":"status-publish","5":"product_brand-inkey-list","6":"product_cat-acne","7":"product_cat-peaux-grasses","8":"product_cat-aab-soin-du-visage","9":"product_cat-traitement-serum","11":"first","12":"instock","13":"shipping-taxable","14":"product-type-simple"},"jetpack-related-posts":[{"id":27441,"url":"https:\/\/sakaba.mghosteur.com\/en\/product\/the-inkey-niacinamide\/","url_meta":{"origin":31642,"position":0},"title":"THE INKEY NIACINAMIDE","author":"admin","date":"November 29, 2022","format":false,"excerpt":"Compos\u00e9 de 10 % de niacinamide et de 1 % d'acide hyaluronique, le s\u00e9rum \u00e0 la niacinamide de The INKEY List minimise l'apparence des pores et des imperfections. La vitamine B3 naturelle, la niacinamide, est connue pour sa capacit\u00e9 \u00e0 contr\u00f4ler l'apparence du s\u00e9bum et de la pigmentation, id\u00e9ale pour\u2026","rel":"","context":"Similar post","block_context":{"text":"Similar post","link":""},"img":{"alt_text":"","src":"","width":0,"height":0},"classes":[]},{"id":28805,"url":"https:\/\/sakaba.mghosteur.com\/en\/product\/inkey-list-20-niacinamide-serum\/","url_meta":{"origin":31642,"position":1},"title":"The Inkey list 20% Niacinamide Serum","author":"admin","date":"December 10, 2022","format":false,"excerpt":"D\u00e9couvrez la solution id\u00e9ale pour r\u00e9guler l'exc\u00e8s de s\u00e9bum sur votre peau gr\u00e2ce au s\u00e9rum de la marque The Inkey List. Formul\u00e9 avec 20% de niacinamide, ce s\u00e9rum l\u00e9ger et non collant est votre alli\u00e9 pour am\u00e9liorer la texture de votre peau et r\u00e9duire l'apparence de vos pores dilat\u00e9s. Cr\u00e9\u00e9e\u2026","rel":"","context":"Similar post","block_context":{"text":"Similar post","link":""},"img":{"alt_text":"","src":"","width":0,"height":0},"classes":[]},{"id":33224,"url":"https:\/\/sakaba.mghosteur.com\/en\/product\/caudalie-brightening-solution-coffret\/","url_meta":{"origin":31642,"position":2},"title":"CAUDALIE BRIGHTENING SOLUTION COFFRET","author":"admin","date":"May 20, 2024","format":false,"excerpt":"Le Coffret Solution Eclaircissante Vinoperfect de Caudalie est un ensemble de trois produits comprenant un s\u00e9rum, une essence et une cr\u00e8me hydratante : S\u00e9rum \u00c9clat Anti-Imperfections Vinoperfect : \u00c9claircit le teint et corrige les imperfections Essence Eclaircissante Vinoperfect : Une essence visage qui illumine et lisse la peau pour un\u2026","rel":"","context":"Similar post","block_context":{"text":"Similar post","link":""},"img":{"alt_text":"","src":"","width":0,"height":0},"classes":[]},{"id":30233,"url":"https:\/\/sakaba.mghosteur.com\/en\/product\/glow-serum-propolis-niacinamide\/","url_meta":{"origin":31642,"position":3},"title":"GLOW SERUM PROPOLIS +NIACINAMIDE","author":"admin","date":"May 4, 2023","format":false,"excerpt":"D\u00e9couvrez le S\u00e9rum \u00c9clat de la marque Beauty of Joseon, con\u00e7u pour les probl\u00e8mes de pores dilat\u00e9s et de peau enflamm\u00e9e. Ce s\u00e9rum contient 60 % d'extrait de propolis, ingr\u00e9dient traditionnel de soin de la peau utilis\u00e9 par les femmes de la dynastie Joseon pour hydrater et am\u00e9liorer la peau\u2026","rel":"","context":"Similar post","block_context":{"text":"Similar post","link":""},"img":{"alt_text":"","src":"","width":0,"height":0},"classes":[]},{"id":27333,"url":"https:\/\/sakaba.mghosteur.com\/en\/product\/good-molecules-discoloration-correcting-serum\/","url_meta":{"origin":31642,"position":4},"title":"GOOD MOLECULES DISCOLORATION CORRECTING SERUM","author":"admin","date":"November 29, 2022","format":false,"excerpt":"Convient \u00e0 tous les types de peau, ce s\u00e9rum correcteur de d\u00e9coloration est un produit de choix pour celles et ceux qui souhaitent retrouver un teint plus uniforme et \u00e9clatant. Sa formule innovante \u00e0 base d'acide tranexamique et de niacinamide permet de r\u00e9duire efficacement l'apparence des taches brunes, cicatrices d'acn\u00e9\u2026","rel":"","context":"Similar post","block_context":{"text":"Similar post","link":""},"img":{"alt_text":"","src":"","width":0,"height":0},"classes":[]},{"id":56189,"url":"https:\/\/sakaba.mghosteur.com\/en\/product\/deep-cera-bakuchiol-plumping-serum\/","url_meta":{"origin":31642,"position":5},"title":"Deep Cera Bakuchiol Plumping Serum","author":"Sope DIA","date":"January 2, 2026","format":false,"excerpt":"ALTERNATIVE NATURELLE AU R\u00c9TINOL\u00a0: D\u00e9couvrez le pouvoir du bakuchiol, une alternative naturelle au r\u00e9tinol. Formul\u00e9 avec 5\u00a0000\u00a0ppm de bakuchiol, ce s\u00e9rum stimule la production de collag\u00e8ne pour une peau plus lisse et plus ferme. SANS IRRITATION\u00a0: Apaisez et prenez soin de votre peau avec le s\u00e9rum au bakuchiol, qui offre\u2026","rel":"","context":"Similar post","block_context":{"text":"Similar post","link":""},"img":{"alt_text":"","src":"","width":0,"height":0},"classes":[]}],"_links":{"self":[{"href":"https:\/\/sakaba.mghosteur.com\/en\/wp-json\/wp\/v2\/product\/31642","targetHints":{"allow":["GET"]}}],"collection":[{"href":"https:\/\/sakaba.mghosteur.com\/en\/wp-json\/wp\/v2\/product"}],"about":[{"href":"https:\/\/sakaba.mghosteur.com\/en\/wp-json\/wp\/v2\/types\/product"}],"replies":[{"embeddable":true,"href":"https:\/\/sakaba.mghosteur.com\/en\/wp-json\/wp\/v2\/comments?post=31642"}],"version-history":[{"count":0,"href":"https:\/\/sakaba.mghosteur.com\/en\/wp-json\/wp\/v2\/product\/31642\/revisions"}],"wp:attachment":[{"href":"https:\/\/sakaba.mghosteur.com\/en\/wp-json\/wp\/v2\/media?parent=31642"}],"wp:term":[{"taxonomy":"product_brand","embeddable":true,"href":"https:\/\/sakaba.mghosteur.com\/en\/wp-json\/wp\/v2\/product_brand?post=31642"},{"taxonomy":"product_cat","embeddable":true,"href":"https:\/\/sakaba.mghosteur.com\/en\/wp-json\/wp\/v2\/product_cat?post=31642"},{"taxonomy":"product_tag","embeddable":true,"href":"https:\/\/sakaba.mghosteur.com\/en\/wp-json\/wp\/v2\/product_tag?post=31642"}],"curies":[{"name":"wp","href":"https:\/\/api.w.org\/{rel}","templated":true}]}}