{"id":31651,"date":"2024-05-10T12:48:58","date_gmt":"2024-05-10T12:48:58","guid":{"rendered":"https:\/\/sakaba.mghosteur.com\/?post_type=product&#038;p=31651"},"modified":"2024-08-15T01:51:56","modified_gmt":"2024-08-15T01:51:56","slug":"the-ordinary-multi-peptide-ha-serum","status":"publish","type":"product","link":"https:\/\/sakaba.mghosteur.com\/en\/product\/the-ordinary-multi-peptide-ha-serum\/","title":{"rendered":"The Ordinary MULTI-PEPTIDE + HA SERUM"},"content":{"rendered":"<p>D\u00e9couvrez le S\u00e9rum Multi-Peptide + HA, anciennement connu sous le nom de &#8220;Buffet&#8221;. Cette formule universelle r\u00e9unit une multitude de technologies pour sublimer votre peau et agir sur plusieurs signes de vieillissement simultan\u00e9ment. Enrichi de quatre technologies peptidiques \u00e9prouv\u00e9es, d&#8217;acides amin\u00e9s b\u00e9n\u00e9fiques pour la peau et de complexes d&#8217;acide hyaluronique multiples, ce s\u00e9rum aide \u00e0 r\u00e9duire visiblement l&#8217;apparence des ridules, tout en renfor\u00e7ant l&#8217;\u00e9lasticit\u00e9 et la fermet\u00e9 cutan\u00e9es.<\/p>\n<p>Parmi ses ingr\u00e9dients cl\u00e9s, retrouvez SYN\u2122-AKE, Matrixyl\u2122 synthe&#8217;6\u2122, Matrixyl\u2122 3000, le peptide ARGIRELOX\u2122, ainsi que des acides amin\u00e9s et des biod\u00e9riv\u00e9s, pour une peau visiblement plus jeune et revitalis\u00e9e.<\/p>","protected":false},"excerpt":{"rendered":"<p>D\u00e9couvrez le S\u00e9rum Multi-Peptide + HA, anciennement connu sous le nom de &#8220;Buffet&#8221;. Cette formule universelle r\u00e9unit une multitude de technologies pour sublimer votre peau et agir sur plusieurs signes de vieillissement simultan\u00e9ment. Enrichi de quatre technologies peptidiques \u00e9prouv\u00e9es, d&#8217;acides amin\u00e9s b\u00e9n\u00e9fiques pour la peau et de complexes d&#8217;acide hyaluronique multiples, ce s\u00e9rum aide \u00e0<span class=\"read-more-faq\"><a href=\"https:\/\/sakaba.mghosteur.com\/en\/product\/the-ordinary-multi-peptide-ha-serum\/\">Read More<\/a><\/span><\/p>","protected":false},"featured_media":0,"comment_status":"open","ping_status":"closed","template":"","meta":[],"product_brand":[988],"product_cat":[1095,451,334],"product_tag":[],"class_list":{"0":"post-31651","1":"product","2":"type-product","3":"status-publish","5":"product_brand-the-ordinary","6":"product_cat-anti-age","7":"product_cat-aab-soin-du-visage","8":"product_cat-traitement-serum","10":"first","11":"instock","12":"shipping-taxable","13":"product-type-simple"},"jetpack-related-posts":[{"id":27499,"url":"https:\/\/sakaba.mghosteur.com\/en\/product\/the-ordinary-buffet-copper-peptides-1-2\/","url_meta":{"origin":31651,"position":0},"title":"THE ORDINARY BUFFET + COPPER PEPTIDES 1%","author":"admin","date":"November 29, 2022","format":false,"excerpt":"Le \"Buffet\" + Peptides de Cuivre 1% de The Ordinary est un s\u00e9rum anti-\u00e2ge tout-en-un qui offre une solution compl\u00e8te pour les soins de la peau. Cette formule avanc\u00e9e utilise cinq technologies peptidiques bien \u00e9tudi\u00e9es, des acides amin\u00e9s respectueux de la peau et plusieurs acides hyaluroniques pour cibler plusieurs signes\u2026","rel":"","context":"Similar post","block_context":{"text":"Similar post","link":""},"img":{"alt_text":"","src":"","width":0,"height":0},"classes":[]},{"id":31403,"url":"https:\/\/sakaba.mghosteur.com\/en\/product\/paulas-choice-pro-collagen-multi-peptide-booster\/","url_meta":{"origin":31651,"position":1},"title":"PAULA&#8217;S CHOICE PRO-COLLAGEN MULTI-PEPTIDE BOOSTER","author":"admin","date":"May 10, 2024","format":false,"excerpt":"Pro-Collagen Multi-Peptide Booster Reconstruisez, renforcez et raffermissez votre peau en profondeur gr\u00e2ce \u00e0 six peptides pro-collag\u00e8ne. Ce booster offre un soutien multicouche pour des r\u00e9sultats imm\u00e9diats et durables. Le complexe peptidique de pointe agit en profondeur pour offrir un soutien multicouche, lissant visiblement les rides en seulement 15 minutes. Cliniquement\u2026","rel":"","context":"Similar post","block_context":{"text":"Similar post","link":""},"img":{"alt_text":"","src":"","width":0,"height":0},"classes":[]},{"id":28981,"url":"https:\/\/sakaba.mghosteur.com\/en\/product\/the-ordinary-multi-peptide-eye-serum\/","url_meta":{"origin":31651,"position":2},"title":"THE ORDINARY Multi-Peptide Eye Serum","author":"admin","date":"March 8, 2023","format":false,"excerpt":"Le S\u00e9rum Yeux Multi-Peptides de la marque The Ordinary est une solution pour lutter contre les signes de vieillissement autour des yeux, gr\u00e2ce \u00e0 une formule \u00e0 base d'eau contenant plusieurs technologies peptidiques, de la niacinamide et de l'extrait d'\u00e9corce de fraxinus excelsior. Ce s\u00e9rum offre des r\u00e9sultats cliniques incroyables\u2026","rel":"","context":"Similar post","block_context":{"text":"Similar post","link":""},"img":{"alt_text":"","src":"","width":0,"height":0},"classes":[]},{"id":56129,"url":"https:\/\/sakaba.mghosteur.com\/en\/product\/advanced-clinicals-vitamin-c-brightening-serum\/","url_meta":{"origin":31651,"position":3},"title":"Advanced Clinicals Vitamin C Brightening Serum","author":"Sope DIA","date":"January 2, 2026","format":false,"excerpt":"S\u00c9RUM VISAGE \u00c0 LA VITAMINE C POUR UN TEINT \u00c9CLATANT \u2013 Ce s\u00e9rum \u00e0 la vitamine C contribue \u00e0 raviver l'\u00e9clat des peaux ternes et fatigu\u00e9es, pour un teint visiblement plus lumineux et \u00e9clatant. Formul\u00e9 par des chimistes cosm\u00e9tiques, il convient aux femmes et aux hommes souhaitant unifier leur teint\u2026","rel":"","context":"Similar post","block_context":{"text":"Similar post","link":""},"img":{"alt_text":"","src":"","width":0,"height":0},"classes":[]},{"id":29139,"url":"https:\/\/sakaba.mghosteur.com\/en\/product\/the-inkey-list-coffret-winter-skin-101\/","url_meta":{"origin":31651,"position":4},"title":"THE INKEY LIST COFFRET WINTER SKIN 101","author":"admin","date":"March 15, 2023","format":false,"excerpt":"L'ensemble INKEY List Winter Skin 101 de la marque THE INKEY LIST est la solution parfaite pour les peaux s\u00e8ches et hivernales qui ont besoin d'\u00eatre chouchout\u00e9es. Ce kit complet en 4 \u00e9tapes vous offre des produits en taille r\u00e9elle pour une peau renouvel\u00e9e et hydrat\u00e9e. Le Baume nettoyant \u00e0\u2026","rel":"","context":"Similar post","block_context":{"text":"Similar post","link":""},"img":{"alt_text":"","src":"","width":0,"height":0},"classes":[]},{"id":24285,"url":"https:\/\/sakaba.mghosteur.com\/en\/product\/the-ordinary-hair-care-multi-peptide-serum\/","url_meta":{"origin":31651,"position":5},"title":"THE ORDINARY LASH AND BROW SERUM","author":"admin","date":"November 9, 2022","format":false,"excerpt":"Obtenez des cils et des sourcils plus \u00e9pais et plus sains avec le s\u00e9rum multi-peptide pour les cils et les sourcils de The Ordinary. Cette formule l\u00e9g\u00e8re et non grasse contient 11 ingr\u00e9dients actifs, dont quatre complexes peptidiques et une s\u00e9rie d'extraits naturels, pour aider \u00e0 nourrir et \u00e0 prot\u00e9ger\u2026","rel":"","context":"Similar post","block_context":{"text":"Similar post","link":""},"img":{"alt_text":"","src":"","width":0,"height":0},"classes":[]}],"_links":{"self":[{"href":"https:\/\/sakaba.mghosteur.com\/en\/wp-json\/wp\/v2\/product\/31651","targetHints":{"allow":["GET"]}}],"collection":[{"href":"https:\/\/sakaba.mghosteur.com\/en\/wp-json\/wp\/v2\/product"}],"about":[{"href":"https:\/\/sakaba.mghosteur.com\/en\/wp-json\/wp\/v2\/types\/product"}],"replies":[{"embeddable":true,"href":"https:\/\/sakaba.mghosteur.com\/en\/wp-json\/wp\/v2\/comments?post=31651"}],"version-history":[{"count":0,"href":"https:\/\/sakaba.mghosteur.com\/en\/wp-json\/wp\/v2\/product\/31651\/revisions"}],"wp:attachment":[{"href":"https:\/\/sakaba.mghosteur.com\/en\/wp-json\/wp\/v2\/media?parent=31651"}],"wp:term":[{"taxonomy":"product_brand","embeddable":true,"href":"https:\/\/sakaba.mghosteur.com\/en\/wp-json\/wp\/v2\/product_brand?post=31651"},{"taxonomy":"product_cat","embeddable":true,"href":"https:\/\/sakaba.mghosteur.com\/en\/wp-json\/wp\/v2\/product_cat?post=31651"},{"taxonomy":"product_tag","embeddable":true,"href":"https:\/\/sakaba.mghosteur.com\/en\/wp-json\/wp\/v2\/product_tag?post=31651"}],"curies":[{"name":"wp","href":"https:\/\/api.w.org\/{rel}","templated":true}]}}