{"id":31654,"date":"2024-05-10T12:49:58","date_gmt":"2024-05-10T12:49:58","guid":{"rendered":"https:\/\/sakaba.mghosteur.com\/?post_type=product&#038;p=31654"},"modified":"2024-08-15T01:56:08","modified_gmt":"2024-08-15T01:56:08","slug":"the-ordinary-plant-derived-squalane-2","status":"publish","type":"product","link":"https:\/\/sakaba.mghosteur.com\/en\/product\/the-ordinary-plant-derived-squalane-2\/","title":{"rendered":"The Ordinary PLANT &#8211; DERIVED SQUALANE"},"content":{"rendered":"<p>Le squalane 100 % d&#8217;origine v\u00e9g\u00e9tale hydrate la peau tout en soutenant sa barri\u00e8re d&#8217;hydratation naturelle. Cet hydratant exceptionnel, pr\u00e9sent naturellement dans la peau, est d\u00e9riv\u00e9 \u00e0 100 % de la canne \u00e0 sucre, offrant ainsi une solution non com\u00e9dog\u00e8ne qui am\u00e9liore l&#8217;hydratation en surface.<\/p>\n<p>Cette formule de squalane 100 % v\u00e9g\u00e9tal peut \u00e9galement \u00eatre utilis\u00e9e sur les cheveux pour augmenter la protection thermique, ajouter de la brillance et r\u00e9duire la casse.<\/p>\n<p>Pour int\u00e9grer ce produit \u00e0 votre routine :<br \/>\n&#8211; \u00c9tape 2 : Traiter<br \/>\n&#8211; Utilisez apr\u00e8s les nettoyants et les s\u00e9rums \u00e0 base d&#8217;eau, et avant les huiles, suspensions ou cr\u00e8mes.<\/p>","protected":false},"excerpt":{"rendered":"<p>Le squalane 100 % d&#8217;origine v\u00e9g\u00e9tale hydrate la peau tout en soutenant sa barri\u00e8re d&#8217;hydratation naturelle. Cet hydratant exceptionnel, pr\u00e9sent naturellement dans la peau, est d\u00e9riv\u00e9 \u00e0 100 % de la canne \u00e0 sucre, offrant ainsi une solution non com\u00e9dog\u00e8ne qui am\u00e9liore l&#8217;hydratation en surface. Cette formule de squalane 100 % v\u00e9g\u00e9tal peut \u00e9galement \u00eatre<span class=\"read-more-faq\"><a href=\"https:\/\/sakaba.mghosteur.com\/en\/product\/the-ordinary-plant-derived-squalane-2\/\">Read More<\/a><\/span><\/p>","protected":false},"featured_media":0,"comment_status":"open","ping_status":"closed","template":"","meta":[],"product_brand":[988],"product_cat":[451,334],"product_tag":[],"class_list":{"0":"post-31654","1":"product","2":"type-product","3":"status-publish","5":"product_brand-the-ordinary","6":"product_cat-aab-soin-du-visage","7":"product_cat-traitement-serum","9":"first","10":"instock","11":"shipping-taxable","12":"product-type-simple"},"jetpack-related-posts":[{"id":27493,"url":"https:\/\/sakaba.mghosteur.com\/en\/product\/the-ordinary-100-plant-derived-squalane\/","url_meta":{"origin":31654,"position":0},"title":"The Ordinary 100% PLANT-DERIVED SQUALANE","author":"admin","date":"November 29, 2022","format":false,"excerpt":"Le squalane 100 % d'origine v\u00e9g\u00e9tale de la marque The Ordinary est un produit hydratant naturel pour la peau et les cheveux. Il contient du squalane d\u00e9riv\u00e9 de la canne \u00e0 sucre, qui est un hydratant naturel pr\u00e9sent dans la peau. Cette formule non com\u00e9dog\u00e8ne soutient la barri\u00e8re d'hydratation naturelle\u2026","rel":"","context":"Similar post","block_context":{"text":"Similar post","link":""},"img":{"alt_text":"","src":"","width":0,"height":0},"classes":[]},{"id":31648,"url":"https:\/\/sakaba.mghosteur.com\/en\/product\/the-ordinary-plant-derived-squalane\/","url_meta":{"origin":31654,"position":1},"title":"The Ordinary PLANT &#8211; DERIVED SQUALANE","author":"admin","date":"May 10, 2024","format":false,"excerpt":"Le squalane 100 % d'origine v\u00e9g\u00e9tale hydrate la peau tout en soutenant sa barri\u00e8re d'hydratation naturelle. Cet hydratant exceptionnellement efficace, naturellement pr\u00e9sent dans la peau, est d\u00e9riv\u00e9 de la canne \u00e0 sucre, offrant ainsi une solution non com\u00e9dog\u00e8ne pour une meilleure hydratation en surface. La formule de squalane 100 %\u2026","rel":"","context":"Similar post","block_context":{"text":"Similar post","link":""},"img":{"alt_text":"","src":"","width":0,"height":0},"classes":[]},{"id":27312,"url":"https:\/\/sakaba.mghosteur.com\/en\/product\/good-molecules-squalane-oil\/","url_meta":{"origin":31654,"position":2},"title":"GOOD MOLECULES SQUALANE OIL","author":"admin","date":"November 29, 2022","format":false,"excerpt":"D\u00e9couvrez l'Huile de Squalane de la marque Good Molecules, la solution id\u00e9ale pour hydrater la peau s\u00e8che et d\u00e9shydrat\u00e9e. Cette huile est compos\u00e9e \u00e0 100 % de squalane d'origine v\u00e9g\u00e9tale pour adoucir et sceller l'humidit\u00e9, ce qui permet d'obtenir un teint sain et hydrat\u00e9. Le format de 13 ml \/\u2026","rel":"","context":"Similar post","block_context":{"text":"Similar post","link":""},"img":{"alt_text":"","src":"","width":0,"height":0},"classes":[]},{"id":31615,"url":"https:\/\/sakaba.mghosteur.com\/en\/product\/the-ordinary-squalane-cleanser-150-ml\/","url_meta":{"origin":31654,"position":3},"title":"The Ordinary Squalane Cleanser 150 ml","author":"admin","date":"May 10, 2024","format":false,"excerpt":"Le Squalane Cleanser est con\u00e7u pour d\u00e9barrasser la peau du maquillage et de la salet\u00e9 tout en soutenant sa barri\u00e8re d'hydratation. Enrichi en squalane d'origine v\u00e9g\u00e9tale, un hydratant reconnu, ainsi qu'en esters lipophiles, ce nettoyant laisse la peau lisse et douce tout en dissolvant le maquillage. Sa formule non com\u00e9dog\u00e8ne\u2026","rel":"","context":"Similar post","block_context":{"text":"Similar post","link":""},"img":{"alt_text":"","src":"","width":0,"height":0},"classes":[]},{"id":28898,"url":"https:\/\/sakaba.mghosteur.com\/en\/product\/the-ordinary-cleansers-squalane\/","url_meta":{"origin":31654,"position":4},"title":"THE ORDINARY CLEANSER SQUALANE","author":"admin","date":"March 8, 2023","format":false,"excerpt":"Le nettoyant The Ordinary Cleanser Squalane est un nettoyant facial efficace qui \u00e9limine en douceur le maquillage et les impuret\u00e9s de la peau. La formule est con\u00e7ue pour soutenir la barri\u00e8re d'hydratation de la peau, assurant ainsi que votre peau reste hydrat\u00e9e pendant le processus de nettoyage. Les propri\u00e9t\u00e9s nettoyantes\u2026","rel":"","context":"Similar post","block_context":{"text":"Similar post","link":""},"img":{"alt_text":"","src":"","width":0,"height":0},"classes":[]},{"id":29174,"url":"https:\/\/sakaba.mghosteur.com\/en\/product\/the-inkey-list-bakuchiol\/","url_meta":{"origin":31654,"position":5},"title":"THE INKEY LIST BAKUCHIOL","author":"admin","date":"March 20, 2023","format":false,"excerpt":"D\u00e9couvrez le Bakuchiol Hydratant de la marque The Inkey List, un produit naturel qui aide \u00e0 r\u00e9duire l'apparence des rides et ridules tout en uniformisant le teint de votre peau. Ce produit est formul\u00e9 avec du bakuchiol, une alternative naturelle au r\u00e9tinol, qui est d'origine v\u00e9g\u00e9tale et poss\u00e8de des propri\u00e9t\u00e9s\u2026","rel":"","context":"Similar post","block_context":{"text":"Similar post","link":""},"img":{"alt_text":"","src":"","width":0,"height":0},"classes":[]}],"_links":{"self":[{"href":"https:\/\/sakaba.mghosteur.com\/en\/wp-json\/wp\/v2\/product\/31654","targetHints":{"allow":["GET"]}}],"collection":[{"href":"https:\/\/sakaba.mghosteur.com\/en\/wp-json\/wp\/v2\/product"}],"about":[{"href":"https:\/\/sakaba.mghosteur.com\/en\/wp-json\/wp\/v2\/types\/product"}],"replies":[{"embeddable":true,"href":"https:\/\/sakaba.mghosteur.com\/en\/wp-json\/wp\/v2\/comments?post=31654"}],"version-history":[{"count":0,"href":"https:\/\/sakaba.mghosteur.com\/en\/wp-json\/wp\/v2\/product\/31654\/revisions"}],"wp:attachment":[{"href":"https:\/\/sakaba.mghosteur.com\/en\/wp-json\/wp\/v2\/media?parent=31654"}],"wp:term":[{"taxonomy":"product_brand","embeddable":true,"href":"https:\/\/sakaba.mghosteur.com\/en\/wp-json\/wp\/v2\/product_brand?post=31654"},{"taxonomy":"product_cat","embeddable":true,"href":"https:\/\/sakaba.mghosteur.com\/en\/wp-json\/wp\/v2\/product_cat?post=31654"},{"taxonomy":"product_tag","embeddable":true,"href":"https:\/\/sakaba.mghosteur.com\/en\/wp-json\/wp\/v2\/product_tag?post=31654"}],"curies":[{"name":"wp","href":"https:\/\/api.w.org\/{rel}","templated":true}]}}