{"id":31657,"date":"2024-05-10T12:50:46","date_gmt":"2024-05-10T12:50:46","guid":{"rendered":"https:\/\/sakaba.mghosteur.com\/?post_type=product&#038;p=31657"},"modified":"2024-09-01T04:30:49","modified_gmt":"2024-09-01T04:30:49","slug":"red-one-aqua-hair-wax-full-force-150ml","status":"publish","type":"product","link":"https:\/\/sakaba.mghosteur.com\/en\/product\/red-one-aqua-hair-wax-full-force-150ml\/","title":{"rendered":"RED ONE AQUA HAIR WAX FULL FORCE 150ML"},"content":{"rendered":"<p>D\u00e9couvrez la cire coiffante RedOne RED Aqua Hair Wax, un produit incontournable pour sublimer vos cheveux. Enrichie en vitamines et min\u00e9raux, cette cire vous offre une texture unique qui permet de r\u00e9aliser une multitude de styles capillaires avec aisance. Sa tenue longue dur\u00e9e vous assure une coiffure impeccable en toute circonstance, tandis que sa formule douce laisse vos cheveux brillants et d\u00e9licatement parfum\u00e9s.<\/p>\n<p>Avec la cire RedOne, exprimez votre cr\u00e9ativit\u00e9 et fa\u00e7onnez vos cheveux selon vos envies. Sa tenue ultra forte garantit un maintien optimal tout au long de la journ\u00e9e, pour une coiffure qui r\u00e9siste \u00e0 tous les d\u00e9fis.<\/p>\n<p>Gr\u00e2ce \u00e0 ses ingr\u00e9dients nourrissants, vos cheveux restent hydrat\u00e9s et en pleine sant\u00e9, sans agresser votre cuir chevelu. Affirmez votre style avec confiance gr\u00e2ce \u00e0 la qualit\u00e9 professionnelle de la cire RedOne RED Aqua Hair Wax.<\/p>","protected":false},"excerpt":{"rendered":"<p>D\u00e9couvrez la cire coiffante RedOne RED Aqua Hair Wax, un produit incontournable pour sublimer vos cheveux. Enrichie en vitamines et min\u00e9raux, cette cire vous offre une texture unique qui permet de r\u00e9aliser une multitude de styles capillaires avec aisance. Sa tenue longue dur\u00e9e vous assure une coiffure impeccable en toute circonstance, tandis que sa formule<span class=\"read-more-faq\"><a href=\"https:\/\/sakaba.mghosteur.com\/en\/product\/red-one-aqua-hair-wax-full-force-150ml\/\">Read More<\/a><\/span><\/p>","protected":false},"featured_media":0,"comment_status":"open","ping_status":"closed","template":"","meta":[],"product_brand":[1023],"product_cat":[284,336],"product_tag":[],"class_list":{"0":"post-31657","1":"product","2":"type-product","3":"status-publish","5":"product_brand-red-one","6":"product_cat-aad-cheveux","7":"product_cat-coiffant-fixant","9":"first","10":"instock","11":"shipping-taxable","12":"product-type-simple"},"jetpack-related-posts":[{"id":26134,"url":"https:\/\/sakaba.mghosteur.com\/en\/product\/sunny-kle-extra-dark-hair-food-pomade\/","url_meta":{"origin":31657,"position":0},"title":"SUNNY ISLE EXTRA DARK HAIR FOOD POMADE","author":"admin","date":"November 24, 2022","format":false,"excerpt":"La pommade capillaire Sunny Isle Extra Dark Jamaican Black Castor Oil est une pommade 100 % naturelle qui peut hydrater le cuir chevelu sec, pr\u00e9venir la casse des cheveux et lutter contre les pellicules. Elle convient \u00e9galement aux cheveux naturels ou en transition et peut ajouter de la d\u00e9finition et\u2026","rel":"","context":"Similar post","block_context":{"text":"Similar post","link":""},"img":{"alt_text":"","src":"","width":0,"height":0},"classes":[]},{"id":32056,"url":"https:\/\/sakaba.mghosteur.com\/en\/product\/mielle-rosemary-mint-strengtening-scalp-hair-quencher\/","url_meta":{"origin":31657,"position":1},"title":"MIELLE ROSEMARY MINT STRENGTENING SCALP HAIR QUENCHER","author":"admin","date":"May 13, 2024","format":false,"excerpt":"La pommade-\u00e0-huile pour le cuir chevelu et les cheveux au romarin et \u00e0 la menthe de Mielle\u00a0est une coiffure revitalisante qui se transforme d'une pommade en une huile. Il d\u00e9salt\u00e8re le cuir chevelu, hydrate les cheveux secs et assoiff\u00e9s et aide \u00e0\u00a0\u00a0prot\u00e9ger du dess\u00e8chement. Cette coiffure lisse les m\u00e8ches rebelles\u2026","rel":"","context":"Similar post","block_context":{"text":"Similar post","link":""},"img":{"alt_text":"","src":"","width":0,"height":0},"classes":[]},{"id":26106,"url":"https:\/\/sakaba.mghosteur.com\/en\/product\/mielle-avocado-moisturizing-hair-milk\/","url_meta":{"origin":31657,"position":2},"title":"MIELLE AVOCADO MOISTURIZING HAIR MILK","author":"admin","date":"November 24, 2022","format":false,"excerpt":"Ce lait capillaire hydratant peut offrir une hydratation importante aux cheveux secs et assoiff\u00e9s. Infus\u00e9 d'un m\u00e9lange d'extraits de plantes et d'ingr\u00e9dients certifi\u00e9s biologiques, vous pouvez enfin respirer en toute tranquillit\u00e9 en sachant que vous avez trouv\u00e9 un produit \u00e0 la fois s\u00fbr et efficace. Utilisez ce produit comme hydratant\u2026","rel":"","context":"Similar post","block_context":{"text":"Similar post","link":""},"img":{"alt_text":"","src":"","width":0,"height":0},"classes":[]},{"id":25951,"url":"https:\/\/sakaba.mghosteur.com\/en\/product\/mielle-rosemary-mint-creme\/","url_meta":{"origin":31657,"position":3},"title":"MIELLE ROSEMARY MINT STYLING CREAM","author":"admin","date":"November 23, 2022","format":false,"excerpt":"La cr\u00e8me coiffante quotidienne au romarin et \u00e0 la menthe de Mielle est une cr\u00e8me gel \u00e0 double usage con\u00e7ue pour vous aider \u00e0 obtenir des coiffures impeccables et des cheveux plus sains ! Fabriqu\u00e9e \u00e0 partir d'ingr\u00e9dients certifi\u00e9s biologiques, cette formule personnalis\u00e9e hydrate et nourrit vos cheveux sans les\u2026","rel":"","context":"Similar post","block_context":{"text":"Similar post","link":""},"img":{"alt_text":"","src":"","width":0,"height":0},"classes":[]},{"id":26096,"url":"https:\/\/sakaba.mghosteur.com\/en\/product\/mielle-honey-ginger-styling-gel\/","url_meta":{"origin":31657,"position":4},"title":"MIELLE HONEY &amp; GINGER STYLING GEL","author":"admin","date":"November 24, 2022","format":false,"excerpt":"Obtenez les coiffures que vous aimez tout en favorisant des cheveux plus sains et plus forts avec le gel coiffant au miel et au gingembre de Mielle. La formule est compos\u00e9e d'ingr\u00e9dients certifi\u00e9s biologiques, notamment du miel, du gingembre, de l'extrait d'alo\u00e8s et de l'huile de babassu. Ces ingr\u00e9dients naturels\u2026","rel":"","context":"Similar post","block_context":{"text":"Similar post","link":""},"img":{"alt_text":"","src":"","width":0,"height":0},"classes":[]},{"id":25612,"url":"https:\/\/sakaba.mghosteur.com\/en\/product\/got2b-glued-blasting-freeze-spray\/","url_meta":{"origin":31657,"position":5},"title":"Got2b Glued Blasting Freeze Spray","author":"admin","date":"November 14, 2022","format":false,"excerpt":"Le spray fixateur Got2b Glued Blasting Freeze est un produit de coiffage indispensable pour tous ceux qui cherchent \u00e0 cr\u00e9er une coiffure longue tenue et \u00e0 tenue forte. Ce spray est con\u00e7u pour offrir une tenue forte qui ne vous laissera pas tomber, m\u00eame dans les conditions les plus extr\u00eames.\u2026","rel":"","context":"Similar post","block_context":{"text":"Similar post","link":""},"img":{"alt_text":"","src":"","width":0,"height":0},"classes":[]}],"_links":{"self":[{"href":"https:\/\/sakaba.mghosteur.com\/en\/wp-json\/wp\/v2\/product\/31657","targetHints":{"allow":["GET"]}}],"collection":[{"href":"https:\/\/sakaba.mghosteur.com\/en\/wp-json\/wp\/v2\/product"}],"about":[{"href":"https:\/\/sakaba.mghosteur.com\/en\/wp-json\/wp\/v2\/types\/product"}],"replies":[{"embeddable":true,"href":"https:\/\/sakaba.mghosteur.com\/en\/wp-json\/wp\/v2\/comments?post=31657"}],"version-history":[{"count":0,"href":"https:\/\/sakaba.mghosteur.com\/en\/wp-json\/wp\/v2\/product\/31657\/revisions"}],"wp:attachment":[{"href":"https:\/\/sakaba.mghosteur.com\/en\/wp-json\/wp\/v2\/media?parent=31657"}],"wp:term":[{"taxonomy":"product_brand","embeddable":true,"href":"https:\/\/sakaba.mghosteur.com\/en\/wp-json\/wp\/v2\/product_brand?post=31657"},{"taxonomy":"product_cat","embeddable":true,"href":"https:\/\/sakaba.mghosteur.com\/en\/wp-json\/wp\/v2\/product_cat?post=31657"},{"taxonomy":"product_tag","embeddable":true,"href":"https:\/\/sakaba.mghosteur.com\/en\/wp-json\/wp\/v2\/product_tag?post=31657"}],"curies":[{"name":"wp","href":"https:\/\/api.w.org\/{rel}","templated":true}]}}