{"id":31660,"date":"2024-05-10T12:51:35","date_gmt":"2024-05-10T12:51:35","guid":{"rendered":"https:\/\/sakaba.mghosteur.com\/?post_type=product&#038;p=31660"},"modified":"2024-05-16T12:07:27","modified_gmt":"2024-05-16T12:07:27","slug":"grace-stella-energizing-eye-masks","status":"publish","type":"product","link":"https:\/\/sakaba.mghosteur.com\/en\/product\/grace-stella-energizing-eye-masks\/","title":{"rendered":"GRACE &#038; STELLA ENERGIZING EYE MASKS"},"content":{"rendered":"<p>D\u00e9couvrez nos masques pour les yeux associ\u00e9s aux boissons \u00e9nergisantes !<\/p>\n<p>Offrez \u00e0 vos yeux fatigu\u00e9s une revitalisation digne d&#8217;un super-h\u00e9ros avec nos masques pour les yeux. Dot\u00e9s de pouvoirs rafra\u00eechissants et d\u00e9gonflants, ces masques sont votre alli\u00e9 ultime pour un regard jeune et \u00e9veill\u00e9. Leur formule enrichie en nutriments, v\u00e9ritable gel\u00e9e d&#8217;or, r\u00e9duit visiblement l&#8217;apparence des poches et des cernes, surtout lorsqu&#8217;ils sont conserv\u00e9s au froid. Plongez dans l&#8217;univers de la magie 24k et offrez \u00e0 vos yeux le soin qu&#8217;ils m\u00e9ritent !<\/p>","protected":false},"excerpt":{"rendered":"<p>D\u00e9couvrez nos masques pour les yeux associ\u00e9s aux boissons \u00e9nergisantes ! Offrez \u00e0 vos yeux fatigu\u00e9s une revitalisation digne d&#8217;un super-h\u00e9ros avec nos masques pour les yeux. Dot\u00e9s de pouvoirs rafra\u00eechissants et d\u00e9gonflants, ces masques sont votre alli\u00e9 ultime pour un regard jeune et \u00e9veill\u00e9. Leur formule enrichie en nutriments, v\u00e9ritable gel\u00e9e d&#8217;or, r\u00e9duit visiblement<span class=\"read-more-faq\"><a href=\"https:\/\/sakaba.mghosteur.com\/en\/product\/grace-stella-energizing-eye-masks\/\">Read More<\/a><\/span><\/p>","protected":false},"featured_media":0,"comment_status":"open","ping_status":"closed","template":"","meta":[],"product_brand":[1024],"product_cat":[377],"product_tag":[],"class_list":{"0":"post-31660","1":"product","2":"type-product","3":"status-publish","5":"product_brand-grace-stella","6":"product_cat-bath-body-works","8":"first","9":"instock","10":"shipping-taxable","11":"product-type-simple"},"jetpack-related-posts":[{"id":56155,"url":"https:\/\/sakaba.mghosteur.com\/en\/product\/cosrx-advanced-snail-hydrogel-eye-patch\/","url_meta":{"origin":31660,"position":0},"title":"COSRX Advanced Snail Hydrogel Eye Patch","author":"Sope DIA","date":"January 2, 2026","format":false,"excerpt":"Masque contour des yeux concentr\u00e9 \u00e0 la mucine d'escargot : Enrichi en filtrat de s\u00e9cr\u00e9tion d'escargot et en niacinamide, ce masque hydrogel hydrate et illumine instantan\u00e9ment le regard. Il apporte une hydratation et une nutrition intenses aux peaux ternes et fatigu\u00e9es. Solution multi-usages : Offrez-vous une dose d'ingr\u00e9dients concentr\u00e9s pour\u2026","rel":"","context":"Similar post","block_context":{"text":"Similar post","link":""},"img":{"alt_text":"","src":"","width":0,"height":0},"classes":[]},{"id":31438,"url":"https:\/\/sakaba.mghosteur.com\/en\/product\/numbuzin-6-deep-sleep-mask-serum-200ml\/","url_meta":{"origin":31660,"position":1},"title":"NUMBUZIN 6 DEEP SLEEP MASK SERUM 200ML","author":"admin","date":"May 10, 2024","format":false,"excerpt":"D\u00e9couvrez le S\u00e9rum Masque Deep Sleep Numbuzin No.6, une formule innovante infus\u00e9e avec 63% d'eau glaciaire d'Islande et trois vari\u00e9t\u00e9s d'acides hyaluroniques. Ce s\u00e9rum luxueux offre une hydratation intense, id\u00e9al pour les peaux s\u00e8ches, d\u00e9shydrat\u00e9es et assoiff\u00e9es. Gr\u00e2ce \u00e0 sa composition unique, le S\u00e9rum Masque Deep Sleep p\u00e9n\u00e8tre en profondeur\u2026","rel":"","context":"Similar post","block_context":{"text":"Similar post","link":""},"img":{"alt_text":"","src":"","width":0,"height":0},"classes":[]},{"id":26061,"url":"https:\/\/sakaba.mghosteur.com\/en\/product\/carols-daughter-almond-milk\/","url_meta":{"origin":31660,"position":2},"title":"CAROL\u2019S DAUGHTER ALMOND MILK ULTRA NOURISHING MASK","author":"admin","date":"November 24, 2022","format":false,"excerpt":"Le masque capillaire au lait d'amande aide \u00e0 r\u00e9parer les cheveux cass\u00e9s et trop trait\u00e9s pour qu'ils paraissent plus doux et plus sains plus longtemps, en inversant les dommages de l'int\u00e9rieur vers l'ext\u00e9rieur. Cr\u00e9\u00e9 pour les cheveux naturellement boucl\u00e9s,le masque utilise les ingr\u00e9dients dont vos boucles ont besoin, comme l'huile\u2026","rel":"","context":"Similar post","block_context":{"text":"Similar post","link":""},"img":{"alt_text":"","src":"","width":0,"height":0},"classes":[]},{"id":27456,"url":"https:\/\/sakaba.mghosteur.com\/en\/product\/the-ordinary-salicylic-acid-2-anhydrous-solution\/","url_meta":{"origin":31660,"position":3},"title":"THE ORDINARY SALICYLIC ACID 2% MASQUE","author":"admin","date":"November 29, 2022","format":false,"excerpt":"Le masque \u00e0 l'acide salicylique \u00e0 2% de la marque The Ordinary est un produit de soin du visage qui cible les probl\u00e8mes de texture de peau, les pores obstru\u00e9s et les tons ternes. Sa formule est infus\u00e9e de charbon de bois et d'argile, qui absorbent les impuret\u00e9s de la\u2026","rel":"","context":"Similar post","block_context":{"text":"Similar post","link":""},"img":{"alt_text":"","src":"","width":0,"height":0},"classes":[]},{"id":30237,"url":"https:\/\/sakaba.mghosteur.com\/en\/product\/100-hydrogel-mask\/","url_meta":{"origin":31660,"position":4},"title":"100% HYDROGEL MASK","author":"admin","date":"May 4, 2023","format":false,"excerpt":"D\u00e9couvrez le masque hydratant 100% hydrogel Hydro Boost de la marque NEUTROGENA. Ce masque innovant est con\u00e7u pour hydrater en profondeur la peau s\u00e8che gr\u00e2ce \u00e0 sa formule \u00e0 base d'acide hyaluronique. Sa texture unique en hydrogel permet une absorption optimale de la formule hydratante pour des r\u00e9sultats cliniquement prouv\u00e9s.\u2026","rel":"","context":"Similar post","block_context":{"text":"Similar post","link":""},"img":{"alt_text":"","src":"","width":0,"height":0},"classes":[]},{"id":30341,"url":"https:\/\/sakaba.mghosteur.com\/en\/product\/neutrogena-oil-balancing-facial-wash\/","url_meta":{"origin":31660,"position":5},"title":"NEUTROGENA OIL BALANCING FACIAL WASH","author":"admin","date":"May 8, 2023","format":false,"excerpt":"D\u00e9couvrez le nettoyant visage \u00e9quilibrant NEUTROGENA \u00e0 base de citron vert et d'aloe vera, con\u00e7u pour les peaux grasses et d\u00e9velopp\u00e9 avec des dermatologues. Ce nettoyant quotidien vivifiant pour le visage aide \u00e0 resserrer les pores et matifier la peau, la laissant parfaitement \u00e9quilibr\u00e9e. Formul\u00e9 sans huile, ce nettoyant pour\u2026","rel":"","context":"Similar post","block_context":{"text":"Similar post","link":""},"img":{"alt_text":"","src":"","width":0,"height":0},"classes":[]}],"_links":{"self":[{"href":"https:\/\/sakaba.mghosteur.com\/en\/wp-json\/wp\/v2\/product\/31660","targetHints":{"allow":["GET"]}}],"collection":[{"href":"https:\/\/sakaba.mghosteur.com\/en\/wp-json\/wp\/v2\/product"}],"about":[{"href":"https:\/\/sakaba.mghosteur.com\/en\/wp-json\/wp\/v2\/types\/product"}],"replies":[{"embeddable":true,"href":"https:\/\/sakaba.mghosteur.com\/en\/wp-json\/wp\/v2\/comments?post=31660"}],"version-history":[{"count":0,"href":"https:\/\/sakaba.mghosteur.com\/en\/wp-json\/wp\/v2\/product\/31660\/revisions"}],"wp:attachment":[{"href":"https:\/\/sakaba.mghosteur.com\/en\/wp-json\/wp\/v2\/media?parent=31660"}],"wp:term":[{"taxonomy":"product_brand","embeddable":true,"href":"https:\/\/sakaba.mghosteur.com\/en\/wp-json\/wp\/v2\/product_brand?post=31660"},{"taxonomy":"product_cat","embeddable":true,"href":"https:\/\/sakaba.mghosteur.com\/en\/wp-json\/wp\/v2\/product_cat?post=31660"},{"taxonomy":"product_tag","embeddable":true,"href":"https:\/\/sakaba.mghosteur.com\/en\/wp-json\/wp\/v2\/product_tag?post=31660"}],"curies":[{"name":"wp","href":"https:\/\/api.w.org\/{rel}","templated":true}]}}