{"id":31661,"date":"2024-05-10T12:54:31","date_gmt":"2024-05-10T12:54:31","guid":{"rendered":"https:\/\/sakaba.mghosteur.com\/?post_type=product&#038;p=31661"},"modified":"2024-05-16T11:56:04","modified_gmt":"2024-05-16T11:56:04","slug":"sulfur-soap-azufre","status":"publish","type":"product","link":"https:\/\/sakaba.mghosteur.com\/en\/product\/sulfur-soap-azufre\/","title":{"rendered":"SULFUR SOAP AZUFRE"},"content":{"rendered":"<p>D\u00e9couvrez ce savon \u00e0 base de soufre, une solution efficace pour traiter l&#8217;acn\u00e9. Sa formule puissante combat efficacement les imperfections les plus tenaces, \u00e9liminant les huiles accumul\u00e9es, la crasse et la salet\u00e9. En seulement 1 \u00e0 8 semaines, vous constaterez des r\u00e9sultats visibles. Enrichi en lanoline, ce savon vous aidera \u00e0 obtenir le visage parfait que vous recherchez.<\/p>","protected":false},"excerpt":{"rendered":"<p>D\u00e9couvrez ce savon \u00e0 base de soufre, une solution efficace pour traiter l&#8217;acn\u00e9. Sa formule puissante combat efficacement les imperfections les plus tenaces, \u00e9liminant les huiles accumul\u00e9es, la crasse et la salet\u00e9. En seulement 1 \u00e0 8 semaines, vous constaterez des r\u00e9sultats visibles. Enrichi en lanoline, ce savon vous aidera \u00e0 obtenir le visage parfait<span class=\"read-more-faq\"><a href=\"https:\/\/sakaba.mghosteur.com\/en\/product\/sulfur-soap-azufre\/\">Read More<\/a><\/span><\/p>","protected":false},"featured_media":0,"comment_status":"open","ping_status":"closed","template":"","meta":[],"product_brand":[1026],"product_cat":[358],"product_tag":[],"class_list":{"0":"post-31661","1":"product","2":"type-product","3":"status-publish","5":"product_brand-sulfur8","6":"product_cat-bain-douche","8":"first","9":"instock","10":"shipping-taxable","11":"product-type-simple"},"jetpack-related-posts":[{"id":24354,"url":"https:\/\/sakaba.mghosteur.com\/en\/product\/neutrogena-acne-pro-skin-facial-bar\/","url_meta":{"origin":31661,"position":0},"title":"NEUTROGENA ACNE PRO SKIN FACIAL BAR","author":"admin","date":"November 10, 2022","format":false,"excerpt":"Le Pain de savon \u00e0 la glyc\u00e9rine pour peaux \u00e0 tendance acn\u00e9ique de Neutrogena est un choix id\u00e9al pour ceux qui cherchent un nettoyant doux et efficace pour leur peau sujette aux imperfections. Ce pain de savon sans colorant est sp\u00e9cialement con\u00e7u pour \u00e9liminer les impuret\u00e9s et l'exc\u00e8s de s\u00e9bum\u2026","rel":"","context":"Similar post","block_context":{"text":"Similar post","link":""},"img":{"alt_text":"","src":"","width":0,"height":0},"classes":[]},{"id":26780,"url":"https:\/\/sakaba.mghosteur.com\/en\/product\/kojic-san-skinlightening-soap-135g\/","url_meta":{"origin":31661,"position":1},"title":"Kojie San Skin Lightening Kojic Acid Soap &#8211; 135G","author":"admin","date":"November 28, 2022","format":false,"excerpt":"D\u00e9couvrez le Savon Eclaircissant Kojie San, un produit de beaut\u00e9 de qualit\u00e9 de 135g qui contient de l'acide kojique comme ingr\u00e9dient actif principal. Cet ingr\u00e9dient naturel de haute qualit\u00e9 aide \u00e0 pr\u00e9venir la production de m\u00e9lanine, rendant ainsi votre peau plus claire et plus l\u00e9g\u00e8re. Le savon Kojie San est\u2026","rel":"","context":"Similar post","block_context":{"text":"Similar post","link":""},"img":{"alt_text":"","src":"","width":0,"height":0},"classes":[]},{"id":30082,"url":"https:\/\/sakaba.mghosteur.com\/en\/product\/pure-castile-liquid-soap-tea-tree\/","url_meta":{"origin":31661,"position":2},"title":"PURE-CASTILE LIQUID SOAP Tea Tree","author":"admin","date":"May 3, 2023","format":false,"excerpt":"D\u00e9couvrez le savon liquide Tea Tree Pure-Castille de Dr. Bronner, un produit biod\u00e9gradable, polyvalent et efficace pour nettoyer presque tout ! Ce savon concentr\u00e9 contient de l'huile d'arbre \u00e0 th\u00e9 pure, connue pour ses propri\u00e9t\u00e9s b\u00e9n\u00e9fiques pour les peaux \u00e0 tendance acn\u00e9ique et les pellicules. Fabriqu\u00e9 avec des ingr\u00e9dients biologiques\u2026","rel":"","context":"Similar post","block_context":{"text":"Similar post","link":""},"img":{"alt_text":"","src":"","width":0,"height":0},"classes":[]},{"id":29659,"url":"https:\/\/sakaba.mghosteur.com\/en\/product\/palmers-cocoa-butter-formula-cream-soap-bar\/","url_meta":{"origin":31661,"position":3},"title":"Palmers Cocoa Butter Formula Cream Soap Bar","author":"admin","date":"April 12, 2023","format":false,"excerpt":"D\u00e9couvrez le savon cr\u00e8me Palmer's, un produit exceptionnel pour prendre soin de votre peau en profondeur. Ce savon en barre hydratant est parfait pour une utilisation quotidienne sur tout le corps et le visage. Sa formule au beurre de cacao riche et moussante nettoie efficacement la peau sans la d\u00e9caper,\u2026","rel":"","context":"Similar post","block_context":{"text":"Similar post","link":""},"img":{"alt_text":"","src":"","width":0,"height":0},"classes":[]},{"id":30072,"url":"https:\/\/sakaba.mghosteur.com\/en\/product\/pure-castile-liquid-soap-peppermint\/","url_meta":{"origin":31661,"position":4},"title":"PURE-CASTILE LIQUID SOAP Peppermint","author":"admin","date":"May 2, 2023","format":false,"excerpt":"D\u00e9couvrez le savon liquide Pure-Castile \u00e0 la menthe poivr\u00e9e de la marque Dr. Bronners. Ce produit est l'un des plus populaires de la gamme, gr\u00e2ce \u00e0 son parfum rafra\u00eechissant et stimulant d'huile de menthe poivr\u00e9e biologique pure. Le savon est concentr\u00e9, biod\u00e9gradable et efficace, et peut \u00eatre utilis\u00e9 de multiples\u2026","rel":"","context":"Similar post","block_context":{"text":"Similar post","link":""},"img":{"alt_text":"","src":"","width":0,"height":0},"classes":[]},{"id":28820,"url":"https:\/\/sakaba.mghosteur.com\/en\/product\/dr-bronners-heal-soul-18-in-1-hemp-citrus\/","url_meta":{"origin":31661,"position":5},"title":"Dr. Bronners Heal Soul 18 in 1 Hemp PURE-CASTILE LIQUID SOAP Citrus","author":"admin","date":"December 13, 2022","format":false,"excerpt":"D\u00e9couvrez notre savon liquide pur Castile Citrus de Dr. Bronners, un produit concentr\u00e9, biod\u00e9gradable, polyvalent et efficace. Ce savon est enrichi d'un m\u00e9lange rafra\u00eechissant d'huiles d'orange, de citron et de lime biologiques pour un parfum frais et lumineux. Nous utilisons des ingr\u00e9dients biologiques et certifi\u00e9s commerce \u00e9quitable, y compris de\u2026","rel":"","context":"Similar post","block_context":{"text":"Similar post","link":""},"img":{"alt_text":"","src":"","width":0,"height":0},"classes":[]}],"_links":{"self":[{"href":"https:\/\/sakaba.mghosteur.com\/en\/wp-json\/wp\/v2\/product\/31661","targetHints":{"allow":["GET"]}}],"collection":[{"href":"https:\/\/sakaba.mghosteur.com\/en\/wp-json\/wp\/v2\/product"}],"about":[{"href":"https:\/\/sakaba.mghosteur.com\/en\/wp-json\/wp\/v2\/types\/product"}],"replies":[{"embeddable":true,"href":"https:\/\/sakaba.mghosteur.com\/en\/wp-json\/wp\/v2\/comments?post=31661"}],"version-history":[{"count":0,"href":"https:\/\/sakaba.mghosteur.com\/en\/wp-json\/wp\/v2\/product\/31661\/revisions"}],"wp:attachment":[{"href":"https:\/\/sakaba.mghosteur.com\/en\/wp-json\/wp\/v2\/media?parent=31661"}],"wp:term":[{"taxonomy":"product_brand","embeddable":true,"href":"https:\/\/sakaba.mghosteur.com\/en\/wp-json\/wp\/v2\/product_brand?post=31661"},{"taxonomy":"product_cat","embeddable":true,"href":"https:\/\/sakaba.mghosteur.com\/en\/wp-json\/wp\/v2\/product_cat?post=31661"},{"taxonomy":"product_tag","embeddable":true,"href":"https:\/\/sakaba.mghosteur.com\/en\/wp-json\/wp\/v2\/product_tag?post=31661"}],"curies":[{"name":"wp","href":"https:\/\/api.w.org\/{rel}","templated":true}]}}