{"id":31667,"date":"2024-05-10T12:58:24","date_gmt":"2024-05-10T12:58:24","guid":{"rendered":"https:\/\/sakaba.mghosteur.com\/?post_type=product&#038;p=31667"},"modified":"2024-05-16T11:43:37","modified_gmt":"2024-05-16T11:43:37","slug":"aplb-glutathione-niacinamide-facial-24-8","status":"publish","type":"product","link":"https:\/\/sakaba.mghosteur.com\/en\/product\/aplb-glutathione-niacinamide-facial-24-8\/","title":{"rendered":"APLB GLUTATHIONE NIACINAMIDE FACIAL 24.8%"},"content":{"rendered":"<p>D\u00e9couvrez la Cr\u00e8me Visage Glutathion Niacinamide, un v\u00e9ritable tr\u00e9sor pour votre peau. Avec une concentration remarquable de 24,8% (Glutathion 1 000 ppm, Niacinamide 20 000 ppm, Extrait de Centella Asiatica 22,7%), ce produit est une v\u00e9ritable r\u00e9v\u00e9lation pour votre routine de soins. Associ\u00e9 au Complexe Centella 3x, comprenant de l&#8217;acide mad\u00e9cassique, de l&#8217;asiaticoside et de l&#8217;acide asiatique provenant de la pr\u00e9cieuse feuille de Centella Asiatica, il offre une protection et une r\u00e9g\u00e9n\u00e9ration exceptionnelles \u00e0 votre peau.<\/p>\n<p>Pour une hydratation en profondeur, notre formule est enrichie en acide hyaluronique et en b\u00eata-glucane, pr\u00e9servant ainsi l&#8217;humidit\u00e9 naturelle de votre peau. Pour une peau \u00e9clatante de sant\u00e9, nous avons ajout\u00e9 de la vitamine C et de la niacinamide (vitamine B3 et nicotinamide) pour une luminosit\u00e9 incomparable. De plus, pour apaiser les peaux sensibles, notre cr\u00e8me contient un extrait d&#8217;aubergine (Solanum Melongena), offrant un soulagement bienvenu aux \u00e9pidermes d\u00e9licats.<\/p>\n<p>Offrez \u00e0 votre peau le meilleur de la nature et de la science avec la Cr\u00e8me Visage Glutathion Niacinamide, votre alli\u00e9e pour une peau \u00e9clatante et \u00e9quilibr\u00e9e au quotidien.<\/p>","protected":false},"excerpt":{"rendered":"<p>D\u00e9couvrez la Cr\u00e8me Visage Glutathion Niacinamide, un v\u00e9ritable tr\u00e9sor pour votre peau. Avec une concentration remarquable de 24,8% (Glutathion 1 000 ppm, Niacinamide 20 000 ppm, Extrait de Centella Asiatica 22,7%), ce produit est une v\u00e9ritable r\u00e9v\u00e9lation pour votre routine de soins. Associ\u00e9 au Complexe Centella 3x, comprenant de l&#8217;acide mad\u00e9cassique, de l&#8217;asiaticoside et de<span class=\"read-more-faq\"><a href=\"https:\/\/sakaba.mghosteur.com\/en\/product\/aplb-glutathione-niacinamide-facial-24-8\/\">Read More<\/a><\/span><\/p>","protected":false},"featured_media":0,"comment_status":"open","ping_status":"closed","template":"","meta":[],"product_brand":[1027],"product_cat":[286],"product_tag":[],"class_list":{"0":"post-31667","1":"product","2":"type-product","3":"status-publish","5":"product_brand-aplb","6":"product_cat-corps","8":"first","9":"instock","10":"shipping-taxable","11":"product-type-simple"},"jetpack-related-posts":[{"id":31687,"url":"https:\/\/sakaba.mghosteur.com\/en\/product\/aplb-glutathione-niacinamide-5-3-body-wash\/","url_meta":{"origin":31667,"position":0},"title":"APLB GLUTATHIONE NIACINAMIDE 5.3% BODY WASH","author":"admin","date":"May 10, 2024","format":false,"excerpt":"D\u00e9couvrez ce produit exceptionnel pour votre routine de soin corporel : le Gel Douche Glutathion Niacinamide \/ LIPO GLUTA NIAC CEN 5.3%. Il associe le Glutathion \u00e0 1 000 ppm, la Niacinamide \u00e0 1 000 ppm et un extrait de Centella Asiatica \u00e0 5,1%, enrichi avec le Complexe Centella 3x.\u2026","rel":"","context":"Similar post","block_context":{"text":"Similar post","link":""},"img":{"alt_text":"","src":"","width":0,"height":0},"classes":[]},{"id":31677,"url":"https:\/\/sakaba.mghosteur.com\/en\/product\/aplb-glutathione-niacinamide-body-lotion-12-5\/","url_meta":{"origin":31667,"position":1},"title":"APLB GLUTATHIONE NIACINAMIDE BODY LOTION 12.5%","author":"admin","date":"May 10, 2024","format":false,"excerpt":"D\u00e9couvrez la Lotion Corporelle Glutathion Niacinamide, \u00e9galement connue sous le nom de LIPO GLUTA NIAC CEN 12,5%. Avec une concentration puissante de Glutathion \u00e0 1 000 ppm et de Niacinamide \u00e0 1 000 ppm, enrichie de 12,3 % d'extrait de Centella Asiatica, ce produit offre une exp\u00e9rience de soin corporel\u2026","rel":"","context":"Similar post","block_context":{"text":"Similar post","link":""},"img":{"alt_text":"","src":"","width":0,"height":0},"classes":[]},{"id":56199,"url":"https:\/\/sakaba.mghosteur.com\/en\/product\/dr-althea-vitamin-c-boosting-serum\/","url_meta":{"origin":31667,"position":2},"title":"Dr. Althea Vitamin C Boosting Serum","author":"Sope DIA","date":"January 2, 2026","format":false,"excerpt":"SOIN INTENSIF DU TEINT\u00a0: Contient 640\u00a0000\u00a0ppm d\u2019eau d\u2019argousier, riche en vitamine\u00a0C, pour unifier le teint et revitaliser les peaux ternes et fatigu\u00e9es. Sa formule douce p\u00e9n\u00e8tre plus facilement que la vitamine\u00a0C pure, ce qui la rend adapt\u00e9e \u00e0 tous les types de peau, m\u00eame les plus sensibles. APAISEZ VOTRE PEAU\u00a0:\u2026","rel":"","context":"Similar post","block_context":{"text":"Similar post","link":""},"img":{"alt_text":"","src":"","width":0,"height":0},"classes":[]},{"id":31381,"url":"https:\/\/sakaba.mghosteur.com\/en\/product\/beauty-of-joseon-light-on-serum-centella-vita-c\/","url_meta":{"origin":31667,"position":3},"title":"BEAUTY OF JOSEON LIGHT ON SERUM CENTELLA VITA C","author":"admin","date":"May 10, 2024","format":false,"excerpt":"D\u00e9couvrez le s\u00e9rum Lumi\u00e8re Activ\u00e9e : Centella + Vita C. Ce s\u00e9rum \u00e9claircissant associe l'extrait de Centella Asiatica et la vitamine C pour offrir une exp\u00e9rience de soin de la peau in\u00e9gal\u00e9e. Ce produit innovant r\u00e9sout les probl\u00e8mes courants associ\u00e9s aux s\u00e9rums \u00e0 base de vitamine C pure. Fini le\u2026","rel":"","context":"Similar post","block_context":{"text":"Similar post","link":""},"img":{"alt_text":"","src":"","width":0,"height":0},"classes":[]},{"id":31517,"url":"https:\/\/sakaba.mghosteur.com\/en\/product\/madagascar-centella-ampoule-55ml\/","url_meta":{"origin":31667,"position":4},"title":"MADAGASCAR CENTELLA AMPOULE 55ML","author":"admin","date":"May 10, 2024","format":false,"excerpt":"CENTELLA AMPOULE DESCRIPTION DU PRODUIT : L'ampoule Centella est une solution apaisante sp\u00e9cialement con\u00e7ue pour r\u00e9tablir l'\u00e9quilibre de votre peau agress\u00e9e par les environnements difficiles. COMPOSITION ESSENTIELLE : Extrait de Centella Asiatica : Reconnue pour ses propri\u00e9t\u00e9s apaisantes, elle r\u00e9hydrate et r\u00e9g\u00e9n\u00e8re la peau. MODE D'EMPLOI : Appliquez une quantit\u00e9\u2026","rel":"","context":"Similar post","block_context":{"text":"Similar post","link":""},"img":{"alt_text":"","src":"","width":0,"height":0},"classes":[]},{"id":31487,"url":"https:\/\/sakaba.mghosteur.com\/en\/product\/madagascar-centella-probio-cica-essence-toner\/","url_meta":{"origin":31667,"position":5},"title":"MADAGASCAR CENTELLA PROBIO CICA ESSENCE TONER","author":"admin","date":"May 10, 2024","format":false,"excerpt":"PROBIO-CICA ESSENCE TONER DESCRIPTION : Le Probio-Cica Essence Toner est un produit innovant contenant de la Centella Asiatica malgache ferment\u00e9e, du Probio-cica et du TECA, sp\u00e9cialement con\u00e7us pour offrir des effets apaisants maximis\u00e9s. Formul\u00e9 avec du c\u00e9ramide NP, dont la structure est similaire \u00e0 celle de la barri\u00e8re cutan\u00e9e, ainsi\u2026","rel":"","context":"Similar post","block_context":{"text":"Similar post","link":""},"img":{"alt_text":"","src":"","width":0,"height":0},"classes":[]}],"_links":{"self":[{"href":"https:\/\/sakaba.mghosteur.com\/en\/wp-json\/wp\/v2\/product\/31667","targetHints":{"allow":["GET"]}}],"collection":[{"href":"https:\/\/sakaba.mghosteur.com\/en\/wp-json\/wp\/v2\/product"}],"about":[{"href":"https:\/\/sakaba.mghosteur.com\/en\/wp-json\/wp\/v2\/types\/product"}],"replies":[{"embeddable":true,"href":"https:\/\/sakaba.mghosteur.com\/en\/wp-json\/wp\/v2\/comments?post=31667"}],"version-history":[{"count":0,"href":"https:\/\/sakaba.mghosteur.com\/en\/wp-json\/wp\/v2\/product\/31667\/revisions"}],"wp:attachment":[{"href":"https:\/\/sakaba.mghosteur.com\/en\/wp-json\/wp\/v2\/media?parent=31667"}],"wp:term":[{"taxonomy":"product_brand","embeddable":true,"href":"https:\/\/sakaba.mghosteur.com\/en\/wp-json\/wp\/v2\/product_brand?post=31667"},{"taxonomy":"product_cat","embeddable":true,"href":"https:\/\/sakaba.mghosteur.com\/en\/wp-json\/wp\/v2\/product_cat?post=31667"},{"taxonomy":"product_tag","embeddable":true,"href":"https:\/\/sakaba.mghosteur.com\/en\/wp-json\/wp\/v2\/product_tag?post=31667"}],"curies":[{"name":"wp","href":"https:\/\/api.w.org\/{rel}","templated":true}]}}