{"id":31671,"date":"2024-05-10T12:57:20","date_gmt":"2024-05-10T12:57:20","guid":{"rendered":"https:\/\/sakaba.mghosteur.com\/?post_type=product&#038;p=31671"},"modified":"2024-09-01T04:28:44","modified_gmt":"2024-09-01T04:28:44","slug":"sulfur8-medicated-dandruf-treatment-for-braids-356ml","status":"publish","type":"product","link":"https:\/\/sakaba.mghosteur.com\/en\/product\/sulfur8-medicated-dandruf-treatment-for-braids-356ml\/","title":{"rendered":"SULFUR8 MEDICATED DANDRUF TREATMENT FOR BRAIDS 356ML"},"content":{"rendered":"<p>Les tresses peuvent souvent \u00eatre sujettes \u00e0 des probl\u00e8mes de pellicules. Pour r\u00e9pondre \u00e0 ce besoin, Sulfur8 a con\u00e7u un traitement anti-pelliculaire sp\u00e9cialement formul\u00e9 pour les tresses, visant \u00e0 \u00e9liminer les pellicules et \u00e0 apaiser les d\u00e9mangeaisons du cuir chevelu associ\u00e9es. Ce traitement nourrissant contribue \u00e9galement \u00e0 prot\u00e9ger et \u00e0 hydrater les cheveux. Facile \u00e0 appliquer gr\u00e2ce \u00e0 son syst\u00e8me en spray, il cible efficacement les zones les plus touch\u00e9es par les pellicules. Adapt\u00e9 \u00e0 tous les types de cheveux et de textures, ce produit offre une contenance de 356 ml.<\/p>\n<p>Caract\u00e9ristiques :<br \/>\n&#8211; Traitement des pellicules<br \/>\n&#8211; Apaise les d\u00e9mangeaisons<br \/>\n&#8211; Hydrate les cheveux<br \/>\n&#8211; Convient \u00e0 tous les types de cheveux<\/p>\n<p>Conseils d&#8217;utilisation :<br \/>\nAppliquez le produit sur vos cheveux de 1 \u00e0 4 fois par jour.<\/p>\n<p>Pr\u00e9cautions d&#8217;emploi :<br \/>\nDestin\u00e9 \u00e0 un usage externe. \u00c9vitez le contact avec les yeux. En cas de contact, rincez abondamment \u00e0 l&#8217;eau claire. En cas de probl\u00e8me, consultez un m\u00e9decin. Tenir hors de port\u00e9e des enfants.<\/p>","protected":false},"excerpt":{"rendered":"<p>Les tresses peuvent souvent \u00eatre sujettes \u00e0 des probl\u00e8mes de pellicules. Pour r\u00e9pondre \u00e0 ce besoin, Sulfur8 a con\u00e7u un traitement anti-pelliculaire sp\u00e9cialement formul\u00e9 pour les tresses, visant \u00e0 \u00e9liminer les pellicules et \u00e0 apaiser les d\u00e9mangeaisons du cuir chevelu associ\u00e9es. Ce traitement nourrissant contribue \u00e9galement \u00e0 prot\u00e9ger et \u00e0 hydrater les cheveux. Facile \u00e0<span class=\"read-more-faq\"><a href=\"https:\/\/sakaba.mghosteur.com\/en\/product\/sulfur8-medicated-dandruf-treatment-for-braids-356ml\/\">Read More<\/a><\/span><\/p>","protected":false},"featured_media":0,"comment_status":"open","ping_status":"closed","template":"","meta":[],"product_brand":[1026],"product_cat":[284,1063],"product_tag":[],"class_list":{"0":"post-31671","1":"product","2":"type-product","3":"status-publish","5":"product_brand-sulfur8","6":"product_cat-aad-cheveux","7":"product_cat-traitement-capilaire","9":"first","10":"instock","11":"shipping-taxable","12":"product-type-simple"},"jetpack-related-posts":[{"id":31689,"url":"https:\/\/sakaba.mghosteur.com\/en\/product\/sulfur8-medicated-orinal-formula-anti-dandruf\/","url_meta":{"origin":31671,"position":0},"title":"SULFUR8 MEDICATED ORINAL FORMULA ANTI-DANDRUF","author":"admin","date":"May 10, 2024","format":false,"excerpt":"D\u00e9couvrez cet apr\u00e8s-shampooing m\u00e9dicamenteux original con\u00e7u sp\u00e9cialement pour apaiser les d\u00e9mangeaisons et r\u00e9duire la desquamation du cuir chevelu caus\u00e9es par les pellicules. Sa formule innovante agit en profondeur pour soulager les irritations et restaurer l'\u00e9quilibre naturel de votre cuir chevelu. Pour des r\u00e9sultats optimaux, appliquez sur la zone concern\u00e9e jusqu'\u00e0\u2026","rel":"","context":"Similar post","block_context":{"text":"Similar post","link":""},"img":{"alt_text":"","src":"","width":0,"height":0},"classes":[]},{"id":31680,"url":"https:\/\/sakaba.mghosteur.com\/en\/product\/sulfur8-medicated-deep-cleaning-shampoo-340ml\/","url_meta":{"origin":31671,"position":1},"title":"SULFUR8 MEDICATED DEEP CLEANING SHAMPOO 340ML","author":"admin","date":"May 10, 2024","format":false,"excerpt":"D\u00e9couvrez Sulfur 8, un shampooing efficace con\u00e7u pour \u00e9liminer les pellicules des cheveux et du cuir chevelu. Sa formule sp\u00e9ciale aide \u00e0 restaurer l'\u00e9quilibre naturel du cuir chevelu tout en laissant les cheveux doux et facilement coiffables. Les points forts de Sulfur 8 : - \u00c9limine efficacement les pellicules -\u2026","rel":"","context":"Similar post","block_context":{"text":"Similar post","link":""},"img":{"alt_text":"","src":"","width":0,"height":0},"classes":[]},{"id":31675,"url":"https:\/\/sakaba.mghosteur.com\/en\/product\/sulfur8-medicated-deep-cleaning-shampoo-222ml\/","url_meta":{"origin":31671,"position":2},"title":"SULFUR8 MEDICATED DEEP CLEANING SHAMPOO 222ML","author":"admin","date":"May 10, 2024","format":false,"excerpt":"D\u00e9couvrez Sulfur 8, un shampooing efficace con\u00e7u pour \u00e9liminer les pellicules des cheveux et du cuir chevelu. Sa formule sp\u00e9ciale aide \u00e0 restaurer l'\u00e9quilibre naturel du cuir chevelu tout en laissant les cheveux doux et facilement coiffables. Les points forts de Sulfur 8 : - \u00c9limine efficacement les pellicules -\u2026","rel":"","context":"Similar post","block_context":{"text":"Similar post","link":""},"img":{"alt_text":"","src":"","width":0,"height":0},"classes":[]},{"id":29198,"url":"https:\/\/sakaba.mghosteur.com\/en\/product\/the-inkey-list-salicylic-acid-exfoliant-soin-cuir\/","url_meta":{"origin":31671,"position":3},"title":"THE INKEY LIST SALICYLIC ACID EXFOLIANT CUIR CHEVELU","author":"admin","date":"March 21, 2023","format":false,"excerpt":"Dites adieu aux pellicules et aux d\u00e9mangeaisons gr\u00e2ce au Traitement Exfoliant du Cuir Chevelu \u00e0 l'Acide Salicylique. Ce s\u00e9rum l\u00e9ger \u00e9quilibre la production de s\u00e9bum, r\u00e9duit les rougeurs et hydrate votre cuir chevelu et vos cheveux gr\u00e2ce aux ingr\u00e9dients FLUIDIPURE\u2122 8G et PANTHENOL. L'acide salicylique exfolie en douceur votre cuir\u2026","rel":"","context":"Similar post","block_context":{"text":"Similar post","link":""},"img":{"alt_text":"","src":"","width":0,"height":0},"classes":[]},{"id":34180,"url":"https:\/\/sakaba.mghosteur.com\/en\/product\/first-aid-beauty-anti-dandruff-shampoo\/","url_meta":{"origin":31671,"position":4},"title":"FIRST AID BEAUTY ANTI DANDRUFF SHAMPOO","author":"admin","date":"May 27, 2024","format":false,"excerpt":"Le shampooing antipelliculaire First Aid Beauty est un shampooing sans sulfate qui contient 1 % de pyrithione de zinc (ZPT) pour aider \u00e0 lutter contre les pellicules. Il contient \u00e9galement du calendula et de la vitamine E pour apaiser et calmer le cuir chevelu. Certains disent que le shampooing est\u2026","rel":"","context":"Similar post","block_context":{"text":"Similar post","link":""},"img":{"alt_text":"","src":"","width":0,"height":0},"classes":[]},{"id":31683,"url":"https:\/\/sakaba.mghosteur.com\/en\/product\/sulfur8-medicated-light-formula-anti-dandruff\/","url_meta":{"origin":31671,"position":5},"title":"SULFUR8 MEDICATED LIGHT FORMULA ANTI DANDRUFF","author":"admin","date":"May 10, 2024","format":false,"excerpt":"Shampooing m\u00e9dicamenteux et revitalisant du cuir chevelu Sulfur 8. Sa formule l\u00e9g\u00e8re au soufre-8 offre une hydratation et un adoucissement aux cheveux secs et au cuir chevelu, sans les alourdir. Cette solution embellit les cheveux tout en les rendant plus faciles \u00e0 coiffer et en ajoutant de la brillance. Adapt\u00e9\u2026","rel":"","context":"Similar post","block_context":{"text":"Similar post","link":""},"img":{"alt_text":"","src":"","width":0,"height":0},"classes":[]}],"_links":{"self":[{"href":"https:\/\/sakaba.mghosteur.com\/en\/wp-json\/wp\/v2\/product\/31671","targetHints":{"allow":["GET"]}}],"collection":[{"href":"https:\/\/sakaba.mghosteur.com\/en\/wp-json\/wp\/v2\/product"}],"about":[{"href":"https:\/\/sakaba.mghosteur.com\/en\/wp-json\/wp\/v2\/types\/product"}],"replies":[{"embeddable":true,"href":"https:\/\/sakaba.mghosteur.com\/en\/wp-json\/wp\/v2\/comments?post=31671"}],"version-history":[{"count":0,"href":"https:\/\/sakaba.mghosteur.com\/en\/wp-json\/wp\/v2\/product\/31671\/revisions"}],"wp:attachment":[{"href":"https:\/\/sakaba.mghosteur.com\/en\/wp-json\/wp\/v2\/media?parent=31671"}],"wp:term":[{"taxonomy":"product_brand","embeddable":true,"href":"https:\/\/sakaba.mghosteur.com\/en\/wp-json\/wp\/v2\/product_brand?post=31671"},{"taxonomy":"product_cat","embeddable":true,"href":"https:\/\/sakaba.mghosteur.com\/en\/wp-json\/wp\/v2\/product_cat?post=31671"},{"taxonomy":"product_tag","embeddable":true,"href":"https:\/\/sakaba.mghosteur.com\/en\/wp-json\/wp\/v2\/product_tag?post=31671"}],"curies":[{"name":"wp","href":"https:\/\/api.w.org\/{rel}","templated":true}]}}