{"id":31675,"date":"2024-05-10T12:58:54","date_gmt":"2024-05-10T12:58:54","guid":{"rendered":"https:\/\/sakaba.mghosteur.com\/?post_type=product&#038;p=31675"},"modified":"2024-05-16T11:38:38","modified_gmt":"2024-05-16T11:38:38","slug":"sulfur8-medicated-deep-cleaning-shampoo-222ml","status":"publish","type":"product","link":"https:\/\/sakaba.mghosteur.com\/en\/product\/sulfur8-medicated-deep-cleaning-shampoo-222ml\/","title":{"rendered":"SULFUR8 MEDICATED DEEP CLEANING SHAMPOO 222ML"},"content":{"rendered":"<p>D\u00e9couvrez Sulfur 8, un shampooing efficace con\u00e7u pour \u00e9liminer les pellicules des cheveux et du cuir chevelu. Sa formule sp\u00e9ciale aide \u00e0 restaurer l&#8217;\u00e9quilibre naturel du cuir chevelu tout en laissant les cheveux doux et facilement coiffables.<\/p>\n<p>Les points forts de Sulfur 8 :<br \/>\n&#8211; \u00c9limine efficacement les pellicules<br \/>\n&#8211; Aide \u00e0 restaurer l&#8217;\u00e9quilibre du cuir chevelu<br \/>\n&#8211; pH neutre, adapt\u00e9 \u00e0 tous les types de cheveux<br \/>\n&#8211; Contenance : 222ml<\/p>\n<p>Conseils d&#8217;utilisation :<br \/>\nAppliquez le shampooing sur cheveux mouill\u00e9s, massez d\u00e9licatement puis rincez abondamment.<\/p>\n<p>Pr\u00e9cautions d&#8217;emploi :<br \/>\nGardez hors de la port\u00e9e des enfants. En cas de contact avec les yeux, rincez abondamment \u00e0 l&#8217;eau claire.<\/p>","protected":false},"excerpt":{"rendered":"<p>D\u00e9couvrez Sulfur 8, un shampooing efficace con\u00e7u pour \u00e9liminer les pellicules des cheveux et du cuir chevelu. Sa formule sp\u00e9ciale aide \u00e0 restaurer l&#8217;\u00e9quilibre naturel du cuir chevelu tout en laissant les cheveux doux et facilement coiffables. Les points forts de Sulfur 8 : &#8211; \u00c9limine efficacement les pellicules &#8211; Aide \u00e0 restaurer l&#8217;\u00e9quilibre du<span class=\"read-more-faq\"><a href=\"https:\/\/sakaba.mghosteur.com\/en\/product\/sulfur8-medicated-deep-cleaning-shampoo-222ml\/\">Read More<\/a><\/span><\/p>","protected":false},"featured_media":0,"comment_status":"open","ping_status":"closed","template":"","meta":[],"product_brand":[1026],"product_cat":[377],"product_tag":[],"class_list":{"0":"post-31675","1":"product","2":"type-product","3":"status-publish","5":"product_brand-sulfur8","6":"product_cat-bath-body-works","8":"first","9":"instock","10":"shipping-taxable","11":"product-type-simple"},"jetpack-related-posts":[{"id":31680,"url":"https:\/\/sakaba.mghosteur.com\/en\/product\/sulfur8-medicated-deep-cleaning-shampoo-340ml\/","url_meta":{"origin":31675,"position":0},"title":"SULFUR8 MEDICATED DEEP CLEANING SHAMPOO 340ML","author":"admin","date":"May 10, 2024","format":false,"excerpt":"D\u00e9couvrez Sulfur 8, un shampooing efficace con\u00e7u pour \u00e9liminer les pellicules des cheveux et du cuir chevelu. Sa formule sp\u00e9ciale aide \u00e0 restaurer l'\u00e9quilibre naturel du cuir chevelu tout en laissant les cheveux doux et facilement coiffables. Les points forts de Sulfur 8 : - \u00c9limine efficacement les pellicules -\u2026","rel":"","context":"Similar post","block_context":{"text":"Similar post","link":""},"img":{"alt_text":"","src":"","width":0,"height":0},"classes":[]},{"id":31689,"url":"https:\/\/sakaba.mghosteur.com\/en\/product\/sulfur8-medicated-orinal-formula-anti-dandruf\/","url_meta":{"origin":31675,"position":1},"title":"SULFUR8 MEDICATED ORINAL FORMULA ANTI-DANDRUF","author":"admin","date":"May 10, 2024","format":false,"excerpt":"D\u00e9couvrez cet apr\u00e8s-shampooing m\u00e9dicamenteux original con\u00e7u sp\u00e9cialement pour apaiser les d\u00e9mangeaisons et r\u00e9duire la desquamation du cuir chevelu caus\u00e9es par les pellicules. Sa formule innovante agit en profondeur pour soulager les irritations et restaurer l'\u00e9quilibre naturel de votre cuir chevelu. Pour des r\u00e9sultats optimaux, appliquez sur la zone concern\u00e9e jusqu'\u00e0\u2026","rel":"","context":"Similar post","block_context":{"text":"Similar post","link":""},"img":{"alt_text":"","src":"","width":0,"height":0},"classes":[]},{"id":29198,"url":"https:\/\/sakaba.mghosteur.com\/en\/product\/the-inkey-list-salicylic-acid-exfoliant-soin-cuir\/","url_meta":{"origin":31675,"position":2},"title":"THE INKEY LIST SALICYLIC ACID EXFOLIANT CUIR CHEVELU","author":"admin","date":"March 21, 2023","format":false,"excerpt":"Dites adieu aux pellicules et aux d\u00e9mangeaisons gr\u00e2ce au Traitement Exfoliant du Cuir Chevelu \u00e0 l'Acide Salicylique. Ce s\u00e9rum l\u00e9ger \u00e9quilibre la production de s\u00e9bum, r\u00e9duit les rougeurs et hydrate votre cuir chevelu et vos cheveux gr\u00e2ce aux ingr\u00e9dients FLUIDIPURE\u2122 8G et PANTHENOL. L'acide salicylique exfolie en douceur votre cuir\u2026","rel":"","context":"Similar post","block_context":{"text":"Similar post","link":""},"img":{"alt_text":"","src":"","width":0,"height":0},"classes":[]},{"id":32042,"url":"https:\/\/sakaba.mghosteur.com\/en\/product\/mielle-rosemary-mint-blend-conditionner\/","url_meta":{"origin":31675,"position":3},"title":"MIELLE ROSEMARY MINT BLEND CONDITIONNER","author":"admin","date":"May 13, 2024","format":false,"excerpt":"Le revitalisant fortifiant au romarin et \u00e0 la menthe offre l\u2019\u00e9quilibre parfait entre force et hydratation pour am\u00e9liorer l\u2019\u00e9tat g\u00e9n\u00e9ral des cheveux et du cuir chevelu. Adoucit et d\u00e9m\u00eale instantan\u00e9ment pour une maniabilit\u00e9 accrue. Soutient des cheveux plus longs et plus sains. Avantages cl\u00e9s: De l'huile fortifiante pour le cuir\u2026","rel":"","context":"Similar post","block_context":{"text":"Similar post","link":""},"img":{"alt_text":"","src":"","width":0,"height":0},"classes":[]},{"id":27038,"url":"https:\/\/sakaba.mghosteur.com\/en\/product\/selsun-blue\/","url_meta":{"origin":31675,"position":4},"title":"Selsun Blue Shampoo","author":"admin","date":"November 28, 2022","format":false,"excerpt":"Ce shampooing antipelliculaire m\u00e9dicamenteux contient du menthol rafra\u00eechissant pour procurer une sensation apaisante et revigorante \u00e0 votre cuir chevelu et 1 % de sulfure de s\u00e9l\u00e9nium pour un contr\u00f4le maximal des pellicules.","rel":"","context":"Similar post","block_context":{"text":"Similar post","link":""},"img":{"alt_text":"","src":"","width":0,"height":0},"classes":[]},{"id":34180,"url":"https:\/\/sakaba.mghosteur.com\/en\/product\/first-aid-beauty-anti-dandruff-shampoo\/","url_meta":{"origin":31675,"position":5},"title":"FIRST AID BEAUTY ANTI DANDRUFF SHAMPOO","author":"admin","date":"May 27, 2024","format":false,"excerpt":"Le shampooing antipelliculaire First Aid Beauty est un shampooing sans sulfate qui contient 1 % de pyrithione de zinc (ZPT) pour aider \u00e0 lutter contre les pellicules. Il contient \u00e9galement du calendula et de la vitamine E pour apaiser et calmer le cuir chevelu. Certains disent que le shampooing est\u2026","rel":"","context":"Similar post","block_context":{"text":"Similar post","link":""},"img":{"alt_text":"","src":"","width":0,"height":0},"classes":[]}],"_links":{"self":[{"href":"https:\/\/sakaba.mghosteur.com\/en\/wp-json\/wp\/v2\/product\/31675","targetHints":{"allow":["GET"]}}],"collection":[{"href":"https:\/\/sakaba.mghosteur.com\/en\/wp-json\/wp\/v2\/product"}],"about":[{"href":"https:\/\/sakaba.mghosteur.com\/en\/wp-json\/wp\/v2\/types\/product"}],"replies":[{"embeddable":true,"href":"https:\/\/sakaba.mghosteur.com\/en\/wp-json\/wp\/v2\/comments?post=31675"}],"version-history":[{"count":0,"href":"https:\/\/sakaba.mghosteur.com\/en\/wp-json\/wp\/v2\/product\/31675\/revisions"}],"wp:attachment":[{"href":"https:\/\/sakaba.mghosteur.com\/en\/wp-json\/wp\/v2\/media?parent=31675"}],"wp:term":[{"taxonomy":"product_brand","embeddable":true,"href":"https:\/\/sakaba.mghosteur.com\/en\/wp-json\/wp\/v2\/product_brand?post=31675"},{"taxonomy":"product_cat","embeddable":true,"href":"https:\/\/sakaba.mghosteur.com\/en\/wp-json\/wp\/v2\/product_cat?post=31675"},{"taxonomy":"product_tag","embeddable":true,"href":"https:\/\/sakaba.mghosteur.com\/en\/wp-json\/wp\/v2\/product_tag?post=31675"}],"curies":[{"name":"wp","href":"https:\/\/api.w.org\/{rel}","templated":true}]}}